{"id":947,"date":"2022-02-10T17:57:07","date_gmt":"2022-02-10T17:57:07","guid":{"rendered":"http:\/\/54.188.8.157\/formulaire-de-soumission-deducateur-communautaire-benevole\/"},"modified":"2025-11-18T11:40:07","modified_gmt":"2025-11-18T17:40:07","slug":"formulaire-educateur-communautaire-benevole","status":"publish","type":"page","link":"https:\/\/saprea.org\/fr\/education-communautaire\/formulaire-educateur-communautaire-benevole\/","title":{"rendered":"Formulaire \u00e9ducateur communautaire"},"content":{"rendered":"<div id=\"cs-content\" class=\"cs-content\"><\/div>\n","protected":false},"excerpt":{"rendered":"<p>Saprea &gt; Enseigner dans votre communaut\u00e9\u00a0&gt; Formulaire \u00e9ducateur communautaireDevenez \u00e9ducateur communautaire et animez des classes Saprea !Qu&rsquo;est-ce qui caract\u00e9rise un bon \u00e9ducateur communautaire pour Saprea ? Nos \u00e9ducateurs communautaires s&rsquo;engagent \u00e0 aider leur communaut\u00e9 \u00e0 r\u00e9duire les risques d&rsquo;abus sexuels sur les enfants. Ils recherchent des groupes dispos\u00e9s \u00e0 les accueillir pour animer une classe [&hellip;]<\/p>\n","protected":false},"author":3,"featured_media":0,"parent":961,"menu_order":0,"comment_status":"closed","ping_status":"closed","template":"","meta":{"footnotes":""},"class_list":["post-947","page","type-page","status-publish","hentry"],"yoast_head":"<!-- This site is optimized with the Yoast SEO plugin v27.3 - https:\/\/yoast.com\/product\/yoast-seo-wordpress\/ -->\n<title>Devenez un \u00c9ducateur Communautaire | Saprea<\/title>\n<meta name=\"description\" content=\"Merci de votre int\u00e9r\u00eat \u00e0 devenir un \u00e9ducateur communautaire b\u00e9n\u00e9vole ! Remplissez le formulaire ci-dessous pour en savoir plus sur notre programme.\" \/>\n<meta name=\"robots\" content=\"index, follow, max-snippet:-1, max-image-preview:large, max-video-preview:-1\" \/>\n<link rel=\"canonical\" href=\"https:\/\/saprea.org\/fr\/education-communautaire\/formulaire-educateur-communautaire-benevole\/\" \/>\n<meta property=\"og:locale\" content=\"fr_FR\" \/>\n<meta property=\"og:type\" content=\"article\" \/>\n<meta property=\"og:title\" content=\"Devenez un \u00c9ducateur Communautaire | Saprea\" \/>\n<meta property=\"og:description\" content=\"Merci de votre int\u00e9r\u00eat \u00e0 devenir un \u00e9ducateur communautaire b\u00e9n\u00e9vole ! Remplissez le formulaire ci-dessous pour en savoir plus sur notre programme.\" \/>\n<meta property=\"og:url\" content=\"https:\/\/saprea.org\/fr\/education-communautaire\/formulaire-educateur-communautaire-benevole\/\" \/>\n<meta property=\"og:site_name\" content=\"Saprea\" \/>\n<meta property=\"article:publisher\" content=\"https:\/\/facebook.com\/saprea.org\" \/>\n<meta property=\"article:modified_time\" content=\"2025-11-18T17:40:07+00:00\" \/>\n<meta name=\"twitter:card\" content=\"summary_large_image\" \/>\n<meta name=\"twitter:site\" content=\"@saprea_org\" \/>\n<script type=\"application\/ld+json\" class=\"yoast-schema-graph\">{\"@context\":\"https:\\\/\\\/schema.org\",\"@graph\":[{\"@type\":\"WebPage\",\"@id\":\"https:\\\/\\\/saprea.org\\\/fr\\\/education-communautaire\\\/formulaire-educateur-communautaire-benevole\\\/\",\"url\":\"https:\\\/\\\/saprea.org\\\/fr\\\/education-communautaire\\\/formulaire-educateur-communautaire-benevole\\\/\",\"name\":\"Devenez un \u00c9ducateur Communautaire | Saprea\",\"isPartOf\":{\"@id\":\"https:\\\/\\\/saprea.org\\\/fr\\\/#website\"},\"datePublished\":\"2022-02-10T17:57:07+00:00\",\"dateModified\":\"2025-11-18T17:40:07+00:00\",\"description\":\"Merci de votre int\u00e9r\u00eat \u00e0 devenir un \u00e9ducateur communautaire b\u00e9n\u00e9vole ! Remplissez le formulaire ci-dessous pour en savoir plus sur notre programme.\",\"breadcrumb\":{\"@id\":\"https:\\\/\\\/saprea.org\\\/fr\\\/education-communautaire\\\/formulaire-educateur-communautaire-benevole\\\/#breadcrumb\"},\"inLanguage\":\"fr-FR\",\"potentialAction\":[{\"@type\":\"ReadAction\",\"target\":[\"https:\\\/\\\/saprea.org\\\/fr\\\/education-communautaire\\\/formulaire-educateur-communautaire-benevole\\\/\"]}]},{\"@type\":\"BreadcrumbList\",\"@id\":\"https:\\\/\\\/saprea.org\\\/fr\\\/education-communautaire\\\/formulaire-educateur-communautaire-benevole\\\/#breadcrumb\",\"itemListElement\":[{\"@type\":\"ListItem\",\"position\":1,\"name\":\"Home\",\"item\":\"https:\\\/\\\/saprea.org\\\/fr\\\/page-daccueil-saprea\\\/\"},{\"@type\":\"ListItem\",\"position\":2,\"name\":\"\u00c9ducation communautaire\",\"item\":\"https:\\\/\\\/saprea.org\\\/fr\\\/education-communautaire\\\/\"},{\"@type\":\"ListItem\",\"position\":3,\"name\":\"Formulaire \u00e9ducateur communautaire\"}]},{\"@type\":\"WebSite\",\"@id\":\"https:\\\/\\\/saprea.org\\\/fr\\\/#website\",\"url\":\"https:\\\/\\\/saprea.org\\\/fr\\\/\",\"name\":\"Saprea\",\"description\":\"\",\"publisher\":{\"@id\":\"https:\\\/\\\/saprea.org\\\/fr\\\/#organization\"},\"potentialAction\":[{\"@type\":\"SearchAction\",\"target\":{\"@type\":\"EntryPoint\",\"urlTemplate\":\"https:\\\/\\\/saprea.org\\\/fr\\\/?s={search_term_string}\"},\"query-input\":{\"@type\":\"PropertyValueSpecification\",\"valueRequired\":true,\"valueName\":\"search_term_string\"}}],\"inLanguage\":\"fr-FR\"},{\"@type\":\"Organization\",\"@id\":\"https:\\\/\\\/saprea.org\\\/fr\\\/#organization\",\"name\":\"Saprea\",\"url\":\"https:\\\/\\\/saprea.org\\\/fr\\\/\",\"logo\":{\"@type\":\"ImageObject\",\"inLanguage\":\"fr-FR\",\"@id\":\"https:\\\/\\\/saprea.org\\\/fr\\\/#\\\/schema\\\/logo\\\/image\\\/\",\"url\":\"https:\\\/\\\/saprea.org\\\/wp-content\\\/uploads\\\/2021\\\/12\\\/Vector-7-1.png\",\"contentUrl\":\"https:\\\/\\\/saprea.org\\\/wp-content\\\/uploads\\\/2021\\\/12\\\/Vector-7-1.png\",\"width\":106,\"height\":105,\"caption\":\"Saprea\"},\"image\":{\"@id\":\"https:\\\/\\\/saprea.org\\\/fr\\\/#\\\/schema\\\/logo\\\/image\\\/\"},\"sameAs\":[\"https:\\\/\\\/facebook.com\\\/saprea.org\",\"https:\\\/\\\/x.com\\\/saprea_org\",\"https:\\\/\\\/instagram.com\\\/youniquefoundation\",\"https:\\\/\\\/pinterest.com\\\/saprea_org\",\"https:\\\/\\\/youtube.com\\\/c\\\/saprea_org\"]}]}<\/script>\n<!-- \/ Yoast SEO plugin. -->","yoast_head_json":{"title":"Devenez un \u00c9ducateur Communautaire | Saprea","description":"Merci de votre int\u00e9r\u00eat \u00e0 devenir un \u00e9ducateur communautaire b\u00e9n\u00e9vole ! Remplissez le formulaire ci-dessous pour en savoir plus sur notre programme.","robots":{"index":"index","follow":"follow","max-snippet":"max-snippet:-1","max-image-preview":"max-image-preview:large","max-video-preview":"max-video-preview:-1"},"canonical":"https:\/\/saprea.org\/fr\/education-communautaire\/formulaire-educateur-communautaire-benevole\/","og_locale":"fr_FR","og_type":"article","og_title":"Devenez un \u00c9ducateur Communautaire | Saprea","og_description":"Merci de votre int\u00e9r\u00eat \u00e0 devenir un \u00e9ducateur communautaire b\u00e9n\u00e9vole ! Remplissez le formulaire ci-dessous pour en savoir plus sur notre programme.","og_url":"https:\/\/saprea.org\/fr\/education-communautaire\/formulaire-educateur-communautaire-benevole\/","og_site_name":"Saprea","article_publisher":"https:\/\/facebook.com\/saprea.org","article_modified_time":"2025-11-18T17:40:07+00:00","twitter_card":"summary_large_image","twitter_site":"@saprea_org","schema":{"@context":"https:\/\/schema.org","@graph":[{"@type":"WebPage","@id":"https:\/\/saprea.org\/fr\/education-communautaire\/formulaire-educateur-communautaire-benevole\/","url":"https:\/\/saprea.org\/fr\/education-communautaire\/formulaire-educateur-communautaire-benevole\/","name":"Devenez un \u00c9ducateur Communautaire | Saprea","isPartOf":{"@id":"https:\/\/saprea.org\/fr\/#website"},"datePublished":"2022-02-10T17:57:07+00:00","dateModified":"2025-11-18T17:40:07+00:00","description":"Merci de votre int\u00e9r\u00eat \u00e0 devenir un \u00e9ducateur communautaire b\u00e9n\u00e9vole ! Remplissez le formulaire ci-dessous pour en savoir plus sur notre programme.","breadcrumb":{"@id":"https:\/\/saprea.org\/fr\/education-communautaire\/formulaire-educateur-communautaire-benevole\/#breadcrumb"},"inLanguage":"fr-FR","potentialAction":[{"@type":"ReadAction","target":["https:\/\/saprea.org\/fr\/education-communautaire\/formulaire-educateur-communautaire-benevole\/"]}]},{"@type":"BreadcrumbList","@id":"https:\/\/saprea.org\/fr\/education-communautaire\/formulaire-educateur-communautaire-benevole\/#breadcrumb","itemListElement":[{"@type":"ListItem","position":1,"name":"Home","item":"https:\/\/saprea.org\/fr\/page-daccueil-saprea\/"},{"@type":"ListItem","position":2,"name":"\u00c9ducation communautaire","item":"https:\/\/saprea.org\/fr\/education-communautaire\/"},{"@type":"ListItem","position":3,"name":"Formulaire \u00e9ducateur communautaire"}]},{"@type":"WebSite","@id":"https:\/\/saprea.org\/fr\/#website","url":"https:\/\/saprea.org\/fr\/","name":"Saprea","description":"","publisher":{"@id":"https:\/\/saprea.org\/fr\/#organization"},"potentialAction":[{"@type":"SearchAction","target":{"@type":"EntryPoint","urlTemplate":"https:\/\/saprea.org\/fr\/?s={search_term_string}"},"query-input":{"@type":"PropertyValueSpecification","valueRequired":true,"valueName":"search_term_string"}}],"inLanguage":"fr-FR"},{"@type":"Organization","@id":"https:\/\/saprea.org\/fr\/#organization","name":"Saprea","url":"https:\/\/saprea.org\/fr\/","logo":{"@type":"ImageObject","inLanguage":"fr-FR","@id":"https:\/\/saprea.org\/fr\/#\/schema\/logo\/image\/","url":"https:\/\/saprea.org\/wp-content\/uploads\/2021\/12\/Vector-7-1.png","contentUrl":"https:\/\/saprea.org\/wp-content\/uploads\/2021\/12\/Vector-7-1.png","width":106,"height":105,"caption":"Saprea"},"image":{"@id":"https:\/\/saprea.org\/fr\/#\/schema\/logo\/image\/"},"sameAs":["https:\/\/facebook.com\/saprea.org","https:\/\/x.com\/saprea_org","https:\/\/instagram.com\/youniquefoundation","https:\/\/pinterest.com\/saprea_org","https:\/\/youtube.com\/c\/saprea_org"]}]}},"_links":{"self":[{"href":"https:\/\/saprea.org\/fr\/wp-json\/wp\/v2\/pages\/947","targetHints":{"allow":["GET"]}}],"collection":[{"href":"https:\/\/saprea.org\/fr\/wp-json\/wp\/v2\/pages"}],"about":[{"href":"https:\/\/saprea.org\/fr\/wp-json\/wp\/v2\/types\/page"}],"author":[{"embeddable":true,"href":"https:\/\/saprea.org\/fr\/wp-json\/wp\/v2\/users\/3"}],"replies":[{"embeddable":true,"href":"https:\/\/saprea.org\/fr\/wp-json\/wp\/v2\/comments?post=947"}],"version-history":[{"count":5,"href":"https:\/\/saprea.org\/fr\/wp-json\/wp\/v2\/pages\/947\/revisions"}],"predecessor-version":[{"id":33985,"href":"https:\/\/saprea.org\/fr\/wp-json\/wp\/v2\/pages\/947\/revisions\/33985"}],"up":[{"embeddable":true,"href":"https:\/\/saprea.org\/fr\/wp-json\/wp\/v2\/pages\/961"}],"wp:attachment":[{"href":"https:\/\/saprea.org\/fr\/wp-json\/wp\/v2\/media?parent=947"}],"curies":[{"name":"wp","href":"https:\/\/api.w.org\/{rel}","templated":true}]}}