{"id":934,"date":"2022-02-10T17:57:05","date_gmt":"2022-02-10T17:57:05","guid":{"rendered":"http:\/\/54.188.8.157\/formulaire-de-soumission-de-classe-de-prevention\/"},"modified":"2025-11-18T11:19:08","modified_gmt":"2025-11-18T17:19:08","slug":"formulaire-classe-de-prevention","status":"publish","type":"page","link":"https:\/\/saprea.org\/fr\/education-communautaire\/formulaire-classe-de-prevention\/","title":{"rendered":"Formulaire classe de pr\u00e9vention"},"content":{"rendered":"<div id=\"cs-content\" class=\"cs-content\"><\/div>\n","protected":false},"excerpt":{"rendered":"<p>Saprea &gt; Enseigner dans votre communaut\u00e9\u00a0&gt; Formulaire classe de pr\u00e9ventionPlanifiez un cours de pr\u00e9vention des abus sexuels sur mineurs SapreaNous vous remercions de votre engagement \u00e0 assurer la s\u00e9curit\u00e9 des enfants de votre communaut\u00e9. Comment cela fonctionne : Vous nous aidez en rassemblant et en accueillant un groupe dans votre communaut\u00e9. Saprea vous aide en [&hellip;]<\/p>\n","protected":false},"author":3,"featured_media":0,"parent":961,"menu_order":0,"comment_status":"closed","ping_status":"closed","template":"","meta":{"footnotes":""},"class_list":["post-934","page","type-page","status-publish","hentry"],"yoast_head":"<!-- This site is optimized with the Yoast SEO plugin v27.3 - https:\/\/yoast.com\/product\/yoast-seo-wordpress\/ -->\n<title>Programmer un Cours de Pr\u00e9vention Saprea | Saprea<\/title>\n<meta name=\"description\" content=\"Merci de l&#039;int\u00e9r\u00eat que vous portez \u00e0 planifier un cours de pr\u00e9vention Saprea. Remplissez les informations ci-dessous et nous vous contacterons.\" \/>\n<meta name=\"robots\" content=\"index, follow, max-snippet:-1, max-image-preview:large, max-video-preview:-1\" \/>\n<link rel=\"canonical\" href=\"https:\/\/saprea.org\/fr\/education-communautaire\/formulaire-classe-de-prevention\/\" \/>\n<meta property=\"og:locale\" content=\"fr_FR\" \/>\n<meta property=\"og:type\" content=\"article\" \/>\n<meta property=\"og:title\" content=\"Programmer un Cours de Pr\u00e9vention Saprea | Saprea\" \/>\n<meta property=\"og:description\" content=\"Merci de l&#039;int\u00e9r\u00eat que vous portez \u00e0 planifier un cours de pr\u00e9vention Saprea. Remplissez les informations ci-dessous et nous vous contacterons.\" \/>\n<meta property=\"og:url\" content=\"https:\/\/saprea.org\/fr\/education-communautaire\/formulaire-classe-de-prevention\/\" \/>\n<meta property=\"og:site_name\" content=\"Saprea\" \/>\n<meta property=\"article:publisher\" content=\"https:\/\/facebook.com\/saprea.org\" \/>\n<meta property=\"article:modified_time\" content=\"2025-11-18T17:19:08+00:00\" \/>\n<meta name=\"twitter:card\" content=\"summary_large_image\" \/>\n<meta name=\"twitter:site\" content=\"@saprea_org\" \/>\n<meta name=\"twitter:label1\" content=\"Dur\u00e9e de lecture estim\u00e9e\" \/>\n\t<meta name=\"twitter:data1\" content=\"1 minute\" \/>\n<script type=\"application\/ld+json\" class=\"yoast-schema-graph\">{\"@context\":\"https:\\\/\\\/schema.org\",\"@graph\":[{\"@type\":\"WebPage\",\"@id\":\"https:\\\/\\\/saprea.org\\\/fr\\\/education-communautaire\\\/formulaire-classe-de-prevention\\\/\",\"url\":\"https:\\\/\\\/saprea.org\\\/fr\\\/education-communautaire\\\/formulaire-classe-de-prevention\\\/\",\"name\":\"Programmer un Cours de Pr\u00e9vention Saprea | Saprea\",\"isPartOf\":{\"@id\":\"https:\\\/\\\/saprea.org\\\/fr\\\/#website\"},\"datePublished\":\"2022-02-10T17:57:05+00:00\",\"dateModified\":\"2025-11-18T17:19:08+00:00\",\"description\":\"Merci de l'int\u00e9r\u00eat que vous portez \u00e0 planifier un cours de pr\u00e9vention Saprea. Remplissez les informations ci-dessous et nous vous contacterons.\",\"breadcrumb\":{\"@id\":\"https:\\\/\\\/saprea.org\\\/fr\\\/education-communautaire\\\/formulaire-classe-de-prevention\\\/#breadcrumb\"},\"inLanguage\":\"fr-FR\",\"potentialAction\":[{\"@type\":\"ReadAction\",\"target\":[\"https:\\\/\\\/saprea.org\\\/fr\\\/education-communautaire\\\/formulaire-classe-de-prevention\\\/\"]}]},{\"@type\":\"BreadcrumbList\",\"@id\":\"https:\\\/\\\/saprea.org\\\/fr\\\/education-communautaire\\\/formulaire-classe-de-prevention\\\/#breadcrumb\",\"itemListElement\":[{\"@type\":\"ListItem\",\"position\":1,\"name\":\"Home\",\"item\":\"https:\\\/\\\/saprea.org\\\/fr\\\/page-daccueil-saprea\\\/\"},{\"@type\":\"ListItem\",\"position\":2,\"name\":\"\u00c9ducation communautaire\",\"item\":\"https:\\\/\\\/saprea.org\\\/fr\\\/education-communautaire\\\/\"},{\"@type\":\"ListItem\",\"position\":3,\"name\":\"Formulaire classe de pr\u00e9vention\"}]},{\"@type\":\"WebSite\",\"@id\":\"https:\\\/\\\/saprea.org\\\/fr\\\/#website\",\"url\":\"https:\\\/\\\/saprea.org\\\/fr\\\/\",\"name\":\"Saprea\",\"description\":\"\",\"publisher\":{\"@id\":\"https:\\\/\\\/saprea.org\\\/fr\\\/#organization\"},\"potentialAction\":[{\"@type\":\"SearchAction\",\"target\":{\"@type\":\"EntryPoint\",\"urlTemplate\":\"https:\\\/\\\/saprea.org\\\/fr\\\/?s={search_term_string}\"},\"query-input\":{\"@type\":\"PropertyValueSpecification\",\"valueRequired\":true,\"valueName\":\"search_term_string\"}}],\"inLanguage\":\"fr-FR\"},{\"@type\":\"Organization\",\"@id\":\"https:\\\/\\\/saprea.org\\\/fr\\\/#organization\",\"name\":\"Saprea\",\"url\":\"https:\\\/\\\/saprea.org\\\/fr\\\/\",\"logo\":{\"@type\":\"ImageObject\",\"inLanguage\":\"fr-FR\",\"@id\":\"https:\\\/\\\/saprea.org\\\/fr\\\/#\\\/schema\\\/logo\\\/image\\\/\",\"url\":\"https:\\\/\\\/saprea.org\\\/wp-content\\\/uploads\\\/2021\\\/12\\\/Vector-7-1.png\",\"contentUrl\":\"https:\\\/\\\/saprea.org\\\/wp-content\\\/uploads\\\/2021\\\/12\\\/Vector-7-1.png\",\"width\":106,\"height\":105,\"caption\":\"Saprea\"},\"image\":{\"@id\":\"https:\\\/\\\/saprea.org\\\/fr\\\/#\\\/schema\\\/logo\\\/image\\\/\"},\"sameAs\":[\"https:\\\/\\\/facebook.com\\\/saprea.org\",\"https:\\\/\\\/x.com\\\/saprea_org\",\"https:\\\/\\\/instagram.com\\\/youniquefoundation\",\"https:\\\/\\\/pinterest.com\\\/saprea_org\",\"https:\\\/\\\/youtube.com\\\/c\\\/saprea_org\"]}]}<\/script>\n<!-- \/ Yoast SEO plugin. -->","yoast_head_json":{"title":"Programmer un Cours de Pr\u00e9vention Saprea | Saprea","description":"Merci de l'int\u00e9r\u00eat que vous portez \u00e0 planifier un cours de pr\u00e9vention Saprea. Remplissez les informations ci-dessous et nous vous contacterons.","robots":{"index":"index","follow":"follow","max-snippet":"max-snippet:-1","max-image-preview":"max-image-preview:large","max-video-preview":"max-video-preview:-1"},"canonical":"https:\/\/saprea.org\/fr\/education-communautaire\/formulaire-classe-de-prevention\/","og_locale":"fr_FR","og_type":"article","og_title":"Programmer un Cours de Pr\u00e9vention Saprea | Saprea","og_description":"Merci de l'int\u00e9r\u00eat que vous portez \u00e0 planifier un cours de pr\u00e9vention Saprea. Remplissez les informations ci-dessous et nous vous contacterons.","og_url":"https:\/\/saprea.org\/fr\/education-communautaire\/formulaire-classe-de-prevention\/","og_site_name":"Saprea","article_publisher":"https:\/\/facebook.com\/saprea.org","article_modified_time":"2025-11-18T17:19:08+00:00","twitter_card":"summary_large_image","twitter_site":"@saprea_org","twitter_misc":{"Dur\u00e9e de lecture estim\u00e9e":"1 minute"},"schema":{"@context":"https:\/\/schema.org","@graph":[{"@type":"WebPage","@id":"https:\/\/saprea.org\/fr\/education-communautaire\/formulaire-classe-de-prevention\/","url":"https:\/\/saprea.org\/fr\/education-communautaire\/formulaire-classe-de-prevention\/","name":"Programmer un Cours de Pr\u00e9vention Saprea | Saprea","isPartOf":{"@id":"https:\/\/saprea.org\/fr\/#website"},"datePublished":"2022-02-10T17:57:05+00:00","dateModified":"2025-11-18T17:19:08+00:00","description":"Merci de l'int\u00e9r\u00eat que vous portez \u00e0 planifier un cours de pr\u00e9vention Saprea. Remplissez les informations ci-dessous et nous vous contacterons.","breadcrumb":{"@id":"https:\/\/saprea.org\/fr\/education-communautaire\/formulaire-classe-de-prevention\/#breadcrumb"},"inLanguage":"fr-FR","potentialAction":[{"@type":"ReadAction","target":["https:\/\/saprea.org\/fr\/education-communautaire\/formulaire-classe-de-prevention\/"]}]},{"@type":"BreadcrumbList","@id":"https:\/\/saprea.org\/fr\/education-communautaire\/formulaire-classe-de-prevention\/#breadcrumb","itemListElement":[{"@type":"ListItem","position":1,"name":"Home","item":"https:\/\/saprea.org\/fr\/page-daccueil-saprea\/"},{"@type":"ListItem","position":2,"name":"\u00c9ducation communautaire","item":"https:\/\/saprea.org\/fr\/education-communautaire\/"},{"@type":"ListItem","position":3,"name":"Formulaire classe de pr\u00e9vention"}]},{"@type":"WebSite","@id":"https:\/\/saprea.org\/fr\/#website","url":"https:\/\/saprea.org\/fr\/","name":"Saprea","description":"","publisher":{"@id":"https:\/\/saprea.org\/fr\/#organization"},"potentialAction":[{"@type":"SearchAction","target":{"@type":"EntryPoint","urlTemplate":"https:\/\/saprea.org\/fr\/?s={search_term_string}"},"query-input":{"@type":"PropertyValueSpecification","valueRequired":true,"valueName":"search_term_string"}}],"inLanguage":"fr-FR"},{"@type":"Organization","@id":"https:\/\/saprea.org\/fr\/#organization","name":"Saprea","url":"https:\/\/saprea.org\/fr\/","logo":{"@type":"ImageObject","inLanguage":"fr-FR","@id":"https:\/\/saprea.org\/fr\/#\/schema\/logo\/image\/","url":"https:\/\/saprea.org\/wp-content\/uploads\/2021\/12\/Vector-7-1.png","contentUrl":"https:\/\/saprea.org\/wp-content\/uploads\/2021\/12\/Vector-7-1.png","width":106,"height":105,"caption":"Saprea"},"image":{"@id":"https:\/\/saprea.org\/fr\/#\/schema\/logo\/image\/"},"sameAs":["https:\/\/facebook.com\/saprea.org","https:\/\/x.com\/saprea_org","https:\/\/instagram.com\/youniquefoundation","https:\/\/pinterest.com\/saprea_org","https:\/\/youtube.com\/c\/saprea_org"]}]}},"_links":{"self":[{"href":"https:\/\/saprea.org\/fr\/wp-json\/wp\/v2\/pages\/934","targetHints":{"allow":["GET"]}}],"collection":[{"href":"https:\/\/saprea.org\/fr\/wp-json\/wp\/v2\/pages"}],"about":[{"href":"https:\/\/saprea.org\/fr\/wp-json\/wp\/v2\/types\/page"}],"author":[{"embeddable":true,"href":"https:\/\/saprea.org\/fr\/wp-json\/wp\/v2\/users\/3"}],"replies":[{"embeddable":true,"href":"https:\/\/saprea.org\/fr\/wp-json\/wp\/v2\/comments?post=934"}],"version-history":[{"count":3,"href":"https:\/\/saprea.org\/fr\/wp-json\/wp\/v2\/pages\/934\/revisions"}],"predecessor-version":[{"id":33945,"href":"https:\/\/saprea.org\/fr\/wp-json\/wp\/v2\/pages\/934\/revisions\/33945"}],"up":[{"embeddable":true,"href":"https:\/\/saprea.org\/fr\/wp-json\/wp\/v2\/pages\/961"}],"wp:attachment":[{"href":"https:\/\/saprea.org\/fr\/wp-json\/wp\/v2\/media?parent=934"}],"curies":[{"name":"wp","href":"https:\/\/api.w.org\/{rel}","templated":true}]}}