{"id":4348,"date":"2022-09-21T20:48:26","date_gmt":"2022-09-21T20:48:26","guid":{"rendered":"http:\/\/54.188.8.157\/formulaire-de-demande-de-benevolat\/"},"modified":"2025-11-18T11:37:33","modified_gmt":"2025-11-18T17:37:33","slug":"demande-inscription","status":"publish","type":"page","link":"https:\/\/saprea.org\/fr\/benevolat\/demande-inscription\/","title":{"rendered":"Formulaire de demande de b\u00e9n\u00e9volat"},"content":{"rendered":"<div id=\"cs-content\" class=\"cs-content\"><\/div>\n","protected":false},"excerpt":{"rendered":"<p>Saprea &gt; Devenez b\u00e9n\u00e9vole pour Saprea\u00a0&gt; Formulaire de demande de b\u00e9n\u00e9volatFormulaire pour les b\u00e9n\u00e9volesNous encourageons n\u2019importe qui \u00e0 faire du b\u00e9n\u00e9volat avec nous. Si vous avez moins de 18 ans, nous aurons besoin de la signature de vos parents ainsi que des coordonn\u00e9es de vos parents. Votre nom(N\u00e9cessaire) Pr\u00e9nom Nom Votre adresse(N\u00e9cessaire) Adresse postale Adresse [&hellip;]<\/p>\n","protected":false},"author":2,"featured_media":0,"parent":4338,"menu_order":0,"comment_status":"closed","ping_status":"closed","template":"","meta":{"footnotes":""},"class_list":["post-4348","page","type-page","status-publish","hentry"],"yoast_head":"<!-- This site is optimized with the Yoast SEO plugin v27.3 - https:\/\/yoast.com\/product\/yoast-seo-wordpress\/ -->\n<title>Formulaire Pour Les B\u00e9n\u00e9voles | Saprea<\/title>\n<meta name=\"description\" content=\"Veuillez remplir le formulaire de demande de b\u00e9n\u00e9volat de Saprea et nous faire savoir quels sont les domaines de b\u00e9n\u00e9volat qui vous int\u00e9ressent\" \/>\n<meta name=\"robots\" content=\"index, follow, max-snippet:-1, max-image-preview:large, max-video-preview:-1\" \/>\n<link rel=\"canonical\" href=\"https:\/\/saprea.org\/fr\/benevolat\/demande-inscription\/\" \/>\n<meta property=\"og:locale\" content=\"fr_FR\" \/>\n<meta property=\"og:type\" content=\"article\" \/>\n<meta property=\"og:title\" content=\"Formulaire Pour Les B\u00e9n\u00e9voles | Saprea\" \/>\n<meta property=\"og:description\" content=\"Veuillez remplir le formulaire de demande de b\u00e9n\u00e9volat de Saprea et nous faire savoir quels sont les domaines de b\u00e9n\u00e9volat qui vous int\u00e9ressent\" \/>\n<meta property=\"og:url\" content=\"https:\/\/saprea.org\/fr\/benevolat\/demande-inscription\/\" \/>\n<meta property=\"og:site_name\" content=\"Saprea\" \/>\n<meta property=\"article:publisher\" content=\"https:\/\/facebook.com\/saprea.org\" \/>\n<meta property=\"article:modified_time\" content=\"2025-11-18T17:37:33+00:00\" \/>\n<meta name=\"twitter:card\" content=\"summary_large_image\" \/>\n<meta name=\"twitter:site\" content=\"@saprea_org\" \/>\n<meta name=\"twitter:label1\" content=\"Dur\u00e9e de lecture estim\u00e9e\" \/>\n\t<meta name=\"twitter:data1\" content=\"1 minute\" \/>\n<script type=\"application\/ld+json\" class=\"yoast-schema-graph\">{\"@context\":\"https:\\\/\\\/schema.org\",\"@graph\":[{\"@type\":\"WebPage\",\"@id\":\"https:\\\/\\\/saprea.org\\\/fr\\\/benevolat\\\/demande-inscription\\\/\",\"url\":\"https:\\\/\\\/saprea.org\\\/fr\\\/benevolat\\\/demande-inscription\\\/\",\"name\":\"Formulaire Pour Les B\u00e9n\u00e9voles | Saprea\",\"isPartOf\":{\"@id\":\"https:\\\/\\\/saprea.org\\\/fr\\\/#website\"},\"datePublished\":\"2022-09-21T20:48:26+00:00\",\"dateModified\":\"2025-11-18T17:37:33+00:00\",\"description\":\"Veuillez remplir le formulaire de demande de b\u00e9n\u00e9volat de Saprea et nous faire savoir quels sont les domaines de b\u00e9n\u00e9volat qui vous int\u00e9ressent\",\"breadcrumb\":{\"@id\":\"https:\\\/\\\/saprea.org\\\/fr\\\/benevolat\\\/demande-inscription\\\/#breadcrumb\"},\"inLanguage\":\"fr-FR\",\"potentialAction\":[{\"@type\":\"ReadAction\",\"target\":[\"https:\\\/\\\/saprea.org\\\/fr\\\/benevolat\\\/demande-inscription\\\/\"]}]},{\"@type\":\"BreadcrumbList\",\"@id\":\"https:\\\/\\\/saprea.org\\\/fr\\\/benevolat\\\/demande-inscription\\\/#breadcrumb\",\"itemListElement\":[{\"@type\":\"ListItem\",\"position\":1,\"name\":\"Home\",\"item\":\"https:\\\/\\\/saprea.org\\\/fr\\\/page-daccueil-saprea\\\/\"},{\"@type\":\"ListItem\",\"position\":2,\"name\":\"B\u00e9n\u00e9volat pour Saprea\",\"item\":\"https:\\\/\\\/saprea.org\\\/fr\\\/benevolat\\\/\"},{\"@type\":\"ListItem\",\"position\":3,\"name\":\"Formulaire de demande de b\u00e9n\u00e9volat\"}]},{\"@type\":\"WebSite\",\"@id\":\"https:\\\/\\\/saprea.org\\\/fr\\\/#website\",\"url\":\"https:\\\/\\\/saprea.org\\\/fr\\\/\",\"name\":\"Saprea\",\"description\":\"\",\"publisher\":{\"@id\":\"https:\\\/\\\/saprea.org\\\/fr\\\/#organization\"},\"potentialAction\":[{\"@type\":\"SearchAction\",\"target\":{\"@type\":\"EntryPoint\",\"urlTemplate\":\"https:\\\/\\\/saprea.org\\\/fr\\\/?s={search_term_string}\"},\"query-input\":{\"@type\":\"PropertyValueSpecification\",\"valueRequired\":true,\"valueName\":\"search_term_string\"}}],\"inLanguage\":\"fr-FR\"},{\"@type\":\"Organization\",\"@id\":\"https:\\\/\\\/saprea.org\\\/fr\\\/#organization\",\"name\":\"Saprea\",\"url\":\"https:\\\/\\\/saprea.org\\\/fr\\\/\",\"logo\":{\"@type\":\"ImageObject\",\"inLanguage\":\"fr-FR\",\"@id\":\"https:\\\/\\\/saprea.org\\\/fr\\\/#\\\/schema\\\/logo\\\/image\\\/\",\"url\":\"https:\\\/\\\/saprea.org\\\/wp-content\\\/uploads\\\/2021\\\/12\\\/Vector-7-1.png\",\"contentUrl\":\"https:\\\/\\\/saprea.org\\\/wp-content\\\/uploads\\\/2021\\\/12\\\/Vector-7-1.png\",\"width\":106,\"height\":105,\"caption\":\"Saprea\"},\"image\":{\"@id\":\"https:\\\/\\\/saprea.org\\\/fr\\\/#\\\/schema\\\/logo\\\/image\\\/\"},\"sameAs\":[\"https:\\\/\\\/facebook.com\\\/saprea.org\",\"https:\\\/\\\/x.com\\\/saprea_org\",\"https:\\\/\\\/instagram.com\\\/youniquefoundation\",\"https:\\\/\\\/pinterest.com\\\/saprea_org\",\"https:\\\/\\\/youtube.com\\\/c\\\/saprea_org\"]}]}<\/script>\n<!-- \/ Yoast SEO plugin. -->","yoast_head_json":{"title":"Formulaire Pour Les B\u00e9n\u00e9voles | Saprea","description":"Veuillez remplir le formulaire de demande de b\u00e9n\u00e9volat de Saprea et nous faire savoir quels sont les domaines de b\u00e9n\u00e9volat qui vous int\u00e9ressent","robots":{"index":"index","follow":"follow","max-snippet":"max-snippet:-1","max-image-preview":"max-image-preview:large","max-video-preview":"max-video-preview:-1"},"canonical":"https:\/\/saprea.org\/fr\/benevolat\/demande-inscription\/","og_locale":"fr_FR","og_type":"article","og_title":"Formulaire Pour Les B\u00e9n\u00e9voles | Saprea","og_description":"Veuillez remplir le formulaire de demande de b\u00e9n\u00e9volat de Saprea et nous faire savoir quels sont les domaines de b\u00e9n\u00e9volat qui vous int\u00e9ressent","og_url":"https:\/\/saprea.org\/fr\/benevolat\/demande-inscription\/","og_site_name":"Saprea","article_publisher":"https:\/\/facebook.com\/saprea.org","article_modified_time":"2025-11-18T17:37:33+00:00","twitter_card":"summary_large_image","twitter_site":"@saprea_org","twitter_misc":{"Dur\u00e9e de lecture estim\u00e9e":"1 minute"},"schema":{"@context":"https:\/\/schema.org","@graph":[{"@type":"WebPage","@id":"https:\/\/saprea.org\/fr\/benevolat\/demande-inscription\/","url":"https:\/\/saprea.org\/fr\/benevolat\/demande-inscription\/","name":"Formulaire Pour Les B\u00e9n\u00e9voles | Saprea","isPartOf":{"@id":"https:\/\/saprea.org\/fr\/#website"},"datePublished":"2022-09-21T20:48:26+00:00","dateModified":"2025-11-18T17:37:33+00:00","description":"Veuillez remplir le formulaire de demande de b\u00e9n\u00e9volat de Saprea et nous faire savoir quels sont les domaines de b\u00e9n\u00e9volat qui vous int\u00e9ressent","breadcrumb":{"@id":"https:\/\/saprea.org\/fr\/benevolat\/demande-inscription\/#breadcrumb"},"inLanguage":"fr-FR","potentialAction":[{"@type":"ReadAction","target":["https:\/\/saprea.org\/fr\/benevolat\/demande-inscription\/"]}]},{"@type":"BreadcrumbList","@id":"https:\/\/saprea.org\/fr\/benevolat\/demande-inscription\/#breadcrumb","itemListElement":[{"@type":"ListItem","position":1,"name":"Home","item":"https:\/\/saprea.org\/fr\/page-daccueil-saprea\/"},{"@type":"ListItem","position":2,"name":"B\u00e9n\u00e9volat pour Saprea","item":"https:\/\/saprea.org\/fr\/benevolat\/"},{"@type":"ListItem","position":3,"name":"Formulaire de demande de b\u00e9n\u00e9volat"}]},{"@type":"WebSite","@id":"https:\/\/saprea.org\/fr\/#website","url":"https:\/\/saprea.org\/fr\/","name":"Saprea","description":"","publisher":{"@id":"https:\/\/saprea.org\/fr\/#organization"},"potentialAction":[{"@type":"SearchAction","target":{"@type":"EntryPoint","urlTemplate":"https:\/\/saprea.org\/fr\/?s={search_term_string}"},"query-input":{"@type":"PropertyValueSpecification","valueRequired":true,"valueName":"search_term_string"}}],"inLanguage":"fr-FR"},{"@type":"Organization","@id":"https:\/\/saprea.org\/fr\/#organization","name":"Saprea","url":"https:\/\/saprea.org\/fr\/","logo":{"@type":"ImageObject","inLanguage":"fr-FR","@id":"https:\/\/saprea.org\/fr\/#\/schema\/logo\/image\/","url":"https:\/\/saprea.org\/wp-content\/uploads\/2021\/12\/Vector-7-1.png","contentUrl":"https:\/\/saprea.org\/wp-content\/uploads\/2021\/12\/Vector-7-1.png","width":106,"height":105,"caption":"Saprea"},"image":{"@id":"https:\/\/saprea.org\/fr\/#\/schema\/logo\/image\/"},"sameAs":["https:\/\/facebook.com\/saprea.org","https:\/\/x.com\/saprea_org","https:\/\/instagram.com\/youniquefoundation","https:\/\/pinterest.com\/saprea_org","https:\/\/youtube.com\/c\/saprea_org"]}]}},"_links":{"self":[{"href":"https:\/\/saprea.org\/fr\/wp-json\/wp\/v2\/pages\/4348","targetHints":{"allow":["GET"]}}],"collection":[{"href":"https:\/\/saprea.org\/fr\/wp-json\/wp\/v2\/pages"}],"about":[{"href":"https:\/\/saprea.org\/fr\/wp-json\/wp\/v2\/types\/page"}],"author":[{"embeddable":true,"href":"https:\/\/saprea.org\/fr\/wp-json\/wp\/v2\/users\/2"}],"replies":[{"embeddable":true,"href":"https:\/\/saprea.org\/fr\/wp-json\/wp\/v2\/comments?post=4348"}],"version-history":[{"count":7,"href":"https:\/\/saprea.org\/fr\/wp-json\/wp\/v2\/pages\/4348\/revisions"}],"predecessor-version":[{"id":33979,"href":"https:\/\/saprea.org\/fr\/wp-json\/wp\/v2\/pages\/4348\/revisions\/33979"}],"up":[{"embeddable":true,"href":"https:\/\/saprea.org\/fr\/wp-json\/wp\/v2\/pages\/4338"}],"wp:attachment":[{"href":"https:\/\/saprea.org\/fr\/wp-json\/wp\/v2\/media?parent=4348"}],"curies":[{"name":"wp","href":"https:\/\/api.w.org\/{rel}","templated":true}]}}