{"id":4338,"date":"2022-09-21T20:35:43","date_gmt":"2022-09-21T20:35:43","guid":{"rendered":"http:\/\/54.188.8.157\/volontaire-pour-saprea\/"},"modified":"2026-02-17T15:08:03","modified_gmt":"2026-02-17T22:08:03","slug":"benevolat","status":"publish","type":"page","link":"https:\/\/saprea.org\/fr\/benevolat\/","title":{"rendered":"B\u00e9n\u00e9volat pour Saprea"},"content":{"rendered":"<div id=\"cs-content\" class=\"cs-content\"><\/div>\n","protected":false},"excerpt":{"rendered":"<p>Saprea &gt; B\u00e9n\u00e9volat pour SapreaSaprea &gt; B\u00e9n\u00e9volat pour SapreaSoutenez Saprea dans votre communaut\u00e9L&rsquo;\u00e9limination des abus sexuels sur les enfants ne sera possible qu&rsquo;avec l&rsquo;aide de membres d\u00e9vou\u00e9s de la communaut\u00e9 qui se passionnent pour notre cause. Si vous ou votre groupe \u00eates d\u00e9termin\u00e9s \u00e0 lib\u00e9rer les individus et la soci\u00e9t\u00e9 des abus sexuels sur mineurs [&hellip;]<\/p>\n","protected":false},"author":2,"featured_media":0,"parent":0,"menu_order":0,"comment_status":"closed","ping_status":"closed","template":"","meta":{"footnotes":""},"class_list":["post-4338","page","type-page","status-publish","hentry"],"yoast_head":"<!-- This site is optimized with the Yoast SEO plugin v27.3 - https:\/\/yoast.com\/product\/yoast-seo-wordpress\/ -->\n<title>B\u00e9n\u00e9volat pour Saprea | Saprea<\/title>\n<meta name=\"description\" content=\"Donnez des cours, cr\u00e9ez un groupe de soutien, collectez des fonds ou partagez vos connaissances sur les m\u00e9dias sociaux.\" \/>\n<meta name=\"robots\" content=\"index, follow, max-snippet:-1, max-image-preview:large, max-video-preview:-1\" \/>\n<link rel=\"canonical\" href=\"https:\/\/saprea.org\/fr\/benevolat\/\" \/>\n<meta property=\"og:locale\" content=\"fr_FR\" \/>\n<meta property=\"og:type\" content=\"article\" \/>\n<meta property=\"og:title\" content=\"B\u00e9n\u00e9volat pour Saprea | Saprea\" \/>\n<meta property=\"og:description\" content=\"Donnez des cours, cr\u00e9ez un groupe de soutien, collectez des fonds ou partagez vos connaissances sur les m\u00e9dias sociaux.\" \/>\n<meta property=\"og:url\" content=\"https:\/\/saprea.org\/fr\/benevolat\/\" \/>\n<meta property=\"og:site_name\" content=\"Saprea\" \/>\n<meta property=\"article:publisher\" content=\"https:\/\/facebook.com\/saprea.org\" \/>\n<meta property=\"article:modified_time\" content=\"2026-02-17T22:08:03+00:00\" \/>\n<meta name=\"twitter:card\" content=\"summary_large_image\" \/>\n<meta name=\"twitter:site\" content=\"@saprea_org\" \/>\n<meta name=\"twitter:label1\" content=\"Dur\u00e9e de lecture estim\u00e9e\" \/>\n\t<meta name=\"twitter:data1\" content=\"8 minutes\" \/>\n<script type=\"application\/ld+json\" class=\"yoast-schema-graph\">{\"@context\":\"https:\\\/\\\/schema.org\",\"@graph\":[{\"@type\":\"WebPage\",\"@id\":\"https:\\\/\\\/saprea.org\\\/fr\\\/benevolat\\\/\",\"url\":\"https:\\\/\\\/saprea.org\\\/fr\\\/benevolat\\\/\",\"name\":\"B\u00e9n\u00e9volat pour Saprea | Saprea\",\"isPartOf\":{\"@id\":\"https:\\\/\\\/saprea.org\\\/fr\\\/#website\"},\"datePublished\":\"2022-09-21T20:35:43+00:00\",\"dateModified\":\"2026-02-17T22:08:03+00:00\",\"description\":\"Donnez des cours, cr\u00e9ez un groupe de soutien, collectez des fonds ou partagez vos connaissances sur les m\u00e9dias sociaux.\",\"breadcrumb\":{\"@id\":\"https:\\\/\\\/saprea.org\\\/fr\\\/benevolat\\\/#breadcrumb\"},\"inLanguage\":\"fr-FR\",\"potentialAction\":[{\"@type\":\"ReadAction\",\"target\":[\"https:\\\/\\\/saprea.org\\\/fr\\\/benevolat\\\/\"]}]},{\"@type\":\"BreadcrumbList\",\"@id\":\"https:\\\/\\\/saprea.org\\\/fr\\\/benevolat\\\/#breadcrumb\",\"itemListElement\":[{\"@type\":\"ListItem\",\"position\":1,\"name\":\"Home\",\"item\":\"https:\\\/\\\/saprea.org\\\/fr\\\/page-daccueil-saprea\\\/\"},{\"@type\":\"ListItem\",\"position\":2,\"name\":\"B\u00e9n\u00e9volat pour Saprea\"}]},{\"@type\":\"WebSite\",\"@id\":\"https:\\\/\\\/saprea.org\\\/fr\\\/#website\",\"url\":\"https:\\\/\\\/saprea.org\\\/fr\\\/\",\"name\":\"Saprea\",\"description\":\"\",\"publisher\":{\"@id\":\"https:\\\/\\\/saprea.org\\\/fr\\\/#organization\"},\"potentialAction\":[{\"@type\":\"SearchAction\",\"target\":{\"@type\":\"EntryPoint\",\"urlTemplate\":\"https:\\\/\\\/saprea.org\\\/fr\\\/?s={search_term_string}\"},\"query-input\":{\"@type\":\"PropertyValueSpecification\",\"valueRequired\":true,\"valueName\":\"search_term_string\"}}],\"inLanguage\":\"fr-FR\"},{\"@type\":\"Organization\",\"@id\":\"https:\\\/\\\/saprea.org\\\/fr\\\/#organization\",\"name\":\"Saprea\",\"url\":\"https:\\\/\\\/saprea.org\\\/fr\\\/\",\"logo\":{\"@type\":\"ImageObject\",\"inLanguage\":\"fr-FR\",\"@id\":\"https:\\\/\\\/saprea.org\\\/fr\\\/#\\\/schema\\\/logo\\\/image\\\/\",\"url\":\"https:\\\/\\\/saprea.org\\\/wp-content\\\/uploads\\\/2021\\\/12\\\/Vector-7-1.png\",\"contentUrl\":\"https:\\\/\\\/saprea.org\\\/wp-content\\\/uploads\\\/2021\\\/12\\\/Vector-7-1.png\",\"width\":106,\"height\":105,\"caption\":\"Saprea\"},\"image\":{\"@id\":\"https:\\\/\\\/saprea.org\\\/fr\\\/#\\\/schema\\\/logo\\\/image\\\/\"},\"sameAs\":[\"https:\\\/\\\/facebook.com\\\/saprea.org\",\"https:\\\/\\\/x.com\\\/saprea_org\",\"https:\\\/\\\/instagram.com\\\/youniquefoundation\",\"https:\\\/\\\/pinterest.com\\\/saprea_org\",\"https:\\\/\\\/youtube.com\\\/c\\\/saprea_org\"]}]}<\/script>\n<!-- \/ Yoast SEO plugin. -->","yoast_head_json":{"title":"B\u00e9n\u00e9volat pour Saprea | Saprea","description":"Donnez des cours, cr\u00e9ez un groupe de soutien, collectez des fonds ou partagez vos connaissances sur les m\u00e9dias sociaux.","robots":{"index":"index","follow":"follow","max-snippet":"max-snippet:-1","max-image-preview":"max-image-preview:large","max-video-preview":"max-video-preview:-1"},"canonical":"https:\/\/saprea.org\/fr\/benevolat\/","og_locale":"fr_FR","og_type":"article","og_title":"B\u00e9n\u00e9volat pour Saprea | Saprea","og_description":"Donnez des cours, cr\u00e9ez un groupe de soutien, collectez des fonds ou partagez vos connaissances sur les m\u00e9dias sociaux.","og_url":"https:\/\/saprea.org\/fr\/benevolat\/","og_site_name":"Saprea","article_publisher":"https:\/\/facebook.com\/saprea.org","article_modified_time":"2026-02-17T22:08:03+00:00","twitter_card":"summary_large_image","twitter_site":"@saprea_org","twitter_misc":{"Dur\u00e9e de lecture estim\u00e9e":"8 minutes"},"schema":{"@context":"https:\/\/schema.org","@graph":[{"@type":"WebPage","@id":"https:\/\/saprea.org\/fr\/benevolat\/","url":"https:\/\/saprea.org\/fr\/benevolat\/","name":"B\u00e9n\u00e9volat pour Saprea | Saprea","isPartOf":{"@id":"https:\/\/saprea.org\/fr\/#website"},"datePublished":"2022-09-21T20:35:43+00:00","dateModified":"2026-02-17T22:08:03+00:00","description":"Donnez des cours, cr\u00e9ez un groupe de soutien, collectez des fonds ou partagez vos connaissances sur les m\u00e9dias sociaux.","breadcrumb":{"@id":"https:\/\/saprea.org\/fr\/benevolat\/#breadcrumb"},"inLanguage":"fr-FR","potentialAction":[{"@type":"ReadAction","target":["https:\/\/saprea.org\/fr\/benevolat\/"]}]},{"@type":"BreadcrumbList","@id":"https:\/\/saprea.org\/fr\/benevolat\/#breadcrumb","itemListElement":[{"@type":"ListItem","position":1,"name":"Home","item":"https:\/\/saprea.org\/fr\/page-daccueil-saprea\/"},{"@type":"ListItem","position":2,"name":"B\u00e9n\u00e9volat pour Saprea"}]},{"@type":"WebSite","@id":"https:\/\/saprea.org\/fr\/#website","url":"https:\/\/saprea.org\/fr\/","name":"Saprea","description":"","publisher":{"@id":"https:\/\/saprea.org\/fr\/#organization"},"potentialAction":[{"@type":"SearchAction","target":{"@type":"EntryPoint","urlTemplate":"https:\/\/saprea.org\/fr\/?s={search_term_string}"},"query-input":{"@type":"PropertyValueSpecification","valueRequired":true,"valueName":"search_term_string"}}],"inLanguage":"fr-FR"},{"@type":"Organization","@id":"https:\/\/saprea.org\/fr\/#organization","name":"Saprea","url":"https:\/\/saprea.org\/fr\/","logo":{"@type":"ImageObject","inLanguage":"fr-FR","@id":"https:\/\/saprea.org\/fr\/#\/schema\/logo\/image\/","url":"https:\/\/saprea.org\/wp-content\/uploads\/2021\/12\/Vector-7-1.png","contentUrl":"https:\/\/saprea.org\/wp-content\/uploads\/2021\/12\/Vector-7-1.png","width":106,"height":105,"caption":"Saprea"},"image":{"@id":"https:\/\/saprea.org\/fr\/#\/schema\/logo\/image\/"},"sameAs":["https:\/\/facebook.com\/saprea.org","https:\/\/x.com\/saprea_org","https:\/\/instagram.com\/youniquefoundation","https:\/\/pinterest.com\/saprea_org","https:\/\/youtube.com\/c\/saprea_org"]}]}},"_links":{"self":[{"href":"https:\/\/saprea.org\/fr\/wp-json\/wp\/v2\/pages\/4338","targetHints":{"allow":["GET"]}}],"collection":[{"href":"https:\/\/saprea.org\/fr\/wp-json\/wp\/v2\/pages"}],"about":[{"href":"https:\/\/saprea.org\/fr\/wp-json\/wp\/v2\/types\/page"}],"author":[{"embeddable":true,"href":"https:\/\/saprea.org\/fr\/wp-json\/wp\/v2\/users\/2"}],"replies":[{"embeddable":true,"href":"https:\/\/saprea.org\/fr\/wp-json\/wp\/v2\/comments?post=4338"}],"version-history":[{"count":3,"href":"https:\/\/saprea.org\/fr\/wp-json\/wp\/v2\/pages\/4338\/revisions"}],"predecessor-version":[{"id":35233,"href":"https:\/\/saprea.org\/fr\/wp-json\/wp\/v2\/pages\/4338\/revisions\/35233"}],"wp:attachment":[{"href":"https:\/\/saprea.org\/fr\/wp-json\/wp\/v2\/media?parent=4338"}],"curies":[{"name":"wp","href":"https:\/\/api.w.org\/{rel}","templated":true}]}}