{"id":4332,"date":"2022-09-21T20:24:17","date_gmt":"2022-09-21T20:24:17","guid":{"rendered":"http:\/\/54.188.8.157\/faire-un-don-a-saprea-sur-les-reseaux-sociaux\/"},"modified":"2022-12-08T19:50:03","modified_gmt":"2022-12-08T19:50:03","slug":"dons-reseaux-sociaux","status":"publish","type":"page","link":"https:\/\/saprea.org\/fr\/donner\/dons-reseaux-sociaux\/","title":{"rendered":"Faire un don \u00e0 Saprea sur les r\u00e9seaux sociaux"},"content":{"rendered":"<div id=\"cs-content\" class=\"cs-content\"><\/div>\n","protected":false},"excerpt":{"rendered":"<p>Faire un don \u00e0 Saprea sur les r\u00e9seaux sociauxLes petits efforts ont un grand impact lorsque vous faites un don sur les m&eacute;dias sociaux. Non seulement le don sur une plateforme sociale envoie un message fort &agrave; vos amis sur l&rsquo;importance de la lutte contre les abus sexuels, mais il permet &eacute;galement de fournir des [&hellip;]<\/p>\n","protected":false},"author":2,"featured_media":0,"parent":4318,"menu_order":0,"comment_status":"closed","ping_status":"closed","template":"","meta":{"footnotes":""},"class_list":["post-4332","page","type-page","status-publish","hentry"],"yoast_head":"<!-- This site is optimized with the Yoast SEO plugin v27.3 - https:\/\/yoast.com\/product\/yoast-seo-wordpress\/ -->\n<title>Faire un don \u00e0 Saprea sur les r\u00e9seaux sociaux | Saprea<\/title>\n<meta name=\"description\" content=\"Faites un don \u00e0 Saprea sur les m\u00e9dias sociaux. Collectez des fonds pour nous sur Facebook, Instagram, Twitch, YouTube et Tiltify.\" \/>\n<meta name=\"robots\" content=\"index, follow, max-snippet:-1, max-image-preview:large, max-video-preview:-1\" \/>\n<link rel=\"canonical\" href=\"https:\/\/saprea.org\/fr\/donner\/dons-reseaux-sociaux\/\" \/>\n<meta property=\"og:locale\" content=\"fr_FR\" \/>\n<meta property=\"og:type\" content=\"article\" \/>\n<meta property=\"og:title\" content=\"Faire un don \u00e0 Saprea sur les r\u00e9seaux sociaux | Saprea\" \/>\n<meta property=\"og:description\" content=\"Faites un don \u00e0 Saprea sur les m\u00e9dias sociaux. Collectez des fonds pour nous sur Facebook, Instagram, Twitch, YouTube et Tiltify.\" \/>\n<meta property=\"og:url\" content=\"https:\/\/saprea.org\/fr\/donner\/dons-reseaux-sociaux\/\" \/>\n<meta property=\"og:site_name\" content=\"Saprea\" \/>\n<meta property=\"article:publisher\" content=\"https:\/\/facebook.com\/saprea.org\" \/>\n<meta property=\"article:modified_time\" content=\"2022-12-08T19:50:03+00:00\" \/>\n<meta name=\"twitter:card\" content=\"summary_large_image\" \/>\n<meta name=\"twitter:site\" content=\"@saprea_org\" \/>\n<meta name=\"twitter:label1\" content=\"Dur\u00e9e de lecture estim\u00e9e\" \/>\n\t<meta name=\"twitter:data1\" content=\"9 minutes\" \/>\n<script type=\"application\/ld+json\" class=\"yoast-schema-graph\">{\"@context\":\"https:\\\/\\\/schema.org\",\"@graph\":[{\"@type\":\"WebPage\",\"@id\":\"https:\\\/\\\/saprea.org\\\/fr\\\/donner\\\/dons-reseaux-sociaux\\\/\",\"url\":\"https:\\\/\\\/saprea.org\\\/fr\\\/donner\\\/dons-reseaux-sociaux\\\/\",\"name\":\"Faire un don \u00e0 Saprea sur les r\u00e9seaux sociaux | Saprea\",\"isPartOf\":{\"@id\":\"https:\\\/\\\/saprea.org\\\/fr\\\/#website\"},\"datePublished\":\"2022-09-21T20:24:17+00:00\",\"dateModified\":\"2022-12-08T19:50:03+00:00\",\"description\":\"Faites un don \u00e0 Saprea sur les m\u00e9dias sociaux. Collectez des fonds pour nous sur Facebook, Instagram, Twitch, YouTube et Tiltify.\",\"breadcrumb\":{\"@id\":\"https:\\\/\\\/saprea.org\\\/fr\\\/donner\\\/dons-reseaux-sociaux\\\/#breadcrumb\"},\"inLanguage\":\"fr-FR\",\"potentialAction\":[{\"@type\":\"ReadAction\",\"target\":[\"https:\\\/\\\/saprea.org\\\/fr\\\/donner\\\/dons-reseaux-sociaux\\\/\"]}]},{\"@type\":\"BreadcrumbList\",\"@id\":\"https:\\\/\\\/saprea.org\\\/fr\\\/donner\\\/dons-reseaux-sociaux\\\/#breadcrumb\",\"itemListElement\":[{\"@type\":\"ListItem\",\"position\":1,\"name\":\"Home\",\"item\":\"https:\\\/\\\/saprea.org\\\/fr\\\/page-daccueil-saprea\\\/\"},{\"@type\":\"ListItem\",\"position\":2,\"name\":\"Fa\u00e7ons de donner\",\"item\":\"https:\\\/\\\/saprea.org\\\/fr\\\/donner\\\/\"},{\"@type\":\"ListItem\",\"position\":3,\"name\":\"Faire un don \u00e0 Saprea sur les r\u00e9seaux sociaux\"}]},{\"@type\":\"WebSite\",\"@id\":\"https:\\\/\\\/saprea.org\\\/fr\\\/#website\",\"url\":\"https:\\\/\\\/saprea.org\\\/fr\\\/\",\"name\":\"Saprea\",\"description\":\"\",\"publisher\":{\"@id\":\"https:\\\/\\\/saprea.org\\\/fr\\\/#organization\"},\"potentialAction\":[{\"@type\":\"SearchAction\",\"target\":{\"@type\":\"EntryPoint\",\"urlTemplate\":\"https:\\\/\\\/saprea.org\\\/fr\\\/?s={search_term_string}\"},\"query-input\":{\"@type\":\"PropertyValueSpecification\",\"valueRequired\":true,\"valueName\":\"search_term_string\"}}],\"inLanguage\":\"fr-FR\"},{\"@type\":\"Organization\",\"@id\":\"https:\\\/\\\/saprea.org\\\/fr\\\/#organization\",\"name\":\"Saprea\",\"url\":\"https:\\\/\\\/saprea.org\\\/fr\\\/\",\"logo\":{\"@type\":\"ImageObject\",\"inLanguage\":\"fr-FR\",\"@id\":\"https:\\\/\\\/saprea.org\\\/fr\\\/#\\\/schema\\\/logo\\\/image\\\/\",\"url\":\"https:\\\/\\\/saprea.org\\\/wp-content\\\/uploads\\\/2021\\\/12\\\/Vector-7-1.png\",\"contentUrl\":\"https:\\\/\\\/saprea.org\\\/wp-content\\\/uploads\\\/2021\\\/12\\\/Vector-7-1.png\",\"width\":106,\"height\":105,\"caption\":\"Saprea\"},\"image\":{\"@id\":\"https:\\\/\\\/saprea.org\\\/fr\\\/#\\\/schema\\\/logo\\\/image\\\/\"},\"sameAs\":[\"https:\\\/\\\/facebook.com\\\/saprea.org\",\"https:\\\/\\\/x.com\\\/saprea_org\",\"https:\\\/\\\/instagram.com\\\/youniquefoundation\",\"https:\\\/\\\/pinterest.com\\\/saprea_org\",\"https:\\\/\\\/youtube.com\\\/c\\\/saprea_org\"]}]}<\/script>\n<!-- \/ Yoast SEO plugin. -->","yoast_head_json":{"title":"Faire un don \u00e0 Saprea sur les r\u00e9seaux sociaux | Saprea","description":"Faites un don \u00e0 Saprea sur les m\u00e9dias sociaux. Collectez des fonds pour nous sur Facebook, Instagram, Twitch, YouTube et Tiltify.","robots":{"index":"index","follow":"follow","max-snippet":"max-snippet:-1","max-image-preview":"max-image-preview:large","max-video-preview":"max-video-preview:-1"},"canonical":"https:\/\/saprea.org\/fr\/donner\/dons-reseaux-sociaux\/","og_locale":"fr_FR","og_type":"article","og_title":"Faire un don \u00e0 Saprea sur les r\u00e9seaux sociaux | Saprea","og_description":"Faites un don \u00e0 Saprea sur les m\u00e9dias sociaux. Collectez des fonds pour nous sur Facebook, Instagram, Twitch, YouTube et Tiltify.","og_url":"https:\/\/saprea.org\/fr\/donner\/dons-reseaux-sociaux\/","og_site_name":"Saprea","article_publisher":"https:\/\/facebook.com\/saprea.org","article_modified_time":"2022-12-08T19:50:03+00:00","twitter_card":"summary_large_image","twitter_site":"@saprea_org","twitter_misc":{"Dur\u00e9e de lecture estim\u00e9e":"9 minutes"},"schema":{"@context":"https:\/\/schema.org","@graph":[{"@type":"WebPage","@id":"https:\/\/saprea.org\/fr\/donner\/dons-reseaux-sociaux\/","url":"https:\/\/saprea.org\/fr\/donner\/dons-reseaux-sociaux\/","name":"Faire un don \u00e0 Saprea sur les r\u00e9seaux sociaux | Saprea","isPartOf":{"@id":"https:\/\/saprea.org\/fr\/#website"},"datePublished":"2022-09-21T20:24:17+00:00","dateModified":"2022-12-08T19:50:03+00:00","description":"Faites un don \u00e0 Saprea sur les m\u00e9dias sociaux. Collectez des fonds pour nous sur Facebook, Instagram, Twitch, YouTube et Tiltify.","breadcrumb":{"@id":"https:\/\/saprea.org\/fr\/donner\/dons-reseaux-sociaux\/#breadcrumb"},"inLanguage":"fr-FR","potentialAction":[{"@type":"ReadAction","target":["https:\/\/saprea.org\/fr\/donner\/dons-reseaux-sociaux\/"]}]},{"@type":"BreadcrumbList","@id":"https:\/\/saprea.org\/fr\/donner\/dons-reseaux-sociaux\/#breadcrumb","itemListElement":[{"@type":"ListItem","position":1,"name":"Home","item":"https:\/\/saprea.org\/fr\/page-daccueil-saprea\/"},{"@type":"ListItem","position":2,"name":"Fa\u00e7ons de donner","item":"https:\/\/saprea.org\/fr\/donner\/"},{"@type":"ListItem","position":3,"name":"Faire un don \u00e0 Saprea sur les r\u00e9seaux sociaux"}]},{"@type":"WebSite","@id":"https:\/\/saprea.org\/fr\/#website","url":"https:\/\/saprea.org\/fr\/","name":"Saprea","description":"","publisher":{"@id":"https:\/\/saprea.org\/fr\/#organization"},"potentialAction":[{"@type":"SearchAction","target":{"@type":"EntryPoint","urlTemplate":"https:\/\/saprea.org\/fr\/?s={search_term_string}"},"query-input":{"@type":"PropertyValueSpecification","valueRequired":true,"valueName":"search_term_string"}}],"inLanguage":"fr-FR"},{"@type":"Organization","@id":"https:\/\/saprea.org\/fr\/#organization","name":"Saprea","url":"https:\/\/saprea.org\/fr\/","logo":{"@type":"ImageObject","inLanguage":"fr-FR","@id":"https:\/\/saprea.org\/fr\/#\/schema\/logo\/image\/","url":"https:\/\/saprea.org\/wp-content\/uploads\/2021\/12\/Vector-7-1.png","contentUrl":"https:\/\/saprea.org\/wp-content\/uploads\/2021\/12\/Vector-7-1.png","width":106,"height":105,"caption":"Saprea"},"image":{"@id":"https:\/\/saprea.org\/fr\/#\/schema\/logo\/image\/"},"sameAs":["https:\/\/facebook.com\/saprea.org","https:\/\/x.com\/saprea_org","https:\/\/instagram.com\/youniquefoundation","https:\/\/pinterest.com\/saprea_org","https:\/\/youtube.com\/c\/saprea_org"]}]}},"_links":{"self":[{"href":"https:\/\/saprea.org\/fr\/wp-json\/wp\/v2\/pages\/4332","targetHints":{"allow":["GET"]}}],"collection":[{"href":"https:\/\/saprea.org\/fr\/wp-json\/wp\/v2\/pages"}],"about":[{"href":"https:\/\/saprea.org\/fr\/wp-json\/wp\/v2\/types\/page"}],"author":[{"embeddable":true,"href":"https:\/\/saprea.org\/fr\/wp-json\/wp\/v2\/users\/2"}],"replies":[{"embeddable":true,"href":"https:\/\/saprea.org\/fr\/wp-json\/wp\/v2\/comments?post=4332"}],"version-history":[{"count":0,"href":"https:\/\/saprea.org\/fr\/wp-json\/wp\/v2\/pages\/4332\/revisions"}],"up":[{"embeddable":true,"href":"https:\/\/saprea.org\/fr\/wp-json\/wp\/v2\/pages\/4318"}],"wp:attachment":[{"href":"https:\/\/saprea.org\/fr\/wp-json\/wp\/v2\/media?parent=4332"}],"curies":[{"name":"wp","href":"https:\/\/api.w.org\/{rel}","templated":true}]}}