{"id":34319,"date":"2025-12-03T12:44:48","date_gmt":"2025-12-03T18:44:48","guid":{"rendered":"https:\/\/saprea.org\/saprea-consumer-health-data-privacy-notice-french\/"},"modified":"2025-12-11T14:48:20","modified_gmt":"2025-12-11T20:48:20","slug":"avis-confidentialite-donnees-sante","status":"publish","type":"page","link":"https:\/\/saprea.org\/fr\/avis-confidentialite-donnees-sante\/","title":{"rendered":"Avis de confidentialit\u00e9 concernant les donn\u00e9es de sant\u00e9 des consommateurs de Saprea"},"content":{"rendered":"<div id=\"cs-content\" class=\"cs-content\"><\/div>\n","protected":false},"excerpt":{"rendered":"<p>Saprea &gt; Avis de confidentialit\u00e9 concernant les donn\u00e9es de sant\u00e9 des consommateurs de SapreaAvis de confidentialit\u00e9 concernant les donn\u00e9es de sant\u00e9 des consommateurs de Saprea Le pr\u00e9sent avis de confidentialit\u00e9 concernant les donn\u00e9es de sant\u00e9 des consommateurs (ci-apr\u00e8s d\u00e9nomm\u00e9 \u00ab l&rsquo;Avis \u00bb) fournit des informations suppl\u00e9mentaires sur les donn\u00e9es de sant\u00e9 des consommateurs (d\u00e9finies ci-dessous) [&hellip;]<\/p>\n","protected":false},"author":3,"featured_media":4544,"parent":0,"menu_order":0,"comment_status":"closed","ping_status":"closed","template":"","meta":{"footnotes":""},"class_list":["post-34319","page","type-page","status-publish","has-post-thumbnail","hentry"],"yoast_head":"<!-- This site is optimized with the Yoast SEO plugin v27.3 - https:\/\/yoast.com\/product\/yoast-seo-wordpress\/ -->\n<title>Avis de confidentialit\u00e9 Saprea \u2013 Donn\u00e9es de sant\u00e9<\/title>\n<meta name=\"description\" content=\"D\u00e9couvrez comment Saprea collecte, utilise et partage les donn\u00e9es de sant\u00e9 des consommateurs et quels droits s\u2019appliquent au CT, NV et WA.\" \/>\n<meta name=\"robots\" content=\"index, follow, max-snippet:-1, max-image-preview:large, max-video-preview:-1\" \/>\n<link rel=\"canonical\" href=\"https:\/\/saprea.org\/fr\/avis-confidentialite-donnees-sante\/\" \/>\n<meta property=\"og:locale\" content=\"fr_FR\" \/>\n<meta property=\"og:type\" content=\"article\" \/>\n<meta property=\"og:title\" content=\"Avis de confidentialit\u00e9 Saprea \u2013 Donn\u00e9es de sant\u00e9\" \/>\n<meta property=\"og:description\" content=\"D\u00e9couvrez comment Saprea collecte, utilise et partage les donn\u00e9es de sant\u00e9 des consommateurs et quels droits s\u2019appliquent au CT, NV et WA.\" \/>\n<meta property=\"og:url\" content=\"https:\/\/saprea.org\/fr\/avis-confidentialite-donnees-sante\/\" \/>\n<meta property=\"og:site_name\" content=\"Saprea\" \/>\n<meta property=\"article:publisher\" content=\"https:\/\/facebook.com\/saprea.org\" \/>\n<meta property=\"article:modified_time\" content=\"2025-12-11T20:48:20+00:00\" \/>\n<meta property=\"og:image\" content=\"https:\/\/saprea.org\/wp-content\/uploads\/2022\/02\/Featured-image-news-saprea.jpg\" \/>\n\t<meta property=\"og:image:width\" content=\"1082\" \/>\n\t<meta property=\"og:image:height\" content=\"706\" \/>\n\t<meta property=\"og:image:type\" content=\"image\/jpeg\" \/>\n<meta name=\"twitter:card\" content=\"summary_large_image\" \/>\n<meta name=\"twitter:site\" content=\"@saprea_org\" \/>\n<script type=\"application\/ld+json\" class=\"yoast-schema-graph\">{\"@context\":\"https:\\\/\\\/schema.org\",\"@graph\":[{\"@type\":\"WebPage\",\"@id\":\"https:\\\/\\\/saprea.org\\\/fr\\\/avis-confidentialite-donnees-sante\\\/\",\"url\":\"https:\\\/\\\/saprea.org\\\/fr\\\/avis-confidentialite-donnees-sante\\\/\",\"name\":\"Avis de confidentialit\u00e9 Saprea \u2013 Donn\u00e9es de sant\u00e9\",\"isPartOf\":{\"@id\":\"https:\\\/\\\/saprea.org\\\/fr\\\/#website\"},\"primaryImageOfPage\":{\"@id\":\"https:\\\/\\\/saprea.org\\\/fr\\\/avis-confidentialite-donnees-sante\\\/#primaryimage\"},\"image\":{\"@id\":\"https:\\\/\\\/saprea.org\\\/fr\\\/avis-confidentialite-donnees-sante\\\/#primaryimage\"},\"thumbnailUrl\":\"https:\\\/\\\/saprea.org\\\/wp-content\\\/uploads\\\/2022\\\/02\\\/Featured-image-news-saprea.jpg\",\"datePublished\":\"2025-12-03T18:44:48+00:00\",\"dateModified\":\"2025-12-11T20:48:20+00:00\",\"description\":\"D\u00e9couvrez comment Saprea collecte, utilise et partage les donn\u00e9es de sant\u00e9 des consommateurs et quels droits s\u2019appliquent au CT, NV et WA.\",\"breadcrumb\":{\"@id\":\"https:\\\/\\\/saprea.org\\\/fr\\\/avis-confidentialite-donnees-sante\\\/#breadcrumb\"},\"inLanguage\":\"fr-FR\",\"potentialAction\":[{\"@type\":\"ReadAction\",\"target\":[\"https:\\\/\\\/saprea.org\\\/fr\\\/avis-confidentialite-donnees-sante\\\/\"]}]},{\"@type\":\"ImageObject\",\"inLanguage\":\"fr-FR\",\"@id\":\"https:\\\/\\\/saprea.org\\\/fr\\\/avis-confidentialite-donnees-sante\\\/#primaryimage\",\"url\":\"https:\\\/\\\/saprea.org\\\/wp-content\\\/uploads\\\/2022\\\/02\\\/Featured-image-news-saprea.jpg\",\"contentUrl\":\"https:\\\/\\\/saprea.org\\\/wp-content\\\/uploads\\\/2022\\\/02\\\/Featured-image-news-saprea.jpg\",\"width\":1082,\"height\":706},{\"@type\":\"BreadcrumbList\",\"@id\":\"https:\\\/\\\/saprea.org\\\/fr\\\/avis-confidentialite-donnees-sante\\\/#breadcrumb\",\"itemListElement\":[{\"@type\":\"ListItem\",\"position\":1,\"name\":\"Home\",\"item\":\"https:\\\/\\\/saprea.org\\\/fr\\\/page-daccueil-saprea\\\/\"},{\"@type\":\"ListItem\",\"position\":2,\"name\":\"Avis de confidentialit\u00e9 concernant les donn\u00e9es de sant\u00e9 des consommateurs de Saprea\"}]},{\"@type\":\"WebSite\",\"@id\":\"https:\\\/\\\/saprea.org\\\/fr\\\/#website\",\"url\":\"https:\\\/\\\/saprea.org\\\/fr\\\/\",\"name\":\"Saprea\",\"description\":\"\",\"publisher\":{\"@id\":\"https:\\\/\\\/saprea.org\\\/fr\\\/#organization\"},\"potentialAction\":[{\"@type\":\"SearchAction\",\"target\":{\"@type\":\"EntryPoint\",\"urlTemplate\":\"https:\\\/\\\/saprea.org\\\/fr\\\/?s={search_term_string}\"},\"query-input\":{\"@type\":\"PropertyValueSpecification\",\"valueRequired\":true,\"valueName\":\"search_term_string\"}}],\"inLanguage\":\"fr-FR\"},{\"@type\":\"Organization\",\"@id\":\"https:\\\/\\\/saprea.org\\\/fr\\\/#organization\",\"name\":\"Saprea\",\"url\":\"https:\\\/\\\/saprea.org\\\/fr\\\/\",\"logo\":{\"@type\":\"ImageObject\",\"inLanguage\":\"fr-FR\",\"@id\":\"https:\\\/\\\/saprea.org\\\/fr\\\/#\\\/schema\\\/logo\\\/image\\\/\",\"url\":\"https:\\\/\\\/saprea.org\\\/wp-content\\\/uploads\\\/2021\\\/12\\\/Vector-7-1.png\",\"contentUrl\":\"https:\\\/\\\/saprea.org\\\/wp-content\\\/uploads\\\/2021\\\/12\\\/Vector-7-1.png\",\"width\":106,\"height\":105,\"caption\":\"Saprea\"},\"image\":{\"@id\":\"https:\\\/\\\/saprea.org\\\/fr\\\/#\\\/schema\\\/logo\\\/image\\\/\"},\"sameAs\":[\"https:\\\/\\\/facebook.com\\\/saprea.org\",\"https:\\\/\\\/x.com\\\/saprea_org\",\"https:\\\/\\\/instagram.com\\\/youniquefoundation\",\"https:\\\/\\\/pinterest.com\\\/saprea_org\",\"https:\\\/\\\/youtube.com\\\/c\\\/saprea_org\"]}]}<\/script>\n<!-- \/ Yoast SEO plugin. -->","yoast_head_json":{"title":"Avis de confidentialit\u00e9 Saprea \u2013 Donn\u00e9es de sant\u00e9","description":"D\u00e9couvrez comment Saprea collecte, utilise et partage les donn\u00e9es de sant\u00e9 des consommateurs et quels droits s\u2019appliquent au CT, NV et WA.","robots":{"index":"index","follow":"follow","max-snippet":"max-snippet:-1","max-image-preview":"max-image-preview:large","max-video-preview":"max-video-preview:-1"},"canonical":"https:\/\/saprea.org\/fr\/avis-confidentialite-donnees-sante\/","og_locale":"fr_FR","og_type":"article","og_title":"Avis de confidentialit\u00e9 Saprea \u2013 Donn\u00e9es de sant\u00e9","og_description":"D\u00e9couvrez comment Saprea collecte, utilise et partage les donn\u00e9es de sant\u00e9 des consommateurs et quels droits s\u2019appliquent au CT, NV et WA.","og_url":"https:\/\/saprea.org\/fr\/avis-confidentialite-donnees-sante\/","og_site_name":"Saprea","article_publisher":"https:\/\/facebook.com\/saprea.org","article_modified_time":"2025-12-11T20:48:20+00:00","og_image":[{"width":1082,"height":706,"url":"https:\/\/saprea.org\/wp-content\/uploads\/2022\/02\/Featured-image-news-saprea.jpg","type":"image\/jpeg"}],"twitter_card":"summary_large_image","twitter_site":"@saprea_org","schema":{"@context":"https:\/\/schema.org","@graph":[{"@type":"WebPage","@id":"https:\/\/saprea.org\/fr\/avis-confidentialite-donnees-sante\/","url":"https:\/\/saprea.org\/fr\/avis-confidentialite-donnees-sante\/","name":"Avis de confidentialit\u00e9 Saprea \u2013 Donn\u00e9es de sant\u00e9","isPartOf":{"@id":"https:\/\/saprea.org\/fr\/#website"},"primaryImageOfPage":{"@id":"https:\/\/saprea.org\/fr\/avis-confidentialite-donnees-sante\/#primaryimage"},"image":{"@id":"https:\/\/saprea.org\/fr\/avis-confidentialite-donnees-sante\/#primaryimage"},"thumbnailUrl":"https:\/\/saprea.org\/wp-content\/uploads\/2022\/02\/Featured-image-news-saprea.jpg","datePublished":"2025-12-03T18:44:48+00:00","dateModified":"2025-12-11T20:48:20+00:00","description":"D\u00e9couvrez comment Saprea collecte, utilise et partage les donn\u00e9es de sant\u00e9 des consommateurs et quels droits s\u2019appliquent au CT, NV et WA.","breadcrumb":{"@id":"https:\/\/saprea.org\/fr\/avis-confidentialite-donnees-sante\/#breadcrumb"},"inLanguage":"fr-FR","potentialAction":[{"@type":"ReadAction","target":["https:\/\/saprea.org\/fr\/avis-confidentialite-donnees-sante\/"]}]},{"@type":"ImageObject","inLanguage":"fr-FR","@id":"https:\/\/saprea.org\/fr\/avis-confidentialite-donnees-sante\/#primaryimage","url":"https:\/\/saprea.org\/wp-content\/uploads\/2022\/02\/Featured-image-news-saprea.jpg","contentUrl":"https:\/\/saprea.org\/wp-content\/uploads\/2022\/02\/Featured-image-news-saprea.jpg","width":1082,"height":706},{"@type":"BreadcrumbList","@id":"https:\/\/saprea.org\/fr\/avis-confidentialite-donnees-sante\/#breadcrumb","itemListElement":[{"@type":"ListItem","position":1,"name":"Home","item":"https:\/\/saprea.org\/fr\/page-daccueil-saprea\/"},{"@type":"ListItem","position":2,"name":"Avis de confidentialit\u00e9 concernant les donn\u00e9es de sant\u00e9 des consommateurs de Saprea"}]},{"@type":"WebSite","@id":"https:\/\/saprea.org\/fr\/#website","url":"https:\/\/saprea.org\/fr\/","name":"Saprea","description":"","publisher":{"@id":"https:\/\/saprea.org\/fr\/#organization"},"potentialAction":[{"@type":"SearchAction","target":{"@type":"EntryPoint","urlTemplate":"https:\/\/saprea.org\/fr\/?s={search_term_string}"},"query-input":{"@type":"PropertyValueSpecification","valueRequired":true,"valueName":"search_term_string"}}],"inLanguage":"fr-FR"},{"@type":"Organization","@id":"https:\/\/saprea.org\/fr\/#organization","name":"Saprea","url":"https:\/\/saprea.org\/fr\/","logo":{"@type":"ImageObject","inLanguage":"fr-FR","@id":"https:\/\/saprea.org\/fr\/#\/schema\/logo\/image\/","url":"https:\/\/saprea.org\/wp-content\/uploads\/2021\/12\/Vector-7-1.png","contentUrl":"https:\/\/saprea.org\/wp-content\/uploads\/2021\/12\/Vector-7-1.png","width":106,"height":105,"caption":"Saprea"},"image":{"@id":"https:\/\/saprea.org\/fr\/#\/schema\/logo\/image\/"},"sameAs":["https:\/\/facebook.com\/saprea.org","https:\/\/x.com\/saprea_org","https:\/\/instagram.com\/youniquefoundation","https:\/\/pinterest.com\/saprea_org","https:\/\/youtube.com\/c\/saprea_org"]}]}},"_links":{"self":[{"href":"https:\/\/saprea.org\/fr\/wp-json\/wp\/v2\/pages\/34319","targetHints":{"allow":["GET"]}}],"collection":[{"href":"https:\/\/saprea.org\/fr\/wp-json\/wp\/v2\/pages"}],"about":[{"href":"https:\/\/saprea.org\/fr\/wp-json\/wp\/v2\/types\/page"}],"author":[{"embeddable":true,"href":"https:\/\/saprea.org\/fr\/wp-json\/wp\/v2\/users\/3"}],"replies":[{"embeddable":true,"href":"https:\/\/saprea.org\/fr\/wp-json\/wp\/v2\/comments?post=34319"}],"version-history":[{"count":32,"href":"https:\/\/saprea.org\/fr\/wp-json\/wp\/v2\/pages\/34319\/revisions"}],"predecessor-version":[{"id":34714,"href":"https:\/\/saprea.org\/fr\/wp-json\/wp\/v2\/pages\/34319\/revisions\/34714"}],"wp:featuredmedia":[{"embeddable":true,"href":"https:\/\/saprea.org\/fr\/wp-json\/wp\/v2\/media\/4544"}],"wp:attachment":[{"href":"https:\/\/saprea.org\/fr\/wp-json\/wp\/v2\/media?parent=34319"}],"curies":[{"name":"wp","href":"https:\/\/api.w.org\/{rel}","templated":true}]}}