{"id":33262,"date":"2025-08-28T14:20:34","date_gmt":"2025-08-28T20:20:34","guid":{"rendered":"https:\/\/saprea.org\/help-us-bring-awareness-to-the-issue-of-child-sexual-abuse-french\/"},"modified":"2025-09-17T08:57:34","modified_gmt":"2025-09-17T14:57:34","slug":"sensibilisation-abus-sexuel-sur-mineurs","status":"publish","type":"page","link":"https:\/\/saprea.org\/fr\/sensibilisation-abus-sexuel-sur-mineurs\/","title":{"rendered":"Aidez-nous \u00e0 sensibiliser le public aux abus sexuels sur mineurs"},"content":{"rendered":"<div id=\"cs-content\" class=\"cs-content\"><\/div>\n","protected":false},"excerpt":{"rendered":"<p>Saprea &gt; Aidez-nous \u00e0 sensibiliser le public aux abus sexuels sur mineursSaprea &gt; Aidez-nous \u00e0 sensibiliser le public aux abus sexuels sur mineursSENSIBILISATIONLes mots sont puissants. Le dialogue est essentiel.Il y a de l&rsquo;espoir pour chaque survivant et le changement est possible lorsque nous travaillons ensemble pour construire un environnement s\u00fbr pour tous.SOUTENEZ NOTRE MISSIONSENSIBILISATIONLes [&hellip;]<\/p>\n","protected":false},"author":3,"featured_media":32742,"parent":0,"menu_order":0,"comment_status":"closed","ping_status":"closed","template":"","meta":{"footnotes":""},"class_list":["post-33262","page","type-page","status-publish","has-post-thumbnail","hentry"],"yoast_head":"<!-- This site is optimized with the Yoast SEO plugin v27.3 - https:\/\/yoast.com\/product\/yoast-seo-wordpress\/ -->\n<title>Aidez-nous \u00e0 sensibiliser le public aux abus sexuels sur mineurs | Saprea<\/title>\n<meta name=\"description\" content=\"Aidez \u00e0 briser le silence sur les abus sexuels sur mineurs. Utilisez les ressources gratuites de Saprea pour informer, d\u00e9fendre et agir afin d&#039;apporter des changements significatifs dans votre communaut\u00e9.\" \/>\n<meta name=\"robots\" content=\"index, follow, max-snippet:-1, max-image-preview:large, max-video-preview:-1\" \/>\n<link rel=\"canonical\" href=\"https:\/\/saprea.org\/fr\/sensibilisation-abus-sexuel-sur-mineurs\/\" \/>\n<meta property=\"og:locale\" content=\"fr_FR\" \/>\n<meta property=\"og:type\" content=\"article\" \/>\n<meta property=\"og:title\" content=\"Aidez-nous \u00e0 sensibiliser le public aux abus sexuels sur mineurs | Saprea\" \/>\n<meta property=\"og:description\" content=\"Aidez \u00e0 briser le silence sur les abus sexuels sur mineurs. Utilisez les ressources gratuites de Saprea pour informer, d\u00e9fendre et agir afin d&#039;apporter des changements significatifs dans votre communaut\u00e9.\" \/>\n<meta property=\"og:url\" content=\"https:\/\/saprea.org\/fr\/sensibilisation-abus-sexuel-sur-mineurs\/\" \/>\n<meta property=\"og:site_name\" content=\"Saprea\" \/>\n<meta property=\"article:publisher\" content=\"https:\/\/facebook.com\/saprea.org\" \/>\n<meta property=\"article:modified_time\" content=\"2025-09-17T14:57:34+00:00\" \/>\n<meta property=\"og:image\" content=\"https:\/\/saprea.org\/wp-content\/uploads\/2025\/07\/Awareness_Hero-Mobile.png\" \/>\n\t<meta property=\"og:image:width\" content=\"2400\" \/>\n\t<meta property=\"og:image:height\" content=\"1150\" \/>\n\t<meta property=\"og:image:type\" content=\"image\/png\" \/>\n<meta name=\"twitter:card\" content=\"summary_large_image\" \/>\n<meta name=\"twitter:site\" content=\"@saprea_org\" \/>\n<script type=\"application\/ld+json\" class=\"yoast-schema-graph\">{\"@context\":\"https:\\\/\\\/schema.org\",\"@graph\":[{\"@type\":\"WebPage\",\"@id\":\"https:\\\/\\\/saprea.org\\\/fr\\\/sensibilisation-abus-sexuel-sur-mineurs\\\/\",\"url\":\"https:\\\/\\\/saprea.org\\\/fr\\\/sensibilisation-abus-sexuel-sur-mineurs\\\/\",\"name\":\"Aidez-nous \u00e0 sensibiliser le public aux abus sexuels sur mineurs | Saprea\",\"isPartOf\":{\"@id\":\"https:\\\/\\\/saprea.org\\\/fr\\\/#website\"},\"primaryImageOfPage\":{\"@id\":\"https:\\\/\\\/saprea.org\\\/fr\\\/sensibilisation-abus-sexuel-sur-mineurs\\\/#primaryimage\"},\"image\":{\"@id\":\"https:\\\/\\\/saprea.org\\\/fr\\\/sensibilisation-abus-sexuel-sur-mineurs\\\/#primaryimage\"},\"thumbnailUrl\":\"https:\\\/\\\/saprea.org\\\/wp-content\\\/uploads\\\/2025\\\/07\\\/Awareness_Hero-Mobile.png\",\"datePublished\":\"2025-08-28T20:20:34+00:00\",\"dateModified\":\"2025-09-17T14:57:34+00:00\",\"description\":\"Aidez \u00e0 briser le silence sur les abus sexuels sur mineurs. Utilisez les ressources gratuites de Saprea pour informer, d\u00e9fendre et agir afin d'apporter des changements significatifs dans votre communaut\u00e9.\",\"breadcrumb\":{\"@id\":\"https:\\\/\\\/saprea.org\\\/fr\\\/sensibilisation-abus-sexuel-sur-mineurs\\\/#breadcrumb\"},\"inLanguage\":\"fr-FR\",\"potentialAction\":[{\"@type\":\"ReadAction\",\"target\":[\"https:\\\/\\\/saprea.org\\\/fr\\\/sensibilisation-abus-sexuel-sur-mineurs\\\/\"]}]},{\"@type\":\"ImageObject\",\"inLanguage\":\"fr-FR\",\"@id\":\"https:\\\/\\\/saprea.org\\\/fr\\\/sensibilisation-abus-sexuel-sur-mineurs\\\/#primaryimage\",\"url\":\"https:\\\/\\\/saprea.org\\\/wp-content\\\/uploads\\\/2025\\\/07\\\/Awareness_Hero-Mobile.png\",\"contentUrl\":\"https:\\\/\\\/saprea.org\\\/wp-content\\\/uploads\\\/2025\\\/07\\\/Awareness_Hero-Mobile.png\",\"width\":2400,\"height\":1150,\"caption\":\"Three people wearing matching \\\"Saprea\\\" t-shirts smile while posing together in a modern, light-filled space with shelves decorated with plants and ceramics.\"},{\"@type\":\"BreadcrumbList\",\"@id\":\"https:\\\/\\\/saprea.org\\\/fr\\\/sensibilisation-abus-sexuel-sur-mineurs\\\/#breadcrumb\",\"itemListElement\":[{\"@type\":\"ListItem\",\"position\":1,\"name\":\"Home\",\"item\":\"https:\\\/\\\/saprea.org\\\/fr\\\/page-daccueil-saprea\\\/\"},{\"@type\":\"ListItem\",\"position\":2,\"name\":\"Aidez-nous \u00e0 sensibiliser le public aux abus sexuels sur mineurs\"}]},{\"@type\":\"WebSite\",\"@id\":\"https:\\\/\\\/saprea.org\\\/fr\\\/#website\",\"url\":\"https:\\\/\\\/saprea.org\\\/fr\\\/\",\"name\":\"Saprea\",\"description\":\"\",\"publisher\":{\"@id\":\"https:\\\/\\\/saprea.org\\\/fr\\\/#organization\"},\"potentialAction\":[{\"@type\":\"SearchAction\",\"target\":{\"@type\":\"EntryPoint\",\"urlTemplate\":\"https:\\\/\\\/saprea.org\\\/fr\\\/?s={search_term_string}\"},\"query-input\":{\"@type\":\"PropertyValueSpecification\",\"valueRequired\":true,\"valueName\":\"search_term_string\"}}],\"inLanguage\":\"fr-FR\"},{\"@type\":\"Organization\",\"@id\":\"https:\\\/\\\/saprea.org\\\/fr\\\/#organization\",\"name\":\"Saprea\",\"url\":\"https:\\\/\\\/saprea.org\\\/fr\\\/\",\"logo\":{\"@type\":\"ImageObject\",\"inLanguage\":\"fr-FR\",\"@id\":\"https:\\\/\\\/saprea.org\\\/fr\\\/#\\\/schema\\\/logo\\\/image\\\/\",\"url\":\"https:\\\/\\\/saprea.org\\\/wp-content\\\/uploads\\\/2021\\\/12\\\/Vector-7-1.png\",\"contentUrl\":\"https:\\\/\\\/saprea.org\\\/wp-content\\\/uploads\\\/2021\\\/12\\\/Vector-7-1.png\",\"width\":106,\"height\":105,\"caption\":\"Saprea\"},\"image\":{\"@id\":\"https:\\\/\\\/saprea.org\\\/fr\\\/#\\\/schema\\\/logo\\\/image\\\/\"},\"sameAs\":[\"https:\\\/\\\/facebook.com\\\/saprea.org\",\"https:\\\/\\\/x.com\\\/saprea_org\",\"https:\\\/\\\/instagram.com\\\/youniquefoundation\",\"https:\\\/\\\/pinterest.com\\\/saprea_org\",\"https:\\\/\\\/youtube.com\\\/c\\\/saprea_org\"]}]}<\/script>\n<!-- \/ Yoast SEO plugin. -->","yoast_head_json":{"title":"Aidez-nous \u00e0 sensibiliser le public aux abus sexuels sur mineurs | Saprea","description":"Aidez \u00e0 briser le silence sur les abus sexuels sur mineurs. Utilisez les ressources gratuites de Saprea pour informer, d\u00e9fendre et agir afin d'apporter des changements significatifs dans votre communaut\u00e9.","robots":{"index":"index","follow":"follow","max-snippet":"max-snippet:-1","max-image-preview":"max-image-preview:large","max-video-preview":"max-video-preview:-1"},"canonical":"https:\/\/saprea.org\/fr\/sensibilisation-abus-sexuel-sur-mineurs\/","og_locale":"fr_FR","og_type":"article","og_title":"Aidez-nous \u00e0 sensibiliser le public aux abus sexuels sur mineurs | Saprea","og_description":"Aidez \u00e0 briser le silence sur les abus sexuels sur mineurs. Utilisez les ressources gratuites de Saprea pour informer, d\u00e9fendre et agir afin d'apporter des changements significatifs dans votre communaut\u00e9.","og_url":"https:\/\/saprea.org\/fr\/sensibilisation-abus-sexuel-sur-mineurs\/","og_site_name":"Saprea","article_publisher":"https:\/\/facebook.com\/saprea.org","article_modified_time":"2025-09-17T14:57:34+00:00","og_image":[{"width":2400,"height":1150,"url":"https:\/\/saprea.org\/wp-content\/uploads\/2025\/07\/Awareness_Hero-Mobile.png","type":"image\/png"}],"twitter_card":"summary_large_image","twitter_site":"@saprea_org","schema":{"@context":"https:\/\/schema.org","@graph":[{"@type":"WebPage","@id":"https:\/\/saprea.org\/fr\/sensibilisation-abus-sexuel-sur-mineurs\/","url":"https:\/\/saprea.org\/fr\/sensibilisation-abus-sexuel-sur-mineurs\/","name":"Aidez-nous \u00e0 sensibiliser le public aux abus sexuels sur mineurs | Saprea","isPartOf":{"@id":"https:\/\/saprea.org\/fr\/#website"},"primaryImageOfPage":{"@id":"https:\/\/saprea.org\/fr\/sensibilisation-abus-sexuel-sur-mineurs\/#primaryimage"},"image":{"@id":"https:\/\/saprea.org\/fr\/sensibilisation-abus-sexuel-sur-mineurs\/#primaryimage"},"thumbnailUrl":"https:\/\/saprea.org\/wp-content\/uploads\/2025\/07\/Awareness_Hero-Mobile.png","datePublished":"2025-08-28T20:20:34+00:00","dateModified":"2025-09-17T14:57:34+00:00","description":"Aidez \u00e0 briser le silence sur les abus sexuels sur mineurs. Utilisez les ressources gratuites de Saprea pour informer, d\u00e9fendre et agir afin d'apporter des changements significatifs dans votre communaut\u00e9.","breadcrumb":{"@id":"https:\/\/saprea.org\/fr\/sensibilisation-abus-sexuel-sur-mineurs\/#breadcrumb"},"inLanguage":"fr-FR","potentialAction":[{"@type":"ReadAction","target":["https:\/\/saprea.org\/fr\/sensibilisation-abus-sexuel-sur-mineurs\/"]}]},{"@type":"ImageObject","inLanguage":"fr-FR","@id":"https:\/\/saprea.org\/fr\/sensibilisation-abus-sexuel-sur-mineurs\/#primaryimage","url":"https:\/\/saprea.org\/wp-content\/uploads\/2025\/07\/Awareness_Hero-Mobile.png","contentUrl":"https:\/\/saprea.org\/wp-content\/uploads\/2025\/07\/Awareness_Hero-Mobile.png","width":2400,"height":1150,"caption":"Three people wearing matching \"Saprea\" t-shirts smile while posing together in a modern, light-filled space with shelves decorated with plants and ceramics."},{"@type":"BreadcrumbList","@id":"https:\/\/saprea.org\/fr\/sensibilisation-abus-sexuel-sur-mineurs\/#breadcrumb","itemListElement":[{"@type":"ListItem","position":1,"name":"Home","item":"https:\/\/saprea.org\/fr\/page-daccueil-saprea\/"},{"@type":"ListItem","position":2,"name":"Aidez-nous \u00e0 sensibiliser le public aux abus sexuels sur mineurs"}]},{"@type":"WebSite","@id":"https:\/\/saprea.org\/fr\/#website","url":"https:\/\/saprea.org\/fr\/","name":"Saprea","description":"","publisher":{"@id":"https:\/\/saprea.org\/fr\/#organization"},"potentialAction":[{"@type":"SearchAction","target":{"@type":"EntryPoint","urlTemplate":"https:\/\/saprea.org\/fr\/?s={search_term_string}"},"query-input":{"@type":"PropertyValueSpecification","valueRequired":true,"valueName":"search_term_string"}}],"inLanguage":"fr-FR"},{"@type":"Organization","@id":"https:\/\/saprea.org\/fr\/#organization","name":"Saprea","url":"https:\/\/saprea.org\/fr\/","logo":{"@type":"ImageObject","inLanguage":"fr-FR","@id":"https:\/\/saprea.org\/fr\/#\/schema\/logo\/image\/","url":"https:\/\/saprea.org\/wp-content\/uploads\/2021\/12\/Vector-7-1.png","contentUrl":"https:\/\/saprea.org\/wp-content\/uploads\/2021\/12\/Vector-7-1.png","width":106,"height":105,"caption":"Saprea"},"image":{"@id":"https:\/\/saprea.org\/fr\/#\/schema\/logo\/image\/"},"sameAs":["https:\/\/facebook.com\/saprea.org","https:\/\/x.com\/saprea_org","https:\/\/instagram.com\/youniquefoundation","https:\/\/pinterest.com\/saprea_org","https:\/\/youtube.com\/c\/saprea_org"]}]}},"_links":{"self":[{"href":"https:\/\/saprea.org\/fr\/wp-json\/wp\/v2\/pages\/33262","targetHints":{"allow":["GET"]}}],"collection":[{"href":"https:\/\/saprea.org\/fr\/wp-json\/wp\/v2\/pages"}],"about":[{"href":"https:\/\/saprea.org\/fr\/wp-json\/wp\/v2\/types\/page"}],"author":[{"embeddable":true,"href":"https:\/\/saprea.org\/fr\/wp-json\/wp\/v2\/users\/3"}],"replies":[{"embeddable":true,"href":"https:\/\/saprea.org\/fr\/wp-json\/wp\/v2\/comments?post=33262"}],"version-history":[{"count":0,"href":"https:\/\/saprea.org\/fr\/wp-json\/wp\/v2\/pages\/33262\/revisions"}],"wp:featuredmedia":[{"embeddable":true,"href":"https:\/\/saprea.org\/fr\/wp-json\/wp\/v2\/media\/32742"}],"wp:attachment":[{"href":"https:\/\/saprea.org\/fr\/wp-json\/wp\/v2\/media?parent=33262"}],"curies":[{"name":"wp","href":"https:\/\/api.w.org\/{rel}","templated":true}]}}