{"id":32212,"date":"2025-04-09T11:54:37","date_gmt":"2025-04-09T17:54:37","guid":{"rendered":"https:\/\/saprea.org\/sapreas-strategies-for-preventing-child-sexual-abuse-french\/"},"modified":"2025-04-09T12:03:09","modified_gmt":"2025-04-09T18:03:09","slug":"ressources-prevention","status":"publish","type":"page","link":"https:\/\/saprea.org\/fr\/ressources-prevention\/","title":{"rendered":"Strat\u00e9gies de Saprea pour la pr\u00e9vention des abus sexuels sur mineurs\u202f"},"content":{"rendered":"<div id=\"cs-content\" class=\"cs-content\"><\/div>\n","protected":false},"excerpt":{"rendered":"<p>Saprea &gt; Strat\u00e9gies de Saprea pour la pr\u00e9vention des abus sexuels sur mineurs\u202fSaprea &gt; Strat\u00e9gies de Saprea pour la pr\u00e9vention des abus sexuels sur mineurs\u202fRESSOURCES DE PR\u00c9VENTION SAPREA Strat\u00e9gies de pr\u00e9vention des abus sexuels sur mineurs Chaque ann\u00e9e, des millions d&rsquo;enfants sont abus\u00e9s sexuellement. Mais il y a de l&rsquo;espoir. Les parents et soignants peuvent [&hellip;]<\/p>\n","protected":false},"author":3,"featured_media":31677,"parent":0,"menu_order":0,"comment_status":"closed","ping_status":"closed","template":"","meta":{"footnotes":""},"class_list":["post-32212","page","type-page","status-publish","has-post-thumbnail","hentry"],"yoast_head":"<!-- This site is optimized with the Yoast SEO plugin v27.3 - https:\/\/yoast.com\/product\/yoast-seo-wordpress\/ -->\n<title>Strat\u00e9gies de Saprea pour la pr\u00e9vention des abus sexuels sur mineurs\u202f<\/title>\n<meta name=\"description\" content=\"Appuyez-vous sur des strat\u00e9gies fond\u00e9es sur la recherche pour prot\u00e9ger les enfants contre les abus sexuels. Les ressources de pr\u00e9vention gratuites de Saprea aident les parents et les soignants \u00e0 passer \u00e0 l\u2019action.\" \/>\n<meta name=\"robots\" content=\"index, follow, max-snippet:-1, max-image-preview:large, max-video-preview:-1\" \/>\n<link rel=\"canonical\" href=\"https:\/\/saprea.org\/fr\/ressources-prevention\/\" \/>\n<meta property=\"og:locale\" content=\"fr_FR\" \/>\n<meta property=\"og:type\" content=\"article\" \/>\n<meta property=\"og:title\" content=\"Strat\u00e9gies de Saprea pour la pr\u00e9vention des abus sexuels sur mineurs\u202f\" \/>\n<meta property=\"og:description\" content=\"Appuyez-vous sur des strat\u00e9gies fond\u00e9es sur la recherche pour prot\u00e9ger les enfants contre les abus sexuels. Les ressources de pr\u00e9vention gratuites de Saprea aident les parents et les soignants \u00e0 passer \u00e0 l\u2019action.\" \/>\n<meta property=\"og:url\" content=\"https:\/\/saprea.org\/fr\/ressources-prevention\/\" \/>\n<meta property=\"og:site_name\" content=\"Saprea\" \/>\n<meta property=\"article:publisher\" content=\"https:\/\/facebook.com\/saprea.org\" \/>\n<meta property=\"article:modified_time\" content=\"2025-04-09T18:03:09+00:00\" \/>\n<meta property=\"og:image\" content=\"https:\/\/saprea.org\/wp-content\/uploads\/2025\/02\/Prevention-Landing-Hero_Family-mobile-1024x512.png\" \/>\n\t<meta property=\"og:image:width\" content=\"1024\" \/>\n\t<meta property=\"og:image:height\" content=\"512\" \/>\n\t<meta property=\"og:image:type\" content=\"image\/png\" \/>\n<meta name=\"twitter:card\" content=\"summary_large_image\" \/>\n<meta name=\"twitter:site\" content=\"@saprea_org\" \/>\n<script type=\"application\/ld+json\" class=\"yoast-schema-graph\">{\"@context\":\"https:\\\/\\\/schema.org\",\"@graph\":[{\"@type\":\"WebPage\",\"@id\":\"https:\\\/\\\/saprea.org\\\/fr\\\/ressources-prevention\\\/\",\"url\":\"https:\\\/\\\/saprea.org\\\/fr\\\/ressources-prevention\\\/\",\"name\":\"Strat\u00e9gies de Saprea pour la pr\u00e9vention des abus sexuels sur mineurs\u202f\",\"isPartOf\":{\"@id\":\"https:\\\/\\\/saprea.org\\\/fr\\\/#website\"},\"primaryImageOfPage\":{\"@id\":\"https:\\\/\\\/saprea.org\\\/fr\\\/ressources-prevention\\\/#primaryimage\"},\"image\":{\"@id\":\"https:\\\/\\\/saprea.org\\\/fr\\\/ressources-prevention\\\/#primaryimage\"},\"thumbnailUrl\":\"https:\\\/\\\/saprea.org\\\/wp-content\\\/uploads\\\/2025\\\/02\\\/Prevention-Landing-Hero_Family-mobile.png\",\"datePublished\":\"2025-04-09T17:54:37+00:00\",\"dateModified\":\"2025-04-09T18:03:09+00:00\",\"description\":\"Appuyez-vous sur des strat\u00e9gies fond\u00e9es sur la recherche pour prot\u00e9ger les enfants contre les abus sexuels. Les ressources de pr\u00e9vention gratuites de Saprea aident les parents et les soignants \u00e0 passer \u00e0 l\u2019action.\",\"breadcrumb\":{\"@id\":\"https:\\\/\\\/saprea.org\\\/fr\\\/ressources-prevention\\\/#breadcrumb\"},\"inLanguage\":\"fr-FR\",\"potentialAction\":[{\"@type\":\"ReadAction\",\"target\":[\"https:\\\/\\\/saprea.org\\\/fr\\\/ressources-prevention\\\/\"]}]},{\"@type\":\"ImageObject\",\"inLanguage\":\"fr-FR\",\"@id\":\"https:\\\/\\\/saprea.org\\\/fr\\\/ressources-prevention\\\/#primaryimage\",\"url\":\"https:\\\/\\\/saprea.org\\\/wp-content\\\/uploads\\\/2025\\\/02\\\/Prevention-Landing-Hero_Family-mobile.png\",\"contentUrl\":\"https:\\\/\\\/saprea.org\\\/wp-content\\\/uploads\\\/2025\\\/02\\\/Prevention-Landing-Hero_Family-mobile.png\",\"width\":2400,\"height\":1200,\"caption\":\"A family consisting of a mom, dad, and their son sitting together in a field of grass with trees in the background.\"},{\"@type\":\"BreadcrumbList\",\"@id\":\"https:\\\/\\\/saprea.org\\\/fr\\\/ressources-prevention\\\/#breadcrumb\",\"itemListElement\":[{\"@type\":\"ListItem\",\"position\":1,\"name\":\"Home\",\"item\":\"https:\\\/\\\/saprea.org\\\/fr\\\/page-daccueil-saprea\\\/\"},{\"@type\":\"ListItem\",\"position\":2,\"name\":\"Strat\u00e9gies de Saprea pour la pr\u00e9vention des abus sexuels sur mineurs\u202f\"}]},{\"@type\":\"WebSite\",\"@id\":\"https:\\\/\\\/saprea.org\\\/fr\\\/#website\",\"url\":\"https:\\\/\\\/saprea.org\\\/fr\\\/\",\"name\":\"Saprea\",\"description\":\"\",\"publisher\":{\"@id\":\"https:\\\/\\\/saprea.org\\\/fr\\\/#organization\"},\"potentialAction\":[{\"@type\":\"SearchAction\",\"target\":{\"@type\":\"EntryPoint\",\"urlTemplate\":\"https:\\\/\\\/saprea.org\\\/fr\\\/?s={search_term_string}\"},\"query-input\":{\"@type\":\"PropertyValueSpecification\",\"valueRequired\":true,\"valueName\":\"search_term_string\"}}],\"inLanguage\":\"fr-FR\"},{\"@type\":\"Organization\",\"@id\":\"https:\\\/\\\/saprea.org\\\/fr\\\/#organization\",\"name\":\"Saprea\",\"url\":\"https:\\\/\\\/saprea.org\\\/fr\\\/\",\"logo\":{\"@type\":\"ImageObject\",\"inLanguage\":\"fr-FR\",\"@id\":\"https:\\\/\\\/saprea.org\\\/fr\\\/#\\\/schema\\\/logo\\\/image\\\/\",\"url\":\"https:\\\/\\\/saprea.org\\\/wp-content\\\/uploads\\\/2021\\\/12\\\/Vector-7-1.png\",\"contentUrl\":\"https:\\\/\\\/saprea.org\\\/wp-content\\\/uploads\\\/2021\\\/12\\\/Vector-7-1.png\",\"width\":106,\"height\":105,\"caption\":\"Saprea\"},\"image\":{\"@id\":\"https:\\\/\\\/saprea.org\\\/fr\\\/#\\\/schema\\\/logo\\\/image\\\/\"},\"sameAs\":[\"https:\\\/\\\/facebook.com\\\/saprea.org\",\"https:\\\/\\\/x.com\\\/saprea_org\",\"https:\\\/\\\/instagram.com\\\/youniquefoundation\",\"https:\\\/\\\/pinterest.com\\\/saprea_org\",\"https:\\\/\\\/youtube.com\\\/c\\\/saprea_org\"]}]}<\/script>\n<!-- \/ Yoast SEO plugin. -->","yoast_head_json":{"title":"Strat\u00e9gies de Saprea pour la pr\u00e9vention des abus sexuels sur mineurs\u202f","description":"Appuyez-vous sur des strat\u00e9gies fond\u00e9es sur la recherche pour prot\u00e9ger les enfants contre les abus sexuels. Les ressources de pr\u00e9vention gratuites de Saprea aident les parents et les soignants \u00e0 passer \u00e0 l\u2019action.","robots":{"index":"index","follow":"follow","max-snippet":"max-snippet:-1","max-image-preview":"max-image-preview:large","max-video-preview":"max-video-preview:-1"},"canonical":"https:\/\/saprea.org\/fr\/ressources-prevention\/","og_locale":"fr_FR","og_type":"article","og_title":"Strat\u00e9gies de Saprea pour la pr\u00e9vention des abus sexuels sur mineurs\u202f","og_description":"Appuyez-vous sur des strat\u00e9gies fond\u00e9es sur la recherche pour prot\u00e9ger les enfants contre les abus sexuels. Les ressources de pr\u00e9vention gratuites de Saprea aident les parents et les soignants \u00e0 passer \u00e0 l\u2019action.","og_url":"https:\/\/saprea.org\/fr\/ressources-prevention\/","og_site_name":"Saprea","article_publisher":"https:\/\/facebook.com\/saprea.org","article_modified_time":"2025-04-09T18:03:09+00:00","og_image":[{"width":1024,"height":512,"url":"https:\/\/saprea.org\/wp-content\/uploads\/2025\/02\/Prevention-Landing-Hero_Family-mobile-1024x512.png","type":"image\/png"}],"twitter_card":"summary_large_image","twitter_site":"@saprea_org","schema":{"@context":"https:\/\/schema.org","@graph":[{"@type":"WebPage","@id":"https:\/\/saprea.org\/fr\/ressources-prevention\/","url":"https:\/\/saprea.org\/fr\/ressources-prevention\/","name":"Strat\u00e9gies de Saprea pour la pr\u00e9vention des abus sexuels sur mineurs\u202f","isPartOf":{"@id":"https:\/\/saprea.org\/fr\/#website"},"primaryImageOfPage":{"@id":"https:\/\/saprea.org\/fr\/ressources-prevention\/#primaryimage"},"image":{"@id":"https:\/\/saprea.org\/fr\/ressources-prevention\/#primaryimage"},"thumbnailUrl":"https:\/\/saprea.org\/wp-content\/uploads\/2025\/02\/Prevention-Landing-Hero_Family-mobile.png","datePublished":"2025-04-09T17:54:37+00:00","dateModified":"2025-04-09T18:03:09+00:00","description":"Appuyez-vous sur des strat\u00e9gies fond\u00e9es sur la recherche pour prot\u00e9ger les enfants contre les abus sexuels. Les ressources de pr\u00e9vention gratuites de Saprea aident les parents et les soignants \u00e0 passer \u00e0 l\u2019action.","breadcrumb":{"@id":"https:\/\/saprea.org\/fr\/ressources-prevention\/#breadcrumb"},"inLanguage":"fr-FR","potentialAction":[{"@type":"ReadAction","target":["https:\/\/saprea.org\/fr\/ressources-prevention\/"]}]},{"@type":"ImageObject","inLanguage":"fr-FR","@id":"https:\/\/saprea.org\/fr\/ressources-prevention\/#primaryimage","url":"https:\/\/saprea.org\/wp-content\/uploads\/2025\/02\/Prevention-Landing-Hero_Family-mobile.png","contentUrl":"https:\/\/saprea.org\/wp-content\/uploads\/2025\/02\/Prevention-Landing-Hero_Family-mobile.png","width":2400,"height":1200,"caption":"A family consisting of a mom, dad, and their son sitting together in a field of grass with trees in the background."},{"@type":"BreadcrumbList","@id":"https:\/\/saprea.org\/fr\/ressources-prevention\/#breadcrumb","itemListElement":[{"@type":"ListItem","position":1,"name":"Home","item":"https:\/\/saprea.org\/fr\/page-daccueil-saprea\/"},{"@type":"ListItem","position":2,"name":"Strat\u00e9gies de Saprea pour la pr\u00e9vention des abus sexuels sur mineurs\u202f"}]},{"@type":"WebSite","@id":"https:\/\/saprea.org\/fr\/#website","url":"https:\/\/saprea.org\/fr\/","name":"Saprea","description":"","publisher":{"@id":"https:\/\/saprea.org\/fr\/#organization"},"potentialAction":[{"@type":"SearchAction","target":{"@type":"EntryPoint","urlTemplate":"https:\/\/saprea.org\/fr\/?s={search_term_string}"},"query-input":{"@type":"PropertyValueSpecification","valueRequired":true,"valueName":"search_term_string"}}],"inLanguage":"fr-FR"},{"@type":"Organization","@id":"https:\/\/saprea.org\/fr\/#organization","name":"Saprea","url":"https:\/\/saprea.org\/fr\/","logo":{"@type":"ImageObject","inLanguage":"fr-FR","@id":"https:\/\/saprea.org\/fr\/#\/schema\/logo\/image\/","url":"https:\/\/saprea.org\/wp-content\/uploads\/2021\/12\/Vector-7-1.png","contentUrl":"https:\/\/saprea.org\/wp-content\/uploads\/2021\/12\/Vector-7-1.png","width":106,"height":105,"caption":"Saprea"},"image":{"@id":"https:\/\/saprea.org\/fr\/#\/schema\/logo\/image\/"},"sameAs":["https:\/\/facebook.com\/saprea.org","https:\/\/x.com\/saprea_org","https:\/\/instagram.com\/youniquefoundation","https:\/\/pinterest.com\/saprea_org","https:\/\/youtube.com\/c\/saprea_org"]}]}},"_links":{"self":[{"href":"https:\/\/saprea.org\/fr\/wp-json\/wp\/v2\/pages\/32212","targetHints":{"allow":["GET"]}}],"collection":[{"href":"https:\/\/saprea.org\/fr\/wp-json\/wp\/v2\/pages"}],"about":[{"href":"https:\/\/saprea.org\/fr\/wp-json\/wp\/v2\/types\/page"}],"author":[{"embeddable":true,"href":"https:\/\/saprea.org\/fr\/wp-json\/wp\/v2\/users\/3"}],"replies":[{"embeddable":true,"href":"https:\/\/saprea.org\/fr\/wp-json\/wp\/v2\/comments?post=32212"}],"version-history":[{"count":0,"href":"https:\/\/saprea.org\/fr\/wp-json\/wp\/v2\/pages\/32212\/revisions"}],"wp:featuredmedia":[{"embeddable":true,"href":"https:\/\/saprea.org\/fr\/wp-json\/wp\/v2\/media\/31677"}],"wp:attachment":[{"href":"https:\/\/saprea.org\/fr\/wp-json\/wp\/v2\/media?parent=32212"}],"curies":[{"name":"wp","href":"https:\/\/api.w.org\/{rel}","templated":true}]}}