{"id":32208,"date":"2025-04-09T11:47:05","date_gmt":"2025-04-09T17:47:05","guid":{"rendered":"https:\/\/saprea.org\/healing-resources-for-survivors-of-child-sexual-abuse-french\/"},"modified":"2025-06-05T09:57:58","modified_gmt":"2025-06-05T15:57:58","slug":"ressources-guerison","status":"publish","type":"page","link":"https:\/\/saprea.org\/fr\/ressources-guerison\/","title":{"rendered":"Ressources de gu\u00e9rison pour les survivants d&rsquo;abus sexuels subis dans l\u2019enfance\u202f"},"content":{"rendered":"<div id=\"cs-content\" class=\"cs-content\"><\/div>\n","protected":false},"excerpt":{"rendered":"<p>Saprea &gt; Ressources de gu\u00e9rison pour les survivants d&rsquo;abus sexuels subis dans l\u2019enfance\u202fSaprea &gt; Ressources de gu\u00e9rison pour les survivants d&rsquo;abus sexuels subis dans l\u2019enfance\u202fRESSOURCES DE GU\u00c9RISON SAPREAVotre parcours de gu\u00e9rison commence iciLa gu\u00e9rison est un parcours personnel, et nous sommes l\u00e0 pour vous soutenir tout au long de ce parcours. Nous offrons une vari\u00e9t\u00e9 [&hellip;]<\/p>\n","protected":false},"author":3,"featured_media":31964,"parent":0,"menu_order":0,"comment_status":"closed","ping_status":"closed","template":"","meta":{"footnotes":""},"class_list":["post-32208","page","type-page","status-publish","has-post-thumbnail","hentry"],"yoast_head":"<!-- This site is optimized with the Yoast SEO plugin v27.3 - https:\/\/yoast.com\/product\/yoast-seo-wordpress\/ -->\n<title>Ressources de gu\u00e9rison pour les survivants d&#039;abus sexuels subis dans l\u2019enfance\u202f<\/title>\n<meta name=\"description\" content=\"Votre parcours de gu\u00e9rison est important. Saprea propose des retraites de gu\u00e9rison gratuites, des webinaires de gu\u00e9rison, des groupes de soutien et des ressources en ligne pour aider les survivants d&#039;abus sexuels subis dans l\u2019enfance \u00e0 trouver de l&#039;espoir et de la force.\" \/>\n<meta name=\"robots\" content=\"index, follow, max-snippet:-1, max-image-preview:large, max-video-preview:-1\" \/>\n<link rel=\"canonical\" href=\"https:\/\/saprea.org\/fr\/ressources-guerison\/\" \/>\n<meta property=\"og:locale\" content=\"fr_FR\" \/>\n<meta property=\"og:type\" content=\"article\" \/>\n<meta property=\"og:title\" content=\"Ressources de gu\u00e9rison pour les survivants d&#039;abus sexuels subis dans l\u2019enfance\u202f\" \/>\n<meta property=\"og:description\" content=\"Votre parcours de gu\u00e9rison est important. Saprea propose des retraites de gu\u00e9rison gratuites, des webinaires de gu\u00e9rison, des groupes de soutien et des ressources en ligne pour aider les survivants d&#039;abus sexuels subis dans l\u2019enfance \u00e0 trouver de l&#039;espoir et de la force.\" \/>\n<meta property=\"og:url\" content=\"https:\/\/saprea.org\/fr\/ressources-guerison\/\" \/>\n<meta property=\"og:site_name\" content=\"Saprea\" \/>\n<meta property=\"article:publisher\" content=\"https:\/\/facebook.com\/saprea.org\" \/>\n<meta property=\"article:modified_time\" content=\"2025-06-05T15:57:58+00:00\" \/>\n<meta property=\"og:image\" content=\"https:\/\/saprea.org\/wp-content\/uploads\/2025\/03\/Healing-Hero_mobile@2x-1024x512.png\" \/>\n\t<meta property=\"og:image:width\" content=\"1024\" \/>\n\t<meta property=\"og:image:height\" content=\"512\" \/>\n\t<meta property=\"og:image:type\" content=\"image\/png\" \/>\n<meta name=\"twitter:card\" content=\"summary_large_image\" \/>\n<meta name=\"twitter:site\" content=\"@saprea_org\" \/>\n<script type=\"application\/ld+json\" class=\"yoast-schema-graph\">{\"@context\":\"https:\\\/\\\/schema.org\",\"@graph\":[{\"@type\":\"WebPage\",\"@id\":\"https:\\\/\\\/saprea.org\\\/fr\\\/ressources-guerison\\\/\",\"url\":\"https:\\\/\\\/saprea.org\\\/fr\\\/ressources-guerison\\\/\",\"name\":\"Ressources de gu\u00e9rison pour les survivants d'abus sexuels subis dans l\u2019enfance\u202f\",\"isPartOf\":{\"@id\":\"https:\\\/\\\/saprea.org\\\/fr\\\/#website\"},\"primaryImageOfPage\":{\"@id\":\"https:\\\/\\\/saprea.org\\\/fr\\\/ressources-guerison\\\/#primaryimage\"},\"image\":{\"@id\":\"https:\\\/\\\/saprea.org\\\/fr\\\/ressources-guerison\\\/#primaryimage\"},\"thumbnailUrl\":\"https:\\\/\\\/saprea.org\\\/wp-content\\\/uploads\\\/2025\\\/03\\\/Healing-Hero_mobile@2x.png\",\"datePublished\":\"2025-04-09T17:47:05+00:00\",\"dateModified\":\"2025-06-05T15:57:58+00:00\",\"description\":\"Votre parcours de gu\u00e9rison est important. Saprea propose des retraites de gu\u00e9rison gratuites, des webinaires de gu\u00e9rison, des groupes de soutien et des ressources en ligne pour aider les survivants d'abus sexuels subis dans l\u2019enfance \u00e0 trouver de l'espoir et de la force.\",\"breadcrumb\":{\"@id\":\"https:\\\/\\\/saprea.org\\\/fr\\\/ressources-guerison\\\/#breadcrumb\"},\"inLanguage\":\"fr-FR\",\"potentialAction\":[{\"@type\":\"ReadAction\",\"target\":[\"https:\\\/\\\/saprea.org\\\/fr\\\/ressources-guerison\\\/\"]}]},{\"@type\":\"ImageObject\",\"inLanguage\":\"fr-FR\",\"@id\":\"https:\\\/\\\/saprea.org\\\/fr\\\/ressources-guerison\\\/#primaryimage\",\"url\":\"https:\\\/\\\/saprea.org\\\/wp-content\\\/uploads\\\/2025\\\/03\\\/Healing-Hero_mobile@2x.png\",\"contentUrl\":\"https:\\\/\\\/saprea.org\\\/wp-content\\\/uploads\\\/2025\\\/03\\\/Healing-Hero_mobile@2x.png\",\"width\":2400,\"height\":1200},{\"@type\":\"BreadcrumbList\",\"@id\":\"https:\\\/\\\/saprea.org\\\/fr\\\/ressources-guerison\\\/#breadcrumb\",\"itemListElement\":[{\"@type\":\"ListItem\",\"position\":1,\"name\":\"Home\",\"item\":\"https:\\\/\\\/saprea.org\\\/fr\\\/page-daccueil-saprea\\\/\"},{\"@type\":\"ListItem\",\"position\":2,\"name\":\"Ressources de gu\u00e9rison pour les survivants d&#8217;abus sexuels subis dans l\u2019enfance\u202f\"}]},{\"@type\":\"WebSite\",\"@id\":\"https:\\\/\\\/saprea.org\\\/fr\\\/#website\",\"url\":\"https:\\\/\\\/saprea.org\\\/fr\\\/\",\"name\":\"Saprea\",\"description\":\"\",\"publisher\":{\"@id\":\"https:\\\/\\\/saprea.org\\\/fr\\\/#organization\"},\"potentialAction\":[{\"@type\":\"SearchAction\",\"target\":{\"@type\":\"EntryPoint\",\"urlTemplate\":\"https:\\\/\\\/saprea.org\\\/fr\\\/?s={search_term_string}\"},\"query-input\":{\"@type\":\"PropertyValueSpecification\",\"valueRequired\":true,\"valueName\":\"search_term_string\"}}],\"inLanguage\":\"fr-FR\"},{\"@type\":\"Organization\",\"@id\":\"https:\\\/\\\/saprea.org\\\/fr\\\/#organization\",\"name\":\"Saprea\",\"url\":\"https:\\\/\\\/saprea.org\\\/fr\\\/\",\"logo\":{\"@type\":\"ImageObject\",\"inLanguage\":\"fr-FR\",\"@id\":\"https:\\\/\\\/saprea.org\\\/fr\\\/#\\\/schema\\\/logo\\\/image\\\/\",\"url\":\"https:\\\/\\\/saprea.org\\\/wp-content\\\/uploads\\\/2021\\\/12\\\/Vector-7-1.png\",\"contentUrl\":\"https:\\\/\\\/saprea.org\\\/wp-content\\\/uploads\\\/2021\\\/12\\\/Vector-7-1.png\",\"width\":106,\"height\":105,\"caption\":\"Saprea\"},\"image\":{\"@id\":\"https:\\\/\\\/saprea.org\\\/fr\\\/#\\\/schema\\\/logo\\\/image\\\/\"},\"sameAs\":[\"https:\\\/\\\/facebook.com\\\/saprea.org\",\"https:\\\/\\\/x.com\\\/saprea_org\",\"https:\\\/\\\/instagram.com\\\/youniquefoundation\",\"https:\\\/\\\/pinterest.com\\\/saprea_org\",\"https:\\\/\\\/youtube.com\\\/c\\\/saprea_org\"]}]}<\/script>\n<!-- \/ Yoast SEO plugin. -->","yoast_head_json":{"title":"Ressources de gu\u00e9rison pour les survivants d'abus sexuels subis dans l\u2019enfance\u202f","description":"Votre parcours de gu\u00e9rison est important. Saprea propose des retraites de gu\u00e9rison gratuites, des webinaires de gu\u00e9rison, des groupes de soutien et des ressources en ligne pour aider les survivants d'abus sexuels subis dans l\u2019enfance \u00e0 trouver de l'espoir et de la force.","robots":{"index":"index","follow":"follow","max-snippet":"max-snippet:-1","max-image-preview":"max-image-preview:large","max-video-preview":"max-video-preview:-1"},"canonical":"https:\/\/saprea.org\/fr\/ressources-guerison\/","og_locale":"fr_FR","og_type":"article","og_title":"Ressources de gu\u00e9rison pour les survivants d'abus sexuels subis dans l\u2019enfance\u202f","og_description":"Votre parcours de gu\u00e9rison est important. Saprea propose des retraites de gu\u00e9rison gratuites, des webinaires de gu\u00e9rison, des groupes de soutien et des ressources en ligne pour aider les survivants d'abus sexuels subis dans l\u2019enfance \u00e0 trouver de l'espoir et de la force.","og_url":"https:\/\/saprea.org\/fr\/ressources-guerison\/","og_site_name":"Saprea","article_publisher":"https:\/\/facebook.com\/saprea.org","article_modified_time":"2025-06-05T15:57:58+00:00","og_image":[{"width":1024,"height":512,"url":"https:\/\/saprea.org\/wp-content\/uploads\/2025\/03\/Healing-Hero_mobile@2x-1024x512.png","type":"image\/png"}],"twitter_card":"summary_large_image","twitter_site":"@saprea_org","schema":{"@context":"https:\/\/schema.org","@graph":[{"@type":"WebPage","@id":"https:\/\/saprea.org\/fr\/ressources-guerison\/","url":"https:\/\/saprea.org\/fr\/ressources-guerison\/","name":"Ressources de gu\u00e9rison pour les survivants d'abus sexuels subis dans l\u2019enfance\u202f","isPartOf":{"@id":"https:\/\/saprea.org\/fr\/#website"},"primaryImageOfPage":{"@id":"https:\/\/saprea.org\/fr\/ressources-guerison\/#primaryimage"},"image":{"@id":"https:\/\/saprea.org\/fr\/ressources-guerison\/#primaryimage"},"thumbnailUrl":"https:\/\/saprea.org\/wp-content\/uploads\/2025\/03\/Healing-Hero_mobile@2x.png","datePublished":"2025-04-09T17:47:05+00:00","dateModified":"2025-06-05T15:57:58+00:00","description":"Votre parcours de gu\u00e9rison est important. Saprea propose des retraites de gu\u00e9rison gratuites, des webinaires de gu\u00e9rison, des groupes de soutien et des ressources en ligne pour aider les survivants d'abus sexuels subis dans l\u2019enfance \u00e0 trouver de l'espoir et de la force.","breadcrumb":{"@id":"https:\/\/saprea.org\/fr\/ressources-guerison\/#breadcrumb"},"inLanguage":"fr-FR","potentialAction":[{"@type":"ReadAction","target":["https:\/\/saprea.org\/fr\/ressources-guerison\/"]}]},{"@type":"ImageObject","inLanguage":"fr-FR","@id":"https:\/\/saprea.org\/fr\/ressources-guerison\/#primaryimage","url":"https:\/\/saprea.org\/wp-content\/uploads\/2025\/03\/Healing-Hero_mobile@2x.png","contentUrl":"https:\/\/saprea.org\/wp-content\/uploads\/2025\/03\/Healing-Hero_mobile@2x.png","width":2400,"height":1200},{"@type":"BreadcrumbList","@id":"https:\/\/saprea.org\/fr\/ressources-guerison\/#breadcrumb","itemListElement":[{"@type":"ListItem","position":1,"name":"Home","item":"https:\/\/saprea.org\/fr\/page-daccueil-saprea\/"},{"@type":"ListItem","position":2,"name":"Ressources de gu\u00e9rison pour les survivants d&#8217;abus sexuels subis dans l\u2019enfance\u202f"}]},{"@type":"WebSite","@id":"https:\/\/saprea.org\/fr\/#website","url":"https:\/\/saprea.org\/fr\/","name":"Saprea","description":"","publisher":{"@id":"https:\/\/saprea.org\/fr\/#organization"},"potentialAction":[{"@type":"SearchAction","target":{"@type":"EntryPoint","urlTemplate":"https:\/\/saprea.org\/fr\/?s={search_term_string}"},"query-input":{"@type":"PropertyValueSpecification","valueRequired":true,"valueName":"search_term_string"}}],"inLanguage":"fr-FR"},{"@type":"Organization","@id":"https:\/\/saprea.org\/fr\/#organization","name":"Saprea","url":"https:\/\/saprea.org\/fr\/","logo":{"@type":"ImageObject","inLanguage":"fr-FR","@id":"https:\/\/saprea.org\/fr\/#\/schema\/logo\/image\/","url":"https:\/\/saprea.org\/wp-content\/uploads\/2021\/12\/Vector-7-1.png","contentUrl":"https:\/\/saprea.org\/wp-content\/uploads\/2021\/12\/Vector-7-1.png","width":106,"height":105,"caption":"Saprea"},"image":{"@id":"https:\/\/saprea.org\/fr\/#\/schema\/logo\/image\/"},"sameAs":["https:\/\/facebook.com\/saprea.org","https:\/\/x.com\/saprea_org","https:\/\/instagram.com\/youniquefoundation","https:\/\/pinterest.com\/saprea_org","https:\/\/youtube.com\/c\/saprea_org"]}]}},"_links":{"self":[{"href":"https:\/\/saprea.org\/fr\/wp-json\/wp\/v2\/pages\/32208","targetHints":{"allow":["GET"]}}],"collection":[{"href":"https:\/\/saprea.org\/fr\/wp-json\/wp\/v2\/pages"}],"about":[{"href":"https:\/\/saprea.org\/fr\/wp-json\/wp\/v2\/types\/page"}],"author":[{"embeddable":true,"href":"https:\/\/saprea.org\/fr\/wp-json\/wp\/v2\/users\/3"}],"replies":[{"embeddable":true,"href":"https:\/\/saprea.org\/fr\/wp-json\/wp\/v2\/comments?post=32208"}],"version-history":[{"count":0,"href":"https:\/\/saprea.org\/fr\/wp-json\/wp\/v2\/pages\/32208\/revisions"}],"wp:featuredmedia":[{"embeddable":true,"href":"https:\/\/saprea.org\/fr\/wp-json\/wp\/v2\/media\/31964"}],"wp:attachment":[{"href":"https:\/\/saprea.org\/fr\/wp-json\/wp\/v2\/media?parent=32208"}],"curies":[{"name":"wp","href":"https:\/\/api.w.org\/{rel}","templated":true}]}}