{"id":26631,"date":"2023-12-15T10:11:19","date_gmt":"2023-12-15T16:11:19","guid":{"rendered":"https:\/\/saprea.org\/?page_id=26631"},"modified":"2025-05-08T15:05:46","modified_gmt":"2025-05-08T21:05:46","slug":"la-roue-des-emotions","status":"publish","type":"page","link":"https:\/\/saprea.org\/fr\/prevention\/la-roue-des-emotions\/","title":{"rendered":"La roue des \u00c9motions"},"content":{"rendered":"<div id=\"cs-content\" class=\"cs-content\"><\/div>\n","protected":false},"excerpt":{"rendered":"<p>Saprea &gt; Ressources de pr\u00e9vention en ligne\u00a0&gt; La roue des \u00c9motionsLa roue des \u00c9motionsAidez vos enfants \u00e0 apprendre \u00e0 identifier leurs sentiments avec la roue des \u00e9motions. Commencez par la roue int\u00e9rieure pour les plus jeunes, puis passez \u00e0 la roue ext\u00e9rieure lorsqu\u2019ils grandissent pour les aider \u00e0 mieux comprendre leurs \u00e9motions.T\u00e9l\u00e9charger PDFLe fait d&rsquo;aider [&hellip;]<\/p>\n","protected":false},"author":3,"featured_media":26277,"parent":22932,"menu_order":0,"comment_status":"closed","ping_status":"closed","template":"","meta":{"footnotes":""},"class_list":["post-26631","page","type-page","status-publish","has-post-thumbnail","hentry"],"yoast_head":"<!-- This site is optimized with the Yoast SEO plugin v27.3 - https:\/\/yoast.com\/product\/yoast-seo-wordpress\/ -->\n<title>La roue des \u00c9motions | Saprea<\/title>\n<meta name=\"description\" content=\"La roue des \u00e9motions peut aider vos enfants \u00e0 apprendre \u00e0 identifier leurs sentiments. Cr\u00e9\u00e9e par Robert Plutchik, elle d\u00e9crit huit \u00e9motions de base.\" \/>\n<meta name=\"robots\" content=\"index, follow, max-snippet:-1, max-image-preview:large, max-video-preview:-1\" \/>\n<link rel=\"canonical\" href=\"https:\/\/saprea.org\/fr\/prevention\/la-roue-des-emotions\/\" \/>\n<meta property=\"og:locale\" content=\"fr_FR\" \/>\n<meta property=\"og:type\" content=\"article\" \/>\n<meta property=\"og:title\" content=\"La roue des \u00c9motions | Saprea\" \/>\n<meta property=\"og:description\" content=\"La roue des \u00e9motions peut aider vos enfants \u00e0 apprendre \u00e0 identifier leurs sentiments. Cr\u00e9\u00e9e par Robert Plutchik, elle d\u00e9crit huit \u00e9motions de base.\" \/>\n<meta property=\"og:url\" content=\"https:\/\/saprea.org\/fr\/prevention\/la-roue-des-emotions\/\" \/>\n<meta property=\"og:site_name\" content=\"Saprea\" \/>\n<meta property=\"article:publisher\" content=\"https:\/\/facebook.com\/saprea.org\" \/>\n<meta property=\"article:modified_time\" content=\"2025-05-08T21:05:46+00:00\" \/>\n<meta property=\"og:image\" content=\"https:\/\/saprea.org\/wp-content\/uploads\/2023\/12\/Saprea_EmotionWheel_FR@2x.png\" \/>\n\t<meta property=\"og:image:width\" content=\"1117\" \/>\n\t<meta property=\"og:image:height\" content=\"1117\" \/>\n\t<meta property=\"og:image:type\" content=\"image\/png\" \/>\n<meta name=\"twitter:card\" content=\"summary_large_image\" \/>\n<meta name=\"twitter:site\" content=\"@saprea_org\" \/>\n<meta name=\"twitter:label1\" content=\"Dur\u00e9e de lecture estim\u00e9e\" \/>\n\t<meta name=\"twitter:data1\" content=\"2 minutes\" \/>\n<script type=\"application\/ld+json\" class=\"yoast-schema-graph\">{\"@context\":\"https:\\\/\\\/schema.org\",\"@graph\":[{\"@type\":\"WebPage\",\"@id\":\"https:\\\/\\\/saprea.org\\\/fr\\\/prevention\\\/la-roue-des-emotions\\\/\",\"url\":\"https:\\\/\\\/saprea.org\\\/fr\\\/prevention\\\/la-roue-des-emotions\\\/\",\"name\":\"La roue des \u00c9motions | Saprea\",\"isPartOf\":{\"@id\":\"https:\\\/\\\/saprea.org\\\/fr\\\/#website\"},\"primaryImageOfPage\":{\"@id\":\"https:\\\/\\\/saprea.org\\\/fr\\\/prevention\\\/la-roue-des-emotions\\\/#primaryimage\"},\"image\":{\"@id\":\"https:\\\/\\\/saprea.org\\\/fr\\\/prevention\\\/la-roue-des-emotions\\\/#primaryimage\"},\"thumbnailUrl\":\"https:\\\/\\\/saprea.org\\\/wp-content\\\/uploads\\\/2023\\\/12\\\/Saprea_EmotionWheel_FR@2x.png\",\"datePublished\":\"2023-12-15T16:11:19+00:00\",\"dateModified\":\"2025-05-08T21:05:46+00:00\",\"description\":\"La roue des \u00e9motions peut aider vos enfants \u00e0 apprendre \u00e0 identifier leurs sentiments. Cr\u00e9\u00e9e par Robert Plutchik, elle d\u00e9crit huit \u00e9motions de base.\",\"breadcrumb\":{\"@id\":\"https:\\\/\\\/saprea.org\\\/fr\\\/prevention\\\/la-roue-des-emotions\\\/#breadcrumb\"},\"inLanguage\":\"fr-FR\",\"potentialAction\":[{\"@type\":\"ReadAction\",\"target\":[\"https:\\\/\\\/saprea.org\\\/fr\\\/prevention\\\/la-roue-des-emotions\\\/\"]}]},{\"@type\":\"ImageObject\",\"inLanguage\":\"fr-FR\",\"@id\":\"https:\\\/\\\/saprea.org\\\/fr\\\/prevention\\\/la-roue-des-emotions\\\/#primaryimage\",\"url\":\"https:\\\/\\\/saprea.org\\\/wp-content\\\/uploads\\\/2023\\\/12\\\/Saprea_EmotionWheel_FR@2x.png\",\"contentUrl\":\"https:\\\/\\\/saprea.org\\\/wp-content\\\/uploads\\\/2023\\\/12\\\/Saprea_EmotionWheel_FR@2x.png\",\"width\":1117,\"height\":1117},{\"@type\":\"BreadcrumbList\",\"@id\":\"https:\\\/\\\/saprea.org\\\/fr\\\/prevention\\\/la-roue-des-emotions\\\/#breadcrumb\",\"itemListElement\":[{\"@type\":\"ListItem\",\"position\":1,\"name\":\"Home\",\"item\":\"https:\\\/\\\/saprea.org\\\/fr\\\/page-daccueil-saprea\\\/\"},{\"@type\":\"ListItem\",\"position\":2,\"name\":\"Pr\u00e9vention des abus sexuels sur mineurs\",\"item\":\"https:\\\/\\\/saprea.org\\\/fr\\\/prevention\\\/\"},{\"@type\":\"ListItem\",\"position\":3,\"name\":\"La roue des \u00c9motions\"}]},{\"@type\":\"WebSite\",\"@id\":\"https:\\\/\\\/saprea.org\\\/fr\\\/#website\",\"url\":\"https:\\\/\\\/saprea.org\\\/fr\\\/\",\"name\":\"Saprea\",\"description\":\"\",\"publisher\":{\"@id\":\"https:\\\/\\\/saprea.org\\\/fr\\\/#organization\"},\"potentialAction\":[{\"@type\":\"SearchAction\",\"target\":{\"@type\":\"EntryPoint\",\"urlTemplate\":\"https:\\\/\\\/saprea.org\\\/fr\\\/?s={search_term_string}\"},\"query-input\":{\"@type\":\"PropertyValueSpecification\",\"valueRequired\":true,\"valueName\":\"search_term_string\"}}],\"inLanguage\":\"fr-FR\"},{\"@type\":\"Organization\",\"@id\":\"https:\\\/\\\/saprea.org\\\/fr\\\/#organization\",\"name\":\"Saprea\",\"url\":\"https:\\\/\\\/saprea.org\\\/fr\\\/\",\"logo\":{\"@type\":\"ImageObject\",\"inLanguage\":\"fr-FR\",\"@id\":\"https:\\\/\\\/saprea.org\\\/fr\\\/#\\\/schema\\\/logo\\\/image\\\/\",\"url\":\"https:\\\/\\\/saprea.org\\\/wp-content\\\/uploads\\\/2021\\\/12\\\/Vector-7-1.png\",\"contentUrl\":\"https:\\\/\\\/saprea.org\\\/wp-content\\\/uploads\\\/2021\\\/12\\\/Vector-7-1.png\",\"width\":106,\"height\":105,\"caption\":\"Saprea\"},\"image\":{\"@id\":\"https:\\\/\\\/saprea.org\\\/fr\\\/#\\\/schema\\\/logo\\\/image\\\/\"},\"sameAs\":[\"https:\\\/\\\/facebook.com\\\/saprea.org\",\"https:\\\/\\\/x.com\\\/saprea_org\",\"https:\\\/\\\/instagram.com\\\/youniquefoundation\",\"https:\\\/\\\/pinterest.com\\\/saprea_org\",\"https:\\\/\\\/youtube.com\\\/c\\\/saprea_org\"]}]}<\/script>\n<!-- \/ Yoast SEO plugin. -->","yoast_head_json":{"title":"La roue des \u00c9motions | Saprea","description":"La roue des \u00e9motions peut aider vos enfants \u00e0 apprendre \u00e0 identifier leurs sentiments. Cr\u00e9\u00e9e par Robert Plutchik, elle d\u00e9crit huit \u00e9motions de base.","robots":{"index":"index","follow":"follow","max-snippet":"max-snippet:-1","max-image-preview":"max-image-preview:large","max-video-preview":"max-video-preview:-1"},"canonical":"https:\/\/saprea.org\/fr\/prevention\/la-roue-des-emotions\/","og_locale":"fr_FR","og_type":"article","og_title":"La roue des \u00c9motions | Saprea","og_description":"La roue des \u00e9motions peut aider vos enfants \u00e0 apprendre \u00e0 identifier leurs sentiments. Cr\u00e9\u00e9e par Robert Plutchik, elle d\u00e9crit huit \u00e9motions de base.","og_url":"https:\/\/saprea.org\/fr\/prevention\/la-roue-des-emotions\/","og_site_name":"Saprea","article_publisher":"https:\/\/facebook.com\/saprea.org","article_modified_time":"2025-05-08T21:05:46+00:00","og_image":[{"width":1117,"height":1117,"url":"https:\/\/saprea.org\/wp-content\/uploads\/2023\/12\/Saprea_EmotionWheel_FR@2x.png","type":"image\/png"}],"twitter_card":"summary_large_image","twitter_site":"@saprea_org","twitter_misc":{"Dur\u00e9e de lecture estim\u00e9e":"2 minutes"},"schema":{"@context":"https:\/\/schema.org","@graph":[{"@type":"WebPage","@id":"https:\/\/saprea.org\/fr\/prevention\/la-roue-des-emotions\/","url":"https:\/\/saprea.org\/fr\/prevention\/la-roue-des-emotions\/","name":"La roue des \u00c9motions | Saprea","isPartOf":{"@id":"https:\/\/saprea.org\/fr\/#website"},"primaryImageOfPage":{"@id":"https:\/\/saprea.org\/fr\/prevention\/la-roue-des-emotions\/#primaryimage"},"image":{"@id":"https:\/\/saprea.org\/fr\/prevention\/la-roue-des-emotions\/#primaryimage"},"thumbnailUrl":"https:\/\/saprea.org\/wp-content\/uploads\/2023\/12\/Saprea_EmotionWheel_FR@2x.png","datePublished":"2023-12-15T16:11:19+00:00","dateModified":"2025-05-08T21:05:46+00:00","description":"La roue des \u00e9motions peut aider vos enfants \u00e0 apprendre \u00e0 identifier leurs sentiments. Cr\u00e9\u00e9e par Robert Plutchik, elle d\u00e9crit huit \u00e9motions de base.","breadcrumb":{"@id":"https:\/\/saprea.org\/fr\/prevention\/la-roue-des-emotions\/#breadcrumb"},"inLanguage":"fr-FR","potentialAction":[{"@type":"ReadAction","target":["https:\/\/saprea.org\/fr\/prevention\/la-roue-des-emotions\/"]}]},{"@type":"ImageObject","inLanguage":"fr-FR","@id":"https:\/\/saprea.org\/fr\/prevention\/la-roue-des-emotions\/#primaryimage","url":"https:\/\/saprea.org\/wp-content\/uploads\/2023\/12\/Saprea_EmotionWheel_FR@2x.png","contentUrl":"https:\/\/saprea.org\/wp-content\/uploads\/2023\/12\/Saprea_EmotionWheel_FR@2x.png","width":1117,"height":1117},{"@type":"BreadcrumbList","@id":"https:\/\/saprea.org\/fr\/prevention\/la-roue-des-emotions\/#breadcrumb","itemListElement":[{"@type":"ListItem","position":1,"name":"Home","item":"https:\/\/saprea.org\/fr\/page-daccueil-saprea\/"},{"@type":"ListItem","position":2,"name":"Pr\u00e9vention des abus sexuels sur mineurs","item":"https:\/\/saprea.org\/fr\/prevention\/"},{"@type":"ListItem","position":3,"name":"La roue des \u00c9motions"}]},{"@type":"WebSite","@id":"https:\/\/saprea.org\/fr\/#website","url":"https:\/\/saprea.org\/fr\/","name":"Saprea","description":"","publisher":{"@id":"https:\/\/saprea.org\/fr\/#organization"},"potentialAction":[{"@type":"SearchAction","target":{"@type":"EntryPoint","urlTemplate":"https:\/\/saprea.org\/fr\/?s={search_term_string}"},"query-input":{"@type":"PropertyValueSpecification","valueRequired":true,"valueName":"search_term_string"}}],"inLanguage":"fr-FR"},{"@type":"Organization","@id":"https:\/\/saprea.org\/fr\/#organization","name":"Saprea","url":"https:\/\/saprea.org\/fr\/","logo":{"@type":"ImageObject","inLanguage":"fr-FR","@id":"https:\/\/saprea.org\/fr\/#\/schema\/logo\/image\/","url":"https:\/\/saprea.org\/wp-content\/uploads\/2021\/12\/Vector-7-1.png","contentUrl":"https:\/\/saprea.org\/wp-content\/uploads\/2021\/12\/Vector-7-1.png","width":106,"height":105,"caption":"Saprea"},"image":{"@id":"https:\/\/saprea.org\/fr\/#\/schema\/logo\/image\/"},"sameAs":["https:\/\/facebook.com\/saprea.org","https:\/\/x.com\/saprea_org","https:\/\/instagram.com\/youniquefoundation","https:\/\/pinterest.com\/saprea_org","https:\/\/youtube.com\/c\/saprea_org"]}]}},"_links":{"self":[{"href":"https:\/\/saprea.org\/fr\/wp-json\/wp\/v2\/pages\/26631","targetHints":{"allow":["GET"]}}],"collection":[{"href":"https:\/\/saprea.org\/fr\/wp-json\/wp\/v2\/pages"}],"about":[{"href":"https:\/\/saprea.org\/fr\/wp-json\/wp\/v2\/types\/page"}],"author":[{"embeddable":true,"href":"https:\/\/saprea.org\/fr\/wp-json\/wp\/v2\/users\/3"}],"replies":[{"embeddable":true,"href":"https:\/\/saprea.org\/fr\/wp-json\/wp\/v2\/comments?post=26631"}],"version-history":[{"count":0,"href":"https:\/\/saprea.org\/fr\/wp-json\/wp\/v2\/pages\/26631\/revisions"}],"up":[{"embeddable":true,"href":"https:\/\/saprea.org\/fr\/wp-json\/wp\/v2\/pages\/22932"}],"wp:featuredmedia":[{"embeddable":true,"href":"https:\/\/saprea.org\/fr\/wp-json\/wp\/v2\/media\/26277"}],"wp:attachment":[{"href":"https:\/\/saprea.org\/fr\/wp-json\/wp\/v2\/media?parent=26631"}],"curies":[{"name":"wp","href":"https:\/\/api.w.org\/{rel}","templated":true}]}}