{"id":25415,"date":"2023-12-15T10:04:38","date_gmt":"2023-12-15T16:04:38","guid":{"rendered":"https:\/\/saprea.org\/?page_id=25415"},"modified":"2023-12-15T10:08:48","modified_gmt":"2023-12-15T16:08:48","slug":"renforcer","status":"publish","type":"page","link":"https:\/\/saprea.org\/fr\/prevention\/eduquez\/renforcer\/","title":{"rendered":"Renforcer les liens pour pr\u00e9venir"},"content":{"rendered":"<div id=\"cs-content\" class=\"cs-content\"><\/div>\n","protected":false},"excerpt":{"rendered":"<p>Saprea &gt; Ressources de pr\u00e9vention en ligne\u00a0&gt; \u00c9duquez &gt; Renforcer les liens pour pr\u00e9venirRenforcer les liens pour pr\u00e9venir les abusRenforcer les liens pour pr\u00e9venir les abus vous permet de contribuer \u00e0 r\u00e9duire le risque d&rsquo;abus sexuel en ayant des conversations continues et ouvertes avec votre enfant, d\u00e8s son plus jeune \u00e2ge. Vous ne savez pas [&hellip;]<\/p>\n","protected":false},"author":2,"featured_media":0,"parent":24009,"menu_order":0,"comment_status":"closed","ping_status":"closed","template":"","meta":{"footnotes":""},"class_list":["post-25415","page","type-page","status-publish","hentry"],"yoast_head":"<!-- This site is optimized with the Yoast SEO plugin v27.3 - https:\/\/yoast.com\/product\/yoast-seo-wordpress\/ -->\n<title>Renforcer les liens pour pr\u00e9venir<\/title>\n<meta name=\"description\" content=\"L&#039;une des fa\u00e7ons de prot\u00e9ger votre enfant contre les abus sexuels est de discuter r\u00e9guli\u00e8rement avec lui de la sexualit\u00e9.\" \/>\n<meta name=\"robots\" content=\"index, follow, max-snippet:-1, max-image-preview:large, max-video-preview:-1\" \/>\n<link rel=\"canonical\" href=\"https:\/\/saprea.org\/fr\/prevention\/eduquez\/renforcer\/\" \/>\n<meta property=\"og:locale\" content=\"fr_FR\" \/>\n<meta property=\"og:type\" content=\"article\" \/>\n<meta property=\"og:title\" content=\"Renforcer les liens pour pr\u00e9venir\" \/>\n<meta property=\"og:description\" content=\"L&#039;une des fa\u00e7ons de prot\u00e9ger votre enfant contre les abus sexuels est de discuter r\u00e9guli\u00e8rement avec lui de la sexualit\u00e9.\" \/>\n<meta property=\"og:url\" content=\"https:\/\/saprea.org\/fr\/prevention\/eduquez\/renforcer\/\" \/>\n<meta property=\"og:site_name\" content=\"Saprea\" \/>\n<meta property=\"article:publisher\" content=\"https:\/\/facebook.com\/saprea.org\" \/>\n<meta property=\"article:modified_time\" content=\"2023-12-15T16:08:48+00:00\" \/>\n<meta name=\"twitter:card\" content=\"summary_large_image\" \/>\n<meta name=\"twitter:site\" content=\"@saprea_org\" \/>\n<meta name=\"twitter:label1\" content=\"Dur\u00e9e de lecture estim\u00e9e\" \/>\n\t<meta name=\"twitter:data1\" content=\"11 minutes\" \/>\n<script type=\"application\/ld+json\" class=\"yoast-schema-graph\">{\"@context\":\"https:\\\/\\\/schema.org\",\"@graph\":[{\"@type\":\"WebPage\",\"@id\":\"https:\\\/\\\/saprea.org\\\/fr\\\/prevention\\\/eduquez\\\/renforcer\\\/\",\"url\":\"https:\\\/\\\/saprea.org\\\/fr\\\/prevention\\\/eduquez\\\/renforcer\\\/\",\"name\":\"Renforcer les liens pour pr\u00e9venir\",\"isPartOf\":{\"@id\":\"https:\\\/\\\/saprea.org\\\/fr\\\/#website\"},\"datePublished\":\"2023-12-15T16:04:38+00:00\",\"dateModified\":\"2023-12-15T16:08:48+00:00\",\"description\":\"L'une des fa\u00e7ons de prot\u00e9ger votre enfant contre les abus sexuels est de discuter r\u00e9guli\u00e8rement avec lui de la sexualit\u00e9.\",\"breadcrumb\":{\"@id\":\"https:\\\/\\\/saprea.org\\\/fr\\\/prevention\\\/eduquez\\\/renforcer\\\/#breadcrumb\"},\"inLanguage\":\"fr-FR\",\"potentialAction\":[{\"@type\":\"ReadAction\",\"target\":[\"https:\\\/\\\/saprea.org\\\/fr\\\/prevention\\\/eduquez\\\/renforcer\\\/\"]}]},{\"@type\":\"BreadcrumbList\",\"@id\":\"https:\\\/\\\/saprea.org\\\/fr\\\/prevention\\\/eduquez\\\/renforcer\\\/#breadcrumb\",\"itemListElement\":[{\"@type\":\"ListItem\",\"position\":1,\"name\":\"Home\",\"item\":\"https:\\\/\\\/saprea.org\\\/fr\\\/page-daccueil-saprea\\\/\"},{\"@type\":\"ListItem\",\"position\":2,\"name\":\"Pr\u00e9vention des abus sexuels sur mineurs\",\"item\":\"https:\\\/\\\/saprea.org\\\/fr\\\/prevention\\\/\"},{\"@type\":\"ListItem\",\"position\":3,\"name\":\"Ressources de pr\u00e9vention : \u00c9duquez\",\"item\":\"https:\\\/\\\/saprea.org\\\/fr\\\/prevent\\\/educate\\\/\"},{\"@type\":\"ListItem\",\"position\":4,\"name\":\"Renforcer les liens pour pr\u00e9venir\"}]},{\"@type\":\"WebSite\",\"@id\":\"https:\\\/\\\/saprea.org\\\/fr\\\/#website\",\"url\":\"https:\\\/\\\/saprea.org\\\/fr\\\/\",\"name\":\"Saprea\",\"description\":\"\",\"publisher\":{\"@id\":\"https:\\\/\\\/saprea.org\\\/fr\\\/#organization\"},\"potentialAction\":[{\"@type\":\"SearchAction\",\"target\":{\"@type\":\"EntryPoint\",\"urlTemplate\":\"https:\\\/\\\/saprea.org\\\/fr\\\/?s={search_term_string}\"},\"query-input\":{\"@type\":\"PropertyValueSpecification\",\"valueRequired\":true,\"valueName\":\"search_term_string\"}}],\"inLanguage\":\"fr-FR\"},{\"@type\":\"Organization\",\"@id\":\"https:\\\/\\\/saprea.org\\\/fr\\\/#organization\",\"name\":\"Saprea\",\"url\":\"https:\\\/\\\/saprea.org\\\/fr\\\/\",\"logo\":{\"@type\":\"ImageObject\",\"inLanguage\":\"fr-FR\",\"@id\":\"https:\\\/\\\/saprea.org\\\/fr\\\/#\\\/schema\\\/logo\\\/image\\\/\",\"url\":\"https:\\\/\\\/saprea.org\\\/wp-content\\\/uploads\\\/2021\\\/12\\\/Vector-7-1.png\",\"contentUrl\":\"https:\\\/\\\/saprea.org\\\/wp-content\\\/uploads\\\/2021\\\/12\\\/Vector-7-1.png\",\"width\":106,\"height\":105,\"caption\":\"Saprea\"},\"image\":{\"@id\":\"https:\\\/\\\/saprea.org\\\/fr\\\/#\\\/schema\\\/logo\\\/image\\\/\"},\"sameAs\":[\"https:\\\/\\\/facebook.com\\\/saprea.org\",\"https:\\\/\\\/x.com\\\/saprea_org\",\"https:\\\/\\\/instagram.com\\\/youniquefoundation\",\"https:\\\/\\\/pinterest.com\\\/saprea_org\",\"https:\\\/\\\/youtube.com\\\/c\\\/saprea_org\"]}]}<\/script>\n<!-- \/ Yoast SEO plugin. -->","yoast_head_json":{"title":"Renforcer les liens pour pr\u00e9venir","description":"L'une des fa\u00e7ons de prot\u00e9ger votre enfant contre les abus sexuels est de discuter r\u00e9guli\u00e8rement avec lui de la sexualit\u00e9.","robots":{"index":"index","follow":"follow","max-snippet":"max-snippet:-1","max-image-preview":"max-image-preview:large","max-video-preview":"max-video-preview:-1"},"canonical":"https:\/\/saprea.org\/fr\/prevention\/eduquez\/renforcer\/","og_locale":"fr_FR","og_type":"article","og_title":"Renforcer les liens pour pr\u00e9venir","og_description":"L'une des fa\u00e7ons de prot\u00e9ger votre enfant contre les abus sexuels est de discuter r\u00e9guli\u00e8rement avec lui de la sexualit\u00e9.","og_url":"https:\/\/saprea.org\/fr\/prevention\/eduquez\/renforcer\/","og_site_name":"Saprea","article_publisher":"https:\/\/facebook.com\/saprea.org","article_modified_time":"2023-12-15T16:08:48+00:00","twitter_card":"summary_large_image","twitter_site":"@saprea_org","twitter_misc":{"Dur\u00e9e de lecture estim\u00e9e":"11 minutes"},"schema":{"@context":"https:\/\/schema.org","@graph":[{"@type":"WebPage","@id":"https:\/\/saprea.org\/fr\/prevention\/eduquez\/renforcer\/","url":"https:\/\/saprea.org\/fr\/prevention\/eduquez\/renforcer\/","name":"Renforcer les liens pour pr\u00e9venir","isPartOf":{"@id":"https:\/\/saprea.org\/fr\/#website"},"datePublished":"2023-12-15T16:04:38+00:00","dateModified":"2023-12-15T16:08:48+00:00","description":"L'une des fa\u00e7ons de prot\u00e9ger votre enfant contre les abus sexuels est de discuter r\u00e9guli\u00e8rement avec lui de la sexualit\u00e9.","breadcrumb":{"@id":"https:\/\/saprea.org\/fr\/prevention\/eduquez\/renforcer\/#breadcrumb"},"inLanguage":"fr-FR","potentialAction":[{"@type":"ReadAction","target":["https:\/\/saprea.org\/fr\/prevention\/eduquez\/renforcer\/"]}]},{"@type":"BreadcrumbList","@id":"https:\/\/saprea.org\/fr\/prevention\/eduquez\/renforcer\/#breadcrumb","itemListElement":[{"@type":"ListItem","position":1,"name":"Home","item":"https:\/\/saprea.org\/fr\/page-daccueil-saprea\/"},{"@type":"ListItem","position":2,"name":"Pr\u00e9vention des abus sexuels sur mineurs","item":"https:\/\/saprea.org\/fr\/prevention\/"},{"@type":"ListItem","position":3,"name":"Ressources de pr\u00e9vention : \u00c9duquez","item":"https:\/\/saprea.org\/fr\/prevent\/educate\/"},{"@type":"ListItem","position":4,"name":"Renforcer les liens pour pr\u00e9venir"}]},{"@type":"WebSite","@id":"https:\/\/saprea.org\/fr\/#website","url":"https:\/\/saprea.org\/fr\/","name":"Saprea","description":"","publisher":{"@id":"https:\/\/saprea.org\/fr\/#organization"},"potentialAction":[{"@type":"SearchAction","target":{"@type":"EntryPoint","urlTemplate":"https:\/\/saprea.org\/fr\/?s={search_term_string}"},"query-input":{"@type":"PropertyValueSpecification","valueRequired":true,"valueName":"search_term_string"}}],"inLanguage":"fr-FR"},{"@type":"Organization","@id":"https:\/\/saprea.org\/fr\/#organization","name":"Saprea","url":"https:\/\/saprea.org\/fr\/","logo":{"@type":"ImageObject","inLanguage":"fr-FR","@id":"https:\/\/saprea.org\/fr\/#\/schema\/logo\/image\/","url":"https:\/\/saprea.org\/wp-content\/uploads\/2021\/12\/Vector-7-1.png","contentUrl":"https:\/\/saprea.org\/wp-content\/uploads\/2021\/12\/Vector-7-1.png","width":106,"height":105,"caption":"Saprea"},"image":{"@id":"https:\/\/saprea.org\/fr\/#\/schema\/logo\/image\/"},"sameAs":["https:\/\/facebook.com\/saprea.org","https:\/\/x.com\/saprea_org","https:\/\/instagram.com\/youniquefoundation","https:\/\/pinterest.com\/saprea_org","https:\/\/youtube.com\/c\/saprea_org"]}]}},"_links":{"self":[{"href":"https:\/\/saprea.org\/fr\/wp-json\/wp\/v2\/pages\/25415","targetHints":{"allow":["GET"]}}],"collection":[{"href":"https:\/\/saprea.org\/fr\/wp-json\/wp\/v2\/pages"}],"about":[{"href":"https:\/\/saprea.org\/fr\/wp-json\/wp\/v2\/types\/page"}],"author":[{"embeddable":true,"href":"https:\/\/saprea.org\/fr\/wp-json\/wp\/v2\/users\/2"}],"replies":[{"embeddable":true,"href":"https:\/\/saprea.org\/fr\/wp-json\/wp\/v2\/comments?post=25415"}],"version-history":[{"count":0,"href":"https:\/\/saprea.org\/fr\/wp-json\/wp\/v2\/pages\/25415\/revisions"}],"up":[{"embeddable":true,"href":"https:\/\/saprea.org\/fr\/wp-json\/wp\/v2\/pages\/24009"}],"wp:attachment":[{"href":"https:\/\/saprea.org\/fr\/wp-json\/wp\/v2\/media?parent=25415"}],"curies":[{"name":"wp","href":"https:\/\/api.w.org\/{rel}","templated":true}]}}