{"id":24603,"date":"2023-12-15T10:33:57","date_gmt":"2023-12-15T16:33:57","guid":{"rendered":"https:\/\/saprea.org\/?page_id=24603"},"modified":"2023-12-21T10:54:37","modified_gmt":"2023-12-21T16:54:37","slug":"enfant-deja-ete-abuse","status":"publish","type":"page","link":"https:\/\/saprea.org\/fr\/prevention\/enfant-deja-ete-abuse\/","title":{"rendered":"Que faire si mon enfant a d\u00e9j\u00e0 \u00e9t\u00e9 abus\u00e9 sexuellement ?"},"content":{"rendered":"<div id=\"cs-content\" class=\"cs-content\"><\/div>\n","protected":false},"excerpt":{"rendered":"<p>Saprea &gt; Ressources de pr\u00e9vention en ligne\u00a0&gt; Que faire si mon enfant a d\u00e9j\u00e0 \u00e9t\u00e9 abus\u00e9 sexuellement ? Que faire si mon enfant a d\u00e9j\u00e0 \u00e9t\u00e9 victime d&rsquo;abus sexuels ?Soup\u00e7onner ou d\u00e9couvrir que votre enfant a \u00e9t\u00e9 victime d&rsquo;un abus sexuel soul\u00e8ve des questions et des inqui\u00e9tudes difficiles, sans parler de la charge \u00e9motionnelle que [&hellip;]<\/p>\n","protected":false},"author":2,"featured_media":22481,"parent":22932,"menu_order":0,"comment_status":"closed","ping_status":"closed","template":"","meta":{"footnotes":""},"class_list":["post-24603","page","type-page","status-publish","has-post-thumbnail","hentry"],"yoast_head":"<!-- This site is optimized with the Yoast SEO plugin v27.3 - https:\/\/yoast.com\/product\/yoast-seo-wordpress\/ -->\n<title>Que faire si mon enfant a d\u00e9j\u00e0 \u00e9t\u00e9 abus\u00e9 sexuellement ?<\/title>\n<meta name=\"description\" content=\"Que faire si mon enfant a d\u00e9j\u00e0 \u00e9t\u00e9 abus\u00e9 sexuellement ? Croire et valider votre enfant lorsqu&#039;il r\u00e9v\u00e8le un abus sexuel a un impact puissant.\" \/>\n<meta name=\"robots\" content=\"index, follow, max-snippet:-1, max-image-preview:large, max-video-preview:-1\" \/>\n<link rel=\"canonical\" href=\"https:\/\/saprea.org\/fr\/prevention\/enfant-deja-ete-abuse\/\" \/>\n<meta property=\"og:locale\" content=\"fr_FR\" \/>\n<meta property=\"og:type\" content=\"article\" \/>\n<meta property=\"og:title\" content=\"Que faire si mon enfant a d\u00e9j\u00e0 \u00e9t\u00e9 abus\u00e9 sexuellement ?\" \/>\n<meta property=\"og:description\" content=\"Que faire si mon enfant a d\u00e9j\u00e0 \u00e9t\u00e9 abus\u00e9 sexuellement ? Croire et valider votre enfant lorsqu&#039;il r\u00e9v\u00e8le un abus sexuel a un impact puissant.\" \/>\n<meta property=\"og:url\" content=\"https:\/\/saprea.org\/fr\/prevention\/enfant-deja-ete-abuse\/\" \/>\n<meta property=\"og:site_name\" content=\"Saprea\" \/>\n<meta property=\"article:publisher\" content=\"https:\/\/facebook.com\/saprea.org\" \/>\n<meta property=\"article:modified_time\" content=\"2023-12-21T16:54:37+00:00\" \/>\n<meta property=\"og:image\" content=\"https:\/\/saprea.org\/wp-content\/uploads\/2023\/10\/Concerned_Parents.jpg\" \/>\n\t<meta property=\"og:image:width\" content=\"1800\" \/>\n\t<meta property=\"og:image:height\" content=\"1200\" \/>\n\t<meta property=\"og:image:type\" content=\"image\/jpeg\" \/>\n<meta name=\"twitter:card\" content=\"summary_large_image\" \/>\n<meta name=\"twitter:site\" content=\"@saprea_org\" \/>\n<meta name=\"twitter:label1\" content=\"Dur\u00e9e de lecture estim\u00e9e\" \/>\n\t<meta name=\"twitter:data1\" content=\"21 minutes\" \/>\n<script type=\"application\/ld+json\" class=\"yoast-schema-graph\">{\"@context\":\"https:\\\/\\\/schema.org\",\"@graph\":[{\"@type\":\"WebPage\",\"@id\":\"https:\\\/\\\/saprea.org\\\/fr\\\/prevention\\\/enfant-deja-ete-abuse\\\/\",\"url\":\"https:\\\/\\\/saprea.org\\\/fr\\\/prevention\\\/enfant-deja-ete-abuse\\\/\",\"name\":\"Que faire si mon enfant a d\u00e9j\u00e0 \u00e9t\u00e9 abus\u00e9 sexuellement ?\",\"isPartOf\":{\"@id\":\"https:\\\/\\\/saprea.org\\\/fr\\\/#website\"},\"primaryImageOfPage\":{\"@id\":\"https:\\\/\\\/saprea.org\\\/fr\\\/prevention\\\/enfant-deja-ete-abuse\\\/#primaryimage\"},\"image\":{\"@id\":\"https:\\\/\\\/saprea.org\\\/fr\\\/prevention\\\/enfant-deja-ete-abuse\\\/#primaryimage\"},\"thumbnailUrl\":\"https:\\\/\\\/saprea.org\\\/wp-content\\\/uploads\\\/2023\\\/10\\\/Concerned_Parents.jpg\",\"datePublished\":\"2023-12-15T16:33:57+00:00\",\"dateModified\":\"2023-12-21T16:54:37+00:00\",\"description\":\"Que faire si mon enfant a d\u00e9j\u00e0 \u00e9t\u00e9 abus\u00e9 sexuellement ? Croire et valider votre enfant lorsqu'il r\u00e9v\u00e8le un abus sexuel a un impact puissant.\",\"breadcrumb\":{\"@id\":\"https:\\\/\\\/saprea.org\\\/fr\\\/prevention\\\/enfant-deja-ete-abuse\\\/#breadcrumb\"},\"inLanguage\":\"fr-FR\",\"potentialAction\":[{\"@type\":\"ReadAction\",\"target\":[\"https:\\\/\\\/saprea.org\\\/fr\\\/prevention\\\/enfant-deja-ete-abuse\\\/\"]}]},{\"@type\":\"ImageObject\",\"inLanguage\":\"fr-FR\",\"@id\":\"https:\\\/\\\/saprea.org\\\/fr\\\/prevention\\\/enfant-deja-ete-abuse\\\/#primaryimage\",\"url\":\"https:\\\/\\\/saprea.org\\\/wp-content\\\/uploads\\\/2023\\\/10\\\/Concerned_Parents.jpg\",\"contentUrl\":\"https:\\\/\\\/saprea.org\\\/wp-content\\\/uploads\\\/2023\\\/10\\\/Concerned_Parents.jpg\",\"width\":1800,\"height\":1200,\"caption\":\"Concerned parents surrounding their daughter trying to comfort her\"},{\"@type\":\"BreadcrumbList\",\"@id\":\"https:\\\/\\\/saprea.org\\\/fr\\\/prevention\\\/enfant-deja-ete-abuse\\\/#breadcrumb\",\"itemListElement\":[{\"@type\":\"ListItem\",\"position\":1,\"name\":\"Home\",\"item\":\"https:\\\/\\\/saprea.org\\\/fr\\\/page-daccueil-saprea\\\/\"},{\"@type\":\"ListItem\",\"position\":2,\"name\":\"Pr\u00e9vention des abus sexuels sur mineurs\",\"item\":\"https:\\\/\\\/saprea.org\\\/fr\\\/prevention\\\/\"},{\"@type\":\"ListItem\",\"position\":3,\"name\":\"Que faire si mon enfant a d\u00e9j\u00e0 \u00e9t\u00e9 abus\u00e9 sexuellement ?\"}]},{\"@type\":\"WebSite\",\"@id\":\"https:\\\/\\\/saprea.org\\\/fr\\\/#website\",\"url\":\"https:\\\/\\\/saprea.org\\\/fr\\\/\",\"name\":\"Saprea\",\"description\":\"\",\"publisher\":{\"@id\":\"https:\\\/\\\/saprea.org\\\/fr\\\/#organization\"},\"potentialAction\":[{\"@type\":\"SearchAction\",\"target\":{\"@type\":\"EntryPoint\",\"urlTemplate\":\"https:\\\/\\\/saprea.org\\\/fr\\\/?s={search_term_string}\"},\"query-input\":{\"@type\":\"PropertyValueSpecification\",\"valueRequired\":true,\"valueName\":\"search_term_string\"}}],\"inLanguage\":\"fr-FR\"},{\"@type\":\"Organization\",\"@id\":\"https:\\\/\\\/saprea.org\\\/fr\\\/#organization\",\"name\":\"Saprea\",\"url\":\"https:\\\/\\\/saprea.org\\\/fr\\\/\",\"logo\":{\"@type\":\"ImageObject\",\"inLanguage\":\"fr-FR\",\"@id\":\"https:\\\/\\\/saprea.org\\\/fr\\\/#\\\/schema\\\/logo\\\/image\\\/\",\"url\":\"https:\\\/\\\/saprea.org\\\/wp-content\\\/uploads\\\/2021\\\/12\\\/Vector-7-1.png\",\"contentUrl\":\"https:\\\/\\\/saprea.org\\\/wp-content\\\/uploads\\\/2021\\\/12\\\/Vector-7-1.png\",\"width\":106,\"height\":105,\"caption\":\"Saprea\"},\"image\":{\"@id\":\"https:\\\/\\\/saprea.org\\\/fr\\\/#\\\/schema\\\/logo\\\/image\\\/\"},\"sameAs\":[\"https:\\\/\\\/facebook.com\\\/saprea.org\",\"https:\\\/\\\/x.com\\\/saprea_org\",\"https:\\\/\\\/instagram.com\\\/youniquefoundation\",\"https:\\\/\\\/pinterest.com\\\/saprea_org\",\"https:\\\/\\\/youtube.com\\\/c\\\/saprea_org\"]}]}<\/script>\n<!-- \/ Yoast SEO plugin. -->","yoast_head_json":{"title":"Que faire si mon enfant a d\u00e9j\u00e0 \u00e9t\u00e9 abus\u00e9 sexuellement ?","description":"Que faire si mon enfant a d\u00e9j\u00e0 \u00e9t\u00e9 abus\u00e9 sexuellement ? Croire et valider votre enfant lorsqu'il r\u00e9v\u00e8le un abus sexuel a un impact puissant.","robots":{"index":"index","follow":"follow","max-snippet":"max-snippet:-1","max-image-preview":"max-image-preview:large","max-video-preview":"max-video-preview:-1"},"canonical":"https:\/\/saprea.org\/fr\/prevention\/enfant-deja-ete-abuse\/","og_locale":"fr_FR","og_type":"article","og_title":"Que faire si mon enfant a d\u00e9j\u00e0 \u00e9t\u00e9 abus\u00e9 sexuellement ?","og_description":"Que faire si mon enfant a d\u00e9j\u00e0 \u00e9t\u00e9 abus\u00e9 sexuellement ? Croire et valider votre enfant lorsqu'il r\u00e9v\u00e8le un abus sexuel a un impact puissant.","og_url":"https:\/\/saprea.org\/fr\/prevention\/enfant-deja-ete-abuse\/","og_site_name":"Saprea","article_publisher":"https:\/\/facebook.com\/saprea.org","article_modified_time":"2023-12-21T16:54:37+00:00","og_image":[{"width":1800,"height":1200,"url":"https:\/\/saprea.org\/wp-content\/uploads\/2023\/10\/Concerned_Parents.jpg","type":"image\/jpeg"}],"twitter_card":"summary_large_image","twitter_site":"@saprea_org","twitter_misc":{"Dur\u00e9e de lecture estim\u00e9e":"21 minutes"},"schema":{"@context":"https:\/\/schema.org","@graph":[{"@type":"WebPage","@id":"https:\/\/saprea.org\/fr\/prevention\/enfant-deja-ete-abuse\/","url":"https:\/\/saprea.org\/fr\/prevention\/enfant-deja-ete-abuse\/","name":"Que faire si mon enfant a d\u00e9j\u00e0 \u00e9t\u00e9 abus\u00e9 sexuellement ?","isPartOf":{"@id":"https:\/\/saprea.org\/fr\/#website"},"primaryImageOfPage":{"@id":"https:\/\/saprea.org\/fr\/prevention\/enfant-deja-ete-abuse\/#primaryimage"},"image":{"@id":"https:\/\/saprea.org\/fr\/prevention\/enfant-deja-ete-abuse\/#primaryimage"},"thumbnailUrl":"https:\/\/saprea.org\/wp-content\/uploads\/2023\/10\/Concerned_Parents.jpg","datePublished":"2023-12-15T16:33:57+00:00","dateModified":"2023-12-21T16:54:37+00:00","description":"Que faire si mon enfant a d\u00e9j\u00e0 \u00e9t\u00e9 abus\u00e9 sexuellement ? Croire et valider votre enfant lorsqu'il r\u00e9v\u00e8le un abus sexuel a un impact puissant.","breadcrumb":{"@id":"https:\/\/saprea.org\/fr\/prevention\/enfant-deja-ete-abuse\/#breadcrumb"},"inLanguage":"fr-FR","potentialAction":[{"@type":"ReadAction","target":["https:\/\/saprea.org\/fr\/prevention\/enfant-deja-ete-abuse\/"]}]},{"@type":"ImageObject","inLanguage":"fr-FR","@id":"https:\/\/saprea.org\/fr\/prevention\/enfant-deja-ete-abuse\/#primaryimage","url":"https:\/\/saprea.org\/wp-content\/uploads\/2023\/10\/Concerned_Parents.jpg","contentUrl":"https:\/\/saprea.org\/wp-content\/uploads\/2023\/10\/Concerned_Parents.jpg","width":1800,"height":1200,"caption":"Concerned parents surrounding their daughter trying to comfort her"},{"@type":"BreadcrumbList","@id":"https:\/\/saprea.org\/fr\/prevention\/enfant-deja-ete-abuse\/#breadcrumb","itemListElement":[{"@type":"ListItem","position":1,"name":"Home","item":"https:\/\/saprea.org\/fr\/page-daccueil-saprea\/"},{"@type":"ListItem","position":2,"name":"Pr\u00e9vention des abus sexuels sur mineurs","item":"https:\/\/saprea.org\/fr\/prevention\/"},{"@type":"ListItem","position":3,"name":"Que faire si mon enfant a d\u00e9j\u00e0 \u00e9t\u00e9 abus\u00e9 sexuellement ?"}]},{"@type":"WebSite","@id":"https:\/\/saprea.org\/fr\/#website","url":"https:\/\/saprea.org\/fr\/","name":"Saprea","description":"","publisher":{"@id":"https:\/\/saprea.org\/fr\/#organization"},"potentialAction":[{"@type":"SearchAction","target":{"@type":"EntryPoint","urlTemplate":"https:\/\/saprea.org\/fr\/?s={search_term_string}"},"query-input":{"@type":"PropertyValueSpecification","valueRequired":true,"valueName":"search_term_string"}}],"inLanguage":"fr-FR"},{"@type":"Organization","@id":"https:\/\/saprea.org\/fr\/#organization","name":"Saprea","url":"https:\/\/saprea.org\/fr\/","logo":{"@type":"ImageObject","inLanguage":"fr-FR","@id":"https:\/\/saprea.org\/fr\/#\/schema\/logo\/image\/","url":"https:\/\/saprea.org\/wp-content\/uploads\/2021\/12\/Vector-7-1.png","contentUrl":"https:\/\/saprea.org\/wp-content\/uploads\/2021\/12\/Vector-7-1.png","width":106,"height":105,"caption":"Saprea"},"image":{"@id":"https:\/\/saprea.org\/fr\/#\/schema\/logo\/image\/"},"sameAs":["https:\/\/facebook.com\/saprea.org","https:\/\/x.com\/saprea_org","https:\/\/instagram.com\/youniquefoundation","https:\/\/pinterest.com\/saprea_org","https:\/\/youtube.com\/c\/saprea_org"]}]}},"_links":{"self":[{"href":"https:\/\/saprea.org\/fr\/wp-json\/wp\/v2\/pages\/24603","targetHints":{"allow":["GET"]}}],"collection":[{"href":"https:\/\/saprea.org\/fr\/wp-json\/wp\/v2\/pages"}],"about":[{"href":"https:\/\/saprea.org\/fr\/wp-json\/wp\/v2\/types\/page"}],"author":[{"embeddable":true,"href":"https:\/\/saprea.org\/fr\/wp-json\/wp\/v2\/users\/2"}],"replies":[{"embeddable":true,"href":"https:\/\/saprea.org\/fr\/wp-json\/wp\/v2\/comments?post=24603"}],"version-history":[{"count":0,"href":"https:\/\/saprea.org\/fr\/wp-json\/wp\/v2\/pages\/24603\/revisions"}],"up":[{"embeddable":true,"href":"https:\/\/saprea.org\/fr\/wp-json\/wp\/v2\/pages\/22932"}],"wp:featuredmedia":[{"embeddable":true,"href":"https:\/\/saprea.org\/fr\/wp-json\/wp\/v2\/media\/22481"}],"wp:attachment":[{"href":"https:\/\/saprea.org\/fr\/wp-json\/wp\/v2\/media?parent=24603"}],"curies":[{"name":"wp","href":"https:\/\/api.w.org\/{rel}","templated":true}]}}