{"id":23740,"date":"2023-12-15T09:54:39","date_gmt":"2023-12-15T15:54:39","guid":{"rendered":"http:\/\/54.188.8.157\/?page_id=23740"},"modified":"2023-12-20T14:58:59","modified_gmt":"2023-12-20T20:58:59","slug":"encadrez","status":"publish","type":"page","link":"https:\/\/saprea.org\/fr\/prevention\/encadrez\/","title":{"rendered":"Ressources de pr\u00e9vention : Encadrez"},"content":{"rendered":"<div id=\"cs-content\" class=\"cs-content\"><\/div>\n","protected":false},"excerpt":{"rendered":"<p>Saprea &gt; Ressources de pr\u00e9vention en ligne\u00a0&gt; Ressources de pr\u00e9vention : EncadrezRessources de pr\u00e9vention :EncadrezSoyez conscient des facteurs de risque qui peuvent accro\u00eetre la vuln\u00e9rabilit\u00e9 de votre enfant aux abus sexuels et, dans la mesure du possible, faites en sorte de r\u00e9duire ces risques. Encadrer les activit\u00e9s et l&rsquo;environnement de votre enfant ne signifie pas [&hellip;]<\/p>\n","protected":false},"author":3,"featured_media":22644,"parent":22932,"menu_order":0,"comment_status":"closed","ping_status":"closed","template":"","meta":{"footnotes":""},"class_list":["post-23740","page","type-page","status-publish","has-post-thumbnail","hentry"],"yoast_head":"<!-- This site is optimized with the Yoast SEO plugin v27.3 - https:\/\/yoast.com\/product\/yoast-seo-wordpress\/ -->\n<title>Ressources de pr\u00e9vention : Encadrez | Saprea<\/title>\n<meta name=\"description\" content=\"Encadrer votre enfant consiste \u00e0 lui montrer et \u00e0 lui enseigner \u00e0 interagir avec les gens et son environnement d&#039;une mani\u00e8re qui ne nuise pas \u00e0 sa s\u00e9curit\u00e9.\" \/>\n<meta name=\"robots\" content=\"index, follow, max-snippet:-1, max-image-preview:large, max-video-preview:-1\" \/>\n<link rel=\"canonical\" href=\"https:\/\/saprea.org\/fr\/prevention\/encadrez\/\" \/>\n<meta property=\"og:locale\" content=\"fr_FR\" \/>\n<meta property=\"og:type\" content=\"article\" \/>\n<meta property=\"og:title\" content=\"Ressources de pr\u00e9vention : Encadrez | Saprea\" \/>\n<meta property=\"og:description\" content=\"Encadrer votre enfant consiste \u00e0 lui montrer et \u00e0 lui enseigner \u00e0 interagir avec les gens et son environnement d&#039;une mani\u00e8re qui ne nuise pas \u00e0 sa s\u00e9curit\u00e9.\" \/>\n<meta property=\"og:url\" content=\"https:\/\/saprea.org\/fr\/prevention\/encadrez\/\" \/>\n<meta property=\"og:site_name\" content=\"Saprea\" \/>\n<meta property=\"article:publisher\" content=\"https:\/\/facebook.com\/saprea.org\" \/>\n<meta property=\"article:modified_time\" content=\"2023-12-20T20:58:59+00:00\" \/>\n<meta property=\"og:image\" content=\"https:\/\/saprea.org\/wp-content\/uploads\/2023\/10\/Monitor.jpg\" \/>\n\t<meta property=\"og:image:width\" content=\"1082\" \/>\n\t<meta property=\"og:image:height\" content=\"706\" \/>\n\t<meta property=\"og:image:type\" content=\"image\/jpeg\" \/>\n<meta name=\"twitter:card\" content=\"summary_large_image\" \/>\n<meta name=\"twitter:site\" content=\"@saprea_org\" \/>\n<meta name=\"twitter:label1\" content=\"Dur\u00e9e de lecture estim\u00e9e\" \/>\n\t<meta name=\"twitter:data1\" content=\"1 minute\" \/>\n<script type=\"application\/ld+json\" class=\"yoast-schema-graph\">{\"@context\":\"https:\\\/\\\/schema.org\",\"@graph\":[{\"@type\":\"WebPage\",\"@id\":\"https:\\\/\\\/saprea.org\\\/fr\\\/prevention\\\/encadrez\\\/\",\"url\":\"https:\\\/\\\/saprea.org\\\/fr\\\/prevention\\\/encadrez\\\/\",\"name\":\"Ressources de pr\u00e9vention : Encadrez | Saprea\",\"isPartOf\":{\"@id\":\"https:\\\/\\\/saprea.org\\\/fr\\\/#website\"},\"primaryImageOfPage\":{\"@id\":\"https:\\\/\\\/saprea.org\\\/fr\\\/prevention\\\/encadrez\\\/#primaryimage\"},\"image\":{\"@id\":\"https:\\\/\\\/saprea.org\\\/fr\\\/prevention\\\/encadrez\\\/#primaryimage\"},\"thumbnailUrl\":\"https:\\\/\\\/saprea.org\\\/wp-content\\\/uploads\\\/2023\\\/10\\\/Monitor.jpg\",\"datePublished\":\"2023-12-15T15:54:39+00:00\",\"dateModified\":\"2023-12-20T20:58:59+00:00\",\"description\":\"Encadrer votre enfant consiste \u00e0 lui montrer et \u00e0 lui enseigner \u00e0 interagir avec les gens et son environnement d'une mani\u00e8re qui ne nuise pas \u00e0 sa s\u00e9curit\u00e9.\",\"breadcrumb\":{\"@id\":\"https:\\\/\\\/saprea.org\\\/fr\\\/prevention\\\/encadrez\\\/#breadcrumb\"},\"inLanguage\":\"fr-FR\",\"potentialAction\":[{\"@type\":\"ReadAction\",\"target\":[\"https:\\\/\\\/saprea.org\\\/fr\\\/prevention\\\/encadrez\\\/\"]}]},{\"@type\":\"ImageObject\",\"inLanguage\":\"fr-FR\",\"@id\":\"https:\\\/\\\/saprea.org\\\/fr\\\/prevention\\\/encadrez\\\/#primaryimage\",\"url\":\"https:\\\/\\\/saprea.org\\\/wp-content\\\/uploads\\\/2023\\\/10\\\/Monitor.jpg\",\"contentUrl\":\"https:\\\/\\\/saprea.org\\\/wp-content\\\/uploads\\\/2023\\\/10\\\/Monitor.jpg\",\"width\":1082,\"height\":706},{\"@type\":\"BreadcrumbList\",\"@id\":\"https:\\\/\\\/saprea.org\\\/fr\\\/prevention\\\/encadrez\\\/#breadcrumb\",\"itemListElement\":[{\"@type\":\"ListItem\",\"position\":1,\"name\":\"Home\",\"item\":\"https:\\\/\\\/saprea.org\\\/fr\\\/page-daccueil-saprea\\\/\"},{\"@type\":\"ListItem\",\"position\":2,\"name\":\"Pr\u00e9vention des abus sexuels sur mineurs\",\"item\":\"https:\\\/\\\/saprea.org\\\/fr\\\/prevention\\\/\"},{\"@type\":\"ListItem\",\"position\":3,\"name\":\"Ressources de pr\u00e9vention : Encadrez\"}]},{\"@type\":\"WebSite\",\"@id\":\"https:\\\/\\\/saprea.org\\\/fr\\\/#website\",\"url\":\"https:\\\/\\\/saprea.org\\\/fr\\\/\",\"name\":\"Saprea\",\"description\":\"\",\"publisher\":{\"@id\":\"https:\\\/\\\/saprea.org\\\/fr\\\/#organization\"},\"potentialAction\":[{\"@type\":\"SearchAction\",\"target\":{\"@type\":\"EntryPoint\",\"urlTemplate\":\"https:\\\/\\\/saprea.org\\\/fr\\\/?s={search_term_string}\"},\"query-input\":{\"@type\":\"PropertyValueSpecification\",\"valueRequired\":true,\"valueName\":\"search_term_string\"}}],\"inLanguage\":\"fr-FR\"},{\"@type\":\"Organization\",\"@id\":\"https:\\\/\\\/saprea.org\\\/fr\\\/#organization\",\"name\":\"Saprea\",\"url\":\"https:\\\/\\\/saprea.org\\\/fr\\\/\",\"logo\":{\"@type\":\"ImageObject\",\"inLanguage\":\"fr-FR\",\"@id\":\"https:\\\/\\\/saprea.org\\\/fr\\\/#\\\/schema\\\/logo\\\/image\\\/\",\"url\":\"https:\\\/\\\/saprea.org\\\/wp-content\\\/uploads\\\/2021\\\/12\\\/Vector-7-1.png\",\"contentUrl\":\"https:\\\/\\\/saprea.org\\\/wp-content\\\/uploads\\\/2021\\\/12\\\/Vector-7-1.png\",\"width\":106,\"height\":105,\"caption\":\"Saprea\"},\"image\":{\"@id\":\"https:\\\/\\\/saprea.org\\\/fr\\\/#\\\/schema\\\/logo\\\/image\\\/\"},\"sameAs\":[\"https:\\\/\\\/facebook.com\\\/saprea.org\",\"https:\\\/\\\/x.com\\\/saprea_org\",\"https:\\\/\\\/instagram.com\\\/youniquefoundation\",\"https:\\\/\\\/pinterest.com\\\/saprea_org\",\"https:\\\/\\\/youtube.com\\\/c\\\/saprea_org\"]}]}<\/script>\n<!-- \/ Yoast SEO plugin. -->","yoast_head_json":{"title":"Ressources de pr\u00e9vention : Encadrez | Saprea","description":"Encadrer votre enfant consiste \u00e0 lui montrer et \u00e0 lui enseigner \u00e0 interagir avec les gens et son environnement d'une mani\u00e8re qui ne nuise pas \u00e0 sa s\u00e9curit\u00e9.","robots":{"index":"index","follow":"follow","max-snippet":"max-snippet:-1","max-image-preview":"max-image-preview:large","max-video-preview":"max-video-preview:-1"},"canonical":"https:\/\/saprea.org\/fr\/prevention\/encadrez\/","og_locale":"fr_FR","og_type":"article","og_title":"Ressources de pr\u00e9vention : Encadrez | Saprea","og_description":"Encadrer votre enfant consiste \u00e0 lui montrer et \u00e0 lui enseigner \u00e0 interagir avec les gens et son environnement d'une mani\u00e8re qui ne nuise pas \u00e0 sa s\u00e9curit\u00e9.","og_url":"https:\/\/saprea.org\/fr\/prevention\/encadrez\/","og_site_name":"Saprea","article_publisher":"https:\/\/facebook.com\/saprea.org","article_modified_time":"2023-12-20T20:58:59+00:00","og_image":[{"width":1082,"height":706,"url":"https:\/\/saprea.org\/wp-content\/uploads\/2023\/10\/Monitor.jpg","type":"image\/jpeg"}],"twitter_card":"summary_large_image","twitter_site":"@saprea_org","twitter_misc":{"Dur\u00e9e de lecture estim\u00e9e":"1 minute"},"schema":{"@context":"https:\/\/schema.org","@graph":[{"@type":"WebPage","@id":"https:\/\/saprea.org\/fr\/prevention\/encadrez\/","url":"https:\/\/saprea.org\/fr\/prevention\/encadrez\/","name":"Ressources de pr\u00e9vention : Encadrez | Saprea","isPartOf":{"@id":"https:\/\/saprea.org\/fr\/#website"},"primaryImageOfPage":{"@id":"https:\/\/saprea.org\/fr\/prevention\/encadrez\/#primaryimage"},"image":{"@id":"https:\/\/saprea.org\/fr\/prevention\/encadrez\/#primaryimage"},"thumbnailUrl":"https:\/\/saprea.org\/wp-content\/uploads\/2023\/10\/Monitor.jpg","datePublished":"2023-12-15T15:54:39+00:00","dateModified":"2023-12-20T20:58:59+00:00","description":"Encadrer votre enfant consiste \u00e0 lui montrer et \u00e0 lui enseigner \u00e0 interagir avec les gens et son environnement d'une mani\u00e8re qui ne nuise pas \u00e0 sa s\u00e9curit\u00e9.","breadcrumb":{"@id":"https:\/\/saprea.org\/fr\/prevention\/encadrez\/#breadcrumb"},"inLanguage":"fr-FR","potentialAction":[{"@type":"ReadAction","target":["https:\/\/saprea.org\/fr\/prevention\/encadrez\/"]}]},{"@type":"ImageObject","inLanguage":"fr-FR","@id":"https:\/\/saprea.org\/fr\/prevention\/encadrez\/#primaryimage","url":"https:\/\/saprea.org\/wp-content\/uploads\/2023\/10\/Monitor.jpg","contentUrl":"https:\/\/saprea.org\/wp-content\/uploads\/2023\/10\/Monitor.jpg","width":1082,"height":706},{"@type":"BreadcrumbList","@id":"https:\/\/saprea.org\/fr\/prevention\/encadrez\/#breadcrumb","itemListElement":[{"@type":"ListItem","position":1,"name":"Home","item":"https:\/\/saprea.org\/fr\/page-daccueil-saprea\/"},{"@type":"ListItem","position":2,"name":"Pr\u00e9vention des abus sexuels sur mineurs","item":"https:\/\/saprea.org\/fr\/prevention\/"},{"@type":"ListItem","position":3,"name":"Ressources de pr\u00e9vention : Encadrez"}]},{"@type":"WebSite","@id":"https:\/\/saprea.org\/fr\/#website","url":"https:\/\/saprea.org\/fr\/","name":"Saprea","description":"","publisher":{"@id":"https:\/\/saprea.org\/fr\/#organization"},"potentialAction":[{"@type":"SearchAction","target":{"@type":"EntryPoint","urlTemplate":"https:\/\/saprea.org\/fr\/?s={search_term_string}"},"query-input":{"@type":"PropertyValueSpecification","valueRequired":true,"valueName":"search_term_string"}}],"inLanguage":"fr-FR"},{"@type":"Organization","@id":"https:\/\/saprea.org\/fr\/#organization","name":"Saprea","url":"https:\/\/saprea.org\/fr\/","logo":{"@type":"ImageObject","inLanguage":"fr-FR","@id":"https:\/\/saprea.org\/fr\/#\/schema\/logo\/image\/","url":"https:\/\/saprea.org\/wp-content\/uploads\/2021\/12\/Vector-7-1.png","contentUrl":"https:\/\/saprea.org\/wp-content\/uploads\/2021\/12\/Vector-7-1.png","width":106,"height":105,"caption":"Saprea"},"image":{"@id":"https:\/\/saprea.org\/fr\/#\/schema\/logo\/image\/"},"sameAs":["https:\/\/facebook.com\/saprea.org","https:\/\/x.com\/saprea_org","https:\/\/instagram.com\/youniquefoundation","https:\/\/pinterest.com\/saprea_org","https:\/\/youtube.com\/c\/saprea_org"]}]}},"_links":{"self":[{"href":"https:\/\/saprea.org\/fr\/wp-json\/wp\/v2\/pages\/23740","targetHints":{"allow":["GET"]}}],"collection":[{"href":"https:\/\/saprea.org\/fr\/wp-json\/wp\/v2\/pages"}],"about":[{"href":"https:\/\/saprea.org\/fr\/wp-json\/wp\/v2\/types\/page"}],"author":[{"embeddable":true,"href":"https:\/\/saprea.org\/fr\/wp-json\/wp\/v2\/users\/3"}],"replies":[{"embeddable":true,"href":"https:\/\/saprea.org\/fr\/wp-json\/wp\/v2\/comments?post=23740"}],"version-history":[{"count":0,"href":"https:\/\/saprea.org\/fr\/wp-json\/wp\/v2\/pages\/23740\/revisions"}],"up":[{"embeddable":true,"href":"https:\/\/saprea.org\/fr\/wp-json\/wp\/v2\/pages\/22932"}],"wp:featuredmedia":[{"embeddable":true,"href":"https:\/\/saprea.org\/fr\/wp-json\/wp\/v2\/media\/22644"}],"wp:attachment":[{"href":"https:\/\/saprea.org\/fr\/wp-json\/wp\/v2\/media?parent=23740"}],"curies":[{"name":"wp","href":"https:\/\/api.w.org\/{rel}","templated":true}]}}