{"id":23686,"date":"2023-12-15T09:58:12","date_gmt":"2023-12-15T15:58:12","guid":{"rendered":"http:\/\/54.188.8.157\/?page_id=23686"},"modified":"2025-05-08T15:10:47","modified_gmt":"2025-05-08T21:10:47","slug":"soutenez","status":"publish","type":"page","link":"https:\/\/saprea.org\/fr\/prevention\/soutenez\/","title":{"rendered":"Ressources de pr\u00e9vention : Soutenez"},"content":{"rendered":"<div id=\"cs-content\" class=\"cs-content\"><\/div>\n","protected":false},"excerpt":{"rendered":"<p>Saprea &gt; Ressources de pr\u00e9vention en ligne\u00a0&gt; Ressources de pr\u00e9vention : SoutenezRessources de pr\u00e9vention :SoutenezCr\u00e9ez un espace s\u00fbr pour que votre enfant apprenne \u00e0 vivre et \u00e0 g\u00e9rer ses \u00e9motions, \u00e0 d\u00e9velopper sa confiance et sa r\u00e9silience, et \u00e0 savoir qu&rsquo;il fait partie int\u00e9grante de son environnement. En tant que parent, vous savez sans doute [&hellip;]<\/p>\n","protected":false},"author":2,"featured_media":22648,"parent":22932,"menu_order":0,"comment_status":"closed","ping_status":"closed","template":"","meta":{"footnotes":""},"class_list":["post-23686","page","type-page","status-publish","has-post-thumbnail","hentry"],"yoast_head":"<!-- This site is optimized with the Yoast SEO plugin v27.3 - https:\/\/yoast.com\/product\/yoast-seo-wordpress\/ -->\n<title>Ressources de pr\u00e9vention : Soutenez | Saprea<\/title>\n<meta name=\"description\" content=\"Le soutien consiste \u00e0 aider votre enfant \u00e0 surmonter les hauts et les bas, \u00e0 l&#039;aider \u00e0 identifier ses \u00e9motions et \u00e0 cr\u00e9er des espaces s\u00fbrs.\" \/>\n<meta name=\"robots\" content=\"index, follow, max-snippet:-1, max-image-preview:large, max-video-preview:-1\" \/>\n<link rel=\"canonical\" href=\"https:\/\/saprea.org\/fr\/prevention\/soutenez\/\" \/>\n<meta property=\"og:locale\" content=\"fr_FR\" \/>\n<meta property=\"og:type\" content=\"article\" \/>\n<meta property=\"og:title\" content=\"Ressources de pr\u00e9vention : Soutenez | Saprea\" \/>\n<meta property=\"og:description\" content=\"Le soutien consiste \u00e0 aider votre enfant \u00e0 surmonter les hauts et les bas, \u00e0 l&#039;aider \u00e0 identifier ses \u00e9motions et \u00e0 cr\u00e9er des espaces s\u00fbrs.\" \/>\n<meta property=\"og:url\" content=\"https:\/\/saprea.org\/fr\/prevention\/soutenez\/\" \/>\n<meta property=\"og:site_name\" content=\"Saprea\" \/>\n<meta property=\"article:publisher\" content=\"https:\/\/facebook.com\/saprea.org\" \/>\n<meta property=\"article:modified_time\" content=\"2025-05-08T21:10:47+00:00\" \/>\n<meta property=\"og:image\" content=\"https:\/\/saprea.org\/wp-content\/uploads\/2023\/10\/Support.jpg\" \/>\n\t<meta property=\"og:image:width\" content=\"1082\" \/>\n\t<meta property=\"og:image:height\" content=\"706\" \/>\n\t<meta property=\"og:image:type\" content=\"image\/jpeg\" \/>\n<meta name=\"twitter:card\" content=\"summary_large_image\" \/>\n<meta name=\"twitter:site\" content=\"@saprea_org\" \/>\n<meta name=\"twitter:label1\" content=\"Dur\u00e9e de lecture estim\u00e9e\" \/>\n\t<meta name=\"twitter:data1\" content=\"25 minutes\" \/>\n<script type=\"application\/ld+json\" class=\"yoast-schema-graph\">{\"@context\":\"https:\\\/\\\/schema.org\",\"@graph\":[{\"@type\":\"WebPage\",\"@id\":\"https:\\\/\\\/saprea.org\\\/fr\\\/prevention\\\/soutenez\\\/\",\"url\":\"https:\\\/\\\/saprea.org\\\/fr\\\/prevention\\\/soutenez\\\/\",\"name\":\"Ressources de pr\u00e9vention : Soutenez | Saprea\",\"isPartOf\":{\"@id\":\"https:\\\/\\\/saprea.org\\\/fr\\\/#website\"},\"primaryImageOfPage\":{\"@id\":\"https:\\\/\\\/saprea.org\\\/fr\\\/prevention\\\/soutenez\\\/#primaryimage\"},\"image\":{\"@id\":\"https:\\\/\\\/saprea.org\\\/fr\\\/prevention\\\/soutenez\\\/#primaryimage\"},\"thumbnailUrl\":\"https:\\\/\\\/saprea.org\\\/wp-content\\\/uploads\\\/2023\\\/10\\\/Support.jpg\",\"datePublished\":\"2023-12-15T15:58:12+00:00\",\"dateModified\":\"2025-05-08T21:10:47+00:00\",\"description\":\"Le soutien consiste \u00e0 aider votre enfant \u00e0 surmonter les hauts et les bas, \u00e0 l'aider \u00e0 identifier ses \u00e9motions et \u00e0 cr\u00e9er des espaces s\u00fbrs.\",\"breadcrumb\":{\"@id\":\"https:\\\/\\\/saprea.org\\\/fr\\\/prevention\\\/soutenez\\\/#breadcrumb\"},\"inLanguage\":\"fr-FR\",\"potentialAction\":[{\"@type\":\"ReadAction\",\"target\":[\"https:\\\/\\\/saprea.org\\\/fr\\\/prevention\\\/soutenez\\\/\"]}]},{\"@type\":\"ImageObject\",\"inLanguage\":\"fr-FR\",\"@id\":\"https:\\\/\\\/saprea.org\\\/fr\\\/prevention\\\/soutenez\\\/#primaryimage\",\"url\":\"https:\\\/\\\/saprea.org\\\/wp-content\\\/uploads\\\/2023\\\/10\\\/Support.jpg\",\"contentUrl\":\"https:\\\/\\\/saprea.org\\\/wp-content\\\/uploads\\\/2023\\\/10\\\/Support.jpg\",\"width\":1082,\"height\":706},{\"@type\":\"BreadcrumbList\",\"@id\":\"https:\\\/\\\/saprea.org\\\/fr\\\/prevention\\\/soutenez\\\/#breadcrumb\",\"itemListElement\":[{\"@type\":\"ListItem\",\"position\":1,\"name\":\"Home\",\"item\":\"https:\\\/\\\/saprea.org\\\/fr\\\/page-daccueil-saprea\\\/\"},{\"@type\":\"ListItem\",\"position\":2,\"name\":\"Pr\u00e9vention des abus sexuels sur mineurs\",\"item\":\"https:\\\/\\\/saprea.org\\\/fr\\\/prevention\\\/\"},{\"@type\":\"ListItem\",\"position\":3,\"name\":\"Ressources de pr\u00e9vention : Soutenez\"}]},{\"@type\":\"WebSite\",\"@id\":\"https:\\\/\\\/saprea.org\\\/fr\\\/#website\",\"url\":\"https:\\\/\\\/saprea.org\\\/fr\\\/\",\"name\":\"Saprea\",\"description\":\"\",\"publisher\":{\"@id\":\"https:\\\/\\\/saprea.org\\\/fr\\\/#organization\"},\"potentialAction\":[{\"@type\":\"SearchAction\",\"target\":{\"@type\":\"EntryPoint\",\"urlTemplate\":\"https:\\\/\\\/saprea.org\\\/fr\\\/?s={search_term_string}\"},\"query-input\":{\"@type\":\"PropertyValueSpecification\",\"valueRequired\":true,\"valueName\":\"search_term_string\"}}],\"inLanguage\":\"fr-FR\"},{\"@type\":\"Organization\",\"@id\":\"https:\\\/\\\/saprea.org\\\/fr\\\/#organization\",\"name\":\"Saprea\",\"url\":\"https:\\\/\\\/saprea.org\\\/fr\\\/\",\"logo\":{\"@type\":\"ImageObject\",\"inLanguage\":\"fr-FR\",\"@id\":\"https:\\\/\\\/saprea.org\\\/fr\\\/#\\\/schema\\\/logo\\\/image\\\/\",\"url\":\"https:\\\/\\\/saprea.org\\\/wp-content\\\/uploads\\\/2021\\\/12\\\/Vector-7-1.png\",\"contentUrl\":\"https:\\\/\\\/saprea.org\\\/wp-content\\\/uploads\\\/2021\\\/12\\\/Vector-7-1.png\",\"width\":106,\"height\":105,\"caption\":\"Saprea\"},\"image\":{\"@id\":\"https:\\\/\\\/saprea.org\\\/fr\\\/#\\\/schema\\\/logo\\\/image\\\/\"},\"sameAs\":[\"https:\\\/\\\/facebook.com\\\/saprea.org\",\"https:\\\/\\\/x.com\\\/saprea_org\",\"https:\\\/\\\/instagram.com\\\/youniquefoundation\",\"https:\\\/\\\/pinterest.com\\\/saprea_org\",\"https:\\\/\\\/youtube.com\\\/c\\\/saprea_org\"]}]}<\/script>\n<!-- \/ Yoast SEO plugin. -->","yoast_head_json":{"title":"Ressources de pr\u00e9vention : Soutenez | Saprea","description":"Le soutien consiste \u00e0 aider votre enfant \u00e0 surmonter les hauts et les bas, \u00e0 l'aider \u00e0 identifier ses \u00e9motions et \u00e0 cr\u00e9er des espaces s\u00fbrs.","robots":{"index":"index","follow":"follow","max-snippet":"max-snippet:-1","max-image-preview":"max-image-preview:large","max-video-preview":"max-video-preview:-1"},"canonical":"https:\/\/saprea.org\/fr\/prevention\/soutenez\/","og_locale":"fr_FR","og_type":"article","og_title":"Ressources de pr\u00e9vention : Soutenez | Saprea","og_description":"Le soutien consiste \u00e0 aider votre enfant \u00e0 surmonter les hauts et les bas, \u00e0 l'aider \u00e0 identifier ses \u00e9motions et \u00e0 cr\u00e9er des espaces s\u00fbrs.","og_url":"https:\/\/saprea.org\/fr\/prevention\/soutenez\/","og_site_name":"Saprea","article_publisher":"https:\/\/facebook.com\/saprea.org","article_modified_time":"2025-05-08T21:10:47+00:00","og_image":[{"width":1082,"height":706,"url":"https:\/\/saprea.org\/wp-content\/uploads\/2023\/10\/Support.jpg","type":"image\/jpeg"}],"twitter_card":"summary_large_image","twitter_site":"@saprea_org","twitter_misc":{"Dur\u00e9e de lecture estim\u00e9e":"25 minutes"},"schema":{"@context":"https:\/\/schema.org","@graph":[{"@type":"WebPage","@id":"https:\/\/saprea.org\/fr\/prevention\/soutenez\/","url":"https:\/\/saprea.org\/fr\/prevention\/soutenez\/","name":"Ressources de pr\u00e9vention : Soutenez | Saprea","isPartOf":{"@id":"https:\/\/saprea.org\/fr\/#website"},"primaryImageOfPage":{"@id":"https:\/\/saprea.org\/fr\/prevention\/soutenez\/#primaryimage"},"image":{"@id":"https:\/\/saprea.org\/fr\/prevention\/soutenez\/#primaryimage"},"thumbnailUrl":"https:\/\/saprea.org\/wp-content\/uploads\/2023\/10\/Support.jpg","datePublished":"2023-12-15T15:58:12+00:00","dateModified":"2025-05-08T21:10:47+00:00","description":"Le soutien consiste \u00e0 aider votre enfant \u00e0 surmonter les hauts et les bas, \u00e0 l'aider \u00e0 identifier ses \u00e9motions et \u00e0 cr\u00e9er des espaces s\u00fbrs.","breadcrumb":{"@id":"https:\/\/saprea.org\/fr\/prevention\/soutenez\/#breadcrumb"},"inLanguage":"fr-FR","potentialAction":[{"@type":"ReadAction","target":["https:\/\/saprea.org\/fr\/prevention\/soutenez\/"]}]},{"@type":"ImageObject","inLanguage":"fr-FR","@id":"https:\/\/saprea.org\/fr\/prevention\/soutenez\/#primaryimage","url":"https:\/\/saprea.org\/wp-content\/uploads\/2023\/10\/Support.jpg","contentUrl":"https:\/\/saprea.org\/wp-content\/uploads\/2023\/10\/Support.jpg","width":1082,"height":706},{"@type":"BreadcrumbList","@id":"https:\/\/saprea.org\/fr\/prevention\/soutenez\/#breadcrumb","itemListElement":[{"@type":"ListItem","position":1,"name":"Home","item":"https:\/\/saprea.org\/fr\/page-daccueil-saprea\/"},{"@type":"ListItem","position":2,"name":"Pr\u00e9vention des abus sexuels sur mineurs","item":"https:\/\/saprea.org\/fr\/prevention\/"},{"@type":"ListItem","position":3,"name":"Ressources de pr\u00e9vention : Soutenez"}]},{"@type":"WebSite","@id":"https:\/\/saprea.org\/fr\/#website","url":"https:\/\/saprea.org\/fr\/","name":"Saprea","description":"","publisher":{"@id":"https:\/\/saprea.org\/fr\/#organization"},"potentialAction":[{"@type":"SearchAction","target":{"@type":"EntryPoint","urlTemplate":"https:\/\/saprea.org\/fr\/?s={search_term_string}"},"query-input":{"@type":"PropertyValueSpecification","valueRequired":true,"valueName":"search_term_string"}}],"inLanguage":"fr-FR"},{"@type":"Organization","@id":"https:\/\/saprea.org\/fr\/#organization","name":"Saprea","url":"https:\/\/saprea.org\/fr\/","logo":{"@type":"ImageObject","inLanguage":"fr-FR","@id":"https:\/\/saprea.org\/fr\/#\/schema\/logo\/image\/","url":"https:\/\/saprea.org\/wp-content\/uploads\/2021\/12\/Vector-7-1.png","contentUrl":"https:\/\/saprea.org\/wp-content\/uploads\/2021\/12\/Vector-7-1.png","width":106,"height":105,"caption":"Saprea"},"image":{"@id":"https:\/\/saprea.org\/fr\/#\/schema\/logo\/image\/"},"sameAs":["https:\/\/facebook.com\/saprea.org","https:\/\/x.com\/saprea_org","https:\/\/instagram.com\/youniquefoundation","https:\/\/pinterest.com\/saprea_org","https:\/\/youtube.com\/c\/saprea_org"]}]}},"_links":{"self":[{"href":"https:\/\/saprea.org\/fr\/wp-json\/wp\/v2\/pages\/23686","targetHints":{"allow":["GET"]}}],"collection":[{"href":"https:\/\/saprea.org\/fr\/wp-json\/wp\/v2\/pages"}],"about":[{"href":"https:\/\/saprea.org\/fr\/wp-json\/wp\/v2\/types\/page"}],"author":[{"embeddable":true,"href":"https:\/\/saprea.org\/fr\/wp-json\/wp\/v2\/users\/2"}],"replies":[{"embeddable":true,"href":"https:\/\/saprea.org\/fr\/wp-json\/wp\/v2\/comments?post=23686"}],"version-history":[{"count":0,"href":"https:\/\/saprea.org\/fr\/wp-json\/wp\/v2\/pages\/23686\/revisions"}],"up":[{"embeddable":true,"href":"https:\/\/saprea.org\/fr\/wp-json\/wp\/v2\/pages\/22932"}],"wp:featuredmedia":[{"embeddable":true,"href":"https:\/\/saprea.org\/fr\/wp-json\/wp\/v2\/media\/22648"}],"wp:attachment":[{"href":"https:\/\/saprea.org\/fr\/wp-json\/wp\/v2\/media?parent=23686"}],"curies":[{"name":"wp","href":"https:\/\/api.w.org\/{rel}","templated":true}]}}