{"id":22452,"date":"2024-08-19T11:19:28","date_gmt":"2024-08-19T17:19:28","guid":{"rendered":"http:\/\/54.188.8.157\/?page_id=22452"},"modified":"2025-11-18T10:31:21","modified_gmt":"2025-11-18T16:31:21","slug":"partager-mon-histoire","status":"publish","type":"page","link":"https:\/\/saprea.org\/fr\/partager-mon-histoire\/","title":{"rendered":"Partager mon histoire"},"content":{"rendered":"<div id=\"cs-content\" class=\"cs-content\"><\/div>\n","protected":false},"excerpt":{"rendered":"<p>Saprea &gt; R\u00e9cits de survivants\u00a0&gt; Partager mon histoirePartagez votre histoire pour inspirer d&rsquo;autres survivantsVotre histoire a le pouvoir d&rsquo;aider d&rsquo;autres survivants \u00e0 retrouver l&rsquo;espoir. Bien que l&rsquo;histoire de chaque survivant soit diff\u00e9rente, beaucoup trouveront de la force dans le courage que vous avez eu de partager vos exp\u00e9riences au cours de votre propre parcours de [&hellip;]<\/p>\n","protected":false},"author":2,"featured_media":0,"parent":0,"menu_order":0,"comment_status":"closed","ping_status":"closed","template":"","meta":{"footnotes":""},"class_list":["post-22452","page","type-page","status-publish","hentry"],"yoast_head":"<!-- This site is optimized with the Yoast SEO plugin v27.3 - https:\/\/yoast.com\/product\/yoast-seo-wordpress\/ -->\n<title>Partager mon histoire | Saprea<\/title>\n<meta name=\"robots\" content=\"index, follow, max-snippet:-1, max-image-preview:large, max-video-preview:-1\" \/>\n<link rel=\"canonical\" href=\"https:\/\/saprea.org\/fr\/partager-mon-histoire\/\" \/>\n<meta property=\"og:locale\" content=\"fr_FR\" \/>\n<meta property=\"og:type\" content=\"article\" \/>\n<meta property=\"og:title\" content=\"Partager mon histoire | Saprea\" \/>\n<meta property=\"og:description\" content=\"Saprea &gt; R\u00e9cits de survivants\u00a0&gt; Partager mon histoirePartagez votre histoire pour inspirer d&#039;autres survivantsVotre histoire a le pouvoir d&#039;aider d&#039;autres survivants \u00e0 retrouver l&#039;espoir. Bien que l&#039;histoire de chaque survivant soit diff\u00e9rente, beaucoup trouveront de la force dans le courage que vous avez eu de partager vos exp\u00e9riences au cours de votre propre parcours de [&hellip;]\" \/>\n<meta property=\"og:url\" content=\"https:\/\/saprea.org\/fr\/partager-mon-histoire\/\" \/>\n<meta property=\"og:site_name\" content=\"Saprea\" \/>\n<meta property=\"article:publisher\" content=\"https:\/\/facebook.com\/saprea.org\" \/>\n<meta property=\"article:modified_time\" content=\"2025-11-18T16:31:21+00:00\" \/>\n<meta name=\"twitter:card\" content=\"summary_large_image\" \/>\n<meta name=\"twitter:site\" content=\"@saprea_org\" \/>\n<meta name=\"twitter:label1\" content=\"Dur\u00e9e de lecture estim\u00e9e\" \/>\n\t<meta name=\"twitter:data1\" content=\"2 minutes\" \/>\n<script type=\"application\/ld+json\" class=\"yoast-schema-graph\">{\"@context\":\"https:\\\/\\\/schema.org\",\"@graph\":[{\"@type\":\"WebPage\",\"@id\":\"https:\\\/\\\/saprea.org\\\/fr\\\/partager-mon-histoire\\\/\",\"url\":\"https:\\\/\\\/saprea.org\\\/fr\\\/partager-mon-histoire\\\/\",\"name\":\"Partager mon histoire | Saprea\",\"isPartOf\":{\"@id\":\"https:\\\/\\\/saprea.org\\\/fr\\\/#website\"},\"datePublished\":\"2024-08-19T17:19:28+00:00\",\"dateModified\":\"2025-11-18T16:31:21+00:00\",\"breadcrumb\":{\"@id\":\"https:\\\/\\\/saprea.org\\\/fr\\\/partager-mon-histoire\\\/#breadcrumb\"},\"inLanguage\":\"fr-FR\",\"potentialAction\":[{\"@type\":\"ReadAction\",\"target\":[\"https:\\\/\\\/saprea.org\\\/fr\\\/partager-mon-histoire\\\/\"]}]},{\"@type\":\"BreadcrumbList\",\"@id\":\"https:\\\/\\\/saprea.org\\\/fr\\\/partager-mon-histoire\\\/#breadcrumb\",\"itemListElement\":[{\"@type\":\"ListItem\",\"position\":1,\"name\":\"Home\",\"item\":\"https:\\\/\\\/saprea.org\\\/fr\\\/page-daccueil-saprea\\\/\"},{\"@type\":\"ListItem\",\"position\":2,\"name\":\"Partager mon histoire\"}]},{\"@type\":\"WebSite\",\"@id\":\"https:\\\/\\\/saprea.org\\\/fr\\\/#website\",\"url\":\"https:\\\/\\\/saprea.org\\\/fr\\\/\",\"name\":\"Saprea\",\"description\":\"\",\"publisher\":{\"@id\":\"https:\\\/\\\/saprea.org\\\/fr\\\/#organization\"},\"potentialAction\":[{\"@type\":\"SearchAction\",\"target\":{\"@type\":\"EntryPoint\",\"urlTemplate\":\"https:\\\/\\\/saprea.org\\\/fr\\\/?s={search_term_string}\"},\"query-input\":{\"@type\":\"PropertyValueSpecification\",\"valueRequired\":true,\"valueName\":\"search_term_string\"}}],\"inLanguage\":\"fr-FR\"},{\"@type\":\"Organization\",\"@id\":\"https:\\\/\\\/saprea.org\\\/fr\\\/#organization\",\"name\":\"Saprea\",\"url\":\"https:\\\/\\\/saprea.org\\\/fr\\\/\",\"logo\":{\"@type\":\"ImageObject\",\"inLanguage\":\"fr-FR\",\"@id\":\"https:\\\/\\\/saprea.org\\\/fr\\\/#\\\/schema\\\/logo\\\/image\\\/\",\"url\":\"https:\\\/\\\/saprea.org\\\/wp-content\\\/uploads\\\/2021\\\/12\\\/Vector-7-1.png\",\"contentUrl\":\"https:\\\/\\\/saprea.org\\\/wp-content\\\/uploads\\\/2021\\\/12\\\/Vector-7-1.png\",\"width\":106,\"height\":105,\"caption\":\"Saprea\"},\"image\":{\"@id\":\"https:\\\/\\\/saprea.org\\\/fr\\\/#\\\/schema\\\/logo\\\/image\\\/\"},\"sameAs\":[\"https:\\\/\\\/facebook.com\\\/saprea.org\",\"https:\\\/\\\/x.com\\\/saprea_org\",\"https:\\\/\\\/instagram.com\\\/youniquefoundation\",\"https:\\\/\\\/pinterest.com\\\/saprea_org\",\"https:\\\/\\\/youtube.com\\\/c\\\/saprea_org\"]}]}<\/script>\n<!-- \/ Yoast SEO plugin. -->","yoast_head_json":{"title":"Partager mon histoire | Saprea","robots":{"index":"index","follow":"follow","max-snippet":"max-snippet:-1","max-image-preview":"max-image-preview:large","max-video-preview":"max-video-preview:-1"},"canonical":"https:\/\/saprea.org\/fr\/partager-mon-histoire\/","og_locale":"fr_FR","og_type":"article","og_title":"Partager mon histoire | Saprea","og_description":"Saprea &gt; R\u00e9cits de survivants\u00a0&gt; Partager mon histoirePartagez votre histoire pour inspirer d'autres survivantsVotre histoire a le pouvoir d'aider d'autres survivants \u00e0 retrouver l'espoir. Bien que l'histoire de chaque survivant soit diff\u00e9rente, beaucoup trouveront de la force dans le courage que vous avez eu de partager vos exp\u00e9riences au cours de votre propre parcours de [&hellip;]","og_url":"https:\/\/saprea.org\/fr\/partager-mon-histoire\/","og_site_name":"Saprea","article_publisher":"https:\/\/facebook.com\/saprea.org","article_modified_time":"2025-11-18T16:31:21+00:00","twitter_card":"summary_large_image","twitter_site":"@saprea_org","twitter_misc":{"Dur\u00e9e de lecture estim\u00e9e":"2 minutes"},"schema":{"@context":"https:\/\/schema.org","@graph":[{"@type":"WebPage","@id":"https:\/\/saprea.org\/fr\/partager-mon-histoire\/","url":"https:\/\/saprea.org\/fr\/partager-mon-histoire\/","name":"Partager mon histoire | Saprea","isPartOf":{"@id":"https:\/\/saprea.org\/fr\/#website"},"datePublished":"2024-08-19T17:19:28+00:00","dateModified":"2025-11-18T16:31:21+00:00","breadcrumb":{"@id":"https:\/\/saprea.org\/fr\/partager-mon-histoire\/#breadcrumb"},"inLanguage":"fr-FR","potentialAction":[{"@type":"ReadAction","target":["https:\/\/saprea.org\/fr\/partager-mon-histoire\/"]}]},{"@type":"BreadcrumbList","@id":"https:\/\/saprea.org\/fr\/partager-mon-histoire\/#breadcrumb","itemListElement":[{"@type":"ListItem","position":1,"name":"Home","item":"https:\/\/saprea.org\/fr\/page-daccueil-saprea\/"},{"@type":"ListItem","position":2,"name":"Partager mon histoire"}]},{"@type":"WebSite","@id":"https:\/\/saprea.org\/fr\/#website","url":"https:\/\/saprea.org\/fr\/","name":"Saprea","description":"","publisher":{"@id":"https:\/\/saprea.org\/fr\/#organization"},"potentialAction":[{"@type":"SearchAction","target":{"@type":"EntryPoint","urlTemplate":"https:\/\/saprea.org\/fr\/?s={search_term_string}"},"query-input":{"@type":"PropertyValueSpecification","valueRequired":true,"valueName":"search_term_string"}}],"inLanguage":"fr-FR"},{"@type":"Organization","@id":"https:\/\/saprea.org\/fr\/#organization","name":"Saprea","url":"https:\/\/saprea.org\/fr\/","logo":{"@type":"ImageObject","inLanguage":"fr-FR","@id":"https:\/\/saprea.org\/fr\/#\/schema\/logo\/image\/","url":"https:\/\/saprea.org\/wp-content\/uploads\/2021\/12\/Vector-7-1.png","contentUrl":"https:\/\/saprea.org\/wp-content\/uploads\/2021\/12\/Vector-7-1.png","width":106,"height":105,"caption":"Saprea"},"image":{"@id":"https:\/\/saprea.org\/fr\/#\/schema\/logo\/image\/"},"sameAs":["https:\/\/facebook.com\/saprea.org","https:\/\/x.com\/saprea_org","https:\/\/instagram.com\/youniquefoundation","https:\/\/pinterest.com\/saprea_org","https:\/\/youtube.com\/c\/saprea_org"]}]}},"_links":{"self":[{"href":"https:\/\/saprea.org\/fr\/wp-json\/wp\/v2\/pages\/22452","targetHints":{"allow":["GET"]}}],"collection":[{"href":"https:\/\/saprea.org\/fr\/wp-json\/wp\/v2\/pages"}],"about":[{"href":"https:\/\/saprea.org\/fr\/wp-json\/wp\/v2\/types\/page"}],"author":[{"embeddable":true,"href":"https:\/\/saprea.org\/fr\/wp-json\/wp\/v2\/users\/2"}],"replies":[{"embeddable":true,"href":"https:\/\/saprea.org\/fr\/wp-json\/wp\/v2\/comments?post=22452"}],"version-history":[{"count":11,"href":"https:\/\/saprea.org\/fr\/wp-json\/wp\/v2\/pages\/22452\/revisions"}],"predecessor-version":[{"id":33932,"href":"https:\/\/saprea.org\/fr\/wp-json\/wp\/v2\/pages\/22452\/revisions\/33932"}],"wp:attachment":[{"href":"https:\/\/saprea.org\/fr\/wp-json\/wp\/v2\/media?parent=22452"}],"curies":[{"name":"wp","href":"https:\/\/api.w.org\/{rel}","templated":true}]}}