{"id":22193,"date":"2024-08-19T11:06:01","date_gmt":"2024-08-19T17:06:01","guid":{"rendered":"http:\/\/54.188.8.157\/?page_id=22193"},"modified":"2024-10-29T15:30:00","modified_gmt":"2024-10-29T21:30:00","slug":"histoires","status":"publish","type":"page","link":"https:\/\/saprea.org\/fr\/histoires\/","title":{"rendered":"R\u00e9cits de survivants"},"content":{"rendered":"<div id=\"cs-content\" class=\"cs-content\"><\/div>\n","protected":false},"excerpt":{"rendered":"<p>Histoires de survivantsChez Saprea, nous pensons que la cr\u00e9ation d&rsquo;une solide communaut\u00e9 de survivants est un moyen essentiel d&rsquo;inspirer l&rsquo;espoir et de promouvoir la gu\u00e9rison. Vous n&rsquo;\u00eates pas seul dans votre cheminement et la gu\u00e9rison est possible. Saprea invite les survivants qui souhaitent partager leur histoire \u00e0 la soumettre ci-dessous et \u00e0 contribuer \u00e0 briser [&hellip;]<\/p>\n","protected":false},"author":2,"featured_media":22408,"parent":0,"menu_order":0,"comment_status":"closed","ping_status":"closed","template":"","meta":{"footnotes":""},"class_list":["post-22193","page","type-page","status-publish","has-post-thumbnail","hentry"],"yoast_head":"<!-- This site is optimized with the Yoast SEO plugin v27.3 - https:\/\/yoast.com\/product\/yoast-seo-wordpress\/ -->\n<title>R\u00e9cits de survivants d&#039;abus sexuels | Saprea<\/title>\n<meta name=\"description\" content=\"Des survivants partagent leur r\u00e9cit d&#039;abus sexuels, viols, inceste, conditionnement subis dans l&#039;enfance et de leur gu\u00e9rison.\" \/>\n<meta name=\"robots\" content=\"index, follow, max-snippet:-1, max-image-preview:large, max-video-preview:-1\" \/>\n<link rel=\"canonical\" href=\"https:\/\/saprea.org\/fr\/histoires\/\" \/>\n<meta property=\"og:locale\" content=\"fr_FR\" \/>\n<meta property=\"og:type\" content=\"article\" \/>\n<meta property=\"og:title\" content=\"R\u00e9cits de survivants d&#039;abus sexuels | Saprea\" \/>\n<meta property=\"og:description\" content=\"Des survivants partagent leur r\u00e9cit d&#039;abus sexuels, viols, inceste, conditionnement subis dans l&#039;enfance et de leur gu\u00e9rison.\" \/>\n<meta property=\"og:url\" content=\"https:\/\/saprea.org\/fr\/histoires\/\" \/>\n<meta property=\"og:site_name\" content=\"Saprea\" \/>\n<meta property=\"article:publisher\" content=\"https:\/\/facebook.com\/saprea.org\" \/>\n<meta property=\"article:modified_time\" content=\"2024-10-29T21:30:00+00:00\" \/>\n<meta property=\"og:image\" content=\"https:\/\/saprea.org\/wp-content\/uploads\/2023\/10\/Survivor-Stories_Hero.jpg\" \/>\n\t<meta property=\"og:image:width\" content=\"1350\" \/>\n\t<meta property=\"og:image:height\" content=\"1000\" \/>\n\t<meta property=\"og:image:type\" content=\"image\/jpeg\" \/>\n<meta name=\"twitter:card\" content=\"summary_large_image\" \/>\n<meta name=\"twitter:site\" content=\"@saprea_org\" \/>\n<script type=\"application\/ld+json\" class=\"yoast-schema-graph\">{\"@context\":\"https:\\\/\\\/schema.org\",\"@graph\":[{\"@type\":\"WebPage\",\"@id\":\"https:\\\/\\\/saprea.org\\\/fr\\\/histoires\\\/\",\"url\":\"https:\\\/\\\/saprea.org\\\/fr\\\/histoires\\\/\",\"name\":\"R\u00e9cits de survivants d'abus sexuels | Saprea\",\"isPartOf\":{\"@id\":\"https:\\\/\\\/saprea.org\\\/fr\\\/#website\"},\"primaryImageOfPage\":{\"@id\":\"https:\\\/\\\/saprea.org\\\/fr\\\/histoires\\\/#primaryimage\"},\"image\":{\"@id\":\"https:\\\/\\\/saprea.org\\\/fr\\\/histoires\\\/#primaryimage\"},\"thumbnailUrl\":\"https:\\\/\\\/saprea.org\\\/wp-content\\\/uploads\\\/2023\\\/10\\\/Survivor-Stories_Hero.jpg\",\"datePublished\":\"2024-08-19T17:06:01+00:00\",\"dateModified\":\"2024-10-29T21:30:00+00:00\",\"description\":\"Des survivants partagent leur r\u00e9cit d'abus sexuels, viols, inceste, conditionnement subis dans l'enfance et de leur gu\u00e9rison.\",\"breadcrumb\":{\"@id\":\"https:\\\/\\\/saprea.org\\\/fr\\\/histoires\\\/#breadcrumb\"},\"inLanguage\":\"fr-FR\",\"potentialAction\":[{\"@type\":\"ReadAction\",\"target\":[\"https:\\\/\\\/saprea.org\\\/fr\\\/histoires\\\/\"]}]},{\"@type\":\"ImageObject\",\"inLanguage\":\"fr-FR\",\"@id\":\"https:\\\/\\\/saprea.org\\\/fr\\\/histoires\\\/#primaryimage\",\"url\":\"https:\\\/\\\/saprea.org\\\/wp-content\\\/uploads\\\/2023\\\/10\\\/Survivor-Stories_Hero.jpg\",\"contentUrl\":\"https:\\\/\\\/saprea.org\\\/wp-content\\\/uploads\\\/2023\\\/10\\\/Survivor-Stories_Hero.jpg\",\"width\":1350,\"height\":1000,\"caption\":\"Woman with light, gray hair outside smiling\"},{\"@type\":\"BreadcrumbList\",\"@id\":\"https:\\\/\\\/saprea.org\\\/fr\\\/histoires\\\/#breadcrumb\",\"itemListElement\":[{\"@type\":\"ListItem\",\"position\":1,\"name\":\"Home\",\"item\":\"https:\\\/\\\/saprea.org\\\/fr\\\/page-daccueil-saprea\\\/\"},{\"@type\":\"ListItem\",\"position\":2,\"name\":\"R\u00e9cits de survivants\"}]},{\"@type\":\"WebSite\",\"@id\":\"https:\\\/\\\/saprea.org\\\/fr\\\/#website\",\"url\":\"https:\\\/\\\/saprea.org\\\/fr\\\/\",\"name\":\"Saprea\",\"description\":\"\",\"publisher\":{\"@id\":\"https:\\\/\\\/saprea.org\\\/fr\\\/#organization\"},\"potentialAction\":[{\"@type\":\"SearchAction\",\"target\":{\"@type\":\"EntryPoint\",\"urlTemplate\":\"https:\\\/\\\/saprea.org\\\/fr\\\/?s={search_term_string}\"},\"query-input\":{\"@type\":\"PropertyValueSpecification\",\"valueRequired\":true,\"valueName\":\"search_term_string\"}}],\"inLanguage\":\"fr-FR\"},{\"@type\":\"Organization\",\"@id\":\"https:\\\/\\\/saprea.org\\\/fr\\\/#organization\",\"name\":\"Saprea\",\"url\":\"https:\\\/\\\/saprea.org\\\/fr\\\/\",\"logo\":{\"@type\":\"ImageObject\",\"inLanguage\":\"fr-FR\",\"@id\":\"https:\\\/\\\/saprea.org\\\/fr\\\/#\\\/schema\\\/logo\\\/image\\\/\",\"url\":\"https:\\\/\\\/saprea.org\\\/wp-content\\\/uploads\\\/2021\\\/12\\\/Vector-7-1.png\",\"contentUrl\":\"https:\\\/\\\/saprea.org\\\/wp-content\\\/uploads\\\/2021\\\/12\\\/Vector-7-1.png\",\"width\":106,\"height\":105,\"caption\":\"Saprea\"},\"image\":{\"@id\":\"https:\\\/\\\/saprea.org\\\/fr\\\/#\\\/schema\\\/logo\\\/image\\\/\"},\"sameAs\":[\"https:\\\/\\\/facebook.com\\\/saprea.org\",\"https:\\\/\\\/x.com\\\/saprea_org\",\"https:\\\/\\\/instagram.com\\\/youniquefoundation\",\"https:\\\/\\\/pinterest.com\\\/saprea_org\",\"https:\\\/\\\/youtube.com\\\/c\\\/saprea_org\"]}]}<\/script>\n<!-- \/ Yoast SEO plugin. -->","yoast_head_json":{"title":"R\u00e9cits de survivants d'abus sexuels | Saprea","description":"Des survivants partagent leur r\u00e9cit d'abus sexuels, viols, inceste, conditionnement subis dans l'enfance et de leur gu\u00e9rison.","robots":{"index":"index","follow":"follow","max-snippet":"max-snippet:-1","max-image-preview":"max-image-preview:large","max-video-preview":"max-video-preview:-1"},"canonical":"https:\/\/saprea.org\/fr\/histoires\/","og_locale":"fr_FR","og_type":"article","og_title":"R\u00e9cits de survivants d'abus sexuels | Saprea","og_description":"Des survivants partagent leur r\u00e9cit d'abus sexuels, viols, inceste, conditionnement subis dans l'enfance et de leur gu\u00e9rison.","og_url":"https:\/\/saprea.org\/fr\/histoires\/","og_site_name":"Saprea","article_publisher":"https:\/\/facebook.com\/saprea.org","article_modified_time":"2024-10-29T21:30:00+00:00","og_image":[{"width":1350,"height":1000,"url":"https:\/\/saprea.org\/wp-content\/uploads\/2023\/10\/Survivor-Stories_Hero.jpg","type":"image\/jpeg"}],"twitter_card":"summary_large_image","twitter_site":"@saprea_org","schema":{"@context":"https:\/\/schema.org","@graph":[{"@type":"WebPage","@id":"https:\/\/saprea.org\/fr\/histoires\/","url":"https:\/\/saprea.org\/fr\/histoires\/","name":"R\u00e9cits de survivants d'abus sexuels | Saprea","isPartOf":{"@id":"https:\/\/saprea.org\/fr\/#website"},"primaryImageOfPage":{"@id":"https:\/\/saprea.org\/fr\/histoires\/#primaryimage"},"image":{"@id":"https:\/\/saprea.org\/fr\/histoires\/#primaryimage"},"thumbnailUrl":"https:\/\/saprea.org\/wp-content\/uploads\/2023\/10\/Survivor-Stories_Hero.jpg","datePublished":"2024-08-19T17:06:01+00:00","dateModified":"2024-10-29T21:30:00+00:00","description":"Des survivants partagent leur r\u00e9cit d'abus sexuels, viols, inceste, conditionnement subis dans l'enfance et de leur gu\u00e9rison.","breadcrumb":{"@id":"https:\/\/saprea.org\/fr\/histoires\/#breadcrumb"},"inLanguage":"fr-FR","potentialAction":[{"@type":"ReadAction","target":["https:\/\/saprea.org\/fr\/histoires\/"]}]},{"@type":"ImageObject","inLanguage":"fr-FR","@id":"https:\/\/saprea.org\/fr\/histoires\/#primaryimage","url":"https:\/\/saprea.org\/wp-content\/uploads\/2023\/10\/Survivor-Stories_Hero.jpg","contentUrl":"https:\/\/saprea.org\/wp-content\/uploads\/2023\/10\/Survivor-Stories_Hero.jpg","width":1350,"height":1000,"caption":"Woman with light, gray hair outside smiling"},{"@type":"BreadcrumbList","@id":"https:\/\/saprea.org\/fr\/histoires\/#breadcrumb","itemListElement":[{"@type":"ListItem","position":1,"name":"Home","item":"https:\/\/saprea.org\/fr\/page-daccueil-saprea\/"},{"@type":"ListItem","position":2,"name":"R\u00e9cits de survivants"}]},{"@type":"WebSite","@id":"https:\/\/saprea.org\/fr\/#website","url":"https:\/\/saprea.org\/fr\/","name":"Saprea","description":"","publisher":{"@id":"https:\/\/saprea.org\/fr\/#organization"},"potentialAction":[{"@type":"SearchAction","target":{"@type":"EntryPoint","urlTemplate":"https:\/\/saprea.org\/fr\/?s={search_term_string}"},"query-input":{"@type":"PropertyValueSpecification","valueRequired":true,"valueName":"search_term_string"}}],"inLanguage":"fr-FR"},{"@type":"Organization","@id":"https:\/\/saprea.org\/fr\/#organization","name":"Saprea","url":"https:\/\/saprea.org\/fr\/","logo":{"@type":"ImageObject","inLanguage":"fr-FR","@id":"https:\/\/saprea.org\/fr\/#\/schema\/logo\/image\/","url":"https:\/\/saprea.org\/wp-content\/uploads\/2021\/12\/Vector-7-1.png","contentUrl":"https:\/\/saprea.org\/wp-content\/uploads\/2021\/12\/Vector-7-1.png","width":106,"height":105,"caption":"Saprea"},"image":{"@id":"https:\/\/saprea.org\/fr\/#\/schema\/logo\/image\/"},"sameAs":["https:\/\/facebook.com\/saprea.org","https:\/\/x.com\/saprea_org","https:\/\/instagram.com\/youniquefoundation","https:\/\/pinterest.com\/saprea_org","https:\/\/youtube.com\/c\/saprea_org"]}]}},"_links":{"self":[{"href":"https:\/\/saprea.org\/fr\/wp-json\/wp\/v2\/pages\/22193","targetHints":{"allow":["GET"]}}],"collection":[{"href":"https:\/\/saprea.org\/fr\/wp-json\/wp\/v2\/pages"}],"about":[{"href":"https:\/\/saprea.org\/fr\/wp-json\/wp\/v2\/types\/page"}],"author":[{"embeddable":true,"href":"https:\/\/saprea.org\/fr\/wp-json\/wp\/v2\/users\/2"}],"replies":[{"embeddable":true,"href":"https:\/\/saprea.org\/fr\/wp-json\/wp\/v2\/comments?post=22193"}],"version-history":[{"count":0,"href":"https:\/\/saprea.org\/fr\/wp-json\/wp\/v2\/pages\/22193\/revisions"}],"wp:featuredmedia":[{"embeddable":true,"href":"https:\/\/saprea.org\/fr\/wp-json\/wp\/v2\/media\/22408"}],"wp:attachment":[{"href":"https:\/\/saprea.org\/fr\/wp-json\/wp\/v2\/media?parent=22193"}],"curies":[{"name":"wp","href":"https:\/\/api.w.org\/{rel}","templated":true}]}}