{"id":16118,"date":"2023-09-15T07:31:19","date_gmt":"2023-09-15T13:31:19","guid":{"rendered":"http:\/\/54.188.8.157\/?page_id=16118"},"modified":"2023-09-18T14:23:37","modified_gmt":"2023-09-18T20:23:37","slug":"honte-abus-sexuels-enfance","status":"publish","type":"page","link":"https:\/\/saprea.org\/fr\/guerir\/honte-abus-sexuels-enfance\/","title":{"rendered":"La honte et les abus sexuels subis dans l\u2019enfance"},"content":{"rendered":"<div id=\"cs-content\" class=\"cs-content\"><\/div>\n","protected":false},"excerpt":{"rendered":"<p>Saprea &gt; Ressources de gu\u00e9rison en ligne\u00a0&gt; La honte et les abus sexuels subis dans l\u2019enfanceLes effets des abus sexuels subis dans l&rsquo;enfance :La honte et les abus sexuels subis dans l\u2019enfanceEn quoi la honte est-elle diff\u00e9rente de la culpabilit\u00e9 ?Pourquoi \u00e9prouvons-nous de la honte ?Quel est le lien entre la honte et les abus [&hellip;]<\/p>\n","protected":false},"author":3,"featured_media":11858,"parent":13040,"menu_order":0,"comment_status":"closed","ping_status":"closed","template":"","meta":{"footnotes":""},"class_list":["post-16118","page","type-page","status-publish","has-post-thumbnail","hentry"],"yoast_head":"<!-- This site is optimized with the Yoast SEO plugin v27.3 - https:\/\/yoast.com\/product\/yoast-seo-wordpress\/ -->\n<title>La honte et les abus sexuels subis dans l\u2019enfance<\/title>\n<meta name=\"description\" content=\"La honte est une \u00e9motion douloureuse que les survivants d&#039;abus sexuels subis dans l&#039;enfance peuvent ressentir. La honte implique des sentiments de d\u00e9valorisation et d&#039;\u00e9chec.\" \/>\n<meta name=\"robots\" content=\"index, follow, max-snippet:-1, max-image-preview:large, max-video-preview:-1\" \/>\n<link rel=\"canonical\" href=\"https:\/\/saprea.org\/fr\/guerir\/honte-abus-sexuels-enfance\/\" \/>\n<meta property=\"og:locale\" content=\"fr_FR\" \/>\n<meta property=\"og:type\" content=\"article\" \/>\n<meta property=\"og:title\" content=\"La honte et les abus sexuels subis dans l\u2019enfance\" \/>\n<meta property=\"og:description\" content=\"La honte est une \u00e9motion douloureuse que les survivants d&#039;abus sexuels subis dans l&#039;enfance peuvent ressentir. La honte implique des sentiments de d\u00e9valorisation et d&#039;\u00e9chec.\" \/>\n<meta property=\"og:url\" content=\"https:\/\/saprea.org\/fr\/guerir\/honte-abus-sexuels-enfance\/\" \/>\n<meta property=\"og:site_name\" content=\"Saprea\" \/>\n<meta property=\"article:publisher\" content=\"https:\/\/facebook.com\/saprea.org\" \/>\n<meta property=\"article:modified_time\" content=\"2023-09-18T20:23:37+00:00\" \/>\n<meta property=\"og:image\" content=\"https:\/\/saprea.org\/wp-content\/uploads\/2023\/07\/TYF_Effects_ShameAndChildSexualAbuse.jpg\" \/>\n\t<meta property=\"og:image:width\" content=\"1600\" \/>\n\t<meta property=\"og:image:height\" content=\"900\" \/>\n\t<meta property=\"og:image:type\" content=\"image\/jpeg\" \/>\n<meta name=\"twitter:card\" content=\"summary_large_image\" \/>\n<meta name=\"twitter:site\" content=\"@saprea_org\" \/>\n<meta name=\"twitter:label1\" content=\"Dur\u00e9e de lecture estim\u00e9e\" \/>\n\t<meta name=\"twitter:data1\" content=\"15 minutes\" \/>\n<script type=\"application\/ld+json\" class=\"yoast-schema-graph\">{\"@context\":\"https:\\\/\\\/schema.org\",\"@graph\":[{\"@type\":\"WebPage\",\"@id\":\"https:\\\/\\\/saprea.org\\\/fr\\\/guerir\\\/honte-abus-sexuels-enfance\\\/\",\"url\":\"https:\\\/\\\/saprea.org\\\/fr\\\/guerir\\\/honte-abus-sexuels-enfance\\\/\",\"name\":\"La honte et les abus sexuels subis dans l\u2019enfance\",\"isPartOf\":{\"@id\":\"https:\\\/\\\/saprea.org\\\/fr\\\/#website\"},\"primaryImageOfPage\":{\"@id\":\"https:\\\/\\\/saprea.org\\\/fr\\\/guerir\\\/honte-abus-sexuels-enfance\\\/#primaryimage\"},\"image\":{\"@id\":\"https:\\\/\\\/saprea.org\\\/fr\\\/guerir\\\/honte-abus-sexuels-enfance\\\/#primaryimage\"},\"thumbnailUrl\":\"https:\\\/\\\/saprea.org\\\/wp-content\\\/uploads\\\/2023\\\/07\\\/TYF_Effects_ShameAndChildSexualAbuse.jpg\",\"datePublished\":\"2023-09-15T13:31:19+00:00\",\"dateModified\":\"2023-09-18T20:23:37+00:00\",\"description\":\"La honte est une \u00e9motion douloureuse que les survivants d'abus sexuels subis dans l'enfance peuvent ressentir. La honte implique des sentiments de d\u00e9valorisation et d'\u00e9chec.\",\"breadcrumb\":{\"@id\":\"https:\\\/\\\/saprea.org\\\/fr\\\/guerir\\\/honte-abus-sexuels-enfance\\\/#breadcrumb\"},\"inLanguage\":\"fr-FR\",\"potentialAction\":[{\"@type\":\"ReadAction\",\"target\":[\"https:\\\/\\\/saprea.org\\\/fr\\\/guerir\\\/honte-abus-sexuels-enfance\\\/\"]}]},{\"@type\":\"ImageObject\",\"inLanguage\":\"fr-FR\",\"@id\":\"https:\\\/\\\/saprea.org\\\/fr\\\/guerir\\\/honte-abus-sexuels-enfance\\\/#primaryimage\",\"url\":\"https:\\\/\\\/saprea.org\\\/wp-content\\\/uploads\\\/2023\\\/07\\\/TYF_Effects_ShameAndChildSexualAbuse.jpg\",\"contentUrl\":\"https:\\\/\\\/saprea.org\\\/wp-content\\\/uploads\\\/2023\\\/07\\\/TYF_Effects_ShameAndChildSexualAbuse.jpg\",\"width\":1600,\"height\":900,\"caption\":\"Upset mixed race woman sitting alone in cafe, avoiding people.\"},{\"@type\":\"BreadcrumbList\",\"@id\":\"https:\\\/\\\/saprea.org\\\/fr\\\/guerir\\\/honte-abus-sexuels-enfance\\\/#breadcrumb\",\"itemListElement\":[{\"@type\":\"ListItem\",\"position\":1,\"name\":\"Home\",\"item\":\"https:\\\/\\\/saprea.org\\\/fr\\\/page-daccueil-saprea\\\/\"},{\"@type\":\"ListItem\",\"position\":2,\"name\":\"Gu\u00e9rir des abus sexuels\",\"item\":\"https:\\\/\\\/saprea.org\\\/fr\\\/guerir\\\/\"},{\"@type\":\"ListItem\",\"position\":3,\"name\":\"La honte et les abus sexuels subis dans l\u2019enfance\"}]},{\"@type\":\"WebSite\",\"@id\":\"https:\\\/\\\/saprea.org\\\/fr\\\/#website\",\"url\":\"https:\\\/\\\/saprea.org\\\/fr\\\/\",\"name\":\"Saprea\",\"description\":\"\",\"publisher\":{\"@id\":\"https:\\\/\\\/saprea.org\\\/fr\\\/#organization\"},\"potentialAction\":[{\"@type\":\"SearchAction\",\"target\":{\"@type\":\"EntryPoint\",\"urlTemplate\":\"https:\\\/\\\/saprea.org\\\/fr\\\/?s={search_term_string}\"},\"query-input\":{\"@type\":\"PropertyValueSpecification\",\"valueRequired\":true,\"valueName\":\"search_term_string\"}}],\"inLanguage\":\"fr-FR\"},{\"@type\":\"Organization\",\"@id\":\"https:\\\/\\\/saprea.org\\\/fr\\\/#organization\",\"name\":\"Saprea\",\"url\":\"https:\\\/\\\/saprea.org\\\/fr\\\/\",\"logo\":{\"@type\":\"ImageObject\",\"inLanguage\":\"fr-FR\",\"@id\":\"https:\\\/\\\/saprea.org\\\/fr\\\/#\\\/schema\\\/logo\\\/image\\\/\",\"url\":\"https:\\\/\\\/saprea.org\\\/wp-content\\\/uploads\\\/2021\\\/12\\\/Vector-7-1.png\",\"contentUrl\":\"https:\\\/\\\/saprea.org\\\/wp-content\\\/uploads\\\/2021\\\/12\\\/Vector-7-1.png\",\"width\":106,\"height\":105,\"caption\":\"Saprea\"},\"image\":{\"@id\":\"https:\\\/\\\/saprea.org\\\/fr\\\/#\\\/schema\\\/logo\\\/image\\\/\"},\"sameAs\":[\"https:\\\/\\\/facebook.com\\\/saprea.org\",\"https:\\\/\\\/x.com\\\/saprea_org\",\"https:\\\/\\\/instagram.com\\\/youniquefoundation\",\"https:\\\/\\\/pinterest.com\\\/saprea_org\",\"https:\\\/\\\/youtube.com\\\/c\\\/saprea_org\"]}]}<\/script>\n<!-- \/ Yoast SEO plugin. -->","yoast_head_json":{"title":"La honte et les abus sexuels subis dans l\u2019enfance","description":"La honte est une \u00e9motion douloureuse que les survivants d'abus sexuels subis dans l'enfance peuvent ressentir. La honte implique des sentiments de d\u00e9valorisation et d'\u00e9chec.","robots":{"index":"index","follow":"follow","max-snippet":"max-snippet:-1","max-image-preview":"max-image-preview:large","max-video-preview":"max-video-preview:-1"},"canonical":"https:\/\/saprea.org\/fr\/guerir\/honte-abus-sexuels-enfance\/","og_locale":"fr_FR","og_type":"article","og_title":"La honte et les abus sexuels subis dans l\u2019enfance","og_description":"La honte est une \u00e9motion douloureuse que les survivants d'abus sexuels subis dans l'enfance peuvent ressentir. La honte implique des sentiments de d\u00e9valorisation et d'\u00e9chec.","og_url":"https:\/\/saprea.org\/fr\/guerir\/honte-abus-sexuels-enfance\/","og_site_name":"Saprea","article_publisher":"https:\/\/facebook.com\/saprea.org","article_modified_time":"2023-09-18T20:23:37+00:00","og_image":[{"width":1600,"height":900,"url":"https:\/\/saprea.org\/wp-content\/uploads\/2023\/07\/TYF_Effects_ShameAndChildSexualAbuse.jpg","type":"image\/jpeg"}],"twitter_card":"summary_large_image","twitter_site":"@saprea_org","twitter_misc":{"Dur\u00e9e de lecture estim\u00e9e":"15 minutes"},"schema":{"@context":"https:\/\/schema.org","@graph":[{"@type":"WebPage","@id":"https:\/\/saprea.org\/fr\/guerir\/honte-abus-sexuels-enfance\/","url":"https:\/\/saprea.org\/fr\/guerir\/honte-abus-sexuels-enfance\/","name":"La honte et les abus sexuels subis dans l\u2019enfance","isPartOf":{"@id":"https:\/\/saprea.org\/fr\/#website"},"primaryImageOfPage":{"@id":"https:\/\/saprea.org\/fr\/guerir\/honte-abus-sexuels-enfance\/#primaryimage"},"image":{"@id":"https:\/\/saprea.org\/fr\/guerir\/honte-abus-sexuels-enfance\/#primaryimage"},"thumbnailUrl":"https:\/\/saprea.org\/wp-content\/uploads\/2023\/07\/TYF_Effects_ShameAndChildSexualAbuse.jpg","datePublished":"2023-09-15T13:31:19+00:00","dateModified":"2023-09-18T20:23:37+00:00","description":"La honte est une \u00e9motion douloureuse que les survivants d'abus sexuels subis dans l'enfance peuvent ressentir. La honte implique des sentiments de d\u00e9valorisation et d'\u00e9chec.","breadcrumb":{"@id":"https:\/\/saprea.org\/fr\/guerir\/honte-abus-sexuels-enfance\/#breadcrumb"},"inLanguage":"fr-FR","potentialAction":[{"@type":"ReadAction","target":["https:\/\/saprea.org\/fr\/guerir\/honte-abus-sexuels-enfance\/"]}]},{"@type":"ImageObject","inLanguage":"fr-FR","@id":"https:\/\/saprea.org\/fr\/guerir\/honte-abus-sexuels-enfance\/#primaryimage","url":"https:\/\/saprea.org\/wp-content\/uploads\/2023\/07\/TYF_Effects_ShameAndChildSexualAbuse.jpg","contentUrl":"https:\/\/saprea.org\/wp-content\/uploads\/2023\/07\/TYF_Effects_ShameAndChildSexualAbuse.jpg","width":1600,"height":900,"caption":"Upset mixed race woman sitting alone in cafe, avoiding people."},{"@type":"BreadcrumbList","@id":"https:\/\/saprea.org\/fr\/guerir\/honte-abus-sexuels-enfance\/#breadcrumb","itemListElement":[{"@type":"ListItem","position":1,"name":"Home","item":"https:\/\/saprea.org\/fr\/page-daccueil-saprea\/"},{"@type":"ListItem","position":2,"name":"Gu\u00e9rir des abus sexuels","item":"https:\/\/saprea.org\/fr\/guerir\/"},{"@type":"ListItem","position":3,"name":"La honte et les abus sexuels subis dans l\u2019enfance"}]},{"@type":"WebSite","@id":"https:\/\/saprea.org\/fr\/#website","url":"https:\/\/saprea.org\/fr\/","name":"Saprea","description":"","publisher":{"@id":"https:\/\/saprea.org\/fr\/#organization"},"potentialAction":[{"@type":"SearchAction","target":{"@type":"EntryPoint","urlTemplate":"https:\/\/saprea.org\/fr\/?s={search_term_string}"},"query-input":{"@type":"PropertyValueSpecification","valueRequired":true,"valueName":"search_term_string"}}],"inLanguage":"fr-FR"},{"@type":"Organization","@id":"https:\/\/saprea.org\/fr\/#organization","name":"Saprea","url":"https:\/\/saprea.org\/fr\/","logo":{"@type":"ImageObject","inLanguage":"fr-FR","@id":"https:\/\/saprea.org\/fr\/#\/schema\/logo\/image\/","url":"https:\/\/saprea.org\/wp-content\/uploads\/2021\/12\/Vector-7-1.png","contentUrl":"https:\/\/saprea.org\/wp-content\/uploads\/2021\/12\/Vector-7-1.png","width":106,"height":105,"caption":"Saprea"},"image":{"@id":"https:\/\/saprea.org\/fr\/#\/schema\/logo\/image\/"},"sameAs":["https:\/\/facebook.com\/saprea.org","https:\/\/x.com\/saprea_org","https:\/\/instagram.com\/youniquefoundation","https:\/\/pinterest.com\/saprea_org","https:\/\/youtube.com\/c\/saprea_org"]}]}},"_links":{"self":[{"href":"https:\/\/saprea.org\/fr\/wp-json\/wp\/v2\/pages\/16118","targetHints":{"allow":["GET"]}}],"collection":[{"href":"https:\/\/saprea.org\/fr\/wp-json\/wp\/v2\/pages"}],"about":[{"href":"https:\/\/saprea.org\/fr\/wp-json\/wp\/v2\/types\/page"}],"author":[{"embeddable":true,"href":"https:\/\/saprea.org\/fr\/wp-json\/wp\/v2\/users\/3"}],"replies":[{"embeddable":true,"href":"https:\/\/saprea.org\/fr\/wp-json\/wp\/v2\/comments?post=16118"}],"version-history":[{"count":0,"href":"https:\/\/saprea.org\/fr\/wp-json\/wp\/v2\/pages\/16118\/revisions"}],"up":[{"embeddable":true,"href":"https:\/\/saprea.org\/fr\/wp-json\/wp\/v2\/pages\/13040"}],"wp:featuredmedia":[{"embeddable":true,"href":"https:\/\/saprea.org\/fr\/wp-json\/wp\/v2\/media\/11858"}],"wp:attachment":[{"href":"https:\/\/saprea.org\/fr\/wp-json\/wp\/v2\/media?parent=16118"}],"curies":[{"name":"wp","href":"https:\/\/api.w.org\/{rel}","templated":true}]}}