{"id":13613,"date":"2023-09-15T07:33:30","date_gmt":"2023-09-15T13:33:30","guid":{"rendered":"http:\/\/54.188.8.157\/?page_id=13613"},"modified":"2023-09-15T07:33:30","modified_gmt":"2023-09-15T13:33:30","slug":"engourdissement-emotionnel","status":"publish","type":"page","link":"https:\/\/saprea.org\/fr\/guerir\/engourdissement-emotionnel\/","title":{"rendered":"Sympt\u00f4mes fr\u00e9quents : Engourdissement \u00e9motionnel"},"content":{"rendered":"<div id=\"cs-content\" class=\"cs-content\"><\/div>\n","protected":false},"excerpt":{"rendered":"<p>Saprea &gt; Ressources de gu\u00e9rison en ligne\u00a0&gt;Sympt\u00f4mes fr\u00e9quents : Engourdissement \u00e9motionnelSympt\u00f4mes fr\u00e9quents :Engourdissement \u00e9motionnelSympt\u00f4mes fr\u00e9quents :Engourdissement \u00e9motionnelQu&rsquo;est-ce que l&rsquo;engourdissement \u00e9motionnel ?L&rsquo;engourdissement \u00e9motionnel est mieux d\u00e9crit comme une d\u00e9connexion des sentiments et des \u00e9motions. Tout comme un m\u00e9decin peut engourdir une zone pour bloquer la douleur associ\u00e9e \u00e0 une proc\u00e9dure m\u00e9dicale, le cerveau peut employer l&rsquo;engourdissement [&hellip;]<\/p>\n","protected":false},"author":2,"featured_media":12372,"parent":13040,"menu_order":0,"comment_status":"closed","ping_status":"closed","template":"","meta":{"footnotes":""},"class_list":["post-13613","page","type-page","status-publish","has-post-thumbnail","hentry"],"yoast_head":"<!-- This site is optimized with the Yoast SEO plugin v27.3 - https:\/\/yoast.com\/product\/yoast-seo-wordpress\/ -->\n<title>Engourdissement \u00e9motionnel | Saprea<\/title>\n<meta name=\"description\" content=\"Comme l&#039;abus sexuel subi dans l&#039;enfance est une forme de traumatisme, l&#039;engourdissement \u00e9motionnel est fr\u00e9quent chez les survivants. C&#039;est une r\u00e9action normale.\" \/>\n<meta name=\"robots\" content=\"index, follow, max-snippet:-1, max-image-preview:large, max-video-preview:-1\" \/>\n<link rel=\"canonical\" href=\"https:\/\/saprea.org\/fr\/guerir\/engourdissement-emotionnel\/\" \/>\n<meta property=\"og:locale\" content=\"fr_FR\" \/>\n<meta property=\"og:type\" content=\"article\" \/>\n<meta property=\"og:title\" content=\"Engourdissement \u00e9motionnel | Saprea\" \/>\n<meta property=\"og:description\" content=\"Comme l&#039;abus sexuel subi dans l&#039;enfance est une forme de traumatisme, l&#039;engourdissement \u00e9motionnel est fr\u00e9quent chez les survivants. C&#039;est une r\u00e9action normale.\" \/>\n<meta property=\"og:url\" content=\"https:\/\/saprea.org\/fr\/guerir\/engourdissement-emotionnel\/\" \/>\n<meta property=\"og:site_name\" content=\"Saprea\" \/>\n<meta property=\"article:publisher\" content=\"https:\/\/facebook.com\/saprea.org\" \/>\n<meta property=\"og:image\" content=\"https:\/\/saprea.org\/wp-content\/uploads\/2023\/08\/emotional-numbness.png\" \/>\n\t<meta property=\"og:image:width\" content=\"2200\" \/>\n\t<meta property=\"og:image:height\" content=\"2200\" \/>\n\t<meta property=\"og:image:type\" content=\"image\/png\" \/>\n<meta name=\"twitter:card\" content=\"summary_large_image\" \/>\n<meta name=\"twitter:site\" content=\"@saprea_org\" \/>\n<meta name=\"twitter:label1\" content=\"Dur\u00e9e de lecture estim\u00e9e\" \/>\n\t<meta name=\"twitter:data1\" content=\"5 minutes\" \/>\n<script type=\"application\/ld+json\" class=\"yoast-schema-graph\">{\"@context\":\"https:\\\/\\\/schema.org\",\"@graph\":[{\"@type\":\"WebPage\",\"@id\":\"https:\\\/\\\/saprea.org\\\/fr\\\/guerir\\\/engourdissement-emotionnel\\\/\",\"url\":\"https:\\\/\\\/saprea.org\\\/fr\\\/guerir\\\/engourdissement-emotionnel\\\/\",\"name\":\"Engourdissement \u00e9motionnel | Saprea\",\"isPartOf\":{\"@id\":\"https:\\\/\\\/saprea.org\\\/fr\\\/#website\"},\"primaryImageOfPage\":{\"@id\":\"https:\\\/\\\/saprea.org\\\/fr\\\/guerir\\\/engourdissement-emotionnel\\\/#primaryimage\"},\"image\":{\"@id\":\"https:\\\/\\\/saprea.org\\\/fr\\\/guerir\\\/engourdissement-emotionnel\\\/#primaryimage\"},\"thumbnailUrl\":\"https:\\\/\\\/saprea.org\\\/wp-content\\\/uploads\\\/2023\\\/08\\\/emotional-numbness.png\",\"datePublished\":\"2023-09-15T13:33:30+00:00\",\"description\":\"Comme l'abus sexuel subi dans l'enfance est une forme de traumatisme, l'engourdissement \u00e9motionnel est fr\u00e9quent chez les survivants. C'est une r\u00e9action normale.\",\"breadcrumb\":{\"@id\":\"https:\\\/\\\/saprea.org\\\/fr\\\/guerir\\\/engourdissement-emotionnel\\\/#breadcrumb\"},\"inLanguage\":\"fr-FR\",\"potentialAction\":[{\"@type\":\"ReadAction\",\"target\":[\"https:\\\/\\\/saprea.org\\\/fr\\\/guerir\\\/engourdissement-emotionnel\\\/\"]}]},{\"@type\":\"ImageObject\",\"inLanguage\":\"fr-FR\",\"@id\":\"https:\\\/\\\/saprea.org\\\/fr\\\/guerir\\\/engourdissement-emotionnel\\\/#primaryimage\",\"url\":\"https:\\\/\\\/saprea.org\\\/wp-content\\\/uploads\\\/2023\\\/08\\\/emotional-numbness.png\",\"contentUrl\":\"https:\\\/\\\/saprea.org\\\/wp-content\\\/uploads\\\/2023\\\/08\\\/emotional-numbness.png\",\"width\":2200,\"height\":2200,\"caption\":\"emotional numbness icon; minus heart in the mind\"},{\"@type\":\"BreadcrumbList\",\"@id\":\"https:\\\/\\\/saprea.org\\\/fr\\\/guerir\\\/engourdissement-emotionnel\\\/#breadcrumb\",\"itemListElement\":[{\"@type\":\"ListItem\",\"position\":1,\"name\":\"Home\",\"item\":\"https:\\\/\\\/saprea.org\\\/fr\\\/page-daccueil-saprea\\\/\"},{\"@type\":\"ListItem\",\"position\":2,\"name\":\"Gu\u00e9rir des abus sexuels\",\"item\":\"https:\\\/\\\/saprea.org\\\/fr\\\/guerir\\\/\"},{\"@type\":\"ListItem\",\"position\":3,\"name\":\"Sympt\u00f4mes fr\u00e9quents : Engourdissement \u00e9motionnel\"}]},{\"@type\":\"WebSite\",\"@id\":\"https:\\\/\\\/saprea.org\\\/fr\\\/#website\",\"url\":\"https:\\\/\\\/saprea.org\\\/fr\\\/\",\"name\":\"Saprea\",\"description\":\"\",\"publisher\":{\"@id\":\"https:\\\/\\\/saprea.org\\\/fr\\\/#organization\"},\"potentialAction\":[{\"@type\":\"SearchAction\",\"target\":{\"@type\":\"EntryPoint\",\"urlTemplate\":\"https:\\\/\\\/saprea.org\\\/fr\\\/?s={search_term_string}\"},\"query-input\":{\"@type\":\"PropertyValueSpecification\",\"valueRequired\":true,\"valueName\":\"search_term_string\"}}],\"inLanguage\":\"fr-FR\"},{\"@type\":\"Organization\",\"@id\":\"https:\\\/\\\/saprea.org\\\/fr\\\/#organization\",\"name\":\"Saprea\",\"url\":\"https:\\\/\\\/saprea.org\\\/fr\\\/\",\"logo\":{\"@type\":\"ImageObject\",\"inLanguage\":\"fr-FR\",\"@id\":\"https:\\\/\\\/saprea.org\\\/fr\\\/#\\\/schema\\\/logo\\\/image\\\/\",\"url\":\"https:\\\/\\\/saprea.org\\\/wp-content\\\/uploads\\\/2021\\\/12\\\/Vector-7-1.png\",\"contentUrl\":\"https:\\\/\\\/saprea.org\\\/wp-content\\\/uploads\\\/2021\\\/12\\\/Vector-7-1.png\",\"width\":106,\"height\":105,\"caption\":\"Saprea\"},\"image\":{\"@id\":\"https:\\\/\\\/saprea.org\\\/fr\\\/#\\\/schema\\\/logo\\\/image\\\/\"},\"sameAs\":[\"https:\\\/\\\/facebook.com\\\/saprea.org\",\"https:\\\/\\\/x.com\\\/saprea_org\",\"https:\\\/\\\/instagram.com\\\/youniquefoundation\",\"https:\\\/\\\/pinterest.com\\\/saprea_org\",\"https:\\\/\\\/youtube.com\\\/c\\\/saprea_org\"]}]}<\/script>\n<!-- \/ Yoast SEO plugin. -->","yoast_head_json":{"title":"Engourdissement \u00e9motionnel | Saprea","description":"Comme l'abus sexuel subi dans l'enfance est une forme de traumatisme, l'engourdissement \u00e9motionnel est fr\u00e9quent chez les survivants. C'est une r\u00e9action normale.","robots":{"index":"index","follow":"follow","max-snippet":"max-snippet:-1","max-image-preview":"max-image-preview:large","max-video-preview":"max-video-preview:-1"},"canonical":"https:\/\/saprea.org\/fr\/guerir\/engourdissement-emotionnel\/","og_locale":"fr_FR","og_type":"article","og_title":"Engourdissement \u00e9motionnel | Saprea","og_description":"Comme l'abus sexuel subi dans l'enfance est une forme de traumatisme, l'engourdissement \u00e9motionnel est fr\u00e9quent chez les survivants. C'est une r\u00e9action normale.","og_url":"https:\/\/saprea.org\/fr\/guerir\/engourdissement-emotionnel\/","og_site_name":"Saprea","article_publisher":"https:\/\/facebook.com\/saprea.org","og_image":[{"width":2200,"height":2200,"url":"https:\/\/saprea.org\/wp-content\/uploads\/2023\/08\/emotional-numbness.png","type":"image\/png"}],"twitter_card":"summary_large_image","twitter_site":"@saprea_org","twitter_misc":{"Dur\u00e9e de lecture estim\u00e9e":"5 minutes"},"schema":{"@context":"https:\/\/schema.org","@graph":[{"@type":"WebPage","@id":"https:\/\/saprea.org\/fr\/guerir\/engourdissement-emotionnel\/","url":"https:\/\/saprea.org\/fr\/guerir\/engourdissement-emotionnel\/","name":"Engourdissement \u00e9motionnel | Saprea","isPartOf":{"@id":"https:\/\/saprea.org\/fr\/#website"},"primaryImageOfPage":{"@id":"https:\/\/saprea.org\/fr\/guerir\/engourdissement-emotionnel\/#primaryimage"},"image":{"@id":"https:\/\/saprea.org\/fr\/guerir\/engourdissement-emotionnel\/#primaryimage"},"thumbnailUrl":"https:\/\/saprea.org\/wp-content\/uploads\/2023\/08\/emotional-numbness.png","datePublished":"2023-09-15T13:33:30+00:00","description":"Comme l'abus sexuel subi dans l'enfance est une forme de traumatisme, l'engourdissement \u00e9motionnel est fr\u00e9quent chez les survivants. C'est une r\u00e9action normale.","breadcrumb":{"@id":"https:\/\/saprea.org\/fr\/guerir\/engourdissement-emotionnel\/#breadcrumb"},"inLanguage":"fr-FR","potentialAction":[{"@type":"ReadAction","target":["https:\/\/saprea.org\/fr\/guerir\/engourdissement-emotionnel\/"]}]},{"@type":"ImageObject","inLanguage":"fr-FR","@id":"https:\/\/saprea.org\/fr\/guerir\/engourdissement-emotionnel\/#primaryimage","url":"https:\/\/saprea.org\/wp-content\/uploads\/2023\/08\/emotional-numbness.png","contentUrl":"https:\/\/saprea.org\/wp-content\/uploads\/2023\/08\/emotional-numbness.png","width":2200,"height":2200,"caption":"emotional numbness icon; minus heart in the mind"},{"@type":"BreadcrumbList","@id":"https:\/\/saprea.org\/fr\/guerir\/engourdissement-emotionnel\/#breadcrumb","itemListElement":[{"@type":"ListItem","position":1,"name":"Home","item":"https:\/\/saprea.org\/fr\/page-daccueil-saprea\/"},{"@type":"ListItem","position":2,"name":"Gu\u00e9rir des abus sexuels","item":"https:\/\/saprea.org\/fr\/guerir\/"},{"@type":"ListItem","position":3,"name":"Sympt\u00f4mes fr\u00e9quents : Engourdissement \u00e9motionnel"}]},{"@type":"WebSite","@id":"https:\/\/saprea.org\/fr\/#website","url":"https:\/\/saprea.org\/fr\/","name":"Saprea","description":"","publisher":{"@id":"https:\/\/saprea.org\/fr\/#organization"},"potentialAction":[{"@type":"SearchAction","target":{"@type":"EntryPoint","urlTemplate":"https:\/\/saprea.org\/fr\/?s={search_term_string}"},"query-input":{"@type":"PropertyValueSpecification","valueRequired":true,"valueName":"search_term_string"}}],"inLanguage":"fr-FR"},{"@type":"Organization","@id":"https:\/\/saprea.org\/fr\/#organization","name":"Saprea","url":"https:\/\/saprea.org\/fr\/","logo":{"@type":"ImageObject","inLanguage":"fr-FR","@id":"https:\/\/saprea.org\/fr\/#\/schema\/logo\/image\/","url":"https:\/\/saprea.org\/wp-content\/uploads\/2021\/12\/Vector-7-1.png","contentUrl":"https:\/\/saprea.org\/wp-content\/uploads\/2021\/12\/Vector-7-1.png","width":106,"height":105,"caption":"Saprea"},"image":{"@id":"https:\/\/saprea.org\/fr\/#\/schema\/logo\/image\/"},"sameAs":["https:\/\/facebook.com\/saprea.org","https:\/\/x.com\/saprea_org","https:\/\/instagram.com\/youniquefoundation","https:\/\/pinterest.com\/saprea_org","https:\/\/youtube.com\/c\/saprea_org"]}]}},"_links":{"self":[{"href":"https:\/\/saprea.org\/fr\/wp-json\/wp\/v2\/pages\/13613","targetHints":{"allow":["GET"]}}],"collection":[{"href":"https:\/\/saprea.org\/fr\/wp-json\/wp\/v2\/pages"}],"about":[{"href":"https:\/\/saprea.org\/fr\/wp-json\/wp\/v2\/types\/page"}],"author":[{"embeddable":true,"href":"https:\/\/saprea.org\/fr\/wp-json\/wp\/v2\/users\/2"}],"replies":[{"embeddable":true,"href":"https:\/\/saprea.org\/fr\/wp-json\/wp\/v2\/comments?post=13613"}],"version-history":[{"count":0,"href":"https:\/\/saprea.org\/fr\/wp-json\/wp\/v2\/pages\/13613\/revisions"}],"up":[{"embeddable":true,"href":"https:\/\/saprea.org\/fr\/wp-json\/wp\/v2\/pages\/13040"}],"wp:featuredmedia":[{"embeddable":true,"href":"https:\/\/saprea.org\/fr\/wp-json\/wp\/v2\/media\/12372"}],"wp:attachment":[{"href":"https:\/\/saprea.org\/fr\/wp-json\/wp\/v2\/media?parent=13613"}],"curies":[{"name":"wp","href":"https:\/\/api.w.org\/{rel}","templated":true}]}}