{"id":13339,"date":"2023-09-15T07:31:14","date_gmt":"2023-09-15T13:31:14","guid":{"rendered":"http:\/\/54.188.8.157\/?page_id=13339"},"modified":"2023-09-18T15:50:43","modified_gmt":"2023-09-18T21:50:43","slug":"aspiration","status":"publish","type":"page","link":"https:\/\/saprea.org\/fr\/guerir\/approche\/aspiration\/","title":{"rendered":"L&rsquo;aspiration aide \u00e0 gu\u00e9rir des abus sexuels"},"content":{"rendered":"<div id=\"cs-content\" class=\"cs-content\"><\/div>\n","protected":false},"excerpt":{"rendered":"<p>Saprea &gt; Ressources de gu\u00e9rison en ligne\u00a0&gt; Notre approche\u00a0&gt;L&rsquo;aspiration aide \u00e0 gu\u00e9rir des abus sexuelsPratique de gu\u00e9risonL&rsquo;aspiration aide \u00e0 gu\u00e9rir des abus sexuelsORIENTER VOS PENS\u00c9ES VERS LA GU\u00c9RISONDIRIGER VOS ACTIONS VERS LA GU\u00c9RISONLE CYCLE DE LA GU\u00c9RISONDans les programmes de d\u00e9fense des droits et de soutien des personnes qui ont subi des abus sexuels, il [&hellip;]<\/p>\n","protected":false},"author":3,"featured_media":11264,"parent":13059,"menu_order":0,"comment_status":"closed","ping_status":"closed","template":"","meta":{"footnotes":""},"class_list":["post-13339","page","type-page","status-publish","has-post-thumbnail","hentry"],"yoast_head":"<!-- This site is optimized with the Yoast SEO plugin v27.3 - https:\/\/yoast.com\/product\/yoast-seo-wordpress\/ -->\n<title>L&#039;aspiration aide \u00e0 gu\u00e9rir des abus sexuels<\/title>\n<meta name=\"description\" content=\"L&#039;aspiration consiste \u00e0 orienter vos pens\u00e9es et vos actions vers la gu\u00e9rison. Cela n\u00e9cessite une combinaison d&#039;auto-compassion et de d\u00e9termination.\" \/>\n<meta name=\"robots\" content=\"index, follow, max-snippet:-1, max-image-preview:large, max-video-preview:-1\" \/>\n<link rel=\"canonical\" href=\"https:\/\/saprea.org\/fr\/guerir\/approche\/aspiration\/\" \/>\n<meta property=\"og:locale\" content=\"fr_FR\" \/>\n<meta property=\"og:type\" content=\"article\" \/>\n<meta property=\"og:title\" content=\"L&#039;aspiration aide \u00e0 gu\u00e9rir des abus sexuels\" \/>\n<meta property=\"og:description\" content=\"L&#039;aspiration consiste \u00e0 orienter vos pens\u00e9es et vos actions vers la gu\u00e9rison. Cela n\u00e9cessite une combinaison d&#039;auto-compassion et de d\u00e9termination.\" \/>\n<meta property=\"og:url\" content=\"https:\/\/saprea.org\/fr\/guerir\/approche\/aspiration\/\" \/>\n<meta property=\"og:site_name\" content=\"Saprea\" \/>\n<meta property=\"article:publisher\" content=\"https:\/\/facebook.com\/saprea.org\" \/>\n<meta property=\"article:modified_time\" content=\"2023-09-18T21:50:43+00:00\" \/>\n<meta property=\"og:image\" content=\"https:\/\/saprea.org\/wp-content\/uploads\/2023\/07\/TYF_HealingResources_Mindfulness.jpg\" \/>\n\t<meta property=\"og:image:width\" content=\"1600\" \/>\n\t<meta property=\"og:image:height\" content=\"900\" \/>\n\t<meta property=\"og:image:type\" content=\"image\/jpeg\" \/>\n<meta name=\"twitter:card\" content=\"summary_large_image\" \/>\n<meta name=\"twitter:site\" content=\"@saprea_org\" \/>\n<meta name=\"twitter:label1\" content=\"Dur\u00e9e de lecture estim\u00e9e\" \/>\n\t<meta name=\"twitter:data1\" content=\"9 minutes\" \/>\n<script type=\"application\/ld+json\" class=\"yoast-schema-graph\">{\"@context\":\"https:\\\/\\\/schema.org\",\"@graph\":[{\"@type\":\"WebPage\",\"@id\":\"https:\\\/\\\/saprea.org\\\/fr\\\/guerir\\\/approche\\\/aspiration\\\/\",\"url\":\"https:\\\/\\\/saprea.org\\\/fr\\\/guerir\\\/approche\\\/aspiration\\\/\",\"name\":\"L'aspiration aide \u00e0 gu\u00e9rir des abus sexuels\",\"isPartOf\":{\"@id\":\"https:\\\/\\\/saprea.org\\\/fr\\\/#website\"},\"primaryImageOfPage\":{\"@id\":\"https:\\\/\\\/saprea.org\\\/fr\\\/guerir\\\/approche\\\/aspiration\\\/#primaryimage\"},\"image\":{\"@id\":\"https:\\\/\\\/saprea.org\\\/fr\\\/guerir\\\/approche\\\/aspiration\\\/#primaryimage\"},\"thumbnailUrl\":\"https:\\\/\\\/saprea.org\\\/wp-content\\\/uploads\\\/2023\\\/07\\\/TYF_HealingResources_Mindfulness.jpg\",\"datePublished\":\"2023-09-15T13:31:14+00:00\",\"dateModified\":\"2023-09-18T21:50:43+00:00\",\"description\":\"L'aspiration consiste \u00e0 orienter vos pens\u00e9es et vos actions vers la gu\u00e9rison. Cela n\u00e9cessite une combinaison d'auto-compassion et de d\u00e9termination.\",\"breadcrumb\":{\"@id\":\"https:\\\/\\\/saprea.org\\\/fr\\\/guerir\\\/approche\\\/aspiration\\\/#breadcrumb\"},\"inLanguage\":\"fr-FR\",\"potentialAction\":[{\"@type\":\"ReadAction\",\"target\":[\"https:\\\/\\\/saprea.org\\\/fr\\\/guerir\\\/approche\\\/aspiration\\\/\"]}]},{\"@type\":\"ImageObject\",\"inLanguage\":\"fr-FR\",\"@id\":\"https:\\\/\\\/saprea.org\\\/fr\\\/guerir\\\/approche\\\/aspiration\\\/#primaryimage\",\"url\":\"https:\\\/\\\/saprea.org\\\/wp-content\\\/uploads\\\/2023\\\/07\\\/TYF_HealingResources_Mindfulness.jpg\",\"contentUrl\":\"https:\\\/\\\/saprea.org\\\/wp-content\\\/uploads\\\/2023\\\/07\\\/TYF_HealingResources_Mindfulness.jpg\",\"width\":1600,\"height\":900,\"caption\":\"Middle age senior woman relaxing and enjoying her garden\"},{\"@type\":\"BreadcrumbList\",\"@id\":\"https:\\\/\\\/saprea.org\\\/fr\\\/guerir\\\/approche\\\/aspiration\\\/#breadcrumb\",\"itemListElement\":[{\"@type\":\"ListItem\",\"position\":1,\"name\":\"Home\",\"item\":\"https:\\\/\\\/saprea.org\\\/fr\\\/page-daccueil-saprea\\\/\"},{\"@type\":\"ListItem\",\"position\":2,\"name\":\"Gu\u00e9rir des abus sexuels\",\"item\":\"https:\\\/\\\/saprea.org\\\/fr\\\/guerir\\\/\"},{\"@type\":\"ListItem\",\"position\":3,\"name\":\"Notre approche de la gu\u00e9rison des abus sexuels subis dans l&rsquo;enfance\",\"item\":\"https:\\\/\\\/saprea.org\\\/fr\\\/guerir\\\/approche\\\/\"},{\"@type\":\"ListItem\",\"position\":4,\"name\":\"L&rsquo;aspiration aide \u00e0 gu\u00e9rir des abus sexuels\"}]},{\"@type\":\"WebSite\",\"@id\":\"https:\\\/\\\/saprea.org\\\/fr\\\/#website\",\"url\":\"https:\\\/\\\/saprea.org\\\/fr\\\/\",\"name\":\"Saprea\",\"description\":\"\",\"publisher\":{\"@id\":\"https:\\\/\\\/saprea.org\\\/fr\\\/#organization\"},\"potentialAction\":[{\"@type\":\"SearchAction\",\"target\":{\"@type\":\"EntryPoint\",\"urlTemplate\":\"https:\\\/\\\/saprea.org\\\/fr\\\/?s={search_term_string}\"},\"query-input\":{\"@type\":\"PropertyValueSpecification\",\"valueRequired\":true,\"valueName\":\"search_term_string\"}}],\"inLanguage\":\"fr-FR\"},{\"@type\":\"Organization\",\"@id\":\"https:\\\/\\\/saprea.org\\\/fr\\\/#organization\",\"name\":\"Saprea\",\"url\":\"https:\\\/\\\/saprea.org\\\/fr\\\/\",\"logo\":{\"@type\":\"ImageObject\",\"inLanguage\":\"fr-FR\",\"@id\":\"https:\\\/\\\/saprea.org\\\/fr\\\/#\\\/schema\\\/logo\\\/image\\\/\",\"url\":\"https:\\\/\\\/saprea.org\\\/wp-content\\\/uploads\\\/2021\\\/12\\\/Vector-7-1.png\",\"contentUrl\":\"https:\\\/\\\/saprea.org\\\/wp-content\\\/uploads\\\/2021\\\/12\\\/Vector-7-1.png\",\"width\":106,\"height\":105,\"caption\":\"Saprea\"},\"image\":{\"@id\":\"https:\\\/\\\/saprea.org\\\/fr\\\/#\\\/schema\\\/logo\\\/image\\\/\"},\"sameAs\":[\"https:\\\/\\\/facebook.com\\\/saprea.org\",\"https:\\\/\\\/x.com\\\/saprea_org\",\"https:\\\/\\\/instagram.com\\\/youniquefoundation\",\"https:\\\/\\\/pinterest.com\\\/saprea_org\",\"https:\\\/\\\/youtube.com\\\/c\\\/saprea_org\"]}]}<\/script>\n<!-- \/ Yoast SEO plugin. -->","yoast_head_json":{"title":"L'aspiration aide \u00e0 gu\u00e9rir des abus sexuels","description":"L'aspiration consiste \u00e0 orienter vos pens\u00e9es et vos actions vers la gu\u00e9rison. Cela n\u00e9cessite une combinaison d'auto-compassion et de d\u00e9termination.","robots":{"index":"index","follow":"follow","max-snippet":"max-snippet:-1","max-image-preview":"max-image-preview:large","max-video-preview":"max-video-preview:-1"},"canonical":"https:\/\/saprea.org\/fr\/guerir\/approche\/aspiration\/","og_locale":"fr_FR","og_type":"article","og_title":"L'aspiration aide \u00e0 gu\u00e9rir des abus sexuels","og_description":"L'aspiration consiste \u00e0 orienter vos pens\u00e9es et vos actions vers la gu\u00e9rison. Cela n\u00e9cessite une combinaison d'auto-compassion et de d\u00e9termination.","og_url":"https:\/\/saprea.org\/fr\/guerir\/approche\/aspiration\/","og_site_name":"Saprea","article_publisher":"https:\/\/facebook.com\/saprea.org","article_modified_time":"2023-09-18T21:50:43+00:00","og_image":[{"width":1600,"height":900,"url":"https:\/\/saprea.org\/wp-content\/uploads\/2023\/07\/TYF_HealingResources_Mindfulness.jpg","type":"image\/jpeg"}],"twitter_card":"summary_large_image","twitter_site":"@saprea_org","twitter_misc":{"Dur\u00e9e de lecture estim\u00e9e":"9 minutes"},"schema":{"@context":"https:\/\/schema.org","@graph":[{"@type":"WebPage","@id":"https:\/\/saprea.org\/fr\/guerir\/approche\/aspiration\/","url":"https:\/\/saprea.org\/fr\/guerir\/approche\/aspiration\/","name":"L'aspiration aide \u00e0 gu\u00e9rir des abus sexuels","isPartOf":{"@id":"https:\/\/saprea.org\/fr\/#website"},"primaryImageOfPage":{"@id":"https:\/\/saprea.org\/fr\/guerir\/approche\/aspiration\/#primaryimage"},"image":{"@id":"https:\/\/saprea.org\/fr\/guerir\/approche\/aspiration\/#primaryimage"},"thumbnailUrl":"https:\/\/saprea.org\/wp-content\/uploads\/2023\/07\/TYF_HealingResources_Mindfulness.jpg","datePublished":"2023-09-15T13:31:14+00:00","dateModified":"2023-09-18T21:50:43+00:00","description":"L'aspiration consiste \u00e0 orienter vos pens\u00e9es et vos actions vers la gu\u00e9rison. Cela n\u00e9cessite une combinaison d'auto-compassion et de d\u00e9termination.","breadcrumb":{"@id":"https:\/\/saprea.org\/fr\/guerir\/approche\/aspiration\/#breadcrumb"},"inLanguage":"fr-FR","potentialAction":[{"@type":"ReadAction","target":["https:\/\/saprea.org\/fr\/guerir\/approche\/aspiration\/"]}]},{"@type":"ImageObject","inLanguage":"fr-FR","@id":"https:\/\/saprea.org\/fr\/guerir\/approche\/aspiration\/#primaryimage","url":"https:\/\/saprea.org\/wp-content\/uploads\/2023\/07\/TYF_HealingResources_Mindfulness.jpg","contentUrl":"https:\/\/saprea.org\/wp-content\/uploads\/2023\/07\/TYF_HealingResources_Mindfulness.jpg","width":1600,"height":900,"caption":"Middle age senior woman relaxing and enjoying her garden"},{"@type":"BreadcrumbList","@id":"https:\/\/saprea.org\/fr\/guerir\/approche\/aspiration\/#breadcrumb","itemListElement":[{"@type":"ListItem","position":1,"name":"Home","item":"https:\/\/saprea.org\/fr\/page-daccueil-saprea\/"},{"@type":"ListItem","position":2,"name":"Gu\u00e9rir des abus sexuels","item":"https:\/\/saprea.org\/fr\/guerir\/"},{"@type":"ListItem","position":3,"name":"Notre approche de la gu\u00e9rison des abus sexuels subis dans l&rsquo;enfance","item":"https:\/\/saprea.org\/fr\/guerir\/approche\/"},{"@type":"ListItem","position":4,"name":"L&rsquo;aspiration aide \u00e0 gu\u00e9rir des abus sexuels"}]},{"@type":"WebSite","@id":"https:\/\/saprea.org\/fr\/#website","url":"https:\/\/saprea.org\/fr\/","name":"Saprea","description":"","publisher":{"@id":"https:\/\/saprea.org\/fr\/#organization"},"potentialAction":[{"@type":"SearchAction","target":{"@type":"EntryPoint","urlTemplate":"https:\/\/saprea.org\/fr\/?s={search_term_string}"},"query-input":{"@type":"PropertyValueSpecification","valueRequired":true,"valueName":"search_term_string"}}],"inLanguage":"fr-FR"},{"@type":"Organization","@id":"https:\/\/saprea.org\/fr\/#organization","name":"Saprea","url":"https:\/\/saprea.org\/fr\/","logo":{"@type":"ImageObject","inLanguage":"fr-FR","@id":"https:\/\/saprea.org\/fr\/#\/schema\/logo\/image\/","url":"https:\/\/saprea.org\/wp-content\/uploads\/2021\/12\/Vector-7-1.png","contentUrl":"https:\/\/saprea.org\/wp-content\/uploads\/2021\/12\/Vector-7-1.png","width":106,"height":105,"caption":"Saprea"},"image":{"@id":"https:\/\/saprea.org\/fr\/#\/schema\/logo\/image\/"},"sameAs":["https:\/\/facebook.com\/saprea.org","https:\/\/x.com\/saprea_org","https:\/\/instagram.com\/youniquefoundation","https:\/\/pinterest.com\/saprea_org","https:\/\/youtube.com\/c\/saprea_org"]}]}},"_links":{"self":[{"href":"https:\/\/saprea.org\/fr\/wp-json\/wp\/v2\/pages\/13339","targetHints":{"allow":["GET"]}}],"collection":[{"href":"https:\/\/saprea.org\/fr\/wp-json\/wp\/v2\/pages"}],"about":[{"href":"https:\/\/saprea.org\/fr\/wp-json\/wp\/v2\/types\/page"}],"author":[{"embeddable":true,"href":"https:\/\/saprea.org\/fr\/wp-json\/wp\/v2\/users\/3"}],"replies":[{"embeddable":true,"href":"https:\/\/saprea.org\/fr\/wp-json\/wp\/v2\/comments?post=13339"}],"version-history":[{"count":0,"href":"https:\/\/saprea.org\/fr\/wp-json\/wp\/v2\/pages\/13339\/revisions"}],"up":[{"embeddable":true,"href":"https:\/\/saprea.org\/fr\/wp-json\/wp\/v2\/pages\/13059"}],"wp:featuredmedia":[{"embeddable":true,"href":"https:\/\/saprea.org\/fr\/wp-json\/wp\/v2\/media\/11264"}],"wp:attachment":[{"href":"https:\/\/saprea.org\/fr\/wp-json\/wp\/v2\/media?parent=13339"}],"curies":[{"name":"wp","href":"https:\/\/api.w.org\/{rel}","templated":true}]}}