{"id":13285,"date":"2023-09-15T07:33:07","date_gmt":"2023-09-15T13:33:07","guid":{"rendered":"http:\/\/54.188.8.157\/?page_id=13285"},"modified":"2023-09-18T15:35:46","modified_gmt":"2023-09-18T21:35:46","slug":"relaxation-musculaire-progressive","status":"publish","type":"page","link":"https:\/\/saprea.org\/fr\/guerir\/approche\/relaxation-musculaire-progressive\/","title":{"rendered":"Ressources de gu\u00e9rison : Relaxation musculaire progressive"},"content":{"rendered":"<div id=\"cs-content\" class=\"cs-content\"><\/div>\n","protected":false},"excerpt":{"rendered":"<p>Saprea &gt; Ressources de gu\u00e9rison en ligne\u00a0&gt; Notre approche\u00a0&gt;Ressources de gu\u00e9rison : Relaxation musculaire progressiveRessources de gu\u00e9rison :Relaxation musculaire progressiveLa relaxation musculaire progressive est une forme de mouvement doux qui aide \u00e0 soulager la tension musculaire, \u00e0 r\u00e9duire le stress et \u00e0 favoriser un sentiment de calme.Parfois, les survivants d&rsquo;abus sexuels subis dans l&rsquo;enfance ont [&hellip;]<\/p>\n","protected":false},"author":3,"featured_media":11054,"parent":13059,"menu_order":0,"comment_status":"closed","ping_status":"closed","template":"","meta":{"footnotes":""},"class_list":["post-13285","page","type-page","status-publish","has-post-thumbnail","hentry"],"yoast_head":"<!-- This site is optimized with the Yoast SEO plugin v27.3 - https:\/\/yoast.com\/product\/yoast-seo-wordpress\/ -->\n<title>Relaxation musculaire progressive | Saprea<\/title>\n<meta name=\"description\" content=\"La relaxation musculaire progressive est un exercice de relaxation qui consiste \u00e0 contracter et \u00e0 rel\u00e2cher les principaux groupes musculaires.\" \/>\n<meta name=\"robots\" content=\"index, follow, max-snippet:-1, max-image-preview:large, max-video-preview:-1\" \/>\n<link rel=\"canonical\" href=\"https:\/\/saprea.org\/fr\/guerir\/approche\/relaxation-musculaire-progressive\/\" \/>\n<meta property=\"og:locale\" content=\"fr_FR\" \/>\n<meta property=\"og:type\" content=\"article\" \/>\n<meta property=\"og:title\" content=\"Relaxation musculaire progressive | Saprea\" \/>\n<meta property=\"og:description\" content=\"La relaxation musculaire progressive est un exercice de relaxation qui consiste \u00e0 contracter et \u00e0 rel\u00e2cher les principaux groupes musculaires.\" \/>\n<meta property=\"og:url\" content=\"https:\/\/saprea.org\/fr\/guerir\/approche\/relaxation-musculaire-progressive\/\" \/>\n<meta property=\"og:site_name\" content=\"Saprea\" \/>\n<meta property=\"article:publisher\" content=\"https:\/\/facebook.com\/saprea.org\" \/>\n<meta property=\"article:modified_time\" content=\"2023-09-18T21:35:46+00:00\" \/>\n<meta property=\"og:image\" content=\"https:\/\/saprea.org\/wp-content\/uploads\/2023\/07\/PMR.jpg\" \/>\n\t<meta property=\"og:image:width\" content=\"1024\" \/>\n\t<meta property=\"og:image:height\" content=\"576\" \/>\n\t<meta property=\"og:image:type\" content=\"image\/jpeg\" \/>\n<meta name=\"twitter:card\" content=\"summary_large_image\" \/>\n<meta name=\"twitter:site\" content=\"@saprea_org\" \/>\n<meta name=\"twitter:label1\" content=\"Dur\u00e9e de lecture estim\u00e9e\" \/>\n\t<meta name=\"twitter:data1\" content=\"1 minute\" \/>\n<script type=\"application\/ld+json\" class=\"yoast-schema-graph\">{\"@context\":\"https:\\\/\\\/schema.org\",\"@graph\":[{\"@type\":\"WebPage\",\"@id\":\"https:\\\/\\\/saprea.org\\\/fr\\\/guerir\\\/approche\\\/relaxation-musculaire-progressive\\\/\",\"url\":\"https:\\\/\\\/saprea.org\\\/fr\\\/guerir\\\/approche\\\/relaxation-musculaire-progressive\\\/\",\"name\":\"Relaxation musculaire progressive | Saprea\",\"isPartOf\":{\"@id\":\"https:\\\/\\\/saprea.org\\\/fr\\\/#website\"},\"primaryImageOfPage\":{\"@id\":\"https:\\\/\\\/saprea.org\\\/fr\\\/guerir\\\/approche\\\/relaxation-musculaire-progressive\\\/#primaryimage\"},\"image\":{\"@id\":\"https:\\\/\\\/saprea.org\\\/fr\\\/guerir\\\/approche\\\/relaxation-musculaire-progressive\\\/#primaryimage\"},\"thumbnailUrl\":\"https:\\\/\\\/saprea.org\\\/wp-content\\\/uploads\\\/2023\\\/07\\\/PMR.jpg\",\"datePublished\":\"2023-09-15T13:33:07+00:00\",\"dateModified\":\"2023-09-18T21:35:46+00:00\",\"description\":\"La relaxation musculaire progressive est un exercice de relaxation qui consiste \u00e0 contracter et \u00e0 rel\u00e2cher les principaux groupes musculaires.\",\"breadcrumb\":{\"@id\":\"https:\\\/\\\/saprea.org\\\/fr\\\/guerir\\\/approche\\\/relaxation-musculaire-progressive\\\/#breadcrumb\"},\"inLanguage\":\"fr-FR\",\"potentialAction\":[{\"@type\":\"ReadAction\",\"target\":[\"https:\\\/\\\/saprea.org\\\/fr\\\/guerir\\\/approche\\\/relaxation-musculaire-progressive\\\/\"]}]},{\"@type\":\"ImageObject\",\"inLanguage\":\"fr-FR\",\"@id\":\"https:\\\/\\\/saprea.org\\\/fr\\\/guerir\\\/approche\\\/relaxation-musculaire-progressive\\\/#primaryimage\",\"url\":\"https:\\\/\\\/saprea.org\\\/wp-content\\\/uploads\\\/2023\\\/07\\\/PMR.jpg\",\"contentUrl\":\"https:\\\/\\\/saprea.org\\\/wp-content\\\/uploads\\\/2023\\\/07\\\/PMR.jpg\",\"width\":1024,\"height\":576,\"caption\":\"Woman laying on floor focusing on her breathing\"},{\"@type\":\"BreadcrumbList\",\"@id\":\"https:\\\/\\\/saprea.org\\\/fr\\\/guerir\\\/approche\\\/relaxation-musculaire-progressive\\\/#breadcrumb\",\"itemListElement\":[{\"@type\":\"ListItem\",\"position\":1,\"name\":\"Home\",\"item\":\"https:\\\/\\\/saprea.org\\\/fr\\\/page-daccueil-saprea\\\/\"},{\"@type\":\"ListItem\",\"position\":2,\"name\":\"Gu\u00e9rir des abus sexuels\",\"item\":\"https:\\\/\\\/saprea.org\\\/fr\\\/guerir\\\/\"},{\"@type\":\"ListItem\",\"position\":3,\"name\":\"Notre approche de la gu\u00e9rison des abus sexuels subis dans l&rsquo;enfance\",\"item\":\"https:\\\/\\\/saprea.org\\\/fr\\\/guerir\\\/approche\\\/\"},{\"@type\":\"ListItem\",\"position\":4,\"name\":\"Ressources de gu\u00e9rison : Relaxation musculaire progressive\"}]},{\"@type\":\"WebSite\",\"@id\":\"https:\\\/\\\/saprea.org\\\/fr\\\/#website\",\"url\":\"https:\\\/\\\/saprea.org\\\/fr\\\/\",\"name\":\"Saprea\",\"description\":\"\",\"publisher\":{\"@id\":\"https:\\\/\\\/saprea.org\\\/fr\\\/#organization\"},\"potentialAction\":[{\"@type\":\"SearchAction\",\"target\":{\"@type\":\"EntryPoint\",\"urlTemplate\":\"https:\\\/\\\/saprea.org\\\/fr\\\/?s={search_term_string}\"},\"query-input\":{\"@type\":\"PropertyValueSpecification\",\"valueRequired\":true,\"valueName\":\"search_term_string\"}}],\"inLanguage\":\"fr-FR\"},{\"@type\":\"Organization\",\"@id\":\"https:\\\/\\\/saprea.org\\\/fr\\\/#organization\",\"name\":\"Saprea\",\"url\":\"https:\\\/\\\/saprea.org\\\/fr\\\/\",\"logo\":{\"@type\":\"ImageObject\",\"inLanguage\":\"fr-FR\",\"@id\":\"https:\\\/\\\/saprea.org\\\/fr\\\/#\\\/schema\\\/logo\\\/image\\\/\",\"url\":\"https:\\\/\\\/saprea.org\\\/wp-content\\\/uploads\\\/2021\\\/12\\\/Vector-7-1.png\",\"contentUrl\":\"https:\\\/\\\/saprea.org\\\/wp-content\\\/uploads\\\/2021\\\/12\\\/Vector-7-1.png\",\"width\":106,\"height\":105,\"caption\":\"Saprea\"},\"image\":{\"@id\":\"https:\\\/\\\/saprea.org\\\/fr\\\/#\\\/schema\\\/logo\\\/image\\\/\"},\"sameAs\":[\"https:\\\/\\\/facebook.com\\\/saprea.org\",\"https:\\\/\\\/x.com\\\/saprea_org\",\"https:\\\/\\\/instagram.com\\\/youniquefoundation\",\"https:\\\/\\\/pinterest.com\\\/saprea_org\",\"https:\\\/\\\/youtube.com\\\/c\\\/saprea_org\"]}]}<\/script>\n<!-- \/ Yoast SEO plugin. -->","yoast_head_json":{"title":"Relaxation musculaire progressive | Saprea","description":"La relaxation musculaire progressive est un exercice de relaxation qui consiste \u00e0 contracter et \u00e0 rel\u00e2cher les principaux groupes musculaires.","robots":{"index":"index","follow":"follow","max-snippet":"max-snippet:-1","max-image-preview":"max-image-preview:large","max-video-preview":"max-video-preview:-1"},"canonical":"https:\/\/saprea.org\/fr\/guerir\/approche\/relaxation-musculaire-progressive\/","og_locale":"fr_FR","og_type":"article","og_title":"Relaxation musculaire progressive | Saprea","og_description":"La relaxation musculaire progressive est un exercice de relaxation qui consiste \u00e0 contracter et \u00e0 rel\u00e2cher les principaux groupes musculaires.","og_url":"https:\/\/saprea.org\/fr\/guerir\/approche\/relaxation-musculaire-progressive\/","og_site_name":"Saprea","article_publisher":"https:\/\/facebook.com\/saprea.org","article_modified_time":"2023-09-18T21:35:46+00:00","og_image":[{"width":1024,"height":576,"url":"https:\/\/saprea.org\/wp-content\/uploads\/2023\/07\/PMR.jpg","type":"image\/jpeg"}],"twitter_card":"summary_large_image","twitter_site":"@saprea_org","twitter_misc":{"Dur\u00e9e de lecture estim\u00e9e":"1 minute"},"schema":{"@context":"https:\/\/schema.org","@graph":[{"@type":"WebPage","@id":"https:\/\/saprea.org\/fr\/guerir\/approche\/relaxation-musculaire-progressive\/","url":"https:\/\/saprea.org\/fr\/guerir\/approche\/relaxation-musculaire-progressive\/","name":"Relaxation musculaire progressive | Saprea","isPartOf":{"@id":"https:\/\/saprea.org\/fr\/#website"},"primaryImageOfPage":{"@id":"https:\/\/saprea.org\/fr\/guerir\/approche\/relaxation-musculaire-progressive\/#primaryimage"},"image":{"@id":"https:\/\/saprea.org\/fr\/guerir\/approche\/relaxation-musculaire-progressive\/#primaryimage"},"thumbnailUrl":"https:\/\/saprea.org\/wp-content\/uploads\/2023\/07\/PMR.jpg","datePublished":"2023-09-15T13:33:07+00:00","dateModified":"2023-09-18T21:35:46+00:00","description":"La relaxation musculaire progressive est un exercice de relaxation qui consiste \u00e0 contracter et \u00e0 rel\u00e2cher les principaux groupes musculaires.","breadcrumb":{"@id":"https:\/\/saprea.org\/fr\/guerir\/approche\/relaxation-musculaire-progressive\/#breadcrumb"},"inLanguage":"fr-FR","potentialAction":[{"@type":"ReadAction","target":["https:\/\/saprea.org\/fr\/guerir\/approche\/relaxation-musculaire-progressive\/"]}]},{"@type":"ImageObject","inLanguage":"fr-FR","@id":"https:\/\/saprea.org\/fr\/guerir\/approche\/relaxation-musculaire-progressive\/#primaryimage","url":"https:\/\/saprea.org\/wp-content\/uploads\/2023\/07\/PMR.jpg","contentUrl":"https:\/\/saprea.org\/wp-content\/uploads\/2023\/07\/PMR.jpg","width":1024,"height":576,"caption":"Woman laying on floor focusing on her breathing"},{"@type":"BreadcrumbList","@id":"https:\/\/saprea.org\/fr\/guerir\/approche\/relaxation-musculaire-progressive\/#breadcrumb","itemListElement":[{"@type":"ListItem","position":1,"name":"Home","item":"https:\/\/saprea.org\/fr\/page-daccueil-saprea\/"},{"@type":"ListItem","position":2,"name":"Gu\u00e9rir des abus sexuels","item":"https:\/\/saprea.org\/fr\/guerir\/"},{"@type":"ListItem","position":3,"name":"Notre approche de la gu\u00e9rison des abus sexuels subis dans l&rsquo;enfance","item":"https:\/\/saprea.org\/fr\/guerir\/approche\/"},{"@type":"ListItem","position":4,"name":"Ressources de gu\u00e9rison : Relaxation musculaire progressive"}]},{"@type":"WebSite","@id":"https:\/\/saprea.org\/fr\/#website","url":"https:\/\/saprea.org\/fr\/","name":"Saprea","description":"","publisher":{"@id":"https:\/\/saprea.org\/fr\/#organization"},"potentialAction":[{"@type":"SearchAction","target":{"@type":"EntryPoint","urlTemplate":"https:\/\/saprea.org\/fr\/?s={search_term_string}"},"query-input":{"@type":"PropertyValueSpecification","valueRequired":true,"valueName":"search_term_string"}}],"inLanguage":"fr-FR"},{"@type":"Organization","@id":"https:\/\/saprea.org\/fr\/#organization","name":"Saprea","url":"https:\/\/saprea.org\/fr\/","logo":{"@type":"ImageObject","inLanguage":"fr-FR","@id":"https:\/\/saprea.org\/fr\/#\/schema\/logo\/image\/","url":"https:\/\/saprea.org\/wp-content\/uploads\/2021\/12\/Vector-7-1.png","contentUrl":"https:\/\/saprea.org\/wp-content\/uploads\/2021\/12\/Vector-7-1.png","width":106,"height":105,"caption":"Saprea"},"image":{"@id":"https:\/\/saprea.org\/fr\/#\/schema\/logo\/image\/"},"sameAs":["https:\/\/facebook.com\/saprea.org","https:\/\/x.com\/saprea_org","https:\/\/instagram.com\/youniquefoundation","https:\/\/pinterest.com\/saprea_org","https:\/\/youtube.com\/c\/saprea_org"]}]}},"_links":{"self":[{"href":"https:\/\/saprea.org\/fr\/wp-json\/wp\/v2\/pages\/13285","targetHints":{"allow":["GET"]}}],"collection":[{"href":"https:\/\/saprea.org\/fr\/wp-json\/wp\/v2\/pages"}],"about":[{"href":"https:\/\/saprea.org\/fr\/wp-json\/wp\/v2\/types\/page"}],"author":[{"embeddable":true,"href":"https:\/\/saprea.org\/fr\/wp-json\/wp\/v2\/users\/3"}],"replies":[{"embeddable":true,"href":"https:\/\/saprea.org\/fr\/wp-json\/wp\/v2\/comments?post=13285"}],"version-history":[{"count":0,"href":"https:\/\/saprea.org\/fr\/wp-json\/wp\/v2\/pages\/13285\/revisions"}],"up":[{"embeddable":true,"href":"https:\/\/saprea.org\/fr\/wp-json\/wp\/v2\/pages\/13059"}],"wp:featuredmedia":[{"embeddable":true,"href":"https:\/\/saprea.org\/fr\/wp-json\/wp\/v2\/media\/11054"}],"wp:attachment":[{"href":"https:\/\/saprea.org\/fr\/wp-json\/wp\/v2\/media?parent=13285"}],"curies":[{"name":"wp","href":"https:\/\/api.w.org\/{rel}","templated":true}]}}