{"id":13226,"date":"2023-09-15T07:33:04","date_gmt":"2023-09-15T13:33:04","guid":{"rendered":"http:\/\/54.188.8.157\/?page_id=13226"},"modified":"2023-09-20T14:32:38","modified_gmt":"2023-09-20T20:32:38","slug":"roue-des-emotions","status":"publish","type":"page","link":"https:\/\/saprea.org\/fr\/guerir\/approche\/roue-des-emotions\/","title":{"rendered":"Ressources de gu\u00e9rison : Roue des \u00e9motions"},"content":{"rendered":"<div id=\"cs-content\" class=\"cs-content\"><\/div>\n","protected":false},"excerpt":{"rendered":"<p>Saprea &gt; Ressources de gu\u00e9rison en ligne\u00a0&gt; Notre approche\u00a0&gt;Ressources de gu\u00e9rison : Roue des \u00e9motionsRessources de gu\u00e9rison :Roue des \u00e9motionsPouvoir attribuer un nom aux \u00e9motions que vous ressentez peut vous aider \u00e0 mieux comprendre ce que vous ressentez, pourquoi vous vous sentez ainsi, et comment vous pouvez r\u00e9pondre \u00e0 vos besoins \u00e9motionnels.Il est souvent facile [&hellip;]<\/p>\n","protected":false},"author":3,"featured_media":11030,"parent":13059,"menu_order":0,"comment_status":"closed","ping_status":"closed","template":"","meta":{"footnotes":""},"class_list":["post-13226","page","type-page","status-publish","has-post-thumbnail","hentry"],"yoast_head":"<!-- This site is optimized with the Yoast SEO plugin v27.3 - https:\/\/yoast.com\/product\/yoast-seo-wordpress\/ -->\n<title>Roue des \u00e9motions | Saprea<\/title>\n<meta name=\"description\" content=\"La roue des \u00e9motions est un outil que de nombreux survivants d&#039;abus sexuels trouvent utile. Cette roue vous aide \u00e0 identifier les \u00e9motions que vous ressentez.\" \/>\n<meta name=\"robots\" content=\"index, follow, max-snippet:-1, max-image-preview:large, max-video-preview:-1\" \/>\n<link rel=\"canonical\" href=\"https:\/\/saprea.org\/fr\/guerir\/approche\/roue-des-emotions\/\" \/>\n<meta property=\"og:locale\" content=\"fr_FR\" \/>\n<meta property=\"og:type\" content=\"article\" \/>\n<meta property=\"og:title\" content=\"Roue des \u00e9motions | Saprea\" \/>\n<meta property=\"og:description\" content=\"La roue des \u00e9motions est un outil que de nombreux survivants d&#039;abus sexuels trouvent utile. Cette roue vous aide \u00e0 identifier les \u00e9motions que vous ressentez.\" \/>\n<meta property=\"og:url\" content=\"https:\/\/saprea.org\/fr\/guerir\/approche\/roue-des-emotions\/\" \/>\n<meta property=\"og:site_name\" content=\"Saprea\" \/>\n<meta property=\"article:publisher\" content=\"https:\/\/facebook.com\/saprea.org\" \/>\n<meta property=\"article:modified_time\" content=\"2023-09-20T20:32:38+00:00\" \/>\n<meta property=\"og:image\" content=\"https:\/\/saprea.org\/wp-content\/uploads\/2023\/07\/Emotion-Wheel.jpg\" \/>\n\t<meta property=\"og:image:width\" content=\"1024\" \/>\n\t<meta property=\"og:image:height\" content=\"576\" \/>\n\t<meta property=\"og:image:type\" content=\"image\/jpeg\" \/>\n<meta name=\"twitter:card\" content=\"summary_large_image\" \/>\n<meta name=\"twitter:site\" content=\"@saprea_org\" \/>\n<meta name=\"twitter:label1\" content=\"Dur\u00e9e de lecture estim\u00e9e\" \/>\n\t<meta name=\"twitter:data1\" content=\"1 minute\" \/>\n<script type=\"application\/ld+json\" class=\"yoast-schema-graph\">{\"@context\":\"https:\\\/\\\/schema.org\",\"@graph\":[{\"@type\":\"WebPage\",\"@id\":\"https:\\\/\\\/saprea.org\\\/fr\\\/guerir\\\/approche\\\/roue-des-emotions\\\/\",\"url\":\"https:\\\/\\\/saprea.org\\\/fr\\\/guerir\\\/approche\\\/roue-des-emotions\\\/\",\"name\":\"Roue des \u00e9motions | Saprea\",\"isPartOf\":{\"@id\":\"https:\\\/\\\/saprea.org\\\/fr\\\/#website\"},\"primaryImageOfPage\":{\"@id\":\"https:\\\/\\\/saprea.org\\\/fr\\\/guerir\\\/approche\\\/roue-des-emotions\\\/#primaryimage\"},\"image\":{\"@id\":\"https:\\\/\\\/saprea.org\\\/fr\\\/guerir\\\/approche\\\/roue-des-emotions\\\/#primaryimage\"},\"thumbnailUrl\":\"https:\\\/\\\/saprea.org\\\/wp-content\\\/uploads\\\/2023\\\/07\\\/Emotion-Wheel.jpg\",\"datePublished\":\"2023-09-15T13:33:04+00:00\",\"dateModified\":\"2023-09-20T20:32:38+00:00\",\"description\":\"La roue des \u00e9motions est un outil que de nombreux survivants d'abus sexuels trouvent utile. Cette roue vous aide \u00e0 identifier les \u00e9motions que vous ressentez.\",\"breadcrumb\":{\"@id\":\"https:\\\/\\\/saprea.org\\\/fr\\\/guerir\\\/approche\\\/roue-des-emotions\\\/#breadcrumb\"},\"inLanguage\":\"fr-FR\",\"potentialAction\":[{\"@type\":\"ReadAction\",\"target\":[\"https:\\\/\\\/saprea.org\\\/fr\\\/guerir\\\/approche\\\/roue-des-emotions\\\/\"]}]},{\"@type\":\"ImageObject\",\"inLanguage\":\"fr-FR\",\"@id\":\"https:\\\/\\\/saprea.org\\\/fr\\\/guerir\\\/approche\\\/roue-des-emotions\\\/#primaryimage\",\"url\":\"https:\\\/\\\/saprea.org\\\/wp-content\\\/uploads\\\/2023\\\/07\\\/Emotion-Wheel.jpg\",\"contentUrl\":\"https:\\\/\\\/saprea.org\\\/wp-content\\\/uploads\\\/2023\\\/07\\\/Emotion-Wheel.jpg\",\"width\":1024,\"height\":576,\"caption\":\"Emotionally distraught woman standing beside window with her hand to her head\"},{\"@type\":\"BreadcrumbList\",\"@id\":\"https:\\\/\\\/saprea.org\\\/fr\\\/guerir\\\/approche\\\/roue-des-emotions\\\/#breadcrumb\",\"itemListElement\":[{\"@type\":\"ListItem\",\"position\":1,\"name\":\"Home\",\"item\":\"https:\\\/\\\/saprea.org\\\/fr\\\/page-daccueil-saprea\\\/\"},{\"@type\":\"ListItem\",\"position\":2,\"name\":\"Gu\u00e9rir des abus sexuels\",\"item\":\"https:\\\/\\\/saprea.org\\\/fr\\\/guerir\\\/\"},{\"@type\":\"ListItem\",\"position\":3,\"name\":\"Notre approche de la gu\u00e9rison des abus sexuels subis dans l&rsquo;enfance\",\"item\":\"https:\\\/\\\/saprea.org\\\/fr\\\/guerir\\\/approche\\\/\"},{\"@type\":\"ListItem\",\"position\":4,\"name\":\"Ressources de gu\u00e9rison : Roue des \u00e9motions\"}]},{\"@type\":\"WebSite\",\"@id\":\"https:\\\/\\\/saprea.org\\\/fr\\\/#website\",\"url\":\"https:\\\/\\\/saprea.org\\\/fr\\\/\",\"name\":\"Saprea\",\"description\":\"\",\"publisher\":{\"@id\":\"https:\\\/\\\/saprea.org\\\/fr\\\/#organization\"},\"potentialAction\":[{\"@type\":\"SearchAction\",\"target\":{\"@type\":\"EntryPoint\",\"urlTemplate\":\"https:\\\/\\\/saprea.org\\\/fr\\\/?s={search_term_string}\"},\"query-input\":{\"@type\":\"PropertyValueSpecification\",\"valueRequired\":true,\"valueName\":\"search_term_string\"}}],\"inLanguage\":\"fr-FR\"},{\"@type\":\"Organization\",\"@id\":\"https:\\\/\\\/saprea.org\\\/fr\\\/#organization\",\"name\":\"Saprea\",\"url\":\"https:\\\/\\\/saprea.org\\\/fr\\\/\",\"logo\":{\"@type\":\"ImageObject\",\"inLanguage\":\"fr-FR\",\"@id\":\"https:\\\/\\\/saprea.org\\\/fr\\\/#\\\/schema\\\/logo\\\/image\\\/\",\"url\":\"https:\\\/\\\/saprea.org\\\/wp-content\\\/uploads\\\/2021\\\/12\\\/Vector-7-1.png\",\"contentUrl\":\"https:\\\/\\\/saprea.org\\\/wp-content\\\/uploads\\\/2021\\\/12\\\/Vector-7-1.png\",\"width\":106,\"height\":105,\"caption\":\"Saprea\"},\"image\":{\"@id\":\"https:\\\/\\\/saprea.org\\\/fr\\\/#\\\/schema\\\/logo\\\/image\\\/\"},\"sameAs\":[\"https:\\\/\\\/facebook.com\\\/saprea.org\",\"https:\\\/\\\/x.com\\\/saprea_org\",\"https:\\\/\\\/instagram.com\\\/youniquefoundation\",\"https:\\\/\\\/pinterest.com\\\/saprea_org\",\"https:\\\/\\\/youtube.com\\\/c\\\/saprea_org\"]}]}<\/script>\n<!-- \/ Yoast SEO plugin. -->","yoast_head_json":{"title":"Roue des \u00e9motions | Saprea","description":"La roue des \u00e9motions est un outil que de nombreux survivants d'abus sexuels trouvent utile. Cette roue vous aide \u00e0 identifier les \u00e9motions que vous ressentez.","robots":{"index":"index","follow":"follow","max-snippet":"max-snippet:-1","max-image-preview":"max-image-preview:large","max-video-preview":"max-video-preview:-1"},"canonical":"https:\/\/saprea.org\/fr\/guerir\/approche\/roue-des-emotions\/","og_locale":"fr_FR","og_type":"article","og_title":"Roue des \u00e9motions | Saprea","og_description":"La roue des \u00e9motions est un outil que de nombreux survivants d'abus sexuels trouvent utile. Cette roue vous aide \u00e0 identifier les \u00e9motions que vous ressentez.","og_url":"https:\/\/saprea.org\/fr\/guerir\/approche\/roue-des-emotions\/","og_site_name":"Saprea","article_publisher":"https:\/\/facebook.com\/saprea.org","article_modified_time":"2023-09-20T20:32:38+00:00","og_image":[{"width":1024,"height":576,"url":"https:\/\/saprea.org\/wp-content\/uploads\/2023\/07\/Emotion-Wheel.jpg","type":"image\/jpeg"}],"twitter_card":"summary_large_image","twitter_site":"@saprea_org","twitter_misc":{"Dur\u00e9e de lecture estim\u00e9e":"1 minute"},"schema":{"@context":"https:\/\/schema.org","@graph":[{"@type":"WebPage","@id":"https:\/\/saprea.org\/fr\/guerir\/approche\/roue-des-emotions\/","url":"https:\/\/saprea.org\/fr\/guerir\/approche\/roue-des-emotions\/","name":"Roue des \u00e9motions | Saprea","isPartOf":{"@id":"https:\/\/saprea.org\/fr\/#website"},"primaryImageOfPage":{"@id":"https:\/\/saprea.org\/fr\/guerir\/approche\/roue-des-emotions\/#primaryimage"},"image":{"@id":"https:\/\/saprea.org\/fr\/guerir\/approche\/roue-des-emotions\/#primaryimage"},"thumbnailUrl":"https:\/\/saprea.org\/wp-content\/uploads\/2023\/07\/Emotion-Wheel.jpg","datePublished":"2023-09-15T13:33:04+00:00","dateModified":"2023-09-20T20:32:38+00:00","description":"La roue des \u00e9motions est un outil que de nombreux survivants d'abus sexuels trouvent utile. Cette roue vous aide \u00e0 identifier les \u00e9motions que vous ressentez.","breadcrumb":{"@id":"https:\/\/saprea.org\/fr\/guerir\/approche\/roue-des-emotions\/#breadcrumb"},"inLanguage":"fr-FR","potentialAction":[{"@type":"ReadAction","target":["https:\/\/saprea.org\/fr\/guerir\/approche\/roue-des-emotions\/"]}]},{"@type":"ImageObject","inLanguage":"fr-FR","@id":"https:\/\/saprea.org\/fr\/guerir\/approche\/roue-des-emotions\/#primaryimage","url":"https:\/\/saprea.org\/wp-content\/uploads\/2023\/07\/Emotion-Wheel.jpg","contentUrl":"https:\/\/saprea.org\/wp-content\/uploads\/2023\/07\/Emotion-Wheel.jpg","width":1024,"height":576,"caption":"Emotionally distraught woman standing beside window with her hand to her head"},{"@type":"BreadcrumbList","@id":"https:\/\/saprea.org\/fr\/guerir\/approche\/roue-des-emotions\/#breadcrumb","itemListElement":[{"@type":"ListItem","position":1,"name":"Home","item":"https:\/\/saprea.org\/fr\/page-daccueil-saprea\/"},{"@type":"ListItem","position":2,"name":"Gu\u00e9rir des abus sexuels","item":"https:\/\/saprea.org\/fr\/guerir\/"},{"@type":"ListItem","position":3,"name":"Notre approche de la gu\u00e9rison des abus sexuels subis dans l&rsquo;enfance","item":"https:\/\/saprea.org\/fr\/guerir\/approche\/"},{"@type":"ListItem","position":4,"name":"Ressources de gu\u00e9rison : Roue des \u00e9motions"}]},{"@type":"WebSite","@id":"https:\/\/saprea.org\/fr\/#website","url":"https:\/\/saprea.org\/fr\/","name":"Saprea","description":"","publisher":{"@id":"https:\/\/saprea.org\/fr\/#organization"},"potentialAction":[{"@type":"SearchAction","target":{"@type":"EntryPoint","urlTemplate":"https:\/\/saprea.org\/fr\/?s={search_term_string}"},"query-input":{"@type":"PropertyValueSpecification","valueRequired":true,"valueName":"search_term_string"}}],"inLanguage":"fr-FR"},{"@type":"Organization","@id":"https:\/\/saprea.org\/fr\/#organization","name":"Saprea","url":"https:\/\/saprea.org\/fr\/","logo":{"@type":"ImageObject","inLanguage":"fr-FR","@id":"https:\/\/saprea.org\/fr\/#\/schema\/logo\/image\/","url":"https:\/\/saprea.org\/wp-content\/uploads\/2021\/12\/Vector-7-1.png","contentUrl":"https:\/\/saprea.org\/wp-content\/uploads\/2021\/12\/Vector-7-1.png","width":106,"height":105,"caption":"Saprea"},"image":{"@id":"https:\/\/saprea.org\/fr\/#\/schema\/logo\/image\/"},"sameAs":["https:\/\/facebook.com\/saprea.org","https:\/\/x.com\/saprea_org","https:\/\/instagram.com\/youniquefoundation","https:\/\/pinterest.com\/saprea_org","https:\/\/youtube.com\/c\/saprea_org"]}]}},"_links":{"self":[{"href":"https:\/\/saprea.org\/fr\/wp-json\/wp\/v2\/pages\/13226","targetHints":{"allow":["GET"]}}],"collection":[{"href":"https:\/\/saprea.org\/fr\/wp-json\/wp\/v2\/pages"}],"about":[{"href":"https:\/\/saprea.org\/fr\/wp-json\/wp\/v2\/types\/page"}],"author":[{"embeddable":true,"href":"https:\/\/saprea.org\/fr\/wp-json\/wp\/v2\/users\/3"}],"replies":[{"embeddable":true,"href":"https:\/\/saprea.org\/fr\/wp-json\/wp\/v2\/comments?post=13226"}],"version-history":[{"count":0,"href":"https:\/\/saprea.org\/fr\/wp-json\/wp\/v2\/pages\/13226\/revisions"}],"up":[{"embeddable":true,"href":"https:\/\/saprea.org\/fr\/wp-json\/wp\/v2\/pages\/13059"}],"wp:featuredmedia":[{"embeddable":true,"href":"https:\/\/saprea.org\/fr\/wp-json\/wp\/v2\/media\/11030"}],"wp:attachment":[{"href":"https:\/\/saprea.org\/fr\/wp-json\/wp\/v2\/media?parent=13226"}],"curies":[{"name":"wp","href":"https:\/\/api.w.org\/{rel}","templated":true}]}}