{"id":13193,"date":"2023-09-15T07:31:14","date_gmt":"2023-09-15T13:31:14","guid":{"rendered":"http:\/\/54.188.8.157\/?page_id=13193"},"modified":"2023-09-18T14:49:23","modified_gmt":"2023-09-18T20:49:23","slug":"creer-plan-secours","status":"publish","type":"page","link":"https:\/\/saprea.org\/fr\/guerir\/approche\/creer-plan-secours\/","title":{"rendered":"Ressources de gu\u00e9rison : Cr\u00e9er un plan de secours"},"content":{"rendered":"<div id=\"cs-content\" class=\"cs-content\"><\/div>\n","protected":false},"excerpt":{"rendered":"<p>Saprea &gt; Ressources de gu\u00e9rison en ligne\u00a0&gt; Notre approche\u00a0&gt;Ressources de gu\u00e9rison : Cr\u00e9er un plan de secoursRessources de gu\u00e9rison :Cr\u00e9er un plan de secoursUn plan de secours comprend toute sorte de pr\u00e9caution de s\u00e9curit\u00e9 que vous mettez en place pour vous aider \u00e0 g\u00e9rer ou \u00e0 faire face aux sympt\u00f4mes li\u00e9s \u00e0 un traumatisme que [&hellip;]<\/p>\n","protected":false},"author":3,"featured_media":11009,"parent":13059,"menu_order":0,"comment_status":"closed","ping_status":"closed","template":"","meta":{"footnotes":""},"class_list":["post-13193","page","type-page","status-publish","has-post-thumbnail","hentry"],"yoast_head":"<!-- This site is optimized with the Yoast SEO plugin v27.3 - https:\/\/yoast.com\/product\/yoast-seo-wordpress\/ -->\n<title>Cr\u00e9er un plan de secours | Saprea<\/title>\n<meta name=\"description\" content=\"Un plan de secours est une sorte de mesure de s\u00e9curit\u00e9 que vous mettez en place pour vous aider \u00e0 g\u00e9rer ou \u00e0 faire face aux sympt\u00f4mes li\u00e9s au traumatisme que vous ressentez.\" \/>\n<meta name=\"robots\" content=\"index, follow, max-snippet:-1, max-image-preview:large, max-video-preview:-1\" \/>\n<link rel=\"canonical\" href=\"https:\/\/saprea.org\/fr\/guerir\/approche\/creer-plan-secours\/\" \/>\n<meta property=\"og:locale\" content=\"fr_FR\" \/>\n<meta property=\"og:type\" content=\"article\" \/>\n<meta property=\"og:title\" content=\"Cr\u00e9er un plan de secours | Saprea\" \/>\n<meta property=\"og:description\" content=\"Un plan de secours est une sorte de mesure de s\u00e9curit\u00e9 que vous mettez en place pour vous aider \u00e0 g\u00e9rer ou \u00e0 faire face aux sympt\u00f4mes li\u00e9s au traumatisme que vous ressentez.\" \/>\n<meta property=\"og:url\" content=\"https:\/\/saprea.org\/fr\/guerir\/approche\/creer-plan-secours\/\" \/>\n<meta property=\"og:site_name\" content=\"Saprea\" \/>\n<meta property=\"article:publisher\" content=\"https:\/\/facebook.com\/saprea.org\" \/>\n<meta property=\"article:modified_time\" content=\"2023-09-18T20:49:23+00:00\" \/>\n<meta property=\"og:image\" content=\"https:\/\/saprea.org\/wp-content\/uploads\/2023\/07\/TYF_HealingResources_CreatingABack-upPlan.jpg\" \/>\n\t<meta property=\"og:image:width\" content=\"1600\" \/>\n\t<meta property=\"og:image:height\" content=\"900\" \/>\n\t<meta property=\"og:image:type\" content=\"image\/jpeg\" \/>\n<meta name=\"twitter:card\" content=\"summary_large_image\" \/>\n<meta name=\"twitter:site\" content=\"@saprea_org\" \/>\n<meta name=\"twitter:label1\" content=\"Dur\u00e9e de lecture estim\u00e9e\" \/>\n\t<meta name=\"twitter:data1\" content=\"1 minute\" \/>\n<script type=\"application\/ld+json\" class=\"yoast-schema-graph\">{\"@context\":\"https:\\\/\\\/schema.org\",\"@graph\":[{\"@type\":\"WebPage\",\"@id\":\"https:\\\/\\\/saprea.org\\\/fr\\\/guerir\\\/approche\\\/creer-plan-secours\\\/\",\"url\":\"https:\\\/\\\/saprea.org\\\/fr\\\/guerir\\\/approche\\\/creer-plan-secours\\\/\",\"name\":\"Cr\u00e9er un plan de secours | Saprea\",\"isPartOf\":{\"@id\":\"https:\\\/\\\/saprea.org\\\/fr\\\/#website\"},\"primaryImageOfPage\":{\"@id\":\"https:\\\/\\\/saprea.org\\\/fr\\\/guerir\\\/approche\\\/creer-plan-secours\\\/#primaryimage\"},\"image\":{\"@id\":\"https:\\\/\\\/saprea.org\\\/fr\\\/guerir\\\/approche\\\/creer-plan-secours\\\/#primaryimage\"},\"thumbnailUrl\":\"https:\\\/\\\/saprea.org\\\/wp-content\\\/uploads\\\/2023\\\/07\\\/TYF_HealingResources_CreatingABack-upPlan.jpg\",\"datePublished\":\"2023-09-15T13:31:14+00:00\",\"dateModified\":\"2023-09-18T20:49:23+00:00\",\"description\":\"Un plan de secours est une sorte de mesure de s\u00e9curit\u00e9 que vous mettez en place pour vous aider \u00e0 g\u00e9rer ou \u00e0 faire face aux sympt\u00f4mes li\u00e9s au traumatisme que vous ressentez.\",\"breadcrumb\":{\"@id\":\"https:\\\/\\\/saprea.org\\\/fr\\\/guerir\\\/approche\\\/creer-plan-secours\\\/#breadcrumb\"},\"inLanguage\":\"fr-FR\",\"potentialAction\":[{\"@type\":\"ReadAction\",\"target\":[\"https:\\\/\\\/saprea.org\\\/fr\\\/guerir\\\/approche\\\/creer-plan-secours\\\/\"]}]},{\"@type\":\"ImageObject\",\"inLanguage\":\"fr-FR\",\"@id\":\"https:\\\/\\\/saprea.org\\\/fr\\\/guerir\\\/approche\\\/creer-plan-secours\\\/#primaryimage\",\"url\":\"https:\\\/\\\/saprea.org\\\/wp-content\\\/uploads\\\/2023\\\/07\\\/TYF_HealingResources_CreatingABack-upPlan.jpg\",\"contentUrl\":\"https:\\\/\\\/saprea.org\\\/wp-content\\\/uploads\\\/2023\\\/07\\\/TYF_HealingResources_CreatingABack-upPlan.jpg\",\"width\":1600,\"height\":900,\"caption\":\"USA, Texas, Austin\"},{\"@type\":\"BreadcrumbList\",\"@id\":\"https:\\\/\\\/saprea.org\\\/fr\\\/guerir\\\/approche\\\/creer-plan-secours\\\/#breadcrumb\",\"itemListElement\":[{\"@type\":\"ListItem\",\"position\":1,\"name\":\"Home\",\"item\":\"https:\\\/\\\/saprea.org\\\/fr\\\/page-daccueil-saprea\\\/\"},{\"@type\":\"ListItem\",\"position\":2,\"name\":\"Gu\u00e9rir des abus sexuels\",\"item\":\"https:\\\/\\\/saprea.org\\\/fr\\\/guerir\\\/\"},{\"@type\":\"ListItem\",\"position\":3,\"name\":\"Notre approche de la gu\u00e9rison des abus sexuels subis dans l&rsquo;enfance\",\"item\":\"https:\\\/\\\/saprea.org\\\/fr\\\/guerir\\\/approche\\\/\"},{\"@type\":\"ListItem\",\"position\":4,\"name\":\"Ressources de gu\u00e9rison : Cr\u00e9er un plan de secours\"}]},{\"@type\":\"WebSite\",\"@id\":\"https:\\\/\\\/saprea.org\\\/fr\\\/#website\",\"url\":\"https:\\\/\\\/saprea.org\\\/fr\\\/\",\"name\":\"Saprea\",\"description\":\"\",\"publisher\":{\"@id\":\"https:\\\/\\\/saprea.org\\\/fr\\\/#organization\"},\"potentialAction\":[{\"@type\":\"SearchAction\",\"target\":{\"@type\":\"EntryPoint\",\"urlTemplate\":\"https:\\\/\\\/saprea.org\\\/fr\\\/?s={search_term_string}\"},\"query-input\":{\"@type\":\"PropertyValueSpecification\",\"valueRequired\":true,\"valueName\":\"search_term_string\"}}],\"inLanguage\":\"fr-FR\"},{\"@type\":\"Organization\",\"@id\":\"https:\\\/\\\/saprea.org\\\/fr\\\/#organization\",\"name\":\"Saprea\",\"url\":\"https:\\\/\\\/saprea.org\\\/fr\\\/\",\"logo\":{\"@type\":\"ImageObject\",\"inLanguage\":\"fr-FR\",\"@id\":\"https:\\\/\\\/saprea.org\\\/fr\\\/#\\\/schema\\\/logo\\\/image\\\/\",\"url\":\"https:\\\/\\\/saprea.org\\\/wp-content\\\/uploads\\\/2021\\\/12\\\/Vector-7-1.png\",\"contentUrl\":\"https:\\\/\\\/saprea.org\\\/wp-content\\\/uploads\\\/2021\\\/12\\\/Vector-7-1.png\",\"width\":106,\"height\":105,\"caption\":\"Saprea\"},\"image\":{\"@id\":\"https:\\\/\\\/saprea.org\\\/fr\\\/#\\\/schema\\\/logo\\\/image\\\/\"},\"sameAs\":[\"https:\\\/\\\/facebook.com\\\/saprea.org\",\"https:\\\/\\\/x.com\\\/saprea_org\",\"https:\\\/\\\/instagram.com\\\/youniquefoundation\",\"https:\\\/\\\/pinterest.com\\\/saprea_org\",\"https:\\\/\\\/youtube.com\\\/c\\\/saprea_org\"]}]}<\/script>\n<!-- \/ Yoast SEO plugin. -->","yoast_head_json":{"title":"Cr\u00e9er un plan de secours | Saprea","description":"Un plan de secours est une sorte de mesure de s\u00e9curit\u00e9 que vous mettez en place pour vous aider \u00e0 g\u00e9rer ou \u00e0 faire face aux sympt\u00f4mes li\u00e9s au traumatisme que vous ressentez.","robots":{"index":"index","follow":"follow","max-snippet":"max-snippet:-1","max-image-preview":"max-image-preview:large","max-video-preview":"max-video-preview:-1"},"canonical":"https:\/\/saprea.org\/fr\/guerir\/approche\/creer-plan-secours\/","og_locale":"fr_FR","og_type":"article","og_title":"Cr\u00e9er un plan de secours | Saprea","og_description":"Un plan de secours est une sorte de mesure de s\u00e9curit\u00e9 que vous mettez en place pour vous aider \u00e0 g\u00e9rer ou \u00e0 faire face aux sympt\u00f4mes li\u00e9s au traumatisme que vous ressentez.","og_url":"https:\/\/saprea.org\/fr\/guerir\/approche\/creer-plan-secours\/","og_site_name":"Saprea","article_publisher":"https:\/\/facebook.com\/saprea.org","article_modified_time":"2023-09-18T20:49:23+00:00","og_image":[{"width":1600,"height":900,"url":"https:\/\/saprea.org\/wp-content\/uploads\/2023\/07\/TYF_HealingResources_CreatingABack-upPlan.jpg","type":"image\/jpeg"}],"twitter_card":"summary_large_image","twitter_site":"@saprea_org","twitter_misc":{"Dur\u00e9e de lecture estim\u00e9e":"1 minute"},"schema":{"@context":"https:\/\/schema.org","@graph":[{"@type":"WebPage","@id":"https:\/\/saprea.org\/fr\/guerir\/approche\/creer-plan-secours\/","url":"https:\/\/saprea.org\/fr\/guerir\/approche\/creer-plan-secours\/","name":"Cr\u00e9er un plan de secours | Saprea","isPartOf":{"@id":"https:\/\/saprea.org\/fr\/#website"},"primaryImageOfPage":{"@id":"https:\/\/saprea.org\/fr\/guerir\/approche\/creer-plan-secours\/#primaryimage"},"image":{"@id":"https:\/\/saprea.org\/fr\/guerir\/approche\/creer-plan-secours\/#primaryimage"},"thumbnailUrl":"https:\/\/saprea.org\/wp-content\/uploads\/2023\/07\/TYF_HealingResources_CreatingABack-upPlan.jpg","datePublished":"2023-09-15T13:31:14+00:00","dateModified":"2023-09-18T20:49:23+00:00","description":"Un plan de secours est une sorte de mesure de s\u00e9curit\u00e9 que vous mettez en place pour vous aider \u00e0 g\u00e9rer ou \u00e0 faire face aux sympt\u00f4mes li\u00e9s au traumatisme que vous ressentez.","breadcrumb":{"@id":"https:\/\/saprea.org\/fr\/guerir\/approche\/creer-plan-secours\/#breadcrumb"},"inLanguage":"fr-FR","potentialAction":[{"@type":"ReadAction","target":["https:\/\/saprea.org\/fr\/guerir\/approche\/creer-plan-secours\/"]}]},{"@type":"ImageObject","inLanguage":"fr-FR","@id":"https:\/\/saprea.org\/fr\/guerir\/approche\/creer-plan-secours\/#primaryimage","url":"https:\/\/saprea.org\/wp-content\/uploads\/2023\/07\/TYF_HealingResources_CreatingABack-upPlan.jpg","contentUrl":"https:\/\/saprea.org\/wp-content\/uploads\/2023\/07\/TYF_HealingResources_CreatingABack-upPlan.jpg","width":1600,"height":900,"caption":"USA, Texas, Austin"},{"@type":"BreadcrumbList","@id":"https:\/\/saprea.org\/fr\/guerir\/approche\/creer-plan-secours\/#breadcrumb","itemListElement":[{"@type":"ListItem","position":1,"name":"Home","item":"https:\/\/saprea.org\/fr\/page-daccueil-saprea\/"},{"@type":"ListItem","position":2,"name":"Gu\u00e9rir des abus sexuels","item":"https:\/\/saprea.org\/fr\/guerir\/"},{"@type":"ListItem","position":3,"name":"Notre approche de la gu\u00e9rison des abus sexuels subis dans l&rsquo;enfance","item":"https:\/\/saprea.org\/fr\/guerir\/approche\/"},{"@type":"ListItem","position":4,"name":"Ressources de gu\u00e9rison : Cr\u00e9er un plan de secours"}]},{"@type":"WebSite","@id":"https:\/\/saprea.org\/fr\/#website","url":"https:\/\/saprea.org\/fr\/","name":"Saprea","description":"","publisher":{"@id":"https:\/\/saprea.org\/fr\/#organization"},"potentialAction":[{"@type":"SearchAction","target":{"@type":"EntryPoint","urlTemplate":"https:\/\/saprea.org\/fr\/?s={search_term_string}"},"query-input":{"@type":"PropertyValueSpecification","valueRequired":true,"valueName":"search_term_string"}}],"inLanguage":"fr-FR"},{"@type":"Organization","@id":"https:\/\/saprea.org\/fr\/#organization","name":"Saprea","url":"https:\/\/saprea.org\/fr\/","logo":{"@type":"ImageObject","inLanguage":"fr-FR","@id":"https:\/\/saprea.org\/fr\/#\/schema\/logo\/image\/","url":"https:\/\/saprea.org\/wp-content\/uploads\/2021\/12\/Vector-7-1.png","contentUrl":"https:\/\/saprea.org\/wp-content\/uploads\/2021\/12\/Vector-7-1.png","width":106,"height":105,"caption":"Saprea"},"image":{"@id":"https:\/\/saprea.org\/fr\/#\/schema\/logo\/image\/"},"sameAs":["https:\/\/facebook.com\/saprea.org","https:\/\/x.com\/saprea_org","https:\/\/instagram.com\/youniquefoundation","https:\/\/pinterest.com\/saprea_org","https:\/\/youtube.com\/c\/saprea_org"]}]}},"_links":{"self":[{"href":"https:\/\/saprea.org\/fr\/wp-json\/wp\/v2\/pages\/13193","targetHints":{"allow":["GET"]}}],"collection":[{"href":"https:\/\/saprea.org\/fr\/wp-json\/wp\/v2\/pages"}],"about":[{"href":"https:\/\/saprea.org\/fr\/wp-json\/wp\/v2\/types\/page"}],"author":[{"embeddable":true,"href":"https:\/\/saprea.org\/fr\/wp-json\/wp\/v2\/users\/3"}],"replies":[{"embeddable":true,"href":"https:\/\/saprea.org\/fr\/wp-json\/wp\/v2\/comments?post=13193"}],"version-history":[{"count":0,"href":"https:\/\/saprea.org\/fr\/wp-json\/wp\/v2\/pages\/13193\/revisions"}],"up":[{"embeddable":true,"href":"https:\/\/saprea.org\/fr\/wp-json\/wp\/v2\/pages\/13059"}],"wp:featuredmedia":[{"embeddable":true,"href":"https:\/\/saprea.org\/fr\/wp-json\/wp\/v2\/media\/11009"}],"wp:attachment":[{"href":"https:\/\/saprea.org\/fr\/wp-json\/wp\/v2\/media?parent=13193"}],"curies":[{"name":"wp","href":"https:\/\/api.w.org\/{rel}","templated":true}]}}