{"id":13136,"date":"2023-09-15T07:33:03","date_gmt":"2023-09-15T13:33:03","guid":{"rendered":"http:\/\/54.188.8.157\/?page_id=13136"},"modified":"2023-09-18T14:34:21","modified_gmt":"2023-09-18T20:34:21","slug":"poser-des-limites","status":"publish","type":"page","link":"https:\/\/saprea.org\/fr\/guerir\/approche\/poser-des-limites\/","title":{"rendered":"Ressources de gu\u00e9rison : Poser des limites"},"content":{"rendered":"<div id=\"cs-content\" class=\"cs-content\"><\/div>\n","protected":false},"excerpt":{"rendered":"<p>Saprea &gt; Ressources de gu\u00e9rison en ligne\u00a0&gt; Notre approche\u00a0&gt;Ressources de gu\u00e9rison : Poser des limitesRessources de gu\u00e9rison :Poser des limites\u00c9tablir des limites saines peut contribuer \u00e0 renforcer votre syst\u00e8me de soutien tout en respectant vos besoins.Nos exp\u00e9riences avec les autres ont un impact important sur notre vie quotidienne. Les relations que nous entretenons avec les [&hellip;]<\/p>\n","protected":false},"author":3,"featured_media":11050,"parent":13059,"menu_order":0,"comment_status":"closed","ping_status":"closed","template":"","meta":{"footnotes":""},"class_list":["post-13136","page","type-page","status-publish","has-post-thumbnail","hentry"],"yoast_head":"<!-- This site is optimized with the Yoast SEO plugin v27.3 - https:\/\/yoast.com\/product\/yoast-seo-wordpress\/ -->\n<title>Poser des limites | Saprea<\/title>\n<meta name=\"description\" content=\"Qu&#039;est-ce qu&#039;une limite ? Les survivants peuvent avoir des limites plus rigides en raison de la gravit\u00e9 des blessures et des trahisons qu&#039;ils ont subies dans le pass\u00e9.\" \/>\n<meta name=\"robots\" content=\"index, follow, max-snippet:-1, max-image-preview:large, max-video-preview:-1\" \/>\n<link rel=\"canonical\" href=\"https:\/\/saprea.org\/fr\/guerir\/approche\/poser-des-limites\/\" \/>\n<meta property=\"og:locale\" content=\"fr_FR\" \/>\n<meta property=\"og:type\" content=\"article\" \/>\n<meta property=\"og:title\" content=\"Poser des limites | Saprea\" \/>\n<meta property=\"og:description\" content=\"Qu&#039;est-ce qu&#039;une limite ? Les survivants peuvent avoir des limites plus rigides en raison de la gravit\u00e9 des blessures et des trahisons qu&#039;ils ont subies dans le pass\u00e9.\" \/>\n<meta property=\"og:url\" content=\"https:\/\/saprea.org\/fr\/guerir\/approche\/poser-des-limites\/\" \/>\n<meta property=\"og:site_name\" content=\"Saprea\" \/>\n<meta property=\"article:publisher\" content=\"https:\/\/facebook.com\/saprea.org\" \/>\n<meta property=\"article:modified_time\" content=\"2023-09-18T20:34:21+00:00\" \/>\n<meta property=\"og:image\" content=\"https:\/\/saprea.org\/wp-content\/uploads\/2023\/07\/Practicing-Boundaries.jpg\" \/>\n\t<meta property=\"og:image:width\" content=\"1024\" \/>\n\t<meta property=\"og:image:height\" content=\"576\" \/>\n\t<meta property=\"og:image:type\" content=\"image\/jpeg\" \/>\n<meta name=\"twitter:card\" content=\"summary_large_image\" \/>\n<meta name=\"twitter:site\" content=\"@saprea_org\" \/>\n<meta name=\"twitter:label1\" content=\"Dur\u00e9e de lecture estim\u00e9e\" \/>\n\t<meta name=\"twitter:data1\" content=\"1 minute\" \/>\n<script type=\"application\/ld+json\" class=\"yoast-schema-graph\">{\"@context\":\"https:\\\/\\\/schema.org\",\"@graph\":[{\"@type\":\"WebPage\",\"@id\":\"https:\\\/\\\/saprea.org\\\/fr\\\/guerir\\\/approche\\\/poser-des-limites\\\/\",\"url\":\"https:\\\/\\\/saprea.org\\\/fr\\\/guerir\\\/approche\\\/poser-des-limites\\\/\",\"name\":\"Poser des limites | Saprea\",\"isPartOf\":{\"@id\":\"https:\\\/\\\/saprea.org\\\/fr\\\/#website\"},\"primaryImageOfPage\":{\"@id\":\"https:\\\/\\\/saprea.org\\\/fr\\\/guerir\\\/approche\\\/poser-des-limites\\\/#primaryimage\"},\"image\":{\"@id\":\"https:\\\/\\\/saprea.org\\\/fr\\\/guerir\\\/approche\\\/poser-des-limites\\\/#primaryimage\"},\"thumbnailUrl\":\"https:\\\/\\\/saprea.org\\\/wp-content\\\/uploads\\\/2023\\\/07\\\/Practicing-Boundaries.jpg\",\"datePublished\":\"2023-09-15T13:33:03+00:00\",\"dateModified\":\"2023-09-18T20:34:21+00:00\",\"description\":\"Qu'est-ce qu'une limite ? Les survivants peuvent avoir des limites plus rigides en raison de la gravit\u00e9 des blessures et des trahisons qu'ils ont subies dans le pass\u00e9.\",\"breadcrumb\":{\"@id\":\"https:\\\/\\\/saprea.org\\\/fr\\\/guerir\\\/approche\\\/poser-des-limites\\\/#breadcrumb\"},\"inLanguage\":\"fr-FR\",\"potentialAction\":[{\"@type\":\"ReadAction\",\"target\":[\"https:\\\/\\\/saprea.org\\\/fr\\\/guerir\\\/approche\\\/poser-des-limites\\\/\"]}]},{\"@type\":\"ImageObject\",\"inLanguage\":\"fr-FR\",\"@id\":\"https:\\\/\\\/saprea.org\\\/fr\\\/guerir\\\/approche\\\/poser-des-limites\\\/#primaryimage\",\"url\":\"https:\\\/\\\/saprea.org\\\/wp-content\\\/uploads\\\/2023\\\/07\\\/Practicing-Boundaries.jpg\",\"contentUrl\":\"https:\\\/\\\/saprea.org\\\/wp-content\\\/uploads\\\/2023\\\/07\\\/Practicing-Boundaries.jpg\",\"width\":1024,\"height\":576,\"caption\":\"Two woman sitting together talking at a table outside a cafe\"},{\"@type\":\"BreadcrumbList\",\"@id\":\"https:\\\/\\\/saprea.org\\\/fr\\\/guerir\\\/approche\\\/poser-des-limites\\\/#breadcrumb\",\"itemListElement\":[{\"@type\":\"ListItem\",\"position\":1,\"name\":\"Home\",\"item\":\"https:\\\/\\\/saprea.org\\\/fr\\\/page-daccueil-saprea\\\/\"},{\"@type\":\"ListItem\",\"position\":2,\"name\":\"Gu\u00e9rir des abus sexuels\",\"item\":\"https:\\\/\\\/saprea.org\\\/fr\\\/guerir\\\/\"},{\"@type\":\"ListItem\",\"position\":3,\"name\":\"Notre approche de la gu\u00e9rison des abus sexuels subis dans l&rsquo;enfance\",\"item\":\"https:\\\/\\\/saprea.org\\\/fr\\\/guerir\\\/approche\\\/\"},{\"@type\":\"ListItem\",\"position\":4,\"name\":\"Ressources de gu\u00e9rison : Poser des limites\"}]},{\"@type\":\"WebSite\",\"@id\":\"https:\\\/\\\/saprea.org\\\/fr\\\/#website\",\"url\":\"https:\\\/\\\/saprea.org\\\/fr\\\/\",\"name\":\"Saprea\",\"description\":\"\",\"publisher\":{\"@id\":\"https:\\\/\\\/saprea.org\\\/fr\\\/#organization\"},\"potentialAction\":[{\"@type\":\"SearchAction\",\"target\":{\"@type\":\"EntryPoint\",\"urlTemplate\":\"https:\\\/\\\/saprea.org\\\/fr\\\/?s={search_term_string}\"},\"query-input\":{\"@type\":\"PropertyValueSpecification\",\"valueRequired\":true,\"valueName\":\"search_term_string\"}}],\"inLanguage\":\"fr-FR\"},{\"@type\":\"Organization\",\"@id\":\"https:\\\/\\\/saprea.org\\\/fr\\\/#organization\",\"name\":\"Saprea\",\"url\":\"https:\\\/\\\/saprea.org\\\/fr\\\/\",\"logo\":{\"@type\":\"ImageObject\",\"inLanguage\":\"fr-FR\",\"@id\":\"https:\\\/\\\/saprea.org\\\/fr\\\/#\\\/schema\\\/logo\\\/image\\\/\",\"url\":\"https:\\\/\\\/saprea.org\\\/wp-content\\\/uploads\\\/2021\\\/12\\\/Vector-7-1.png\",\"contentUrl\":\"https:\\\/\\\/saprea.org\\\/wp-content\\\/uploads\\\/2021\\\/12\\\/Vector-7-1.png\",\"width\":106,\"height\":105,\"caption\":\"Saprea\"},\"image\":{\"@id\":\"https:\\\/\\\/saprea.org\\\/fr\\\/#\\\/schema\\\/logo\\\/image\\\/\"},\"sameAs\":[\"https:\\\/\\\/facebook.com\\\/saprea.org\",\"https:\\\/\\\/x.com\\\/saprea_org\",\"https:\\\/\\\/instagram.com\\\/youniquefoundation\",\"https:\\\/\\\/pinterest.com\\\/saprea_org\",\"https:\\\/\\\/youtube.com\\\/c\\\/saprea_org\"]}]}<\/script>\n<!-- \/ Yoast SEO plugin. -->","yoast_head_json":{"title":"Poser des limites | Saprea","description":"Qu'est-ce qu'une limite ? Les survivants peuvent avoir des limites plus rigides en raison de la gravit\u00e9 des blessures et des trahisons qu'ils ont subies dans le pass\u00e9.","robots":{"index":"index","follow":"follow","max-snippet":"max-snippet:-1","max-image-preview":"max-image-preview:large","max-video-preview":"max-video-preview:-1"},"canonical":"https:\/\/saprea.org\/fr\/guerir\/approche\/poser-des-limites\/","og_locale":"fr_FR","og_type":"article","og_title":"Poser des limites | Saprea","og_description":"Qu'est-ce qu'une limite ? Les survivants peuvent avoir des limites plus rigides en raison de la gravit\u00e9 des blessures et des trahisons qu'ils ont subies dans le pass\u00e9.","og_url":"https:\/\/saprea.org\/fr\/guerir\/approche\/poser-des-limites\/","og_site_name":"Saprea","article_publisher":"https:\/\/facebook.com\/saprea.org","article_modified_time":"2023-09-18T20:34:21+00:00","og_image":[{"width":1024,"height":576,"url":"https:\/\/saprea.org\/wp-content\/uploads\/2023\/07\/Practicing-Boundaries.jpg","type":"image\/jpeg"}],"twitter_card":"summary_large_image","twitter_site":"@saprea_org","twitter_misc":{"Dur\u00e9e de lecture estim\u00e9e":"1 minute"},"schema":{"@context":"https:\/\/schema.org","@graph":[{"@type":"WebPage","@id":"https:\/\/saprea.org\/fr\/guerir\/approche\/poser-des-limites\/","url":"https:\/\/saprea.org\/fr\/guerir\/approche\/poser-des-limites\/","name":"Poser des limites | Saprea","isPartOf":{"@id":"https:\/\/saprea.org\/fr\/#website"},"primaryImageOfPage":{"@id":"https:\/\/saprea.org\/fr\/guerir\/approche\/poser-des-limites\/#primaryimage"},"image":{"@id":"https:\/\/saprea.org\/fr\/guerir\/approche\/poser-des-limites\/#primaryimage"},"thumbnailUrl":"https:\/\/saprea.org\/wp-content\/uploads\/2023\/07\/Practicing-Boundaries.jpg","datePublished":"2023-09-15T13:33:03+00:00","dateModified":"2023-09-18T20:34:21+00:00","description":"Qu'est-ce qu'une limite ? Les survivants peuvent avoir des limites plus rigides en raison de la gravit\u00e9 des blessures et des trahisons qu'ils ont subies dans le pass\u00e9.","breadcrumb":{"@id":"https:\/\/saprea.org\/fr\/guerir\/approche\/poser-des-limites\/#breadcrumb"},"inLanguage":"fr-FR","potentialAction":[{"@type":"ReadAction","target":["https:\/\/saprea.org\/fr\/guerir\/approche\/poser-des-limites\/"]}]},{"@type":"ImageObject","inLanguage":"fr-FR","@id":"https:\/\/saprea.org\/fr\/guerir\/approche\/poser-des-limites\/#primaryimage","url":"https:\/\/saprea.org\/wp-content\/uploads\/2023\/07\/Practicing-Boundaries.jpg","contentUrl":"https:\/\/saprea.org\/wp-content\/uploads\/2023\/07\/Practicing-Boundaries.jpg","width":1024,"height":576,"caption":"Two woman sitting together talking at a table outside a cafe"},{"@type":"BreadcrumbList","@id":"https:\/\/saprea.org\/fr\/guerir\/approche\/poser-des-limites\/#breadcrumb","itemListElement":[{"@type":"ListItem","position":1,"name":"Home","item":"https:\/\/saprea.org\/fr\/page-daccueil-saprea\/"},{"@type":"ListItem","position":2,"name":"Gu\u00e9rir des abus sexuels","item":"https:\/\/saprea.org\/fr\/guerir\/"},{"@type":"ListItem","position":3,"name":"Notre approche de la gu\u00e9rison des abus sexuels subis dans l&rsquo;enfance","item":"https:\/\/saprea.org\/fr\/guerir\/approche\/"},{"@type":"ListItem","position":4,"name":"Ressources de gu\u00e9rison : Poser des limites"}]},{"@type":"WebSite","@id":"https:\/\/saprea.org\/fr\/#website","url":"https:\/\/saprea.org\/fr\/","name":"Saprea","description":"","publisher":{"@id":"https:\/\/saprea.org\/fr\/#organization"},"potentialAction":[{"@type":"SearchAction","target":{"@type":"EntryPoint","urlTemplate":"https:\/\/saprea.org\/fr\/?s={search_term_string}"},"query-input":{"@type":"PropertyValueSpecification","valueRequired":true,"valueName":"search_term_string"}}],"inLanguage":"fr-FR"},{"@type":"Organization","@id":"https:\/\/saprea.org\/fr\/#organization","name":"Saprea","url":"https:\/\/saprea.org\/fr\/","logo":{"@type":"ImageObject","inLanguage":"fr-FR","@id":"https:\/\/saprea.org\/fr\/#\/schema\/logo\/image\/","url":"https:\/\/saprea.org\/wp-content\/uploads\/2021\/12\/Vector-7-1.png","contentUrl":"https:\/\/saprea.org\/wp-content\/uploads\/2021\/12\/Vector-7-1.png","width":106,"height":105,"caption":"Saprea"},"image":{"@id":"https:\/\/saprea.org\/fr\/#\/schema\/logo\/image\/"},"sameAs":["https:\/\/facebook.com\/saprea.org","https:\/\/x.com\/saprea_org","https:\/\/instagram.com\/youniquefoundation","https:\/\/pinterest.com\/saprea_org","https:\/\/youtube.com\/c\/saprea_org"]}]}},"_links":{"self":[{"href":"https:\/\/saprea.org\/fr\/wp-json\/wp\/v2\/pages\/13136","targetHints":{"allow":["GET"]}}],"collection":[{"href":"https:\/\/saprea.org\/fr\/wp-json\/wp\/v2\/pages"}],"about":[{"href":"https:\/\/saprea.org\/fr\/wp-json\/wp\/v2\/types\/page"}],"author":[{"embeddable":true,"href":"https:\/\/saprea.org\/fr\/wp-json\/wp\/v2\/users\/3"}],"replies":[{"embeddable":true,"href":"https:\/\/saprea.org\/fr\/wp-json\/wp\/v2\/comments?post=13136"}],"version-history":[{"count":0,"href":"https:\/\/saprea.org\/fr\/wp-json\/wp\/v2\/pages\/13136\/revisions"}],"up":[{"embeddable":true,"href":"https:\/\/saprea.org\/fr\/wp-json\/wp\/v2\/pages\/13059"}],"wp:featuredmedia":[{"embeddable":true,"href":"https:\/\/saprea.org\/fr\/wp-json\/wp\/v2\/media\/11050"}],"wp:attachment":[{"href":"https:\/\/saprea.org\/fr\/wp-json\/wp\/v2\/media?parent=13136"}],"curies":[{"name":"wp","href":"https:\/\/api.w.org\/{rel}","templated":true}]}}