{"id":12971,"date":"2023-09-15T07:33:02","date_gmt":"2023-09-15T13:33:02","guid":{"rendered":"http:\/\/54.188.8.157\/?page_id=12971"},"modified":"2023-09-15T07:33:02","modified_gmt":"2023-09-15T13:33:02","slug":"problemes-intimite-sexuelle","status":"publish","type":"page","link":"https:\/\/saprea.org\/fr\/guerir\/problemes-intimite-sexuelle\/","title":{"rendered":"Sympt\u00f4mes fr\u00e9quents : Probl\u00e8mes d&rsquo;intimit\u00e9 sexuelle"},"content":{"rendered":"<div id=\"cs-content\" class=\"cs-content\"><\/div>\n","protected":false},"excerpt":{"rendered":"<p>Saprea &gt; Ressources de gu\u00e9rison en ligne\u00a0&gt;Sympt\u00f4mes fr\u00e9quents : Probl\u00e8mes d&rsquo;intimit\u00e9 sexuelleSympt\u00f4mes fr\u00e9quents :Probl\u00e8mes d&rsquo;intimit\u00e9 sexuelleSympt\u00f4mes fr\u00e9quents :Probl\u00e8mes d&rsquo;intimit\u00e9 sexuelleQuels sont les probl\u00e8mes d&rsquo;intimit\u00e9 sexuelle?Les probl\u00e8mes sexuels sont courants chez les personnes de divers milieux et croyances, et il suffit pour s&rsquo;en convaincre d&rsquo;examiner les rayons de nos pharmacies locales ; on y trouve de [&hellip;]<\/p>\n","protected":false},"author":2,"featured_media":12396,"parent":13040,"menu_order":0,"comment_status":"closed","ping_status":"closed","template":"","meta":{"footnotes":""},"class_list":["post-12971","page","type-page","status-publish","has-post-thumbnail","hentry"],"yoast_head":"<!-- This site is optimized with the Yoast SEO plugin v27.3 - https:\/\/yoast.com\/product\/yoast-seo-wordpress\/ -->\n<title>Probl\u00e8mes d&#039;intimit\u00e9 sexuelle\u00a0| Saprea<\/title>\n<meta name=\"description\" content=\"Des \u00e9tudes r\u00e9centes ont montr\u00e9 que 43 % des femmes et 31 % des hommes d\u00e9clarent avoir des probl\u00e8mes d&#039;intimit\u00e9 sexuelle \u00e0 un degr\u00e9 ou \u00e0 un autre. En savoir plus.\" \/>\n<meta name=\"robots\" content=\"index, follow, max-snippet:-1, max-image-preview:large, max-video-preview:-1\" \/>\n<link rel=\"canonical\" href=\"https:\/\/saprea.org\/fr\/guerir\/problemes-intimite-sexuelle\/\" \/>\n<meta property=\"og:locale\" content=\"fr_FR\" \/>\n<meta property=\"og:type\" content=\"article\" \/>\n<meta property=\"og:title\" content=\"Probl\u00e8mes d&#039;intimit\u00e9 sexuelle\u00a0| Saprea\" \/>\n<meta property=\"og:description\" content=\"Des \u00e9tudes r\u00e9centes ont montr\u00e9 que 43 % des femmes et 31 % des hommes d\u00e9clarent avoir des probl\u00e8mes d&#039;intimit\u00e9 sexuelle \u00e0 un degr\u00e9 ou \u00e0 un autre. En savoir plus.\" \/>\n<meta property=\"og:url\" content=\"https:\/\/saprea.org\/fr\/guerir\/problemes-intimite-sexuelle\/\" \/>\n<meta property=\"og:site_name\" content=\"Saprea\" \/>\n<meta property=\"article:publisher\" content=\"https:\/\/facebook.com\/saprea.org\" \/>\n<meta property=\"og:image\" content=\"https:\/\/saprea.org\/wp-content\/uploads\/2023\/08\/sexual-intimacy-issues.png\" \/>\n\t<meta property=\"og:image:width\" content=\"2200\" \/>\n\t<meta property=\"og:image:height\" content=\"2200\" \/>\n\t<meta property=\"og:image:type\" content=\"image\/png\" \/>\n<meta name=\"twitter:card\" content=\"summary_large_image\" \/>\n<meta name=\"twitter:site\" content=\"@saprea_org\" \/>\n<meta name=\"twitter:label1\" content=\"Dur\u00e9e de lecture estim\u00e9e\" \/>\n\t<meta name=\"twitter:data1\" content=\"6 minutes\" \/>\n<script type=\"application\/ld+json\" class=\"yoast-schema-graph\">{\"@context\":\"https:\\\/\\\/schema.org\",\"@graph\":[{\"@type\":\"WebPage\",\"@id\":\"https:\\\/\\\/saprea.org\\\/fr\\\/guerir\\\/problemes-intimite-sexuelle\\\/\",\"url\":\"https:\\\/\\\/saprea.org\\\/fr\\\/guerir\\\/problemes-intimite-sexuelle\\\/\",\"name\":\"Probl\u00e8mes d'intimit\u00e9 sexuelle\u00a0| Saprea\",\"isPartOf\":{\"@id\":\"https:\\\/\\\/saprea.org\\\/fr\\\/#website\"},\"primaryImageOfPage\":{\"@id\":\"https:\\\/\\\/saprea.org\\\/fr\\\/guerir\\\/problemes-intimite-sexuelle\\\/#primaryimage\"},\"image\":{\"@id\":\"https:\\\/\\\/saprea.org\\\/fr\\\/guerir\\\/problemes-intimite-sexuelle\\\/#primaryimage\"},\"thumbnailUrl\":\"https:\\\/\\\/saprea.org\\\/wp-content\\\/uploads\\\/2023\\\/08\\\/sexual-intimacy-issues.png\",\"datePublished\":\"2023-09-15T13:33:02+00:00\",\"description\":\"Des \u00e9tudes r\u00e9centes ont montr\u00e9 que 43 % des femmes et 31 % des hommes d\u00e9clarent avoir des probl\u00e8mes d'intimit\u00e9 sexuelle \u00e0 un degr\u00e9 ou \u00e0 un autre. En savoir plus.\",\"breadcrumb\":{\"@id\":\"https:\\\/\\\/saprea.org\\\/fr\\\/guerir\\\/problemes-intimite-sexuelle\\\/#breadcrumb\"},\"inLanguage\":\"fr-FR\",\"potentialAction\":[{\"@type\":\"ReadAction\",\"target\":[\"https:\\\/\\\/saprea.org\\\/fr\\\/guerir\\\/problemes-intimite-sexuelle\\\/\"]}]},{\"@type\":\"ImageObject\",\"inLanguage\":\"fr-FR\",\"@id\":\"https:\\\/\\\/saprea.org\\\/fr\\\/guerir\\\/problemes-intimite-sexuelle\\\/#primaryimage\",\"url\":\"https:\\\/\\\/saprea.org\\\/wp-content\\\/uploads\\\/2023\\\/08\\\/sexual-intimacy-issues.png\",\"contentUrl\":\"https:\\\/\\\/saprea.org\\\/wp-content\\\/uploads\\\/2023\\\/08\\\/sexual-intimacy-issues.png\",\"width\":2200,\"height\":2200},{\"@type\":\"BreadcrumbList\",\"@id\":\"https:\\\/\\\/saprea.org\\\/fr\\\/guerir\\\/problemes-intimite-sexuelle\\\/#breadcrumb\",\"itemListElement\":[{\"@type\":\"ListItem\",\"position\":1,\"name\":\"Home\",\"item\":\"https:\\\/\\\/saprea.org\\\/fr\\\/page-daccueil-saprea\\\/\"},{\"@type\":\"ListItem\",\"position\":2,\"name\":\"Gu\u00e9rir des abus sexuels\",\"item\":\"https:\\\/\\\/saprea.org\\\/fr\\\/guerir\\\/\"},{\"@type\":\"ListItem\",\"position\":3,\"name\":\"Sympt\u00f4mes fr\u00e9quents : Probl\u00e8mes d&rsquo;intimit\u00e9 sexuelle\"}]},{\"@type\":\"WebSite\",\"@id\":\"https:\\\/\\\/saprea.org\\\/fr\\\/#website\",\"url\":\"https:\\\/\\\/saprea.org\\\/fr\\\/\",\"name\":\"Saprea\",\"description\":\"\",\"publisher\":{\"@id\":\"https:\\\/\\\/saprea.org\\\/fr\\\/#organization\"},\"potentialAction\":[{\"@type\":\"SearchAction\",\"target\":{\"@type\":\"EntryPoint\",\"urlTemplate\":\"https:\\\/\\\/saprea.org\\\/fr\\\/?s={search_term_string}\"},\"query-input\":{\"@type\":\"PropertyValueSpecification\",\"valueRequired\":true,\"valueName\":\"search_term_string\"}}],\"inLanguage\":\"fr-FR\"},{\"@type\":\"Organization\",\"@id\":\"https:\\\/\\\/saprea.org\\\/fr\\\/#organization\",\"name\":\"Saprea\",\"url\":\"https:\\\/\\\/saprea.org\\\/fr\\\/\",\"logo\":{\"@type\":\"ImageObject\",\"inLanguage\":\"fr-FR\",\"@id\":\"https:\\\/\\\/saprea.org\\\/fr\\\/#\\\/schema\\\/logo\\\/image\\\/\",\"url\":\"https:\\\/\\\/saprea.org\\\/wp-content\\\/uploads\\\/2021\\\/12\\\/Vector-7-1.png\",\"contentUrl\":\"https:\\\/\\\/saprea.org\\\/wp-content\\\/uploads\\\/2021\\\/12\\\/Vector-7-1.png\",\"width\":106,\"height\":105,\"caption\":\"Saprea\"},\"image\":{\"@id\":\"https:\\\/\\\/saprea.org\\\/fr\\\/#\\\/schema\\\/logo\\\/image\\\/\"},\"sameAs\":[\"https:\\\/\\\/facebook.com\\\/saprea.org\",\"https:\\\/\\\/x.com\\\/saprea_org\",\"https:\\\/\\\/instagram.com\\\/youniquefoundation\",\"https:\\\/\\\/pinterest.com\\\/saprea_org\",\"https:\\\/\\\/youtube.com\\\/c\\\/saprea_org\"]}]}<\/script>\n<!-- \/ Yoast SEO plugin. -->","yoast_head_json":{"title":"Probl\u00e8mes d'intimit\u00e9 sexuelle\u00a0| Saprea","description":"Des \u00e9tudes r\u00e9centes ont montr\u00e9 que 43 % des femmes et 31 % des hommes d\u00e9clarent avoir des probl\u00e8mes d'intimit\u00e9 sexuelle \u00e0 un degr\u00e9 ou \u00e0 un autre. En savoir plus.","robots":{"index":"index","follow":"follow","max-snippet":"max-snippet:-1","max-image-preview":"max-image-preview:large","max-video-preview":"max-video-preview:-1"},"canonical":"https:\/\/saprea.org\/fr\/guerir\/problemes-intimite-sexuelle\/","og_locale":"fr_FR","og_type":"article","og_title":"Probl\u00e8mes d'intimit\u00e9 sexuelle\u00a0| Saprea","og_description":"Des \u00e9tudes r\u00e9centes ont montr\u00e9 que 43 % des femmes et 31 % des hommes d\u00e9clarent avoir des probl\u00e8mes d'intimit\u00e9 sexuelle \u00e0 un degr\u00e9 ou \u00e0 un autre. En savoir plus.","og_url":"https:\/\/saprea.org\/fr\/guerir\/problemes-intimite-sexuelle\/","og_site_name":"Saprea","article_publisher":"https:\/\/facebook.com\/saprea.org","og_image":[{"width":2200,"height":2200,"url":"https:\/\/saprea.org\/wp-content\/uploads\/2023\/08\/sexual-intimacy-issues.png","type":"image\/png"}],"twitter_card":"summary_large_image","twitter_site":"@saprea_org","twitter_misc":{"Dur\u00e9e de lecture estim\u00e9e":"6 minutes"},"schema":{"@context":"https:\/\/schema.org","@graph":[{"@type":"WebPage","@id":"https:\/\/saprea.org\/fr\/guerir\/problemes-intimite-sexuelle\/","url":"https:\/\/saprea.org\/fr\/guerir\/problemes-intimite-sexuelle\/","name":"Probl\u00e8mes d'intimit\u00e9 sexuelle\u00a0| Saprea","isPartOf":{"@id":"https:\/\/saprea.org\/fr\/#website"},"primaryImageOfPage":{"@id":"https:\/\/saprea.org\/fr\/guerir\/problemes-intimite-sexuelle\/#primaryimage"},"image":{"@id":"https:\/\/saprea.org\/fr\/guerir\/problemes-intimite-sexuelle\/#primaryimage"},"thumbnailUrl":"https:\/\/saprea.org\/wp-content\/uploads\/2023\/08\/sexual-intimacy-issues.png","datePublished":"2023-09-15T13:33:02+00:00","description":"Des \u00e9tudes r\u00e9centes ont montr\u00e9 que 43 % des femmes et 31 % des hommes d\u00e9clarent avoir des probl\u00e8mes d'intimit\u00e9 sexuelle \u00e0 un degr\u00e9 ou \u00e0 un autre. En savoir plus.","breadcrumb":{"@id":"https:\/\/saprea.org\/fr\/guerir\/problemes-intimite-sexuelle\/#breadcrumb"},"inLanguage":"fr-FR","potentialAction":[{"@type":"ReadAction","target":["https:\/\/saprea.org\/fr\/guerir\/problemes-intimite-sexuelle\/"]}]},{"@type":"ImageObject","inLanguage":"fr-FR","@id":"https:\/\/saprea.org\/fr\/guerir\/problemes-intimite-sexuelle\/#primaryimage","url":"https:\/\/saprea.org\/wp-content\/uploads\/2023\/08\/sexual-intimacy-issues.png","contentUrl":"https:\/\/saprea.org\/wp-content\/uploads\/2023\/08\/sexual-intimacy-issues.png","width":2200,"height":2200},{"@type":"BreadcrumbList","@id":"https:\/\/saprea.org\/fr\/guerir\/problemes-intimite-sexuelle\/#breadcrumb","itemListElement":[{"@type":"ListItem","position":1,"name":"Home","item":"https:\/\/saprea.org\/fr\/page-daccueil-saprea\/"},{"@type":"ListItem","position":2,"name":"Gu\u00e9rir des abus sexuels","item":"https:\/\/saprea.org\/fr\/guerir\/"},{"@type":"ListItem","position":3,"name":"Sympt\u00f4mes fr\u00e9quents : Probl\u00e8mes d&rsquo;intimit\u00e9 sexuelle"}]},{"@type":"WebSite","@id":"https:\/\/saprea.org\/fr\/#website","url":"https:\/\/saprea.org\/fr\/","name":"Saprea","description":"","publisher":{"@id":"https:\/\/saprea.org\/fr\/#organization"},"potentialAction":[{"@type":"SearchAction","target":{"@type":"EntryPoint","urlTemplate":"https:\/\/saprea.org\/fr\/?s={search_term_string}"},"query-input":{"@type":"PropertyValueSpecification","valueRequired":true,"valueName":"search_term_string"}}],"inLanguage":"fr-FR"},{"@type":"Organization","@id":"https:\/\/saprea.org\/fr\/#organization","name":"Saprea","url":"https:\/\/saprea.org\/fr\/","logo":{"@type":"ImageObject","inLanguage":"fr-FR","@id":"https:\/\/saprea.org\/fr\/#\/schema\/logo\/image\/","url":"https:\/\/saprea.org\/wp-content\/uploads\/2021\/12\/Vector-7-1.png","contentUrl":"https:\/\/saprea.org\/wp-content\/uploads\/2021\/12\/Vector-7-1.png","width":106,"height":105,"caption":"Saprea"},"image":{"@id":"https:\/\/saprea.org\/fr\/#\/schema\/logo\/image\/"},"sameAs":["https:\/\/facebook.com\/saprea.org","https:\/\/x.com\/saprea_org","https:\/\/instagram.com\/youniquefoundation","https:\/\/pinterest.com\/saprea_org","https:\/\/youtube.com\/c\/saprea_org"]}]}},"_links":{"self":[{"href":"https:\/\/saprea.org\/fr\/wp-json\/wp\/v2\/pages\/12971","targetHints":{"allow":["GET"]}}],"collection":[{"href":"https:\/\/saprea.org\/fr\/wp-json\/wp\/v2\/pages"}],"about":[{"href":"https:\/\/saprea.org\/fr\/wp-json\/wp\/v2\/types\/page"}],"author":[{"embeddable":true,"href":"https:\/\/saprea.org\/fr\/wp-json\/wp\/v2\/users\/2"}],"replies":[{"embeddable":true,"href":"https:\/\/saprea.org\/fr\/wp-json\/wp\/v2\/comments?post=12971"}],"version-history":[{"count":0,"href":"https:\/\/saprea.org\/fr\/wp-json\/wp\/v2\/pages\/12971\/revisions"}],"up":[{"embeddable":true,"href":"https:\/\/saprea.org\/fr\/wp-json\/wp\/v2\/pages\/13040"}],"wp:featuredmedia":[{"embeddable":true,"href":"https:\/\/saprea.org\/fr\/wp-json\/wp\/v2\/media\/12396"}],"wp:attachment":[{"href":"https:\/\/saprea.org\/fr\/wp-json\/wp\/v2\/media?parent=12971"}],"curies":[{"name":"wp","href":"https:\/\/api.w.org\/{rel}","templated":true}]}}