{"id":1017,"date":"2022-02-10T17:57:30","date_gmt":"2022-02-10T17:57:30","guid":{"rendered":"http:\/\/54.188.8.157\/education-communautaire\/enseigner-le-consentement-de-votre-enfant\/"},"modified":"2024-08-19T14:04:35","modified_gmt":"2024-08-19T20:04:35","slug":"enseigner-le-consentement-a-votre-enfant","status":"publish","type":"page","link":"https:\/\/saprea.org\/fr\/education-communautaire\/enseigner-le-consentement-a-votre-enfant\/","title":{"rendered":"Enseigner le consentement \u00e0 votre enfant"},"content":{"rendered":"<div id=\"cs-content\" class=\"cs-content\"><\/div>\n","protected":false},"excerpt":{"rendered":"<p>Saprea &gt; Enseigner dans votre communaut\u00e9\u00a0&gt; Enseigner le consentement \u00e0 votre enfant\u00c9ducation communautaire :Enseigner le Consentement \u00e0 Votre EnfantLe consentement va bien au-del\u00e0 du sexe. Pratiquer et honorer le consentement est essentiel pour naviguer dans les relations et les interactions tout au long de notre vie. Cette discussion explore les principes puissants du consentement et [&hellip;]<\/p>\n","protected":false},"author":3,"featured_media":27362,"parent":961,"menu_order":0,"comment_status":"closed","ping_status":"closed","template":"","meta":{"footnotes":""},"class_list":["post-1017","page","type-page","status-publish","has-post-thumbnail","hentry"],"yoast_head":"<!-- This site is optimized with the Yoast SEO plugin v27.3 - https:\/\/yoast.com\/product\/yoast-seo-wordpress\/ -->\n<title>Enseigner le Consentement \u00e0 Votre Enfant | Saprea<\/title>\n<meta name=\"description\" content=\"Le consentement va bien au-del\u00e0 du sexe. Pratiquer et honorer le consentement est essentiel pour naviguer dans les relations et les interactions.\" \/>\n<meta name=\"robots\" content=\"index, follow, max-snippet:-1, max-image-preview:large, max-video-preview:-1\" \/>\n<link rel=\"canonical\" href=\"https:\/\/saprea.org\/fr\/education-communautaire\/enseigner-le-consentement-a-votre-enfant\/\" \/>\n<meta property=\"og:locale\" content=\"fr_FR\" \/>\n<meta property=\"og:type\" content=\"article\" \/>\n<meta property=\"og:title\" content=\"Enseigner le Consentement \u00e0 Votre Enfant | Saprea\" \/>\n<meta property=\"og:description\" content=\"Le consentement va bien au-del\u00e0 du sexe. Pratiquer et honorer le consentement est essentiel pour naviguer dans les relations et les interactions.\" \/>\n<meta property=\"og:url\" content=\"https:\/\/saprea.org\/fr\/education-communautaire\/enseigner-le-consentement-a-votre-enfant\/\" \/>\n<meta property=\"og:site_name\" content=\"Saprea\" \/>\n<meta property=\"article:publisher\" content=\"https:\/\/facebook.com\/saprea.org\" \/>\n<meta property=\"article:modified_time\" content=\"2024-08-19T20:04:35+00:00\" \/>\n<meta property=\"og:image\" content=\"https:\/\/saprea.org\/wp-content\/uploads\/2024\/02\/Teaching_Consent_Hero.jpg\" \/>\n\t<meta property=\"og:image:width\" content=\"1082\" \/>\n\t<meta property=\"og:image:height\" content=\"706\" \/>\n\t<meta property=\"og:image:type\" content=\"image\/jpeg\" \/>\n<meta name=\"twitter:card\" content=\"summary_large_image\" \/>\n<meta name=\"twitter:site\" content=\"@saprea_org\" \/>\n<meta name=\"twitter:label1\" content=\"Dur\u00e9e de lecture estim\u00e9e\" \/>\n\t<meta name=\"twitter:data1\" content=\"8 minutes\" \/>\n<script type=\"application\/ld+json\" class=\"yoast-schema-graph\">{\"@context\":\"https:\\\/\\\/schema.org\",\"@graph\":[{\"@type\":\"WebPage\",\"@id\":\"https:\\\/\\\/saprea.org\\\/fr\\\/education-communautaire\\\/enseigner-le-consentement-a-votre-enfant\\\/\",\"url\":\"https:\\\/\\\/saprea.org\\\/fr\\\/education-communautaire\\\/enseigner-le-consentement-a-votre-enfant\\\/\",\"name\":\"Enseigner le Consentement \u00e0 Votre Enfant | Saprea\",\"isPartOf\":{\"@id\":\"https:\\\/\\\/saprea.org\\\/fr\\\/#website\"},\"primaryImageOfPage\":{\"@id\":\"https:\\\/\\\/saprea.org\\\/fr\\\/education-communautaire\\\/enseigner-le-consentement-a-votre-enfant\\\/#primaryimage\"},\"image\":{\"@id\":\"https:\\\/\\\/saprea.org\\\/fr\\\/education-communautaire\\\/enseigner-le-consentement-a-votre-enfant\\\/#primaryimage\"},\"thumbnailUrl\":\"https:\\\/\\\/saprea.org\\\/wp-content\\\/uploads\\\/2024\\\/02\\\/Teaching_Consent_Hero.jpg\",\"datePublished\":\"2022-02-10T17:57:30+00:00\",\"dateModified\":\"2024-08-19T20:04:35+00:00\",\"description\":\"Le consentement va bien au-del\u00e0 du sexe. Pratiquer et honorer le consentement est essentiel pour naviguer dans les relations et les interactions.\",\"breadcrumb\":{\"@id\":\"https:\\\/\\\/saprea.org\\\/fr\\\/education-communautaire\\\/enseigner-le-consentement-a-votre-enfant\\\/#breadcrumb\"},\"inLanguage\":\"fr-FR\",\"potentialAction\":[{\"@type\":\"ReadAction\",\"target\":[\"https:\\\/\\\/saprea.org\\\/fr\\\/education-communautaire\\\/enseigner-le-consentement-a-votre-enfant\\\/\"]}]},{\"@type\":\"ImageObject\",\"inLanguage\":\"fr-FR\",\"@id\":\"https:\\\/\\\/saprea.org\\\/fr\\\/education-communautaire\\\/enseigner-le-consentement-a-votre-enfant\\\/#primaryimage\",\"url\":\"https:\\\/\\\/saprea.org\\\/wp-content\\\/uploads\\\/2024\\\/02\\\/Teaching_Consent_Hero.jpg\",\"contentUrl\":\"https:\\\/\\\/saprea.org\\\/wp-content\\\/uploads\\\/2024\\\/02\\\/Teaching_Consent_Hero.jpg\",\"width\":1082,\"height\":706},{\"@type\":\"BreadcrumbList\",\"@id\":\"https:\\\/\\\/saprea.org\\\/fr\\\/education-communautaire\\\/enseigner-le-consentement-a-votre-enfant\\\/#breadcrumb\",\"itemListElement\":[{\"@type\":\"ListItem\",\"position\":1,\"name\":\"Home\",\"item\":\"https:\\\/\\\/saprea.org\\\/fr\\\/page-daccueil-saprea\\\/\"},{\"@type\":\"ListItem\",\"position\":2,\"name\":\"\u00c9ducation communautaire\",\"item\":\"https:\\\/\\\/saprea.org\\\/fr\\\/education-communautaire\\\/\"},{\"@type\":\"ListItem\",\"position\":3,\"name\":\"Enseigner le consentement \u00e0 votre enfant\"}]},{\"@type\":\"WebSite\",\"@id\":\"https:\\\/\\\/saprea.org\\\/fr\\\/#website\",\"url\":\"https:\\\/\\\/saprea.org\\\/fr\\\/\",\"name\":\"Saprea\",\"description\":\"\",\"publisher\":{\"@id\":\"https:\\\/\\\/saprea.org\\\/fr\\\/#organization\"},\"potentialAction\":[{\"@type\":\"SearchAction\",\"target\":{\"@type\":\"EntryPoint\",\"urlTemplate\":\"https:\\\/\\\/saprea.org\\\/fr\\\/?s={search_term_string}\"},\"query-input\":{\"@type\":\"PropertyValueSpecification\",\"valueRequired\":true,\"valueName\":\"search_term_string\"}}],\"inLanguage\":\"fr-FR\"},{\"@type\":\"Organization\",\"@id\":\"https:\\\/\\\/saprea.org\\\/fr\\\/#organization\",\"name\":\"Saprea\",\"url\":\"https:\\\/\\\/saprea.org\\\/fr\\\/\",\"logo\":{\"@type\":\"ImageObject\",\"inLanguage\":\"fr-FR\",\"@id\":\"https:\\\/\\\/saprea.org\\\/fr\\\/#\\\/schema\\\/logo\\\/image\\\/\",\"url\":\"https:\\\/\\\/saprea.org\\\/wp-content\\\/uploads\\\/2021\\\/12\\\/Vector-7-1.png\",\"contentUrl\":\"https:\\\/\\\/saprea.org\\\/wp-content\\\/uploads\\\/2021\\\/12\\\/Vector-7-1.png\",\"width\":106,\"height\":105,\"caption\":\"Saprea\"},\"image\":{\"@id\":\"https:\\\/\\\/saprea.org\\\/fr\\\/#\\\/schema\\\/logo\\\/image\\\/\"},\"sameAs\":[\"https:\\\/\\\/facebook.com\\\/saprea.org\",\"https:\\\/\\\/x.com\\\/saprea_org\",\"https:\\\/\\\/instagram.com\\\/youniquefoundation\",\"https:\\\/\\\/pinterest.com\\\/saprea_org\",\"https:\\\/\\\/youtube.com\\\/c\\\/saprea_org\"]}]}<\/script>\n<!-- \/ Yoast SEO plugin. -->","yoast_head_json":{"title":"Enseigner le Consentement \u00e0 Votre Enfant | Saprea","description":"Le consentement va bien au-del\u00e0 du sexe. Pratiquer et honorer le consentement est essentiel pour naviguer dans les relations et les interactions.","robots":{"index":"index","follow":"follow","max-snippet":"max-snippet:-1","max-image-preview":"max-image-preview:large","max-video-preview":"max-video-preview:-1"},"canonical":"https:\/\/saprea.org\/fr\/education-communautaire\/enseigner-le-consentement-a-votre-enfant\/","og_locale":"fr_FR","og_type":"article","og_title":"Enseigner le Consentement \u00e0 Votre Enfant | Saprea","og_description":"Le consentement va bien au-del\u00e0 du sexe. Pratiquer et honorer le consentement est essentiel pour naviguer dans les relations et les interactions.","og_url":"https:\/\/saprea.org\/fr\/education-communautaire\/enseigner-le-consentement-a-votre-enfant\/","og_site_name":"Saprea","article_publisher":"https:\/\/facebook.com\/saprea.org","article_modified_time":"2024-08-19T20:04:35+00:00","og_image":[{"width":1082,"height":706,"url":"https:\/\/saprea.org\/wp-content\/uploads\/2024\/02\/Teaching_Consent_Hero.jpg","type":"image\/jpeg"}],"twitter_card":"summary_large_image","twitter_site":"@saprea_org","twitter_misc":{"Dur\u00e9e de lecture estim\u00e9e":"8 minutes"},"schema":{"@context":"https:\/\/schema.org","@graph":[{"@type":"WebPage","@id":"https:\/\/saprea.org\/fr\/education-communautaire\/enseigner-le-consentement-a-votre-enfant\/","url":"https:\/\/saprea.org\/fr\/education-communautaire\/enseigner-le-consentement-a-votre-enfant\/","name":"Enseigner le Consentement \u00e0 Votre Enfant | Saprea","isPartOf":{"@id":"https:\/\/saprea.org\/fr\/#website"},"primaryImageOfPage":{"@id":"https:\/\/saprea.org\/fr\/education-communautaire\/enseigner-le-consentement-a-votre-enfant\/#primaryimage"},"image":{"@id":"https:\/\/saprea.org\/fr\/education-communautaire\/enseigner-le-consentement-a-votre-enfant\/#primaryimage"},"thumbnailUrl":"https:\/\/saprea.org\/wp-content\/uploads\/2024\/02\/Teaching_Consent_Hero.jpg","datePublished":"2022-02-10T17:57:30+00:00","dateModified":"2024-08-19T20:04:35+00:00","description":"Le consentement va bien au-del\u00e0 du sexe. Pratiquer et honorer le consentement est essentiel pour naviguer dans les relations et les interactions.","breadcrumb":{"@id":"https:\/\/saprea.org\/fr\/education-communautaire\/enseigner-le-consentement-a-votre-enfant\/#breadcrumb"},"inLanguage":"fr-FR","potentialAction":[{"@type":"ReadAction","target":["https:\/\/saprea.org\/fr\/education-communautaire\/enseigner-le-consentement-a-votre-enfant\/"]}]},{"@type":"ImageObject","inLanguage":"fr-FR","@id":"https:\/\/saprea.org\/fr\/education-communautaire\/enseigner-le-consentement-a-votre-enfant\/#primaryimage","url":"https:\/\/saprea.org\/wp-content\/uploads\/2024\/02\/Teaching_Consent_Hero.jpg","contentUrl":"https:\/\/saprea.org\/wp-content\/uploads\/2024\/02\/Teaching_Consent_Hero.jpg","width":1082,"height":706},{"@type":"BreadcrumbList","@id":"https:\/\/saprea.org\/fr\/education-communautaire\/enseigner-le-consentement-a-votre-enfant\/#breadcrumb","itemListElement":[{"@type":"ListItem","position":1,"name":"Home","item":"https:\/\/saprea.org\/fr\/page-daccueil-saprea\/"},{"@type":"ListItem","position":2,"name":"\u00c9ducation communautaire","item":"https:\/\/saprea.org\/fr\/education-communautaire\/"},{"@type":"ListItem","position":3,"name":"Enseigner le consentement \u00e0 votre enfant"}]},{"@type":"WebSite","@id":"https:\/\/saprea.org\/fr\/#website","url":"https:\/\/saprea.org\/fr\/","name":"Saprea","description":"","publisher":{"@id":"https:\/\/saprea.org\/fr\/#organization"},"potentialAction":[{"@type":"SearchAction","target":{"@type":"EntryPoint","urlTemplate":"https:\/\/saprea.org\/fr\/?s={search_term_string}"},"query-input":{"@type":"PropertyValueSpecification","valueRequired":true,"valueName":"search_term_string"}}],"inLanguage":"fr-FR"},{"@type":"Organization","@id":"https:\/\/saprea.org\/fr\/#organization","name":"Saprea","url":"https:\/\/saprea.org\/fr\/","logo":{"@type":"ImageObject","inLanguage":"fr-FR","@id":"https:\/\/saprea.org\/fr\/#\/schema\/logo\/image\/","url":"https:\/\/saprea.org\/wp-content\/uploads\/2021\/12\/Vector-7-1.png","contentUrl":"https:\/\/saprea.org\/wp-content\/uploads\/2021\/12\/Vector-7-1.png","width":106,"height":105,"caption":"Saprea"},"image":{"@id":"https:\/\/saprea.org\/fr\/#\/schema\/logo\/image\/"},"sameAs":["https:\/\/facebook.com\/saprea.org","https:\/\/x.com\/saprea_org","https:\/\/instagram.com\/youniquefoundation","https:\/\/pinterest.com\/saprea_org","https:\/\/youtube.com\/c\/saprea_org"]}]}},"_links":{"self":[{"href":"https:\/\/saprea.org\/fr\/wp-json\/wp\/v2\/pages\/1017","targetHints":{"allow":["GET"]}}],"collection":[{"href":"https:\/\/saprea.org\/fr\/wp-json\/wp\/v2\/pages"}],"about":[{"href":"https:\/\/saprea.org\/fr\/wp-json\/wp\/v2\/types\/page"}],"author":[{"embeddable":true,"href":"https:\/\/saprea.org\/fr\/wp-json\/wp\/v2\/users\/3"}],"replies":[{"embeddable":true,"href":"https:\/\/saprea.org\/fr\/wp-json\/wp\/v2\/comments?post=1017"}],"version-history":[{"count":0,"href":"https:\/\/saprea.org\/fr\/wp-json\/wp\/v2\/pages\/1017\/revisions"}],"up":[{"embeddable":true,"href":"https:\/\/saprea.org\/fr\/wp-json\/wp\/v2\/pages\/961"}],"wp:featuredmedia":[{"embeddable":true,"href":"https:\/\/saprea.org\/fr\/wp-json\/wp\/v2\/media\/27362"}],"wp:attachment":[{"href":"https:\/\/saprea.org\/fr\/wp-json\/wp\/v2\/media?parent=1017"}],"curies":[{"name":"wp","href":"https:\/\/api.w.org\/{rel}","templated":true}]}}