{"id":987,"date":"2022-02-10T17:57:26","date_gmt":"2022-02-10T17:57:26","guid":{"rendered":"http:\/\/54.188.8.157\/educacion-comunitaria\/ensenar-el-consentimiento-de-su-hijo\/"},"modified":"2024-08-16T13:05:56","modified_gmt":"2024-08-16T19:05:56","slug":"ensenar-el-consentimiento-de-su-hijo","status":"publish","type":"page","link":"https:\/\/saprea.org\/es\/educacion-comunitaria\/ensenar-el-consentimiento-de-su-hijo\/","title":{"rendered":"Ense\u00f1ar el consentimiento de su hijo"},"content":{"rendered":"<div id=\"cs-content\" class=\"cs-content\"><\/div>\n","protected":false},"excerpt":{"rendered":"<p>Saprea &gt; Ense\u00f1a en Tu Comunidad\u00a0&gt; Ense\u00f1ar el consentimiento de su hijoEDUCACI\u00d3N COMUNITARIA:Ense\u00f1ando a tu hijo sobre el consentimientoEl consentimiento es mucho m\u00e1s que sexo. Practicar y respetar el consentimiento es esencial para navegar por las relaciones e interacciones a lo largo de nuestras vidas. Esta discusi\u00f3n explora los poderosos principios del consentimiento y c\u00f3mo [&hellip;]<\/p>\n","protected":false},"author":3,"featured_media":27364,"parent":963,"menu_order":0,"comment_status":"closed","ping_status":"closed","template":"","meta":{"footnotes":""},"class_list":["post-987","page","type-page","status-publish","has-post-thumbnail","hentry"],"yoast_head":"<!-- This site is optimized with the Yoast SEO plugin v27.3 - https:\/\/yoast.com\/product\/yoast-seo-wordpress\/ -->\n<title>Ense\u00f1ar a Tu Hijo el Consentimiento | Saprea<\/title>\n<meta name=\"description\" content=\"Ense\u00f1ar a tus hijos una sexualidad sana es una forma clave de reducir el riesgo de abuso sexual infantil en tu familia.\" \/>\n<meta name=\"robots\" content=\"index, follow, max-snippet:-1, max-image-preview:large, max-video-preview:-1\" \/>\n<link rel=\"canonical\" href=\"https:\/\/saprea.org\/es\/educacion-comunitaria\/ensenar-el-consentimiento-de-su-hijo\/\" \/>\n<meta property=\"og:locale\" content=\"es_ES\" \/>\n<meta property=\"og:type\" content=\"article\" \/>\n<meta property=\"og:title\" content=\"Ense\u00f1ar a Tu Hijo el Consentimiento | Saprea\" \/>\n<meta property=\"og:description\" content=\"Ense\u00f1ar a tus hijos una sexualidad sana es una forma clave de reducir el riesgo de abuso sexual infantil en tu familia.\" \/>\n<meta property=\"og:url\" content=\"https:\/\/saprea.org\/es\/educacion-comunitaria\/ensenar-el-consentimiento-de-su-hijo\/\" \/>\n<meta property=\"og:site_name\" content=\"Saprea\" \/>\n<meta property=\"article:publisher\" content=\"https:\/\/facebook.com\/saprea.org\" \/>\n<meta property=\"article:modified_time\" content=\"2024-08-16T19:05:56+00:00\" \/>\n<meta property=\"og:image\" content=\"https:\/\/saprea.org\/wp-content\/uploads\/2024\/02\/Teaching_Consent_Hero.jpg\" \/>\n\t<meta property=\"og:image:width\" content=\"1082\" \/>\n\t<meta property=\"og:image:height\" content=\"706\" \/>\n\t<meta property=\"og:image:type\" content=\"image\/jpeg\" \/>\n<meta name=\"twitter:card\" content=\"summary_large_image\" \/>\n<meta name=\"twitter:site\" content=\"@saprea_org\" \/>\n<meta name=\"twitter:label1\" content=\"Tiempo de lectura\" \/>\n\t<meta name=\"twitter:data1\" content=\"8 minutos\" \/>\n<script type=\"application\/ld+json\" class=\"yoast-schema-graph\">{\"@context\":\"https:\\\/\\\/schema.org\",\"@graph\":[{\"@type\":\"WebPage\",\"@id\":\"https:\\\/\\\/saprea.org\\\/es\\\/educacion-comunitaria\\\/ensenar-el-consentimiento-de-su-hijo\\\/\",\"url\":\"https:\\\/\\\/saprea.org\\\/es\\\/educacion-comunitaria\\\/ensenar-el-consentimiento-de-su-hijo\\\/\",\"name\":\"Ense\u00f1ar a Tu Hijo el Consentimiento | Saprea\",\"isPartOf\":{\"@id\":\"https:\\\/\\\/saprea.org\\\/es\\\/#website\"},\"primaryImageOfPage\":{\"@id\":\"https:\\\/\\\/saprea.org\\\/es\\\/educacion-comunitaria\\\/ensenar-el-consentimiento-de-su-hijo\\\/#primaryimage\"},\"image\":{\"@id\":\"https:\\\/\\\/saprea.org\\\/es\\\/educacion-comunitaria\\\/ensenar-el-consentimiento-de-su-hijo\\\/#primaryimage\"},\"thumbnailUrl\":\"https:\\\/\\\/saprea.org\\\/wp-content\\\/uploads\\\/2024\\\/02\\\/Teaching_Consent_Hero.jpg\",\"datePublished\":\"2022-02-10T17:57:26+00:00\",\"dateModified\":\"2024-08-16T19:05:56+00:00\",\"description\":\"Ense\u00f1ar a tus hijos una sexualidad sana es una forma clave de reducir el riesgo de abuso sexual infantil en tu familia.\",\"breadcrumb\":{\"@id\":\"https:\\\/\\\/saprea.org\\\/es\\\/educacion-comunitaria\\\/ensenar-el-consentimiento-de-su-hijo\\\/#breadcrumb\"},\"inLanguage\":\"es\",\"potentialAction\":[{\"@type\":\"ReadAction\",\"target\":[\"https:\\\/\\\/saprea.org\\\/es\\\/educacion-comunitaria\\\/ensenar-el-consentimiento-de-su-hijo\\\/\"]}]},{\"@type\":\"ImageObject\",\"inLanguage\":\"es\",\"@id\":\"https:\\\/\\\/saprea.org\\\/es\\\/educacion-comunitaria\\\/ensenar-el-consentimiento-de-su-hijo\\\/#primaryimage\",\"url\":\"https:\\\/\\\/saprea.org\\\/wp-content\\\/uploads\\\/2024\\\/02\\\/Teaching_Consent_Hero.jpg\",\"contentUrl\":\"https:\\\/\\\/saprea.org\\\/wp-content\\\/uploads\\\/2024\\\/02\\\/Teaching_Consent_Hero.jpg\",\"width\":1082,\"height\":706},{\"@type\":\"BreadcrumbList\",\"@id\":\"https:\\\/\\\/saprea.org\\\/es\\\/educacion-comunitaria\\\/ensenar-el-consentimiento-de-su-hijo\\\/#breadcrumb\",\"itemListElement\":[{\"@type\":\"ListItem\",\"position\":1,\"name\":\"Home\",\"item\":\"https:\\\/\\\/saprea.org\\\/es\\\/pagina-de-inicio-de-saprea\\\/\"},{\"@type\":\"ListItem\",\"position\":2,\"name\":\"Educaci\u00f3n comunitaria\",\"item\":\"https:\\\/\\\/saprea.org\\\/es\\\/educacion-comunitaria\\\/\"},{\"@type\":\"ListItem\",\"position\":3,\"name\":\"Ense\u00f1ar el consentimiento de su hijo\"}]},{\"@type\":\"WebSite\",\"@id\":\"https:\\\/\\\/saprea.org\\\/es\\\/#website\",\"url\":\"https:\\\/\\\/saprea.org\\\/es\\\/\",\"name\":\"Saprea\",\"description\":\"\",\"publisher\":{\"@id\":\"https:\\\/\\\/saprea.org\\\/es\\\/#organization\"},\"potentialAction\":[{\"@type\":\"SearchAction\",\"target\":{\"@type\":\"EntryPoint\",\"urlTemplate\":\"https:\\\/\\\/saprea.org\\\/es\\\/?s={search_term_string}\"},\"query-input\":{\"@type\":\"PropertyValueSpecification\",\"valueRequired\":true,\"valueName\":\"search_term_string\"}}],\"inLanguage\":\"es\"},{\"@type\":\"Organization\",\"@id\":\"https:\\\/\\\/saprea.org\\\/es\\\/#organization\",\"name\":\"Saprea\",\"url\":\"https:\\\/\\\/saprea.org\\\/es\\\/\",\"logo\":{\"@type\":\"ImageObject\",\"inLanguage\":\"es\",\"@id\":\"https:\\\/\\\/saprea.org\\\/es\\\/#\\\/schema\\\/logo\\\/image\\\/\",\"url\":\"https:\\\/\\\/saprea.org\\\/wp-content\\\/uploads\\\/2021\\\/12\\\/Vector-7-1.png\",\"contentUrl\":\"https:\\\/\\\/saprea.org\\\/wp-content\\\/uploads\\\/2021\\\/12\\\/Vector-7-1.png\",\"width\":106,\"height\":105,\"caption\":\"Saprea\"},\"image\":{\"@id\":\"https:\\\/\\\/saprea.org\\\/es\\\/#\\\/schema\\\/logo\\\/image\\\/\"},\"sameAs\":[\"https:\\\/\\\/facebook.com\\\/saprea.org\",\"https:\\\/\\\/x.com\\\/saprea_org\",\"https:\\\/\\\/instagram.com\\\/youniquefoundation\",\"https:\\\/\\\/pinterest.com\\\/saprea_org\",\"https:\\\/\\\/youtube.com\\\/c\\\/saprea_org\"]}]}<\/script>\n<!-- \/ Yoast SEO plugin. -->","yoast_head_json":{"title":"Ense\u00f1ar a Tu Hijo el Consentimiento | Saprea","description":"Ense\u00f1ar a tus hijos una sexualidad sana es una forma clave de reducir el riesgo de abuso sexual infantil en tu familia.","robots":{"index":"index","follow":"follow","max-snippet":"max-snippet:-1","max-image-preview":"max-image-preview:large","max-video-preview":"max-video-preview:-1"},"canonical":"https:\/\/saprea.org\/es\/educacion-comunitaria\/ensenar-el-consentimiento-de-su-hijo\/","og_locale":"es_ES","og_type":"article","og_title":"Ense\u00f1ar a Tu Hijo el Consentimiento | Saprea","og_description":"Ense\u00f1ar a tus hijos una sexualidad sana es una forma clave de reducir el riesgo de abuso sexual infantil en tu familia.","og_url":"https:\/\/saprea.org\/es\/educacion-comunitaria\/ensenar-el-consentimiento-de-su-hijo\/","og_site_name":"Saprea","article_publisher":"https:\/\/facebook.com\/saprea.org","article_modified_time":"2024-08-16T19:05:56+00:00","og_image":[{"width":1082,"height":706,"url":"https:\/\/saprea.org\/wp-content\/uploads\/2024\/02\/Teaching_Consent_Hero.jpg","type":"image\/jpeg"}],"twitter_card":"summary_large_image","twitter_site":"@saprea_org","twitter_misc":{"Tiempo de lectura":"8 minutos"},"schema":{"@context":"https:\/\/schema.org","@graph":[{"@type":"WebPage","@id":"https:\/\/saprea.org\/es\/educacion-comunitaria\/ensenar-el-consentimiento-de-su-hijo\/","url":"https:\/\/saprea.org\/es\/educacion-comunitaria\/ensenar-el-consentimiento-de-su-hijo\/","name":"Ense\u00f1ar a Tu Hijo el Consentimiento | Saprea","isPartOf":{"@id":"https:\/\/saprea.org\/es\/#website"},"primaryImageOfPage":{"@id":"https:\/\/saprea.org\/es\/educacion-comunitaria\/ensenar-el-consentimiento-de-su-hijo\/#primaryimage"},"image":{"@id":"https:\/\/saprea.org\/es\/educacion-comunitaria\/ensenar-el-consentimiento-de-su-hijo\/#primaryimage"},"thumbnailUrl":"https:\/\/saprea.org\/wp-content\/uploads\/2024\/02\/Teaching_Consent_Hero.jpg","datePublished":"2022-02-10T17:57:26+00:00","dateModified":"2024-08-16T19:05:56+00:00","description":"Ense\u00f1ar a tus hijos una sexualidad sana es una forma clave de reducir el riesgo de abuso sexual infantil en tu familia.","breadcrumb":{"@id":"https:\/\/saprea.org\/es\/educacion-comunitaria\/ensenar-el-consentimiento-de-su-hijo\/#breadcrumb"},"inLanguage":"es","potentialAction":[{"@type":"ReadAction","target":["https:\/\/saprea.org\/es\/educacion-comunitaria\/ensenar-el-consentimiento-de-su-hijo\/"]}]},{"@type":"ImageObject","inLanguage":"es","@id":"https:\/\/saprea.org\/es\/educacion-comunitaria\/ensenar-el-consentimiento-de-su-hijo\/#primaryimage","url":"https:\/\/saprea.org\/wp-content\/uploads\/2024\/02\/Teaching_Consent_Hero.jpg","contentUrl":"https:\/\/saprea.org\/wp-content\/uploads\/2024\/02\/Teaching_Consent_Hero.jpg","width":1082,"height":706},{"@type":"BreadcrumbList","@id":"https:\/\/saprea.org\/es\/educacion-comunitaria\/ensenar-el-consentimiento-de-su-hijo\/#breadcrumb","itemListElement":[{"@type":"ListItem","position":1,"name":"Home","item":"https:\/\/saprea.org\/es\/pagina-de-inicio-de-saprea\/"},{"@type":"ListItem","position":2,"name":"Educaci\u00f3n comunitaria","item":"https:\/\/saprea.org\/es\/educacion-comunitaria\/"},{"@type":"ListItem","position":3,"name":"Ense\u00f1ar el consentimiento de su hijo"}]},{"@type":"WebSite","@id":"https:\/\/saprea.org\/es\/#website","url":"https:\/\/saprea.org\/es\/","name":"Saprea","description":"","publisher":{"@id":"https:\/\/saprea.org\/es\/#organization"},"potentialAction":[{"@type":"SearchAction","target":{"@type":"EntryPoint","urlTemplate":"https:\/\/saprea.org\/es\/?s={search_term_string}"},"query-input":{"@type":"PropertyValueSpecification","valueRequired":true,"valueName":"search_term_string"}}],"inLanguage":"es"},{"@type":"Organization","@id":"https:\/\/saprea.org\/es\/#organization","name":"Saprea","url":"https:\/\/saprea.org\/es\/","logo":{"@type":"ImageObject","inLanguage":"es","@id":"https:\/\/saprea.org\/es\/#\/schema\/logo\/image\/","url":"https:\/\/saprea.org\/wp-content\/uploads\/2021\/12\/Vector-7-1.png","contentUrl":"https:\/\/saprea.org\/wp-content\/uploads\/2021\/12\/Vector-7-1.png","width":106,"height":105,"caption":"Saprea"},"image":{"@id":"https:\/\/saprea.org\/es\/#\/schema\/logo\/image\/"},"sameAs":["https:\/\/facebook.com\/saprea.org","https:\/\/x.com\/saprea_org","https:\/\/instagram.com\/youniquefoundation","https:\/\/pinterest.com\/saprea_org","https:\/\/youtube.com\/c\/saprea_org"]}]}},"_links":{"self":[{"href":"https:\/\/saprea.org\/es\/wp-json\/wp\/v2\/pages\/987","targetHints":{"allow":["GET"]}}],"collection":[{"href":"https:\/\/saprea.org\/es\/wp-json\/wp\/v2\/pages"}],"about":[{"href":"https:\/\/saprea.org\/es\/wp-json\/wp\/v2\/types\/page"}],"author":[{"embeddable":true,"href":"https:\/\/saprea.org\/es\/wp-json\/wp\/v2\/users\/3"}],"replies":[{"embeddable":true,"href":"https:\/\/saprea.org\/es\/wp-json\/wp\/v2\/comments?post=987"}],"version-history":[{"count":0,"href":"https:\/\/saprea.org\/es\/wp-json\/wp\/v2\/pages\/987\/revisions"}],"up":[{"embeddable":true,"href":"https:\/\/saprea.org\/es\/wp-json\/wp\/v2\/pages\/963"}],"wp:featuredmedia":[{"embeddable":true,"href":"https:\/\/saprea.org\/es\/wp-json\/wp\/v2\/media\/27364"}],"wp:attachment":[{"href":"https:\/\/saprea.org\/es\/wp-json\/wp\/v2\/media?parent=987"}],"curies":[{"name":"wp","href":"https:\/\/api.w.org\/{rel}","templated":true}]}}