{"id":946,"date":"2022-02-10T17:57:07","date_gmt":"2022-02-10T17:57:07","guid":{"rendered":"http:\/\/54.188.8.157\/formulario-de-envio-de-educador-comunitario-voluntario\/"},"modified":"2025-11-18T11:31:27","modified_gmt":"2025-11-18T17:31:27","slug":"formulario-de-envio-de-educador-comunitario-voluntario","status":"publish","type":"page","link":"https:\/\/saprea.org\/es\/educacion-comunitaria\/formulario-de-envio-de-educador-comunitario-voluntario\/","title":{"rendered":"Formulario de env\u00edo de educador comunitario voluntario"},"content":{"rendered":"<div id=\"cs-content\" class=\"cs-content\"><\/div>\n","protected":false},"excerpt":{"rendered":"<p>Saprea &gt; Ense\u00f1a en Tu Comunidad\u00a0&gt; Formulario de env\u00edo de educador comunitario voluntarioHazte Educador Comunitario\u00a1Gracias por tu inter\u00e9s en convertirte en educador comunitario!\u00bfQu\u00e9 hace que un Educador Comunitario sea bueno?Nuestros Educador Comunitario se comprometen a ayudar a su comunidad a reducir el riesgo de abuso sexual infantil. Se esfuerzan por encontrar grupos que est\u00e9n dispuestos [&hellip;]<\/p>\n","protected":false},"author":3,"featured_media":0,"parent":963,"menu_order":0,"comment_status":"closed","ping_status":"closed","template":"","meta":{"footnotes":""},"class_list":["post-946","page","type-page","status-publish","hentry"],"yoast_head":"<!-- This site is optimized with the Yoast SEO plugin v27.3 - https:\/\/yoast.com\/product\/yoast-seo-wordpress\/ -->\n<title>Conviertete en Educador Comunitario Voluntario | Saprea<\/title>\n<meta name=\"description\" content=\"Gracias por tu inter\u00e9s en ser un educador comunitario voluntario. Rellena el siguiente formulario para obtener m\u00e1s informaci\u00f3n sobre nuestro programa.\" \/>\n<meta name=\"robots\" content=\"index, follow, max-snippet:-1, max-image-preview:large, max-video-preview:-1\" \/>\n<link rel=\"canonical\" href=\"https:\/\/saprea.org\/es\/educacion-comunitaria\/formulario-de-envio-de-educador-comunitario-voluntario\/\" \/>\n<meta property=\"og:locale\" content=\"es_ES\" \/>\n<meta property=\"og:type\" content=\"article\" \/>\n<meta property=\"og:title\" content=\"Conviertete en Educador Comunitario Voluntario | Saprea\" \/>\n<meta property=\"og:description\" content=\"Gracias por tu inter\u00e9s en ser un educador comunitario voluntario. Rellena el siguiente formulario para obtener m\u00e1s informaci\u00f3n sobre nuestro programa.\" \/>\n<meta property=\"og:url\" content=\"https:\/\/saprea.org\/es\/educacion-comunitaria\/formulario-de-envio-de-educador-comunitario-voluntario\/\" \/>\n<meta property=\"og:site_name\" content=\"Saprea\" \/>\n<meta property=\"article:publisher\" content=\"https:\/\/facebook.com\/saprea.org\" \/>\n<meta property=\"article:modified_time\" content=\"2025-11-18T17:31:27+00:00\" \/>\n<meta name=\"twitter:card\" content=\"summary_large_image\" \/>\n<meta name=\"twitter:site\" content=\"@saprea_org\" \/>\n<meta name=\"twitter:label1\" content=\"Tiempo de lectura\" \/>\n\t<meta name=\"twitter:data1\" content=\"1 minuto\" \/>\n<script type=\"application\/ld+json\" class=\"yoast-schema-graph\">{\"@context\":\"https:\\\/\\\/schema.org\",\"@graph\":[{\"@type\":\"WebPage\",\"@id\":\"https:\\\/\\\/saprea.org\\\/es\\\/educacion-comunitaria\\\/formulario-de-envio-de-educador-comunitario-voluntario\\\/\",\"url\":\"https:\\\/\\\/saprea.org\\\/es\\\/educacion-comunitaria\\\/formulario-de-envio-de-educador-comunitario-voluntario\\\/\",\"name\":\"Conviertete en Educador Comunitario Voluntario | Saprea\",\"isPartOf\":{\"@id\":\"https:\\\/\\\/saprea.org\\\/es\\\/#website\"},\"datePublished\":\"2022-02-10T17:57:07+00:00\",\"dateModified\":\"2025-11-18T17:31:27+00:00\",\"description\":\"Gracias por tu inter\u00e9s en ser un educador comunitario voluntario. Rellena el siguiente formulario para obtener m\u00e1s informaci\u00f3n sobre nuestro programa.\",\"breadcrumb\":{\"@id\":\"https:\\\/\\\/saprea.org\\\/es\\\/educacion-comunitaria\\\/formulario-de-envio-de-educador-comunitario-voluntario\\\/#breadcrumb\"},\"inLanguage\":\"es\",\"potentialAction\":[{\"@type\":\"ReadAction\",\"target\":[\"https:\\\/\\\/saprea.org\\\/es\\\/educacion-comunitaria\\\/formulario-de-envio-de-educador-comunitario-voluntario\\\/\"]}]},{\"@type\":\"BreadcrumbList\",\"@id\":\"https:\\\/\\\/saprea.org\\\/es\\\/educacion-comunitaria\\\/formulario-de-envio-de-educador-comunitario-voluntario\\\/#breadcrumb\",\"itemListElement\":[{\"@type\":\"ListItem\",\"position\":1,\"name\":\"Home\",\"item\":\"https:\\\/\\\/saprea.org\\\/es\\\/pagina-de-inicio-de-saprea\\\/\"},{\"@type\":\"ListItem\",\"position\":2,\"name\":\"Educaci\u00f3n comunitaria\",\"item\":\"https:\\\/\\\/saprea.org\\\/es\\\/educacion-comunitaria\\\/\"},{\"@type\":\"ListItem\",\"position\":3,\"name\":\"Formulario de env\u00edo de educador comunitario voluntario\"}]},{\"@type\":\"WebSite\",\"@id\":\"https:\\\/\\\/saprea.org\\\/es\\\/#website\",\"url\":\"https:\\\/\\\/saprea.org\\\/es\\\/\",\"name\":\"Saprea\",\"description\":\"\",\"publisher\":{\"@id\":\"https:\\\/\\\/saprea.org\\\/es\\\/#organization\"},\"potentialAction\":[{\"@type\":\"SearchAction\",\"target\":{\"@type\":\"EntryPoint\",\"urlTemplate\":\"https:\\\/\\\/saprea.org\\\/es\\\/?s={search_term_string}\"},\"query-input\":{\"@type\":\"PropertyValueSpecification\",\"valueRequired\":true,\"valueName\":\"search_term_string\"}}],\"inLanguage\":\"es\"},{\"@type\":\"Organization\",\"@id\":\"https:\\\/\\\/saprea.org\\\/es\\\/#organization\",\"name\":\"Saprea\",\"url\":\"https:\\\/\\\/saprea.org\\\/es\\\/\",\"logo\":{\"@type\":\"ImageObject\",\"inLanguage\":\"es\",\"@id\":\"https:\\\/\\\/saprea.org\\\/es\\\/#\\\/schema\\\/logo\\\/image\\\/\",\"url\":\"https:\\\/\\\/saprea.org\\\/wp-content\\\/uploads\\\/2021\\\/12\\\/Vector-7-1.png\",\"contentUrl\":\"https:\\\/\\\/saprea.org\\\/wp-content\\\/uploads\\\/2021\\\/12\\\/Vector-7-1.png\",\"width\":106,\"height\":105,\"caption\":\"Saprea\"},\"image\":{\"@id\":\"https:\\\/\\\/saprea.org\\\/es\\\/#\\\/schema\\\/logo\\\/image\\\/\"},\"sameAs\":[\"https:\\\/\\\/facebook.com\\\/saprea.org\",\"https:\\\/\\\/x.com\\\/saprea_org\",\"https:\\\/\\\/instagram.com\\\/youniquefoundation\",\"https:\\\/\\\/pinterest.com\\\/saprea_org\",\"https:\\\/\\\/youtube.com\\\/c\\\/saprea_org\"]}]}<\/script>\n<!-- \/ Yoast SEO plugin. -->","yoast_head_json":{"title":"Conviertete en Educador Comunitario Voluntario | Saprea","description":"Gracias por tu inter\u00e9s en ser un educador comunitario voluntario. Rellena el siguiente formulario para obtener m\u00e1s informaci\u00f3n sobre nuestro programa.","robots":{"index":"index","follow":"follow","max-snippet":"max-snippet:-1","max-image-preview":"max-image-preview:large","max-video-preview":"max-video-preview:-1"},"canonical":"https:\/\/saprea.org\/es\/educacion-comunitaria\/formulario-de-envio-de-educador-comunitario-voluntario\/","og_locale":"es_ES","og_type":"article","og_title":"Conviertete en Educador Comunitario Voluntario | Saprea","og_description":"Gracias por tu inter\u00e9s en ser un educador comunitario voluntario. Rellena el siguiente formulario para obtener m\u00e1s informaci\u00f3n sobre nuestro programa.","og_url":"https:\/\/saprea.org\/es\/educacion-comunitaria\/formulario-de-envio-de-educador-comunitario-voluntario\/","og_site_name":"Saprea","article_publisher":"https:\/\/facebook.com\/saprea.org","article_modified_time":"2025-11-18T17:31:27+00:00","twitter_card":"summary_large_image","twitter_site":"@saprea_org","twitter_misc":{"Tiempo de lectura":"1 minuto"},"schema":{"@context":"https:\/\/schema.org","@graph":[{"@type":"WebPage","@id":"https:\/\/saprea.org\/es\/educacion-comunitaria\/formulario-de-envio-de-educador-comunitario-voluntario\/","url":"https:\/\/saprea.org\/es\/educacion-comunitaria\/formulario-de-envio-de-educador-comunitario-voluntario\/","name":"Conviertete en Educador Comunitario Voluntario | Saprea","isPartOf":{"@id":"https:\/\/saprea.org\/es\/#website"},"datePublished":"2022-02-10T17:57:07+00:00","dateModified":"2025-11-18T17:31:27+00:00","description":"Gracias por tu inter\u00e9s en ser un educador comunitario voluntario. Rellena el siguiente formulario para obtener m\u00e1s informaci\u00f3n sobre nuestro programa.","breadcrumb":{"@id":"https:\/\/saprea.org\/es\/educacion-comunitaria\/formulario-de-envio-de-educador-comunitario-voluntario\/#breadcrumb"},"inLanguage":"es","potentialAction":[{"@type":"ReadAction","target":["https:\/\/saprea.org\/es\/educacion-comunitaria\/formulario-de-envio-de-educador-comunitario-voluntario\/"]}]},{"@type":"BreadcrumbList","@id":"https:\/\/saprea.org\/es\/educacion-comunitaria\/formulario-de-envio-de-educador-comunitario-voluntario\/#breadcrumb","itemListElement":[{"@type":"ListItem","position":1,"name":"Home","item":"https:\/\/saprea.org\/es\/pagina-de-inicio-de-saprea\/"},{"@type":"ListItem","position":2,"name":"Educaci\u00f3n comunitaria","item":"https:\/\/saprea.org\/es\/educacion-comunitaria\/"},{"@type":"ListItem","position":3,"name":"Formulario de env\u00edo de educador comunitario voluntario"}]},{"@type":"WebSite","@id":"https:\/\/saprea.org\/es\/#website","url":"https:\/\/saprea.org\/es\/","name":"Saprea","description":"","publisher":{"@id":"https:\/\/saprea.org\/es\/#organization"},"potentialAction":[{"@type":"SearchAction","target":{"@type":"EntryPoint","urlTemplate":"https:\/\/saprea.org\/es\/?s={search_term_string}"},"query-input":{"@type":"PropertyValueSpecification","valueRequired":true,"valueName":"search_term_string"}}],"inLanguage":"es"},{"@type":"Organization","@id":"https:\/\/saprea.org\/es\/#organization","name":"Saprea","url":"https:\/\/saprea.org\/es\/","logo":{"@type":"ImageObject","inLanguage":"es","@id":"https:\/\/saprea.org\/es\/#\/schema\/logo\/image\/","url":"https:\/\/saprea.org\/wp-content\/uploads\/2021\/12\/Vector-7-1.png","contentUrl":"https:\/\/saprea.org\/wp-content\/uploads\/2021\/12\/Vector-7-1.png","width":106,"height":105,"caption":"Saprea"},"image":{"@id":"https:\/\/saprea.org\/es\/#\/schema\/logo\/image\/"},"sameAs":["https:\/\/facebook.com\/saprea.org","https:\/\/x.com\/saprea_org","https:\/\/instagram.com\/youniquefoundation","https:\/\/pinterest.com\/saprea_org","https:\/\/youtube.com\/c\/saprea_org"]}]}},"_links":{"self":[{"href":"https:\/\/saprea.org\/es\/wp-json\/wp\/v2\/pages\/946","targetHints":{"allow":["GET"]}}],"collection":[{"href":"https:\/\/saprea.org\/es\/wp-json\/wp\/v2\/pages"}],"about":[{"href":"https:\/\/saprea.org\/es\/wp-json\/wp\/v2\/types\/page"}],"author":[{"embeddable":true,"href":"https:\/\/saprea.org\/es\/wp-json\/wp\/v2\/users\/3"}],"replies":[{"embeddable":true,"href":"https:\/\/saprea.org\/es\/wp-json\/wp\/v2\/comments?post=946"}],"version-history":[{"count":9,"href":"https:\/\/saprea.org\/es\/wp-json\/wp\/v2\/pages\/946\/revisions"}],"predecessor-version":[{"id":33961,"href":"https:\/\/saprea.org\/es\/wp-json\/wp\/v2\/pages\/946\/revisions\/33961"}],"up":[{"embeddable":true,"href":"https:\/\/saprea.org\/es\/wp-json\/wp\/v2\/pages\/963"}],"wp:attachment":[{"href":"https:\/\/saprea.org\/es\/wp-json\/wp\/v2\/media?parent=946"}],"curies":[{"name":"wp","href":"https:\/\/api.w.org\/{rel}","templated":true}]}}