{"id":937,"date":"2022-02-10T17:57:06","date_gmt":"2022-02-10T17:57:06","guid":{"rendered":"http:\/\/54.188.8.157\/formulario-de-envio-de-clases-de-prevencion\/"},"modified":"2025-11-18T11:20:45","modified_gmt":"2025-11-18T17:20:45","slug":"formulario-de-envio-de-clases-de-prevencion","status":"publish","type":"page","link":"https:\/\/saprea.org\/es\/educacion-comunitaria\/formulario-de-envio-de-clases-de-prevencion\/","title":{"rendered":"Programa una Clase de Prevenci\u00f3n de Abuso Sexual Infantil de Saprea"},"content":{"rendered":"<div id=\"cs-content\" class=\"cs-content\"><\/div>\n","protected":false},"excerpt":{"rendered":"<p>Saprea &gt; Ense\u00f1a en Tu Comunidad\u00a0&gt; Programa una Clase de Prevenci\u00f3n de Abuso Sexual Infantil de SapreaPrograma una Clase de Prevenci\u00f3n de Abuso Sexual Infantil de SapreaGracias por tu compromiso con la seguridad de los ni\u00f1os de tu comunidad. C\u00f3mo funciona: T\u00fa nos ayudas reuniendo y acogiendo a un grupo en tu comunidad. Saprea ayuda [&hellip;]<\/p>\n","protected":false},"author":3,"featured_media":0,"parent":963,"menu_order":0,"comment_status":"closed","ping_status":"closed","template":"","meta":{"footnotes":""},"class_list":["post-937","page","type-page","status-publish","hentry"],"yoast_head":"<!-- This site is optimized with the Yoast SEO plugin v27.3 - https:\/\/yoast.com\/product\/yoast-seo-wordpress\/ -->\n<title>Programa una Clase de Prevenci\u00f3n de Abuso Sexual Infantil | Saprea<\/title>\n<meta name=\"description\" content=\"Gracias por tu inter\u00e9s en fijar una clase de Prevenci\u00f3n. Para empezar, rellena tus datos a continuaci\u00f3n y nos pondremos en contacto contigo.\" \/>\n<meta name=\"robots\" content=\"index, follow, max-snippet:-1, max-image-preview:large, max-video-preview:-1\" \/>\n<link rel=\"canonical\" href=\"https:\/\/saprea.org\/es\/educacion-comunitaria\/formulario-de-envio-de-clases-de-prevencion\/\" \/>\n<meta property=\"og:locale\" content=\"es_ES\" \/>\n<meta property=\"og:type\" content=\"article\" \/>\n<meta property=\"og:title\" content=\"Programa una Clase de Prevenci\u00f3n de Abuso Sexual Infantil | Saprea\" \/>\n<meta property=\"og:description\" content=\"Gracias por tu inter\u00e9s en fijar una clase de Prevenci\u00f3n. Para empezar, rellena tus datos a continuaci\u00f3n y nos pondremos en contacto contigo.\" \/>\n<meta property=\"og:url\" content=\"https:\/\/saprea.org\/es\/educacion-comunitaria\/formulario-de-envio-de-clases-de-prevencion\/\" \/>\n<meta property=\"og:site_name\" content=\"Saprea\" \/>\n<meta property=\"article:publisher\" content=\"https:\/\/facebook.com\/saprea.org\" \/>\n<meta property=\"article:modified_time\" content=\"2025-11-18T17:20:45+00:00\" \/>\n<meta name=\"twitter:card\" content=\"summary_large_image\" \/>\n<meta name=\"twitter:site\" content=\"@saprea_org\" \/>\n<script type=\"application\/ld+json\" class=\"yoast-schema-graph\">{\"@context\":\"https:\\\/\\\/schema.org\",\"@graph\":[{\"@type\":\"WebPage\",\"@id\":\"https:\\\/\\\/saprea.org\\\/es\\\/educacion-comunitaria\\\/formulario-de-envio-de-clases-de-prevencion\\\/\",\"url\":\"https:\\\/\\\/saprea.org\\\/es\\\/educacion-comunitaria\\\/formulario-de-envio-de-clases-de-prevencion\\\/\",\"name\":\"Programa una Clase de Prevenci\u00f3n de Abuso Sexual Infantil | Saprea\",\"isPartOf\":{\"@id\":\"https:\\\/\\\/saprea.org\\\/es\\\/#website\"},\"datePublished\":\"2022-02-10T17:57:06+00:00\",\"dateModified\":\"2025-11-18T17:20:45+00:00\",\"description\":\"Gracias por tu inter\u00e9s en fijar una clase de Prevenci\u00f3n. Para empezar, rellena tus datos a continuaci\u00f3n y nos pondremos en contacto contigo.\",\"breadcrumb\":{\"@id\":\"https:\\\/\\\/saprea.org\\\/es\\\/educacion-comunitaria\\\/formulario-de-envio-de-clases-de-prevencion\\\/#breadcrumb\"},\"inLanguage\":\"es\",\"potentialAction\":[{\"@type\":\"ReadAction\",\"target\":[\"https:\\\/\\\/saprea.org\\\/es\\\/educacion-comunitaria\\\/formulario-de-envio-de-clases-de-prevencion\\\/\"]}]},{\"@type\":\"BreadcrumbList\",\"@id\":\"https:\\\/\\\/saprea.org\\\/es\\\/educacion-comunitaria\\\/formulario-de-envio-de-clases-de-prevencion\\\/#breadcrumb\",\"itemListElement\":[{\"@type\":\"ListItem\",\"position\":1,\"name\":\"Home\",\"item\":\"https:\\\/\\\/saprea.org\\\/es\\\/pagina-de-inicio-de-saprea\\\/\"},{\"@type\":\"ListItem\",\"position\":2,\"name\":\"Educaci\u00f3n comunitaria\",\"item\":\"https:\\\/\\\/saprea.org\\\/es\\\/educacion-comunitaria\\\/\"},{\"@type\":\"ListItem\",\"position\":3,\"name\":\"Programa una Clase de Prevenci\u00f3n de Abuso Sexual Infantil de Saprea\"}]},{\"@type\":\"WebSite\",\"@id\":\"https:\\\/\\\/saprea.org\\\/es\\\/#website\",\"url\":\"https:\\\/\\\/saprea.org\\\/es\\\/\",\"name\":\"Saprea\",\"description\":\"\",\"publisher\":{\"@id\":\"https:\\\/\\\/saprea.org\\\/es\\\/#organization\"},\"potentialAction\":[{\"@type\":\"SearchAction\",\"target\":{\"@type\":\"EntryPoint\",\"urlTemplate\":\"https:\\\/\\\/saprea.org\\\/es\\\/?s={search_term_string}\"},\"query-input\":{\"@type\":\"PropertyValueSpecification\",\"valueRequired\":true,\"valueName\":\"search_term_string\"}}],\"inLanguage\":\"es\"},{\"@type\":\"Organization\",\"@id\":\"https:\\\/\\\/saprea.org\\\/es\\\/#organization\",\"name\":\"Saprea\",\"url\":\"https:\\\/\\\/saprea.org\\\/es\\\/\",\"logo\":{\"@type\":\"ImageObject\",\"inLanguage\":\"es\",\"@id\":\"https:\\\/\\\/saprea.org\\\/es\\\/#\\\/schema\\\/logo\\\/image\\\/\",\"url\":\"https:\\\/\\\/saprea.org\\\/wp-content\\\/uploads\\\/2021\\\/12\\\/Vector-7-1.png\",\"contentUrl\":\"https:\\\/\\\/saprea.org\\\/wp-content\\\/uploads\\\/2021\\\/12\\\/Vector-7-1.png\",\"width\":106,\"height\":105,\"caption\":\"Saprea\"},\"image\":{\"@id\":\"https:\\\/\\\/saprea.org\\\/es\\\/#\\\/schema\\\/logo\\\/image\\\/\"},\"sameAs\":[\"https:\\\/\\\/facebook.com\\\/saprea.org\",\"https:\\\/\\\/x.com\\\/saprea_org\",\"https:\\\/\\\/instagram.com\\\/youniquefoundation\",\"https:\\\/\\\/pinterest.com\\\/saprea_org\",\"https:\\\/\\\/youtube.com\\\/c\\\/saprea_org\"]}]}<\/script>\n<!-- \/ Yoast SEO plugin. -->","yoast_head_json":{"title":"Programa una Clase de Prevenci\u00f3n de Abuso Sexual Infantil | Saprea","description":"Gracias por tu inter\u00e9s en fijar una clase de Prevenci\u00f3n. Para empezar, rellena tus datos a continuaci\u00f3n y nos pondremos en contacto contigo.","robots":{"index":"index","follow":"follow","max-snippet":"max-snippet:-1","max-image-preview":"max-image-preview:large","max-video-preview":"max-video-preview:-1"},"canonical":"https:\/\/saprea.org\/es\/educacion-comunitaria\/formulario-de-envio-de-clases-de-prevencion\/","og_locale":"es_ES","og_type":"article","og_title":"Programa una Clase de Prevenci\u00f3n de Abuso Sexual Infantil | Saprea","og_description":"Gracias por tu inter\u00e9s en fijar una clase de Prevenci\u00f3n. Para empezar, rellena tus datos a continuaci\u00f3n y nos pondremos en contacto contigo.","og_url":"https:\/\/saprea.org\/es\/educacion-comunitaria\/formulario-de-envio-de-clases-de-prevencion\/","og_site_name":"Saprea","article_publisher":"https:\/\/facebook.com\/saprea.org","article_modified_time":"2025-11-18T17:20:45+00:00","twitter_card":"summary_large_image","twitter_site":"@saprea_org","schema":{"@context":"https:\/\/schema.org","@graph":[{"@type":"WebPage","@id":"https:\/\/saprea.org\/es\/educacion-comunitaria\/formulario-de-envio-de-clases-de-prevencion\/","url":"https:\/\/saprea.org\/es\/educacion-comunitaria\/formulario-de-envio-de-clases-de-prevencion\/","name":"Programa una Clase de Prevenci\u00f3n de Abuso Sexual Infantil | Saprea","isPartOf":{"@id":"https:\/\/saprea.org\/es\/#website"},"datePublished":"2022-02-10T17:57:06+00:00","dateModified":"2025-11-18T17:20:45+00:00","description":"Gracias por tu inter\u00e9s en fijar una clase de Prevenci\u00f3n. Para empezar, rellena tus datos a continuaci\u00f3n y nos pondremos en contacto contigo.","breadcrumb":{"@id":"https:\/\/saprea.org\/es\/educacion-comunitaria\/formulario-de-envio-de-clases-de-prevencion\/#breadcrumb"},"inLanguage":"es","potentialAction":[{"@type":"ReadAction","target":["https:\/\/saprea.org\/es\/educacion-comunitaria\/formulario-de-envio-de-clases-de-prevencion\/"]}]},{"@type":"BreadcrumbList","@id":"https:\/\/saprea.org\/es\/educacion-comunitaria\/formulario-de-envio-de-clases-de-prevencion\/#breadcrumb","itemListElement":[{"@type":"ListItem","position":1,"name":"Home","item":"https:\/\/saprea.org\/es\/pagina-de-inicio-de-saprea\/"},{"@type":"ListItem","position":2,"name":"Educaci\u00f3n comunitaria","item":"https:\/\/saprea.org\/es\/educacion-comunitaria\/"},{"@type":"ListItem","position":3,"name":"Programa una Clase de Prevenci\u00f3n de Abuso Sexual Infantil de Saprea"}]},{"@type":"WebSite","@id":"https:\/\/saprea.org\/es\/#website","url":"https:\/\/saprea.org\/es\/","name":"Saprea","description":"","publisher":{"@id":"https:\/\/saprea.org\/es\/#organization"},"potentialAction":[{"@type":"SearchAction","target":{"@type":"EntryPoint","urlTemplate":"https:\/\/saprea.org\/es\/?s={search_term_string}"},"query-input":{"@type":"PropertyValueSpecification","valueRequired":true,"valueName":"search_term_string"}}],"inLanguage":"es"},{"@type":"Organization","@id":"https:\/\/saprea.org\/es\/#organization","name":"Saprea","url":"https:\/\/saprea.org\/es\/","logo":{"@type":"ImageObject","inLanguage":"es","@id":"https:\/\/saprea.org\/es\/#\/schema\/logo\/image\/","url":"https:\/\/saprea.org\/wp-content\/uploads\/2021\/12\/Vector-7-1.png","contentUrl":"https:\/\/saprea.org\/wp-content\/uploads\/2021\/12\/Vector-7-1.png","width":106,"height":105,"caption":"Saprea"},"image":{"@id":"https:\/\/saprea.org\/es\/#\/schema\/logo\/image\/"},"sameAs":["https:\/\/facebook.com\/saprea.org","https:\/\/x.com\/saprea_org","https:\/\/instagram.com\/youniquefoundation","https:\/\/pinterest.com\/saprea_org","https:\/\/youtube.com\/c\/saprea_org"]}]}},"_links":{"self":[{"href":"https:\/\/saprea.org\/es\/wp-json\/wp\/v2\/pages\/937","targetHints":{"allow":["GET"]}}],"collection":[{"href":"https:\/\/saprea.org\/es\/wp-json\/wp\/v2\/pages"}],"about":[{"href":"https:\/\/saprea.org\/es\/wp-json\/wp\/v2\/types\/page"}],"author":[{"embeddable":true,"href":"https:\/\/saprea.org\/es\/wp-json\/wp\/v2\/users\/3"}],"replies":[{"embeddable":true,"href":"https:\/\/saprea.org\/es\/wp-json\/wp\/v2\/comments?post=937"}],"version-history":[{"count":3,"href":"https:\/\/saprea.org\/es\/wp-json\/wp\/v2\/pages\/937\/revisions"}],"predecessor-version":[{"id":33951,"href":"https:\/\/saprea.org\/es\/wp-json\/wp\/v2\/pages\/937\/revisions\/33951"}],"up":[{"embeddable":true,"href":"https:\/\/saprea.org\/es\/wp-json\/wp\/v2\/pages\/963"}],"wp:attachment":[{"href":"https:\/\/saprea.org\/es\/wp-json\/wp\/v2\/media?parent=937"}],"curies":[{"name":"wp","href":"https:\/\/api.w.org\/{rel}","templated":true}]}}