{"id":4351,"date":"2022-09-21T20:48:26","date_gmt":"2022-09-21T20:48:26","guid":{"rendered":"http:\/\/54.188.8.157\/formulario-de-solicitud-de-voluntariado\/"},"modified":"2025-11-18T11:38:03","modified_gmt":"2025-11-18T17:38:03","slug":"formulario-solicitud","status":"publish","type":"page","link":"https:\/\/saprea.org\/es\/voluntario\/formulario-solicitud\/","title":{"rendered":"formulario de solicitud de voluntariado"},"content":{"rendered":"<div id=\"cs-content\" class=\"cs-content\"><\/div>\n","protected":false},"excerpt":{"rendered":"<p>Saprea &gt; S\u00e9 voluntario de Saprea\u00a0&gt; formulario de solicitud de voluntariadoSolicitud de voluntariadoAnimamos a cualquiera a ser voluntario con nosotros. Si tienes menos de 18 a\u00f1os, necesitaremos la firma de tus padres, as\u00ed como la informaci\u00f3n de contacto de tus padres. Nombre(Obligatorio) Nombre Apellidos Tu direcci\u00f3n(Obligatorio) Direcci\u00f3n Direcci\u00f3n 2 Ciudad Estado \/ Provincia \/ Regi\u00f3n [&hellip;]<\/p>\n","protected":false},"author":2,"featured_media":0,"parent":4341,"menu_order":0,"comment_status":"closed","ping_status":"closed","template":"","meta":{"footnotes":""},"class_list":["post-4351","page","type-page","status-publish","hentry"],"yoast_head":"<!-- This site is optimized with the Yoast SEO plugin v27.3 - https:\/\/yoast.com\/product\/yoast-seo-wordpress\/ -->\n<title>Solicitud de Voluntario | Saprea<\/title>\n<meta name=\"description\" content=\"Llena la solicitud de voluntariado de Saprea e ind\u00edcanos en qu\u00e9 \u00e1reas est\u00e1s interesado. De nuevo, muchas gracias.\" \/>\n<meta name=\"robots\" content=\"index, follow, max-snippet:-1, max-image-preview:large, max-video-preview:-1\" \/>\n<link rel=\"canonical\" href=\"https:\/\/saprea.org\/es\/voluntario\/formulario-solicitud\/\" \/>\n<meta property=\"og:locale\" content=\"es_ES\" \/>\n<meta property=\"og:type\" content=\"article\" \/>\n<meta property=\"og:title\" content=\"Solicitud de Voluntario | Saprea\" \/>\n<meta property=\"og:description\" content=\"Llena la solicitud de voluntariado de Saprea e ind\u00edcanos en qu\u00e9 \u00e1reas est\u00e1s interesado. De nuevo, muchas gracias.\" \/>\n<meta property=\"og:url\" content=\"https:\/\/saprea.org\/es\/voluntario\/formulario-solicitud\/\" \/>\n<meta property=\"og:site_name\" content=\"Saprea\" \/>\n<meta property=\"article:publisher\" content=\"https:\/\/facebook.com\/saprea.org\" \/>\n<meta property=\"article:modified_time\" content=\"2025-11-18T17:38:03+00:00\" \/>\n<meta name=\"twitter:card\" content=\"summary_large_image\" \/>\n<meta name=\"twitter:site\" content=\"@saprea_org\" \/>\n<meta name=\"twitter:label1\" content=\"Tiempo de lectura\" \/>\n\t<meta name=\"twitter:data1\" content=\"1 minuto\" \/>\n<script type=\"application\/ld+json\" class=\"yoast-schema-graph\">{\"@context\":\"https:\\\/\\\/schema.org\",\"@graph\":[{\"@type\":\"WebPage\",\"@id\":\"https:\\\/\\\/saprea.org\\\/es\\\/voluntario\\\/formulario-solicitud\\\/\",\"url\":\"https:\\\/\\\/saprea.org\\\/es\\\/voluntario\\\/formulario-solicitud\\\/\",\"name\":\"Solicitud de Voluntario | Saprea\",\"isPartOf\":{\"@id\":\"https:\\\/\\\/saprea.org\\\/es\\\/#website\"},\"datePublished\":\"2022-09-21T20:48:26+00:00\",\"dateModified\":\"2025-11-18T17:38:03+00:00\",\"description\":\"Llena la solicitud de voluntariado de Saprea e ind\u00edcanos en qu\u00e9 \u00e1reas est\u00e1s interesado. De nuevo, muchas gracias.\",\"breadcrumb\":{\"@id\":\"https:\\\/\\\/saprea.org\\\/es\\\/voluntario\\\/formulario-solicitud\\\/#breadcrumb\"},\"inLanguage\":\"es\",\"potentialAction\":[{\"@type\":\"ReadAction\",\"target\":[\"https:\\\/\\\/saprea.org\\\/es\\\/voluntario\\\/formulario-solicitud\\\/\"]}]},{\"@type\":\"BreadcrumbList\",\"@id\":\"https:\\\/\\\/saprea.org\\\/es\\\/voluntario\\\/formulario-solicitud\\\/#breadcrumb\",\"itemListElement\":[{\"@type\":\"ListItem\",\"position\":1,\"name\":\"Home\",\"item\":\"https:\\\/\\\/saprea.org\\\/es\\\/pagina-de-inicio-de-saprea\\\/\"},{\"@type\":\"ListItem\",\"position\":2,\"name\":\"Voluntario de Saprea\",\"item\":\"https:\\\/\\\/saprea.org\\\/es\\\/voluntario\\\/\"},{\"@type\":\"ListItem\",\"position\":3,\"name\":\"formulario de solicitud de voluntariado\"}]},{\"@type\":\"WebSite\",\"@id\":\"https:\\\/\\\/saprea.org\\\/es\\\/#website\",\"url\":\"https:\\\/\\\/saprea.org\\\/es\\\/\",\"name\":\"Saprea\",\"description\":\"\",\"publisher\":{\"@id\":\"https:\\\/\\\/saprea.org\\\/es\\\/#organization\"},\"potentialAction\":[{\"@type\":\"SearchAction\",\"target\":{\"@type\":\"EntryPoint\",\"urlTemplate\":\"https:\\\/\\\/saprea.org\\\/es\\\/?s={search_term_string}\"},\"query-input\":{\"@type\":\"PropertyValueSpecification\",\"valueRequired\":true,\"valueName\":\"search_term_string\"}}],\"inLanguage\":\"es\"},{\"@type\":\"Organization\",\"@id\":\"https:\\\/\\\/saprea.org\\\/es\\\/#organization\",\"name\":\"Saprea\",\"url\":\"https:\\\/\\\/saprea.org\\\/es\\\/\",\"logo\":{\"@type\":\"ImageObject\",\"inLanguage\":\"es\",\"@id\":\"https:\\\/\\\/saprea.org\\\/es\\\/#\\\/schema\\\/logo\\\/image\\\/\",\"url\":\"https:\\\/\\\/saprea.org\\\/wp-content\\\/uploads\\\/2021\\\/12\\\/Vector-7-1.png\",\"contentUrl\":\"https:\\\/\\\/saprea.org\\\/wp-content\\\/uploads\\\/2021\\\/12\\\/Vector-7-1.png\",\"width\":106,\"height\":105,\"caption\":\"Saprea\"},\"image\":{\"@id\":\"https:\\\/\\\/saprea.org\\\/es\\\/#\\\/schema\\\/logo\\\/image\\\/\"},\"sameAs\":[\"https:\\\/\\\/facebook.com\\\/saprea.org\",\"https:\\\/\\\/x.com\\\/saprea_org\",\"https:\\\/\\\/instagram.com\\\/youniquefoundation\",\"https:\\\/\\\/pinterest.com\\\/saprea_org\",\"https:\\\/\\\/youtube.com\\\/c\\\/saprea_org\"]}]}<\/script>\n<!-- \/ Yoast SEO plugin. -->","yoast_head_json":{"title":"Solicitud de Voluntario | Saprea","description":"Llena la solicitud de voluntariado de Saprea e ind\u00edcanos en qu\u00e9 \u00e1reas est\u00e1s interesado. De nuevo, muchas gracias.","robots":{"index":"index","follow":"follow","max-snippet":"max-snippet:-1","max-image-preview":"max-image-preview:large","max-video-preview":"max-video-preview:-1"},"canonical":"https:\/\/saprea.org\/es\/voluntario\/formulario-solicitud\/","og_locale":"es_ES","og_type":"article","og_title":"Solicitud de Voluntario | Saprea","og_description":"Llena la solicitud de voluntariado de Saprea e ind\u00edcanos en qu\u00e9 \u00e1reas est\u00e1s interesado. De nuevo, muchas gracias.","og_url":"https:\/\/saprea.org\/es\/voluntario\/formulario-solicitud\/","og_site_name":"Saprea","article_publisher":"https:\/\/facebook.com\/saprea.org","article_modified_time":"2025-11-18T17:38:03+00:00","twitter_card":"summary_large_image","twitter_site":"@saprea_org","twitter_misc":{"Tiempo de lectura":"1 minuto"},"schema":{"@context":"https:\/\/schema.org","@graph":[{"@type":"WebPage","@id":"https:\/\/saprea.org\/es\/voluntario\/formulario-solicitud\/","url":"https:\/\/saprea.org\/es\/voluntario\/formulario-solicitud\/","name":"Solicitud de Voluntario | Saprea","isPartOf":{"@id":"https:\/\/saprea.org\/es\/#website"},"datePublished":"2022-09-21T20:48:26+00:00","dateModified":"2025-11-18T17:38:03+00:00","description":"Llena la solicitud de voluntariado de Saprea e ind\u00edcanos en qu\u00e9 \u00e1reas est\u00e1s interesado. De nuevo, muchas gracias.","breadcrumb":{"@id":"https:\/\/saprea.org\/es\/voluntario\/formulario-solicitud\/#breadcrumb"},"inLanguage":"es","potentialAction":[{"@type":"ReadAction","target":["https:\/\/saprea.org\/es\/voluntario\/formulario-solicitud\/"]}]},{"@type":"BreadcrumbList","@id":"https:\/\/saprea.org\/es\/voluntario\/formulario-solicitud\/#breadcrumb","itemListElement":[{"@type":"ListItem","position":1,"name":"Home","item":"https:\/\/saprea.org\/es\/pagina-de-inicio-de-saprea\/"},{"@type":"ListItem","position":2,"name":"Voluntario de Saprea","item":"https:\/\/saprea.org\/es\/voluntario\/"},{"@type":"ListItem","position":3,"name":"formulario de solicitud de voluntariado"}]},{"@type":"WebSite","@id":"https:\/\/saprea.org\/es\/#website","url":"https:\/\/saprea.org\/es\/","name":"Saprea","description":"","publisher":{"@id":"https:\/\/saprea.org\/es\/#organization"},"potentialAction":[{"@type":"SearchAction","target":{"@type":"EntryPoint","urlTemplate":"https:\/\/saprea.org\/es\/?s={search_term_string}"},"query-input":{"@type":"PropertyValueSpecification","valueRequired":true,"valueName":"search_term_string"}}],"inLanguage":"es"},{"@type":"Organization","@id":"https:\/\/saprea.org\/es\/#organization","name":"Saprea","url":"https:\/\/saprea.org\/es\/","logo":{"@type":"ImageObject","inLanguage":"es","@id":"https:\/\/saprea.org\/es\/#\/schema\/logo\/image\/","url":"https:\/\/saprea.org\/wp-content\/uploads\/2021\/12\/Vector-7-1.png","contentUrl":"https:\/\/saprea.org\/wp-content\/uploads\/2021\/12\/Vector-7-1.png","width":106,"height":105,"caption":"Saprea"},"image":{"@id":"https:\/\/saprea.org\/es\/#\/schema\/logo\/image\/"},"sameAs":["https:\/\/facebook.com\/saprea.org","https:\/\/x.com\/saprea_org","https:\/\/instagram.com\/youniquefoundation","https:\/\/pinterest.com\/saprea_org","https:\/\/youtube.com\/c\/saprea_org"]}]}},"_links":{"self":[{"href":"https:\/\/saprea.org\/es\/wp-json\/wp\/v2\/pages\/4351","targetHints":{"allow":["GET"]}}],"collection":[{"href":"https:\/\/saprea.org\/es\/wp-json\/wp\/v2\/pages"}],"about":[{"href":"https:\/\/saprea.org\/es\/wp-json\/wp\/v2\/types\/page"}],"author":[{"embeddable":true,"href":"https:\/\/saprea.org\/es\/wp-json\/wp\/v2\/users\/2"}],"replies":[{"embeddable":true,"href":"https:\/\/saprea.org\/es\/wp-json\/wp\/v2\/comments?post=4351"}],"version-history":[{"count":5,"href":"https:\/\/saprea.org\/es\/wp-json\/wp\/v2\/pages\/4351\/revisions"}],"predecessor-version":[{"id":33983,"href":"https:\/\/saprea.org\/es\/wp-json\/wp\/v2\/pages\/4351\/revisions\/33983"}],"up":[{"embeddable":true,"href":"https:\/\/saprea.org\/es\/wp-json\/wp\/v2\/pages\/4341"}],"wp:attachment":[{"href":"https:\/\/saprea.org\/es\/wp-json\/wp\/v2\/media?parent=4351"}],"curies":[{"name":"wp","href":"https:\/\/api.w.org\/{rel}","templated":true}]}}