{"id":32171,"date":"2025-04-08T12:03:18","date_gmt":"2025-04-08T18:03:18","guid":{"rendered":"https:\/\/saprea.org\/sapreas-strategies-for-preventing-child-sexual-abuse-spanish\/"},"modified":"2025-04-08T12:08:50","modified_gmt":"2025-04-08T18:08:50","slug":"recursos-prevencion","status":"publish","type":"page","link":"https:\/\/saprea.org\/es\/recursos-prevencion\/","title":{"rendered":"Estrategias de Saprea para prevenir el abuso sexual infantil\u202f"},"content":{"rendered":"<div id=\"cs-content\" class=\"cs-content\"><\/div>\n","protected":false},"excerpt":{"rendered":"<p>Saprea &gt; Estrategias de Saprea para prevenir el abuso sexual infantil\u202fSaprea &gt; Estrategias de Saprea para prevenir el abuso sexual infantil\u202fRECURSOS DE PREVENCI\u00d3N DE SAPREAEstrategias para Prevenir el Abuso Sexual InfantilCada a\u00f1o, millones de ni\u00f1os sufren abuso sexual. Pero hay esperanza. Los padres y cuidadores pueden aprender y aplicar proactivamente las mejores pr\u00e1cticas basadas en [&hellip;]<\/p>\n","protected":false},"author":3,"featured_media":31679,"parent":0,"menu_order":0,"comment_status":"closed","ping_status":"closed","template":"","meta":{"footnotes":""},"class_list":["post-32171","page","type-page","status-publish","has-post-thumbnail","hentry"],"yoast_head":"<!-- This site is optimized with the Yoast SEO plugin v27.3 - https:\/\/yoast.com\/product\/yoast-seo-wordpress\/ -->\n<title>Estrategias de Saprea para prevenir el abuso sexual infantil\u202f | Saprea<\/title>\n<meta name=\"description\" content=\"Empod\u00e9rate con estrategias respaldadas por la investigaci\u00f3n para proteger a los ni\u00f1os contra el abuso sexual. Los recursos gratuitos de prevenci\u00f3n de Saprea ayudan a padres y cuidadores a actuar\" \/>\n<meta name=\"robots\" content=\"index, follow, max-snippet:-1, max-image-preview:large, max-video-preview:-1\" \/>\n<link rel=\"canonical\" href=\"https:\/\/saprea.org\/es\/recursos-prevencion\/\" \/>\n<meta property=\"og:locale\" content=\"es_ES\" \/>\n<meta property=\"og:type\" content=\"article\" \/>\n<meta property=\"og:title\" content=\"Estrategias de Saprea para prevenir el abuso sexual infantil\u202f | Saprea\" \/>\n<meta property=\"og:description\" content=\"Empod\u00e9rate con estrategias respaldadas por la investigaci\u00f3n para proteger a los ni\u00f1os contra el abuso sexual. Los recursos gratuitos de prevenci\u00f3n de Saprea ayudan a padres y cuidadores a actuar\" \/>\n<meta property=\"og:url\" content=\"https:\/\/saprea.org\/es\/recursos-prevencion\/\" \/>\n<meta property=\"og:site_name\" content=\"Saprea\" \/>\n<meta property=\"article:publisher\" content=\"https:\/\/facebook.com\/saprea.org\" \/>\n<meta property=\"article:modified_time\" content=\"2025-04-08T18:08:50+00:00\" \/>\n<meta property=\"og:image\" content=\"https:\/\/saprea.org\/wp-content\/uploads\/2025\/02\/Prevention-Landing-Hero_Family-mobile-1024x512.png\" \/>\n\t<meta property=\"og:image:width\" content=\"1024\" \/>\n\t<meta property=\"og:image:height\" content=\"512\" \/>\n\t<meta property=\"og:image:type\" content=\"image\/png\" \/>\n<meta name=\"twitter:card\" content=\"summary_large_image\" \/>\n<meta name=\"twitter:site\" content=\"@saprea_org\" \/>\n<script type=\"application\/ld+json\" class=\"yoast-schema-graph\">{\"@context\":\"https:\\\/\\\/schema.org\",\"@graph\":[{\"@type\":\"WebPage\",\"@id\":\"https:\\\/\\\/saprea.org\\\/es\\\/recursos-prevencion\\\/\",\"url\":\"https:\\\/\\\/saprea.org\\\/es\\\/recursos-prevencion\\\/\",\"name\":\"Estrategias de Saprea para prevenir el abuso sexual infantil\u202f | Saprea\",\"isPartOf\":{\"@id\":\"https:\\\/\\\/saprea.org\\\/es\\\/#website\"},\"primaryImageOfPage\":{\"@id\":\"https:\\\/\\\/saprea.org\\\/es\\\/recursos-prevencion\\\/#primaryimage\"},\"image\":{\"@id\":\"https:\\\/\\\/saprea.org\\\/es\\\/recursos-prevencion\\\/#primaryimage\"},\"thumbnailUrl\":\"https:\\\/\\\/saprea.org\\\/wp-content\\\/uploads\\\/2025\\\/02\\\/Prevention-Landing-Hero_Family-mobile.png\",\"datePublished\":\"2025-04-08T18:03:18+00:00\",\"dateModified\":\"2025-04-08T18:08:50+00:00\",\"description\":\"Empod\u00e9rate con estrategias respaldadas por la investigaci\u00f3n para proteger a los ni\u00f1os contra el abuso sexual. Los recursos gratuitos de prevenci\u00f3n de Saprea ayudan a padres y cuidadores a actuar\",\"breadcrumb\":{\"@id\":\"https:\\\/\\\/saprea.org\\\/es\\\/recursos-prevencion\\\/#breadcrumb\"},\"inLanguage\":\"es\",\"potentialAction\":[{\"@type\":\"ReadAction\",\"target\":[\"https:\\\/\\\/saprea.org\\\/es\\\/recursos-prevencion\\\/\"]}]},{\"@type\":\"ImageObject\",\"inLanguage\":\"es\",\"@id\":\"https:\\\/\\\/saprea.org\\\/es\\\/recursos-prevencion\\\/#primaryimage\",\"url\":\"https:\\\/\\\/saprea.org\\\/wp-content\\\/uploads\\\/2025\\\/02\\\/Prevention-Landing-Hero_Family-mobile.png\",\"contentUrl\":\"https:\\\/\\\/saprea.org\\\/wp-content\\\/uploads\\\/2025\\\/02\\\/Prevention-Landing-Hero_Family-mobile.png\",\"width\":2400,\"height\":1200,\"caption\":\"A family consisting of a mom, dad, and their son sitting together in a field of grass with trees in the background.\"},{\"@type\":\"BreadcrumbList\",\"@id\":\"https:\\\/\\\/saprea.org\\\/es\\\/recursos-prevencion\\\/#breadcrumb\",\"itemListElement\":[{\"@type\":\"ListItem\",\"position\":1,\"name\":\"Home\",\"item\":\"https:\\\/\\\/saprea.org\\\/es\\\/pagina-de-inicio-de-saprea\\\/\"},{\"@type\":\"ListItem\",\"position\":2,\"name\":\"Estrategias de Saprea para prevenir el abuso sexual infantil\u202f\"}]},{\"@type\":\"WebSite\",\"@id\":\"https:\\\/\\\/saprea.org\\\/es\\\/#website\",\"url\":\"https:\\\/\\\/saprea.org\\\/es\\\/\",\"name\":\"Saprea\",\"description\":\"\",\"publisher\":{\"@id\":\"https:\\\/\\\/saprea.org\\\/es\\\/#organization\"},\"potentialAction\":[{\"@type\":\"SearchAction\",\"target\":{\"@type\":\"EntryPoint\",\"urlTemplate\":\"https:\\\/\\\/saprea.org\\\/es\\\/?s={search_term_string}\"},\"query-input\":{\"@type\":\"PropertyValueSpecification\",\"valueRequired\":true,\"valueName\":\"search_term_string\"}}],\"inLanguage\":\"es\"},{\"@type\":\"Organization\",\"@id\":\"https:\\\/\\\/saprea.org\\\/es\\\/#organization\",\"name\":\"Saprea\",\"url\":\"https:\\\/\\\/saprea.org\\\/es\\\/\",\"logo\":{\"@type\":\"ImageObject\",\"inLanguage\":\"es\",\"@id\":\"https:\\\/\\\/saprea.org\\\/es\\\/#\\\/schema\\\/logo\\\/image\\\/\",\"url\":\"https:\\\/\\\/saprea.org\\\/wp-content\\\/uploads\\\/2021\\\/12\\\/Vector-7-1.png\",\"contentUrl\":\"https:\\\/\\\/saprea.org\\\/wp-content\\\/uploads\\\/2021\\\/12\\\/Vector-7-1.png\",\"width\":106,\"height\":105,\"caption\":\"Saprea\"},\"image\":{\"@id\":\"https:\\\/\\\/saprea.org\\\/es\\\/#\\\/schema\\\/logo\\\/image\\\/\"},\"sameAs\":[\"https:\\\/\\\/facebook.com\\\/saprea.org\",\"https:\\\/\\\/x.com\\\/saprea_org\",\"https:\\\/\\\/instagram.com\\\/youniquefoundation\",\"https:\\\/\\\/pinterest.com\\\/saprea_org\",\"https:\\\/\\\/youtube.com\\\/c\\\/saprea_org\"]}]}<\/script>\n<!-- \/ Yoast SEO plugin. -->","yoast_head_json":{"title":"Estrategias de Saprea para prevenir el abuso sexual infantil\u202f | Saprea","description":"Empod\u00e9rate con estrategias respaldadas por la investigaci\u00f3n para proteger a los ni\u00f1os contra el abuso sexual. Los recursos gratuitos de prevenci\u00f3n de Saprea ayudan a padres y cuidadores a actuar","robots":{"index":"index","follow":"follow","max-snippet":"max-snippet:-1","max-image-preview":"max-image-preview:large","max-video-preview":"max-video-preview:-1"},"canonical":"https:\/\/saprea.org\/es\/recursos-prevencion\/","og_locale":"es_ES","og_type":"article","og_title":"Estrategias de Saprea para prevenir el abuso sexual infantil\u202f | Saprea","og_description":"Empod\u00e9rate con estrategias respaldadas por la investigaci\u00f3n para proteger a los ni\u00f1os contra el abuso sexual. Los recursos gratuitos de prevenci\u00f3n de Saprea ayudan a padres y cuidadores a actuar","og_url":"https:\/\/saprea.org\/es\/recursos-prevencion\/","og_site_name":"Saprea","article_publisher":"https:\/\/facebook.com\/saprea.org","article_modified_time":"2025-04-08T18:08:50+00:00","og_image":[{"width":1024,"height":512,"url":"https:\/\/saprea.org\/wp-content\/uploads\/2025\/02\/Prevention-Landing-Hero_Family-mobile-1024x512.png","type":"image\/png"}],"twitter_card":"summary_large_image","twitter_site":"@saprea_org","schema":{"@context":"https:\/\/schema.org","@graph":[{"@type":"WebPage","@id":"https:\/\/saprea.org\/es\/recursos-prevencion\/","url":"https:\/\/saprea.org\/es\/recursos-prevencion\/","name":"Estrategias de Saprea para prevenir el abuso sexual infantil\u202f | Saprea","isPartOf":{"@id":"https:\/\/saprea.org\/es\/#website"},"primaryImageOfPage":{"@id":"https:\/\/saprea.org\/es\/recursos-prevencion\/#primaryimage"},"image":{"@id":"https:\/\/saprea.org\/es\/recursos-prevencion\/#primaryimage"},"thumbnailUrl":"https:\/\/saprea.org\/wp-content\/uploads\/2025\/02\/Prevention-Landing-Hero_Family-mobile.png","datePublished":"2025-04-08T18:03:18+00:00","dateModified":"2025-04-08T18:08:50+00:00","description":"Empod\u00e9rate con estrategias respaldadas por la investigaci\u00f3n para proteger a los ni\u00f1os contra el abuso sexual. Los recursos gratuitos de prevenci\u00f3n de Saprea ayudan a padres y cuidadores a actuar","breadcrumb":{"@id":"https:\/\/saprea.org\/es\/recursos-prevencion\/#breadcrumb"},"inLanguage":"es","potentialAction":[{"@type":"ReadAction","target":["https:\/\/saprea.org\/es\/recursos-prevencion\/"]}]},{"@type":"ImageObject","inLanguage":"es","@id":"https:\/\/saprea.org\/es\/recursos-prevencion\/#primaryimage","url":"https:\/\/saprea.org\/wp-content\/uploads\/2025\/02\/Prevention-Landing-Hero_Family-mobile.png","contentUrl":"https:\/\/saprea.org\/wp-content\/uploads\/2025\/02\/Prevention-Landing-Hero_Family-mobile.png","width":2400,"height":1200,"caption":"A family consisting of a mom, dad, and their son sitting together in a field of grass with trees in the background."},{"@type":"BreadcrumbList","@id":"https:\/\/saprea.org\/es\/recursos-prevencion\/#breadcrumb","itemListElement":[{"@type":"ListItem","position":1,"name":"Home","item":"https:\/\/saprea.org\/es\/pagina-de-inicio-de-saprea\/"},{"@type":"ListItem","position":2,"name":"Estrategias de Saprea para prevenir el abuso sexual infantil\u202f"}]},{"@type":"WebSite","@id":"https:\/\/saprea.org\/es\/#website","url":"https:\/\/saprea.org\/es\/","name":"Saprea","description":"","publisher":{"@id":"https:\/\/saprea.org\/es\/#organization"},"potentialAction":[{"@type":"SearchAction","target":{"@type":"EntryPoint","urlTemplate":"https:\/\/saprea.org\/es\/?s={search_term_string}"},"query-input":{"@type":"PropertyValueSpecification","valueRequired":true,"valueName":"search_term_string"}}],"inLanguage":"es"},{"@type":"Organization","@id":"https:\/\/saprea.org\/es\/#organization","name":"Saprea","url":"https:\/\/saprea.org\/es\/","logo":{"@type":"ImageObject","inLanguage":"es","@id":"https:\/\/saprea.org\/es\/#\/schema\/logo\/image\/","url":"https:\/\/saprea.org\/wp-content\/uploads\/2021\/12\/Vector-7-1.png","contentUrl":"https:\/\/saprea.org\/wp-content\/uploads\/2021\/12\/Vector-7-1.png","width":106,"height":105,"caption":"Saprea"},"image":{"@id":"https:\/\/saprea.org\/es\/#\/schema\/logo\/image\/"},"sameAs":["https:\/\/facebook.com\/saprea.org","https:\/\/x.com\/saprea_org","https:\/\/instagram.com\/youniquefoundation","https:\/\/pinterest.com\/saprea_org","https:\/\/youtube.com\/c\/saprea_org"]}]}},"_links":{"self":[{"href":"https:\/\/saprea.org\/es\/wp-json\/wp\/v2\/pages\/32171","targetHints":{"allow":["GET"]}}],"collection":[{"href":"https:\/\/saprea.org\/es\/wp-json\/wp\/v2\/pages"}],"about":[{"href":"https:\/\/saprea.org\/es\/wp-json\/wp\/v2\/types\/page"}],"author":[{"embeddable":true,"href":"https:\/\/saprea.org\/es\/wp-json\/wp\/v2\/users\/3"}],"replies":[{"embeddable":true,"href":"https:\/\/saprea.org\/es\/wp-json\/wp\/v2\/comments?post=32171"}],"version-history":[{"count":0,"href":"https:\/\/saprea.org\/es\/wp-json\/wp\/v2\/pages\/32171\/revisions"}],"wp:featuredmedia":[{"embeddable":true,"href":"https:\/\/saprea.org\/es\/wp-json\/wp\/v2\/media\/31679"}],"wp:attachment":[{"href":"https:\/\/saprea.org\/es\/wp-json\/wp\/v2\/media?parent=32171"}],"curies":[{"name":"wp","href":"https:\/\/api.w.org\/{rel}","templated":true}]}}