{"id":25743,"date":"2023-12-15T10:35:09","date_gmt":"2023-12-15T16:35:09","guid":{"rendered":"https:\/\/saprea.org\/?page_id=25743"},"modified":"2023-12-15T10:35:09","modified_gmt":"2023-12-15T16:35:09","slug":"hijo-ha-sido-abusado-sexualmente","status":"publish","type":"page","link":"https:\/\/saprea.org\/es\/prevenir\/hijo-ha-sido-abusado-sexualmente\/","title":{"rendered":"\u00bfQu\u00e9 si mi hijo ya ha sido abusado sexualmente?"},"content":{"rendered":"<div id=\"cs-content\" class=\"cs-content\"><\/div>\n","protected":false},"excerpt":{"rendered":"<p>Saprea &gt; Recursos de prevenci\u00f3n en l\u00ednea\u00a0&gt; \u00bfQu\u00e9 si mi hijo ya ha sido abusado sexualmente? \u00bfQu\u00e9 pasa si mi hijo ya ha sido abusado sexualmente? Sospechar o descubrir que tu hijo ha sido v\u00edctima de abuso sexual plantea preguntas y preocupaciones dif\u00edciles, por no mencionar el impacto emocional que puedes sentir al enterarte del [&hellip;]<\/p>\n","protected":false},"author":2,"featured_media":22483,"parent":22941,"menu_order":0,"comment_status":"closed","ping_status":"closed","template":"","meta":{"footnotes":""},"class_list":["post-25743","page","type-page","status-publish","has-post-thumbnail","hentry"],"yoast_head":"<!-- This site is optimized with the Yoast SEO plugin v27.3 - https:\/\/yoast.com\/product\/yoast-seo-wordpress\/ -->\n<title>\u00bfQu\u00e9 si mi hijo ya ha sido abusado sexualmente?<\/title>\n<meta name=\"description\" content=\"\u00bfQu\u00e9 si mi hijo ya ha sido abusado sexualmente? Creerle y validar a tu hijo cuando revela que ha sido abusado sexualmente tiene un poderoso impacto.\" \/>\n<meta name=\"robots\" content=\"index, follow, max-snippet:-1, max-image-preview:large, max-video-preview:-1\" \/>\n<link rel=\"canonical\" href=\"https:\/\/saprea.org\/es\/prevenir\/hijo-ha-sido-abusado-sexualmente\/\" \/>\n<meta property=\"og:locale\" content=\"es_ES\" \/>\n<meta property=\"og:type\" content=\"article\" \/>\n<meta property=\"og:title\" content=\"\u00bfQu\u00e9 si mi hijo ya ha sido abusado sexualmente?\" \/>\n<meta property=\"og:description\" content=\"\u00bfQu\u00e9 si mi hijo ya ha sido abusado sexualmente? Creerle y validar a tu hijo cuando revela que ha sido abusado sexualmente tiene un poderoso impacto.\" \/>\n<meta property=\"og:url\" content=\"https:\/\/saprea.org\/es\/prevenir\/hijo-ha-sido-abusado-sexualmente\/\" \/>\n<meta property=\"og:site_name\" content=\"Saprea\" \/>\n<meta property=\"article:publisher\" content=\"https:\/\/facebook.com\/saprea.org\" \/>\n<meta property=\"og:image\" content=\"https:\/\/saprea.org\/wp-content\/uploads\/2023\/10\/Concerned_Parents.jpg\" \/>\n\t<meta property=\"og:image:width\" content=\"1800\" \/>\n\t<meta property=\"og:image:height\" content=\"1200\" \/>\n\t<meta property=\"og:image:type\" content=\"image\/jpeg\" \/>\n<meta name=\"twitter:card\" content=\"summary_large_image\" \/>\n<meta name=\"twitter:site\" content=\"@saprea_org\" \/>\n<meta name=\"twitter:label1\" content=\"Tiempo de lectura\" \/>\n\t<meta name=\"twitter:data1\" content=\"21 minutos\" \/>\n<script type=\"application\/ld+json\" class=\"yoast-schema-graph\">{\"@context\":\"https:\\\/\\\/schema.org\",\"@graph\":[{\"@type\":\"WebPage\",\"@id\":\"https:\\\/\\\/saprea.org\\\/es\\\/prevenir\\\/hijo-ha-sido-abusado-sexualmente\\\/\",\"url\":\"https:\\\/\\\/saprea.org\\\/es\\\/prevenir\\\/hijo-ha-sido-abusado-sexualmente\\\/\",\"name\":\"\u00bfQu\u00e9 si mi hijo ya ha sido abusado sexualmente?\",\"isPartOf\":{\"@id\":\"https:\\\/\\\/saprea.org\\\/es\\\/#website\"},\"primaryImageOfPage\":{\"@id\":\"https:\\\/\\\/saprea.org\\\/es\\\/prevenir\\\/hijo-ha-sido-abusado-sexualmente\\\/#primaryimage\"},\"image\":{\"@id\":\"https:\\\/\\\/saprea.org\\\/es\\\/prevenir\\\/hijo-ha-sido-abusado-sexualmente\\\/#primaryimage\"},\"thumbnailUrl\":\"https:\\\/\\\/saprea.org\\\/wp-content\\\/uploads\\\/2023\\\/10\\\/Concerned_Parents.jpg\",\"datePublished\":\"2023-12-15T16:35:09+00:00\",\"description\":\"\u00bfQu\u00e9 si mi hijo ya ha sido abusado sexualmente? Creerle y validar a tu hijo cuando revela que ha sido abusado sexualmente tiene un poderoso impacto.\",\"breadcrumb\":{\"@id\":\"https:\\\/\\\/saprea.org\\\/es\\\/prevenir\\\/hijo-ha-sido-abusado-sexualmente\\\/#breadcrumb\"},\"inLanguage\":\"es\",\"potentialAction\":[{\"@type\":\"ReadAction\",\"target\":[\"https:\\\/\\\/saprea.org\\\/es\\\/prevenir\\\/hijo-ha-sido-abusado-sexualmente\\\/\"]}]},{\"@type\":\"ImageObject\",\"inLanguage\":\"es\",\"@id\":\"https:\\\/\\\/saprea.org\\\/es\\\/prevenir\\\/hijo-ha-sido-abusado-sexualmente\\\/#primaryimage\",\"url\":\"https:\\\/\\\/saprea.org\\\/wp-content\\\/uploads\\\/2023\\\/10\\\/Concerned_Parents.jpg\",\"contentUrl\":\"https:\\\/\\\/saprea.org\\\/wp-content\\\/uploads\\\/2023\\\/10\\\/Concerned_Parents.jpg\",\"width\":1800,\"height\":1200,\"caption\":\"Concerned parents surrounding their daughter trying to comfort her\"},{\"@type\":\"BreadcrumbList\",\"@id\":\"https:\\\/\\\/saprea.org\\\/es\\\/prevenir\\\/hijo-ha-sido-abusado-sexualmente\\\/#breadcrumb\",\"itemListElement\":[{\"@type\":\"ListItem\",\"position\":1,\"name\":\"Home\",\"item\":\"https:\\\/\\\/saprea.org\\\/es\\\/pagina-de-inicio-de-saprea\\\/\"},{\"@type\":\"ListItem\",\"position\":2,\"name\":\"Prevenci\u00f3n de abuso sexual infantil\",\"item\":\"https:\\\/\\\/saprea.org\\\/es\\\/prevenir\\\/\"},{\"@type\":\"ListItem\",\"position\":3,\"name\":\"\u00bfQu\u00e9 si mi hijo ya ha sido abusado sexualmente?\"}]},{\"@type\":\"WebSite\",\"@id\":\"https:\\\/\\\/saprea.org\\\/es\\\/#website\",\"url\":\"https:\\\/\\\/saprea.org\\\/es\\\/\",\"name\":\"Saprea\",\"description\":\"\",\"publisher\":{\"@id\":\"https:\\\/\\\/saprea.org\\\/es\\\/#organization\"},\"potentialAction\":[{\"@type\":\"SearchAction\",\"target\":{\"@type\":\"EntryPoint\",\"urlTemplate\":\"https:\\\/\\\/saprea.org\\\/es\\\/?s={search_term_string}\"},\"query-input\":{\"@type\":\"PropertyValueSpecification\",\"valueRequired\":true,\"valueName\":\"search_term_string\"}}],\"inLanguage\":\"es\"},{\"@type\":\"Organization\",\"@id\":\"https:\\\/\\\/saprea.org\\\/es\\\/#organization\",\"name\":\"Saprea\",\"url\":\"https:\\\/\\\/saprea.org\\\/es\\\/\",\"logo\":{\"@type\":\"ImageObject\",\"inLanguage\":\"es\",\"@id\":\"https:\\\/\\\/saprea.org\\\/es\\\/#\\\/schema\\\/logo\\\/image\\\/\",\"url\":\"https:\\\/\\\/saprea.org\\\/wp-content\\\/uploads\\\/2021\\\/12\\\/Vector-7-1.png\",\"contentUrl\":\"https:\\\/\\\/saprea.org\\\/wp-content\\\/uploads\\\/2021\\\/12\\\/Vector-7-1.png\",\"width\":106,\"height\":105,\"caption\":\"Saprea\"},\"image\":{\"@id\":\"https:\\\/\\\/saprea.org\\\/es\\\/#\\\/schema\\\/logo\\\/image\\\/\"},\"sameAs\":[\"https:\\\/\\\/facebook.com\\\/saprea.org\",\"https:\\\/\\\/x.com\\\/saprea_org\",\"https:\\\/\\\/instagram.com\\\/youniquefoundation\",\"https:\\\/\\\/pinterest.com\\\/saprea_org\",\"https:\\\/\\\/youtube.com\\\/c\\\/saprea_org\"]}]}<\/script>\n<!-- \/ Yoast SEO plugin. -->","yoast_head_json":{"title":"\u00bfQu\u00e9 si mi hijo ya ha sido abusado sexualmente?","description":"\u00bfQu\u00e9 si mi hijo ya ha sido abusado sexualmente? Creerle y validar a tu hijo cuando revela que ha sido abusado sexualmente tiene un poderoso impacto.","robots":{"index":"index","follow":"follow","max-snippet":"max-snippet:-1","max-image-preview":"max-image-preview:large","max-video-preview":"max-video-preview:-1"},"canonical":"https:\/\/saprea.org\/es\/prevenir\/hijo-ha-sido-abusado-sexualmente\/","og_locale":"es_ES","og_type":"article","og_title":"\u00bfQu\u00e9 si mi hijo ya ha sido abusado sexualmente?","og_description":"\u00bfQu\u00e9 si mi hijo ya ha sido abusado sexualmente? Creerle y validar a tu hijo cuando revela que ha sido abusado sexualmente tiene un poderoso impacto.","og_url":"https:\/\/saprea.org\/es\/prevenir\/hijo-ha-sido-abusado-sexualmente\/","og_site_name":"Saprea","article_publisher":"https:\/\/facebook.com\/saprea.org","og_image":[{"width":1800,"height":1200,"url":"https:\/\/saprea.org\/wp-content\/uploads\/2023\/10\/Concerned_Parents.jpg","type":"image\/jpeg"}],"twitter_card":"summary_large_image","twitter_site":"@saprea_org","twitter_misc":{"Tiempo de lectura":"21 minutos"},"schema":{"@context":"https:\/\/schema.org","@graph":[{"@type":"WebPage","@id":"https:\/\/saprea.org\/es\/prevenir\/hijo-ha-sido-abusado-sexualmente\/","url":"https:\/\/saprea.org\/es\/prevenir\/hijo-ha-sido-abusado-sexualmente\/","name":"\u00bfQu\u00e9 si mi hijo ya ha sido abusado sexualmente?","isPartOf":{"@id":"https:\/\/saprea.org\/es\/#website"},"primaryImageOfPage":{"@id":"https:\/\/saprea.org\/es\/prevenir\/hijo-ha-sido-abusado-sexualmente\/#primaryimage"},"image":{"@id":"https:\/\/saprea.org\/es\/prevenir\/hijo-ha-sido-abusado-sexualmente\/#primaryimage"},"thumbnailUrl":"https:\/\/saprea.org\/wp-content\/uploads\/2023\/10\/Concerned_Parents.jpg","datePublished":"2023-12-15T16:35:09+00:00","description":"\u00bfQu\u00e9 si mi hijo ya ha sido abusado sexualmente? Creerle y validar a tu hijo cuando revela que ha sido abusado sexualmente tiene un poderoso impacto.","breadcrumb":{"@id":"https:\/\/saprea.org\/es\/prevenir\/hijo-ha-sido-abusado-sexualmente\/#breadcrumb"},"inLanguage":"es","potentialAction":[{"@type":"ReadAction","target":["https:\/\/saprea.org\/es\/prevenir\/hijo-ha-sido-abusado-sexualmente\/"]}]},{"@type":"ImageObject","inLanguage":"es","@id":"https:\/\/saprea.org\/es\/prevenir\/hijo-ha-sido-abusado-sexualmente\/#primaryimage","url":"https:\/\/saprea.org\/wp-content\/uploads\/2023\/10\/Concerned_Parents.jpg","contentUrl":"https:\/\/saprea.org\/wp-content\/uploads\/2023\/10\/Concerned_Parents.jpg","width":1800,"height":1200,"caption":"Concerned parents surrounding their daughter trying to comfort her"},{"@type":"BreadcrumbList","@id":"https:\/\/saprea.org\/es\/prevenir\/hijo-ha-sido-abusado-sexualmente\/#breadcrumb","itemListElement":[{"@type":"ListItem","position":1,"name":"Home","item":"https:\/\/saprea.org\/es\/pagina-de-inicio-de-saprea\/"},{"@type":"ListItem","position":2,"name":"Prevenci\u00f3n de abuso sexual infantil","item":"https:\/\/saprea.org\/es\/prevenir\/"},{"@type":"ListItem","position":3,"name":"\u00bfQu\u00e9 si mi hijo ya ha sido abusado sexualmente?"}]},{"@type":"WebSite","@id":"https:\/\/saprea.org\/es\/#website","url":"https:\/\/saprea.org\/es\/","name":"Saprea","description":"","publisher":{"@id":"https:\/\/saprea.org\/es\/#organization"},"potentialAction":[{"@type":"SearchAction","target":{"@type":"EntryPoint","urlTemplate":"https:\/\/saprea.org\/es\/?s={search_term_string}"},"query-input":{"@type":"PropertyValueSpecification","valueRequired":true,"valueName":"search_term_string"}}],"inLanguage":"es"},{"@type":"Organization","@id":"https:\/\/saprea.org\/es\/#organization","name":"Saprea","url":"https:\/\/saprea.org\/es\/","logo":{"@type":"ImageObject","inLanguage":"es","@id":"https:\/\/saprea.org\/es\/#\/schema\/logo\/image\/","url":"https:\/\/saprea.org\/wp-content\/uploads\/2021\/12\/Vector-7-1.png","contentUrl":"https:\/\/saprea.org\/wp-content\/uploads\/2021\/12\/Vector-7-1.png","width":106,"height":105,"caption":"Saprea"},"image":{"@id":"https:\/\/saprea.org\/es\/#\/schema\/logo\/image\/"},"sameAs":["https:\/\/facebook.com\/saprea.org","https:\/\/x.com\/saprea_org","https:\/\/instagram.com\/youniquefoundation","https:\/\/pinterest.com\/saprea_org","https:\/\/youtube.com\/c\/saprea_org"]}]}},"_links":{"self":[{"href":"https:\/\/saprea.org\/es\/wp-json\/wp\/v2\/pages\/25743","targetHints":{"allow":["GET"]}}],"collection":[{"href":"https:\/\/saprea.org\/es\/wp-json\/wp\/v2\/pages"}],"about":[{"href":"https:\/\/saprea.org\/es\/wp-json\/wp\/v2\/types\/page"}],"author":[{"embeddable":true,"href":"https:\/\/saprea.org\/es\/wp-json\/wp\/v2\/users\/2"}],"replies":[{"embeddable":true,"href":"https:\/\/saprea.org\/es\/wp-json\/wp\/v2\/comments?post=25743"}],"version-history":[{"count":0,"href":"https:\/\/saprea.org\/es\/wp-json\/wp\/v2\/pages\/25743\/revisions"}],"up":[{"embeddable":true,"href":"https:\/\/saprea.org\/es\/wp-json\/wp\/v2\/pages\/22941"}],"wp:featuredmedia":[{"embeddable":true,"href":"https:\/\/saprea.org\/es\/wp-json\/wp\/v2\/media\/22483"}],"wp:attachment":[{"href":"https:\/\/saprea.org\/es\/wp-json\/wp\/v2\/media?parent=25743"}],"curies":[{"name":"wp","href":"https:\/\/api.w.org\/{rel}","templated":true}]}}