{"id":25625,"date":"2023-12-15T10:05:18","date_gmt":"2023-12-15T16:05:18","guid":{"rendered":"https:\/\/saprea.org\/?page_id=25625"},"modified":"2023-12-19T16:56:31","modified_gmt":"2023-12-19T22:56:31","slug":"conectar","status":"publish","type":"page","link":"https:\/\/saprea.org\/es\/prevenir\/educar\/conectar\/","title":{"rendered":"Conectar para prevenir"},"content":{"rendered":"<div id=\"cs-content\" class=\"cs-content\"><\/div>\n","protected":false},"excerpt":{"rendered":"<p>Saprea &gt; Recursos de prevenci\u00f3n en l\u00ednea\u00a0&gt; Educar\u00a0&gt; Conectar para prevenirConectar para Prevenir Con Conectar para previnir, puedes ayudar a reducir el riesgo de abuso sexual al tener conversaciones abiertas y continuas con tu hijo, desde que es un recien nacido. \u00bfNo est\u00e1s seguro de por d\u00f3nde empezar o qu\u00e9 decir? Saprea ha elaborado una [&hellip;]<\/p>\n","protected":false},"author":2,"featured_media":0,"parent":24265,"menu_order":0,"comment_status":"closed","ping_status":"closed","template":"","meta":{"footnotes":""},"class_list":["post-25625","page","type-page","status-publish","hentry"],"yoast_head":"<!-- This site is optimized with the Yoast SEO plugin v27.3 - https:\/\/yoast.com\/product\/yoast-seo-wordpress\/ -->\n<title>Conectar para prevenir | Saprea<\/title>\n<meta name=\"description\" content=\"Una forma en la que t\u00fa puedes proteger a tus hijos contra el abuso sexual es teniendo conversaciones consistentes con ellos sobre el sexo.\" \/>\n<meta name=\"robots\" content=\"index, follow, max-snippet:-1, max-image-preview:large, max-video-preview:-1\" \/>\n<link rel=\"canonical\" href=\"https:\/\/saprea.org\/es\/prevenir\/educar\/conectar\/\" \/>\n<meta property=\"og:locale\" content=\"es_ES\" \/>\n<meta property=\"og:type\" content=\"article\" \/>\n<meta property=\"og:title\" content=\"Conectar para prevenir | Saprea\" \/>\n<meta property=\"og:description\" content=\"Una forma en la que t\u00fa puedes proteger a tus hijos contra el abuso sexual es teniendo conversaciones consistentes con ellos sobre el sexo.\" \/>\n<meta property=\"og:url\" content=\"https:\/\/saprea.org\/es\/prevenir\/educar\/conectar\/\" \/>\n<meta property=\"og:site_name\" content=\"Saprea\" \/>\n<meta property=\"article:publisher\" content=\"https:\/\/facebook.com\/saprea.org\" \/>\n<meta property=\"article:modified_time\" content=\"2023-12-19T22:56:31+00:00\" \/>\n<meta name=\"twitter:card\" content=\"summary_large_image\" \/>\n<meta name=\"twitter:site\" content=\"@saprea_org\" \/>\n<meta name=\"twitter:label1\" content=\"Tiempo de lectura\" \/>\n\t<meta name=\"twitter:data1\" content=\"12 minutos\" \/>\n<script type=\"application\/ld+json\" class=\"yoast-schema-graph\">{\"@context\":\"https:\\\/\\\/schema.org\",\"@graph\":[{\"@type\":\"WebPage\",\"@id\":\"https:\\\/\\\/saprea.org\\\/es\\\/prevenir\\\/educar\\\/conectar\\\/\",\"url\":\"https:\\\/\\\/saprea.org\\\/es\\\/prevenir\\\/educar\\\/conectar\\\/\",\"name\":\"Conectar para prevenir | Saprea\",\"isPartOf\":{\"@id\":\"https:\\\/\\\/saprea.org\\\/es\\\/#website\"},\"datePublished\":\"2023-12-15T16:05:18+00:00\",\"dateModified\":\"2023-12-19T22:56:31+00:00\",\"description\":\"Una forma en la que t\u00fa puedes proteger a tus hijos contra el abuso sexual es teniendo conversaciones consistentes con ellos sobre el sexo.\",\"breadcrumb\":{\"@id\":\"https:\\\/\\\/saprea.org\\\/es\\\/prevenir\\\/educar\\\/conectar\\\/#breadcrumb\"},\"inLanguage\":\"es\",\"potentialAction\":[{\"@type\":\"ReadAction\",\"target\":[\"https:\\\/\\\/saprea.org\\\/es\\\/prevenir\\\/educar\\\/conectar\\\/\"]}]},{\"@type\":\"BreadcrumbList\",\"@id\":\"https:\\\/\\\/saprea.org\\\/es\\\/prevenir\\\/educar\\\/conectar\\\/#breadcrumb\",\"itemListElement\":[{\"@type\":\"ListItem\",\"position\":1,\"name\":\"Home\",\"item\":\"https:\\\/\\\/saprea.org\\\/es\\\/pagina-de-inicio-de-saprea\\\/\"},{\"@type\":\"ListItem\",\"position\":2,\"name\":\"Prevenci\u00f3n de abuso sexual infantil\",\"item\":\"https:\\\/\\\/saprea.org\\\/es\\\/prevenir\\\/\"},{\"@type\":\"ListItem\",\"position\":3,\"name\":\"Recursos de prevenci\u00f3n: Educar\",\"item\":\"https:\\\/\\\/saprea.org\\\/es\\\/prevent\\\/educate\\\/\"},{\"@type\":\"ListItem\",\"position\":4,\"name\":\"Conectar para prevenir\"}]},{\"@type\":\"WebSite\",\"@id\":\"https:\\\/\\\/saprea.org\\\/es\\\/#website\",\"url\":\"https:\\\/\\\/saprea.org\\\/es\\\/\",\"name\":\"Saprea\",\"description\":\"\",\"publisher\":{\"@id\":\"https:\\\/\\\/saprea.org\\\/es\\\/#organization\"},\"potentialAction\":[{\"@type\":\"SearchAction\",\"target\":{\"@type\":\"EntryPoint\",\"urlTemplate\":\"https:\\\/\\\/saprea.org\\\/es\\\/?s={search_term_string}\"},\"query-input\":{\"@type\":\"PropertyValueSpecification\",\"valueRequired\":true,\"valueName\":\"search_term_string\"}}],\"inLanguage\":\"es\"},{\"@type\":\"Organization\",\"@id\":\"https:\\\/\\\/saprea.org\\\/es\\\/#organization\",\"name\":\"Saprea\",\"url\":\"https:\\\/\\\/saprea.org\\\/es\\\/\",\"logo\":{\"@type\":\"ImageObject\",\"inLanguage\":\"es\",\"@id\":\"https:\\\/\\\/saprea.org\\\/es\\\/#\\\/schema\\\/logo\\\/image\\\/\",\"url\":\"https:\\\/\\\/saprea.org\\\/wp-content\\\/uploads\\\/2021\\\/12\\\/Vector-7-1.png\",\"contentUrl\":\"https:\\\/\\\/saprea.org\\\/wp-content\\\/uploads\\\/2021\\\/12\\\/Vector-7-1.png\",\"width\":106,\"height\":105,\"caption\":\"Saprea\"},\"image\":{\"@id\":\"https:\\\/\\\/saprea.org\\\/es\\\/#\\\/schema\\\/logo\\\/image\\\/\"},\"sameAs\":[\"https:\\\/\\\/facebook.com\\\/saprea.org\",\"https:\\\/\\\/x.com\\\/saprea_org\",\"https:\\\/\\\/instagram.com\\\/youniquefoundation\",\"https:\\\/\\\/pinterest.com\\\/saprea_org\",\"https:\\\/\\\/youtube.com\\\/c\\\/saprea_org\"]}]}<\/script>\n<!-- \/ Yoast SEO plugin. -->","yoast_head_json":{"title":"Conectar para prevenir | Saprea","description":"Una forma en la que t\u00fa puedes proteger a tus hijos contra el abuso sexual es teniendo conversaciones consistentes con ellos sobre el sexo.","robots":{"index":"index","follow":"follow","max-snippet":"max-snippet:-1","max-image-preview":"max-image-preview:large","max-video-preview":"max-video-preview:-1"},"canonical":"https:\/\/saprea.org\/es\/prevenir\/educar\/conectar\/","og_locale":"es_ES","og_type":"article","og_title":"Conectar para prevenir | Saprea","og_description":"Una forma en la que t\u00fa puedes proteger a tus hijos contra el abuso sexual es teniendo conversaciones consistentes con ellos sobre el sexo.","og_url":"https:\/\/saprea.org\/es\/prevenir\/educar\/conectar\/","og_site_name":"Saprea","article_publisher":"https:\/\/facebook.com\/saprea.org","article_modified_time":"2023-12-19T22:56:31+00:00","twitter_card":"summary_large_image","twitter_site":"@saprea_org","twitter_misc":{"Tiempo de lectura":"12 minutos"},"schema":{"@context":"https:\/\/schema.org","@graph":[{"@type":"WebPage","@id":"https:\/\/saprea.org\/es\/prevenir\/educar\/conectar\/","url":"https:\/\/saprea.org\/es\/prevenir\/educar\/conectar\/","name":"Conectar para prevenir | Saprea","isPartOf":{"@id":"https:\/\/saprea.org\/es\/#website"},"datePublished":"2023-12-15T16:05:18+00:00","dateModified":"2023-12-19T22:56:31+00:00","description":"Una forma en la que t\u00fa puedes proteger a tus hijos contra el abuso sexual es teniendo conversaciones consistentes con ellos sobre el sexo.","breadcrumb":{"@id":"https:\/\/saprea.org\/es\/prevenir\/educar\/conectar\/#breadcrumb"},"inLanguage":"es","potentialAction":[{"@type":"ReadAction","target":["https:\/\/saprea.org\/es\/prevenir\/educar\/conectar\/"]}]},{"@type":"BreadcrumbList","@id":"https:\/\/saprea.org\/es\/prevenir\/educar\/conectar\/#breadcrumb","itemListElement":[{"@type":"ListItem","position":1,"name":"Home","item":"https:\/\/saprea.org\/es\/pagina-de-inicio-de-saprea\/"},{"@type":"ListItem","position":2,"name":"Prevenci\u00f3n de abuso sexual infantil","item":"https:\/\/saprea.org\/es\/prevenir\/"},{"@type":"ListItem","position":3,"name":"Recursos de prevenci\u00f3n: Educar","item":"https:\/\/saprea.org\/es\/prevent\/educate\/"},{"@type":"ListItem","position":4,"name":"Conectar para prevenir"}]},{"@type":"WebSite","@id":"https:\/\/saprea.org\/es\/#website","url":"https:\/\/saprea.org\/es\/","name":"Saprea","description":"","publisher":{"@id":"https:\/\/saprea.org\/es\/#organization"},"potentialAction":[{"@type":"SearchAction","target":{"@type":"EntryPoint","urlTemplate":"https:\/\/saprea.org\/es\/?s={search_term_string}"},"query-input":{"@type":"PropertyValueSpecification","valueRequired":true,"valueName":"search_term_string"}}],"inLanguage":"es"},{"@type":"Organization","@id":"https:\/\/saprea.org\/es\/#organization","name":"Saprea","url":"https:\/\/saprea.org\/es\/","logo":{"@type":"ImageObject","inLanguage":"es","@id":"https:\/\/saprea.org\/es\/#\/schema\/logo\/image\/","url":"https:\/\/saprea.org\/wp-content\/uploads\/2021\/12\/Vector-7-1.png","contentUrl":"https:\/\/saprea.org\/wp-content\/uploads\/2021\/12\/Vector-7-1.png","width":106,"height":105,"caption":"Saprea"},"image":{"@id":"https:\/\/saprea.org\/es\/#\/schema\/logo\/image\/"},"sameAs":["https:\/\/facebook.com\/saprea.org","https:\/\/x.com\/saprea_org","https:\/\/instagram.com\/youniquefoundation","https:\/\/pinterest.com\/saprea_org","https:\/\/youtube.com\/c\/saprea_org"]}]}},"_links":{"self":[{"href":"https:\/\/saprea.org\/es\/wp-json\/wp\/v2\/pages\/25625","targetHints":{"allow":["GET"]}}],"collection":[{"href":"https:\/\/saprea.org\/es\/wp-json\/wp\/v2\/pages"}],"about":[{"href":"https:\/\/saprea.org\/es\/wp-json\/wp\/v2\/types\/page"}],"author":[{"embeddable":true,"href":"https:\/\/saprea.org\/es\/wp-json\/wp\/v2\/users\/2"}],"replies":[{"embeddable":true,"href":"https:\/\/saprea.org\/es\/wp-json\/wp\/v2\/comments?post=25625"}],"version-history":[{"count":0,"href":"https:\/\/saprea.org\/es\/wp-json\/wp\/v2\/pages\/25625\/revisions"}],"up":[{"embeddable":true,"href":"https:\/\/saprea.org\/es\/wp-json\/wp\/v2\/pages\/24265"}],"wp:attachment":[{"href":"https:\/\/saprea.org\/es\/wp-json\/wp\/v2\/media?parent=25625"}],"curies":[{"name":"wp","href":"https:\/\/api.w.org\/{rel}","templated":true}]}}