{"id":24433,"date":"2023-12-15T09:55:19","date_gmt":"2023-12-15T15:55:19","guid":{"rendered":"https:\/\/saprea.org\/?page_id=24433"},"modified":"2023-12-15T09:55:20","modified_gmt":"2023-12-15T15:55:20","slug":"vigilar","status":"publish","type":"page","link":"https:\/\/saprea.org\/es\/prevenir\/vigilar\/","title":{"rendered":"Recursos de prevenci\u00f3n: Vigilar"},"content":{"rendered":"<div id=\"cs-content\" class=\"cs-content\"><\/div>\n","protected":false},"excerpt":{"rendered":"<p>Saprea &gt; Recursos de prevenci\u00f3n en l\u00ednea\u00a0&gt; Recursos de prevenci\u00f3n: VigilarRecursos de prevenci\u00f3n: VigilarS\u00e9 consciente de los factores de riesgo que pueden aumentar la vulnerabilidad de tu hijo al abuso sexual y, en la medida de lo posible, trabaja activamente para reducir esos riesgos. Vigilar las actividades y el entorno de tu hijo no significa [&hellip;]<\/p>\n","protected":false},"author":3,"featured_media":22646,"parent":22941,"menu_order":0,"comment_status":"closed","ping_status":"closed","template":"","meta":{"footnotes":""},"class_list":["post-24433","page","type-page","status-publish","has-post-thumbnail","hentry"],"yoast_head":"<!-- This site is optimized with the Yoast SEO plugin v27.3 - https:\/\/yoast.com\/product\/yoast-seo-wordpress\/ -->\n<title>Recursos de prevenci\u00f3n: Vigilar | Saprea<\/title>\n<meta name=\"description\" content=\"Los padres pueden educar a sus hijos ense\u00f1\u00e1ndoles sobre el cuerpo, el sexo, las relaciones, los nombres anat\u00f3micos de las partes del cuerpo y los materiales expl\u00edcitos.\" \/>\n<meta name=\"robots\" content=\"index, follow, max-snippet:-1, max-image-preview:large, max-video-preview:-1\" \/>\n<link rel=\"canonical\" href=\"https:\/\/saprea.org\/es\/prevenir\/vigilar\/\" \/>\n<meta property=\"og:locale\" content=\"es_ES\" \/>\n<meta property=\"og:type\" content=\"article\" \/>\n<meta property=\"og:title\" content=\"Recursos de prevenci\u00f3n: Vigilar | Saprea\" \/>\n<meta property=\"og:description\" content=\"Los padres pueden educar a sus hijos ense\u00f1\u00e1ndoles sobre el cuerpo, el sexo, las relaciones, los nombres anat\u00f3micos de las partes del cuerpo y los materiales expl\u00edcitos.\" \/>\n<meta property=\"og:url\" content=\"https:\/\/saprea.org\/es\/prevenir\/vigilar\/\" \/>\n<meta property=\"og:site_name\" content=\"Saprea\" \/>\n<meta property=\"article:publisher\" content=\"https:\/\/facebook.com\/saprea.org\" \/>\n<meta property=\"article:modified_time\" content=\"2023-12-15T15:55:20+00:00\" \/>\n<meta property=\"og:image\" content=\"https:\/\/saprea.org\/wp-content\/uploads\/2023\/10\/Monitor.jpg\" \/>\n\t<meta property=\"og:image:width\" content=\"1082\" \/>\n\t<meta property=\"og:image:height\" content=\"706\" \/>\n\t<meta property=\"og:image:type\" content=\"image\/jpeg\" \/>\n<meta name=\"twitter:card\" content=\"summary_large_image\" \/>\n<meta name=\"twitter:site\" content=\"@saprea_org\" \/>\n<meta name=\"twitter:label1\" content=\"Tiempo de lectura\" \/>\n\t<meta name=\"twitter:data1\" content=\"29 minutos\" \/>\n<script type=\"application\/ld+json\" class=\"yoast-schema-graph\">{\"@context\":\"https:\\\/\\\/schema.org\",\"@graph\":[{\"@type\":\"WebPage\",\"@id\":\"https:\\\/\\\/saprea.org\\\/es\\\/prevenir\\\/vigilar\\\/\",\"url\":\"https:\\\/\\\/saprea.org\\\/es\\\/prevenir\\\/vigilar\\\/\",\"name\":\"Recursos de prevenci\u00f3n: Vigilar | Saprea\",\"isPartOf\":{\"@id\":\"https:\\\/\\\/saprea.org\\\/es\\\/#website\"},\"primaryImageOfPage\":{\"@id\":\"https:\\\/\\\/saprea.org\\\/es\\\/prevenir\\\/vigilar\\\/#primaryimage\"},\"image\":{\"@id\":\"https:\\\/\\\/saprea.org\\\/es\\\/prevenir\\\/vigilar\\\/#primaryimage\"},\"thumbnailUrl\":\"https:\\\/\\\/saprea.org\\\/wp-content\\\/uploads\\\/2023\\\/10\\\/Monitor.jpg\",\"datePublished\":\"2023-12-15T15:55:19+00:00\",\"dateModified\":\"2023-12-15T15:55:20+00:00\",\"description\":\"Los padres pueden educar a sus hijos ense\u00f1\u00e1ndoles sobre el cuerpo, el sexo, las relaciones, los nombres anat\u00f3micos de las partes del cuerpo y los materiales expl\u00edcitos.\",\"breadcrumb\":{\"@id\":\"https:\\\/\\\/saprea.org\\\/es\\\/prevenir\\\/vigilar\\\/#breadcrumb\"},\"inLanguage\":\"es\",\"potentialAction\":[{\"@type\":\"ReadAction\",\"target\":[\"https:\\\/\\\/saprea.org\\\/es\\\/prevenir\\\/vigilar\\\/\"]}]},{\"@type\":\"ImageObject\",\"inLanguage\":\"es\",\"@id\":\"https:\\\/\\\/saprea.org\\\/es\\\/prevenir\\\/vigilar\\\/#primaryimage\",\"url\":\"https:\\\/\\\/saprea.org\\\/wp-content\\\/uploads\\\/2023\\\/10\\\/Monitor.jpg\",\"contentUrl\":\"https:\\\/\\\/saprea.org\\\/wp-content\\\/uploads\\\/2023\\\/10\\\/Monitor.jpg\",\"width\":1082,\"height\":706},{\"@type\":\"BreadcrumbList\",\"@id\":\"https:\\\/\\\/saprea.org\\\/es\\\/prevenir\\\/vigilar\\\/#breadcrumb\",\"itemListElement\":[{\"@type\":\"ListItem\",\"position\":1,\"name\":\"Home\",\"item\":\"https:\\\/\\\/saprea.org\\\/es\\\/pagina-de-inicio-de-saprea\\\/\"},{\"@type\":\"ListItem\",\"position\":2,\"name\":\"Prevenci\u00f3n de abuso sexual infantil\",\"item\":\"https:\\\/\\\/saprea.org\\\/es\\\/prevenir\\\/\"},{\"@type\":\"ListItem\",\"position\":3,\"name\":\"Recursos de prevenci\u00f3n: Vigilar\"}]},{\"@type\":\"WebSite\",\"@id\":\"https:\\\/\\\/saprea.org\\\/es\\\/#website\",\"url\":\"https:\\\/\\\/saprea.org\\\/es\\\/\",\"name\":\"Saprea\",\"description\":\"\",\"publisher\":{\"@id\":\"https:\\\/\\\/saprea.org\\\/es\\\/#organization\"},\"potentialAction\":[{\"@type\":\"SearchAction\",\"target\":{\"@type\":\"EntryPoint\",\"urlTemplate\":\"https:\\\/\\\/saprea.org\\\/es\\\/?s={search_term_string}\"},\"query-input\":{\"@type\":\"PropertyValueSpecification\",\"valueRequired\":true,\"valueName\":\"search_term_string\"}}],\"inLanguage\":\"es\"},{\"@type\":\"Organization\",\"@id\":\"https:\\\/\\\/saprea.org\\\/es\\\/#organization\",\"name\":\"Saprea\",\"url\":\"https:\\\/\\\/saprea.org\\\/es\\\/\",\"logo\":{\"@type\":\"ImageObject\",\"inLanguage\":\"es\",\"@id\":\"https:\\\/\\\/saprea.org\\\/es\\\/#\\\/schema\\\/logo\\\/image\\\/\",\"url\":\"https:\\\/\\\/saprea.org\\\/wp-content\\\/uploads\\\/2021\\\/12\\\/Vector-7-1.png\",\"contentUrl\":\"https:\\\/\\\/saprea.org\\\/wp-content\\\/uploads\\\/2021\\\/12\\\/Vector-7-1.png\",\"width\":106,\"height\":105,\"caption\":\"Saprea\"},\"image\":{\"@id\":\"https:\\\/\\\/saprea.org\\\/es\\\/#\\\/schema\\\/logo\\\/image\\\/\"},\"sameAs\":[\"https:\\\/\\\/facebook.com\\\/saprea.org\",\"https:\\\/\\\/x.com\\\/saprea_org\",\"https:\\\/\\\/instagram.com\\\/youniquefoundation\",\"https:\\\/\\\/pinterest.com\\\/saprea_org\",\"https:\\\/\\\/youtube.com\\\/c\\\/saprea_org\"]}]}<\/script>\n<!-- \/ Yoast SEO plugin. -->","yoast_head_json":{"title":"Recursos de prevenci\u00f3n: Vigilar | Saprea","description":"Los padres pueden educar a sus hijos ense\u00f1\u00e1ndoles sobre el cuerpo, el sexo, las relaciones, los nombres anat\u00f3micos de las partes del cuerpo y los materiales expl\u00edcitos.","robots":{"index":"index","follow":"follow","max-snippet":"max-snippet:-1","max-image-preview":"max-image-preview:large","max-video-preview":"max-video-preview:-1"},"canonical":"https:\/\/saprea.org\/es\/prevenir\/vigilar\/","og_locale":"es_ES","og_type":"article","og_title":"Recursos de prevenci\u00f3n: Vigilar | Saprea","og_description":"Los padres pueden educar a sus hijos ense\u00f1\u00e1ndoles sobre el cuerpo, el sexo, las relaciones, los nombres anat\u00f3micos de las partes del cuerpo y los materiales expl\u00edcitos.","og_url":"https:\/\/saprea.org\/es\/prevenir\/vigilar\/","og_site_name":"Saprea","article_publisher":"https:\/\/facebook.com\/saprea.org","article_modified_time":"2023-12-15T15:55:20+00:00","og_image":[{"width":1082,"height":706,"url":"https:\/\/saprea.org\/wp-content\/uploads\/2023\/10\/Monitor.jpg","type":"image\/jpeg"}],"twitter_card":"summary_large_image","twitter_site":"@saprea_org","twitter_misc":{"Tiempo de lectura":"29 minutos"},"schema":{"@context":"https:\/\/schema.org","@graph":[{"@type":"WebPage","@id":"https:\/\/saprea.org\/es\/prevenir\/vigilar\/","url":"https:\/\/saprea.org\/es\/prevenir\/vigilar\/","name":"Recursos de prevenci\u00f3n: Vigilar | Saprea","isPartOf":{"@id":"https:\/\/saprea.org\/es\/#website"},"primaryImageOfPage":{"@id":"https:\/\/saprea.org\/es\/prevenir\/vigilar\/#primaryimage"},"image":{"@id":"https:\/\/saprea.org\/es\/prevenir\/vigilar\/#primaryimage"},"thumbnailUrl":"https:\/\/saprea.org\/wp-content\/uploads\/2023\/10\/Monitor.jpg","datePublished":"2023-12-15T15:55:19+00:00","dateModified":"2023-12-15T15:55:20+00:00","description":"Los padres pueden educar a sus hijos ense\u00f1\u00e1ndoles sobre el cuerpo, el sexo, las relaciones, los nombres anat\u00f3micos de las partes del cuerpo y los materiales expl\u00edcitos.","breadcrumb":{"@id":"https:\/\/saprea.org\/es\/prevenir\/vigilar\/#breadcrumb"},"inLanguage":"es","potentialAction":[{"@type":"ReadAction","target":["https:\/\/saprea.org\/es\/prevenir\/vigilar\/"]}]},{"@type":"ImageObject","inLanguage":"es","@id":"https:\/\/saprea.org\/es\/prevenir\/vigilar\/#primaryimage","url":"https:\/\/saprea.org\/wp-content\/uploads\/2023\/10\/Monitor.jpg","contentUrl":"https:\/\/saprea.org\/wp-content\/uploads\/2023\/10\/Monitor.jpg","width":1082,"height":706},{"@type":"BreadcrumbList","@id":"https:\/\/saprea.org\/es\/prevenir\/vigilar\/#breadcrumb","itemListElement":[{"@type":"ListItem","position":1,"name":"Home","item":"https:\/\/saprea.org\/es\/pagina-de-inicio-de-saprea\/"},{"@type":"ListItem","position":2,"name":"Prevenci\u00f3n de abuso sexual infantil","item":"https:\/\/saprea.org\/es\/prevenir\/"},{"@type":"ListItem","position":3,"name":"Recursos de prevenci\u00f3n: Vigilar"}]},{"@type":"WebSite","@id":"https:\/\/saprea.org\/es\/#website","url":"https:\/\/saprea.org\/es\/","name":"Saprea","description":"","publisher":{"@id":"https:\/\/saprea.org\/es\/#organization"},"potentialAction":[{"@type":"SearchAction","target":{"@type":"EntryPoint","urlTemplate":"https:\/\/saprea.org\/es\/?s={search_term_string}"},"query-input":{"@type":"PropertyValueSpecification","valueRequired":true,"valueName":"search_term_string"}}],"inLanguage":"es"},{"@type":"Organization","@id":"https:\/\/saprea.org\/es\/#organization","name":"Saprea","url":"https:\/\/saprea.org\/es\/","logo":{"@type":"ImageObject","inLanguage":"es","@id":"https:\/\/saprea.org\/es\/#\/schema\/logo\/image\/","url":"https:\/\/saprea.org\/wp-content\/uploads\/2021\/12\/Vector-7-1.png","contentUrl":"https:\/\/saprea.org\/wp-content\/uploads\/2021\/12\/Vector-7-1.png","width":106,"height":105,"caption":"Saprea"},"image":{"@id":"https:\/\/saprea.org\/es\/#\/schema\/logo\/image\/"},"sameAs":["https:\/\/facebook.com\/saprea.org","https:\/\/x.com\/saprea_org","https:\/\/instagram.com\/youniquefoundation","https:\/\/pinterest.com\/saprea_org","https:\/\/youtube.com\/c\/saprea_org"]}]}},"_links":{"self":[{"href":"https:\/\/saprea.org\/es\/wp-json\/wp\/v2\/pages\/24433","targetHints":{"allow":["GET"]}}],"collection":[{"href":"https:\/\/saprea.org\/es\/wp-json\/wp\/v2\/pages"}],"about":[{"href":"https:\/\/saprea.org\/es\/wp-json\/wp\/v2\/types\/page"}],"author":[{"embeddable":true,"href":"https:\/\/saprea.org\/es\/wp-json\/wp\/v2\/users\/3"}],"replies":[{"embeddable":true,"href":"https:\/\/saprea.org\/es\/wp-json\/wp\/v2\/comments?post=24433"}],"version-history":[{"count":0,"href":"https:\/\/saprea.org\/es\/wp-json\/wp\/v2\/pages\/24433\/revisions"}],"up":[{"embeddable":true,"href":"https:\/\/saprea.org\/es\/wp-json\/wp\/v2\/pages\/22941"}],"wp:featuredmedia":[{"embeddable":true,"href":"https:\/\/saprea.org\/es\/wp-json\/wp\/v2\/media\/22646"}],"wp:attachment":[{"href":"https:\/\/saprea.org\/es\/wp-json\/wp\/v2\/media?parent=24433"}],"curies":[{"name":"wp","href":"https:\/\/api.w.org\/{rel}","templated":true}]}}