{"id":13769,"date":"2023-09-15T07:36:52","date_gmt":"2023-09-15T13:36:52","guid":{"rendered":"http:\/\/54.188.8.157\/?page_id=13769"},"modified":"2023-09-15T07:36:52","modified_gmt":"2023-09-15T13:36:52","slug":"problemas-comunicacion","status":"publish","type":"page","link":"https:\/\/saprea.org\/es\/sana\/problemas-comunicacion\/","title":{"rendered":"S\u00edntomas comunes: Problemas de comunicaci\u00f3n"},"content":{"rendered":"<div id=\"cs-content\" class=\"cs-content\"><\/div>\n","protected":false},"excerpt":{"rendered":"<p>Saprea &gt; Recursos de sanaci\u00f3n en l\u00ednea\u00a0&gt;S\u00edntomas comunes: Problemas de comunicaci\u00f3nS\u00cdNTOMAS COMUNES:Problemas de comunicaci\u00f3nS\u00cdNTOMAS COMUNES:Problemas de comunicaci\u00f3n\u00bfPor qu\u00e9 puede parecer tan dif\u00edcil comunicarse con los dem\u00e1s?Aunque la comunicaci\u00f3n es algo que forma parte de nuestro d\u00eda a d\u00eda desde la infancia, todav\u00eda puede parecer un terreno extra\u00f1o por el cual es imposible navegar. Ya sea [&hellip;]<\/p>\n","protected":false},"author":2,"featured_media":12358,"parent":13055,"menu_order":0,"comment_status":"closed","ping_status":"closed","template":"","meta":{"footnotes":""},"class_list":["post-13769","page","type-page","status-publish","has-post-thumbnail","hentry"],"yoast_head":"<!-- This site is optimized with the Yoast SEO plugin v27.3 - https:\/\/yoast.com\/product\/yoast-seo-wordpress\/ -->\n<title>Problemas de comunicaci\u00f3n\u00a0| Saprea\u00a0\u00a0<\/title>\n<meta name=\"description\" content=\"Los sobrevivientes de abuso pueden experimentar periodos de tiempo en los que sienten ansiedad, ira o depresi\u00f3n. Esto puede causar problemas de comunicaci\u00f3n.\" \/>\n<meta name=\"robots\" content=\"index, follow, max-snippet:-1, max-image-preview:large, max-video-preview:-1\" \/>\n<link rel=\"canonical\" href=\"https:\/\/saprea.org\/es\/sana\/problemas-comunicacion\/\" \/>\n<meta property=\"og:locale\" content=\"es_ES\" \/>\n<meta property=\"og:type\" content=\"article\" \/>\n<meta property=\"og:title\" content=\"Problemas de comunicaci\u00f3n\u00a0| Saprea\u00a0\u00a0\" \/>\n<meta property=\"og:description\" content=\"Los sobrevivientes de abuso pueden experimentar periodos de tiempo en los que sienten ansiedad, ira o depresi\u00f3n. Esto puede causar problemas de comunicaci\u00f3n.\" \/>\n<meta property=\"og:url\" content=\"https:\/\/saprea.org\/es\/sana\/problemas-comunicacion\/\" \/>\n<meta property=\"og:site_name\" content=\"Saprea\" \/>\n<meta property=\"article:publisher\" content=\"https:\/\/facebook.com\/saprea.org\" \/>\n<meta property=\"og:image\" content=\"https:\/\/saprea.org\/wp-content\/uploads\/2023\/08\/communication-issues.png\" \/>\n\t<meta property=\"og:image:width\" content=\"2200\" \/>\n\t<meta property=\"og:image:height\" content=\"2200\" \/>\n\t<meta property=\"og:image:type\" content=\"image\/png\" \/>\n<meta name=\"twitter:card\" content=\"summary_large_image\" \/>\n<meta name=\"twitter:site\" content=\"@saprea_org\" \/>\n<meta name=\"twitter:label1\" content=\"Tiempo de lectura\" \/>\n\t<meta name=\"twitter:data1\" content=\"6 minutos\" \/>\n<script type=\"application\/ld+json\" class=\"yoast-schema-graph\">{\"@context\":\"https:\\\/\\\/schema.org\",\"@graph\":[{\"@type\":\"WebPage\",\"@id\":\"https:\\\/\\\/saprea.org\\\/es\\\/sana\\\/problemas-comunicacion\\\/\",\"url\":\"https:\\\/\\\/saprea.org\\\/es\\\/sana\\\/problemas-comunicacion\\\/\",\"name\":\"Problemas de comunicaci\u00f3n\u00a0| Saprea\u00a0\u00a0\",\"isPartOf\":{\"@id\":\"https:\\\/\\\/saprea.org\\\/es\\\/#website\"},\"primaryImageOfPage\":{\"@id\":\"https:\\\/\\\/saprea.org\\\/es\\\/sana\\\/problemas-comunicacion\\\/#primaryimage\"},\"image\":{\"@id\":\"https:\\\/\\\/saprea.org\\\/es\\\/sana\\\/problemas-comunicacion\\\/#primaryimage\"},\"thumbnailUrl\":\"https:\\\/\\\/saprea.org\\\/wp-content\\\/uploads\\\/2023\\\/08\\\/communication-issues.png\",\"datePublished\":\"2023-09-15T13:36:52+00:00\",\"description\":\"Los sobrevivientes de abuso pueden experimentar periodos de tiempo en los que sienten ansiedad, ira o depresi\u00f3n. Esto puede causar problemas de comunicaci\u00f3n.\",\"breadcrumb\":{\"@id\":\"https:\\\/\\\/saprea.org\\\/es\\\/sana\\\/problemas-comunicacion\\\/#breadcrumb\"},\"inLanguage\":\"es\",\"potentialAction\":[{\"@type\":\"ReadAction\",\"target\":[\"https:\\\/\\\/saprea.org\\\/es\\\/sana\\\/problemas-comunicacion\\\/\"]}]},{\"@type\":\"ImageObject\",\"inLanguage\":\"es\",\"@id\":\"https:\\\/\\\/saprea.org\\\/es\\\/sana\\\/problemas-comunicacion\\\/#primaryimage\",\"url\":\"https:\\\/\\\/saprea.org\\\/wp-content\\\/uploads\\\/2023\\\/08\\\/communication-issues.png\",\"contentUrl\":\"https:\\\/\\\/saprea.org\\\/wp-content\\\/uploads\\\/2023\\\/08\\\/communication-issues.png\",\"width\":2200,\"height\":2200,\"caption\":\"Two speech bubbles\"},{\"@type\":\"BreadcrumbList\",\"@id\":\"https:\\\/\\\/saprea.org\\\/es\\\/sana\\\/problemas-comunicacion\\\/#breadcrumb\",\"itemListElement\":[{\"@type\":\"ListItem\",\"position\":1,\"name\":\"Home\",\"item\":\"https:\\\/\\\/saprea.org\\\/es\\\/pagina-de-inicio-de-saprea\\\/\"},{\"@type\":\"ListItem\",\"position\":2,\"name\":\"Sanar del Abuso Sexual Infantil\",\"item\":\"https:\\\/\\\/saprea.org\\\/es\\\/sana\\\/\"},{\"@type\":\"ListItem\",\"position\":3,\"name\":\"S\u00edntomas comunes: Problemas de comunicaci\u00f3n\"}]},{\"@type\":\"WebSite\",\"@id\":\"https:\\\/\\\/saprea.org\\\/es\\\/#website\",\"url\":\"https:\\\/\\\/saprea.org\\\/es\\\/\",\"name\":\"Saprea\",\"description\":\"\",\"publisher\":{\"@id\":\"https:\\\/\\\/saprea.org\\\/es\\\/#organization\"},\"potentialAction\":[{\"@type\":\"SearchAction\",\"target\":{\"@type\":\"EntryPoint\",\"urlTemplate\":\"https:\\\/\\\/saprea.org\\\/es\\\/?s={search_term_string}\"},\"query-input\":{\"@type\":\"PropertyValueSpecification\",\"valueRequired\":true,\"valueName\":\"search_term_string\"}}],\"inLanguage\":\"es\"},{\"@type\":\"Organization\",\"@id\":\"https:\\\/\\\/saprea.org\\\/es\\\/#organization\",\"name\":\"Saprea\",\"url\":\"https:\\\/\\\/saprea.org\\\/es\\\/\",\"logo\":{\"@type\":\"ImageObject\",\"inLanguage\":\"es\",\"@id\":\"https:\\\/\\\/saprea.org\\\/es\\\/#\\\/schema\\\/logo\\\/image\\\/\",\"url\":\"https:\\\/\\\/saprea.org\\\/wp-content\\\/uploads\\\/2021\\\/12\\\/Vector-7-1.png\",\"contentUrl\":\"https:\\\/\\\/saprea.org\\\/wp-content\\\/uploads\\\/2021\\\/12\\\/Vector-7-1.png\",\"width\":106,\"height\":105,\"caption\":\"Saprea\"},\"image\":{\"@id\":\"https:\\\/\\\/saprea.org\\\/es\\\/#\\\/schema\\\/logo\\\/image\\\/\"},\"sameAs\":[\"https:\\\/\\\/facebook.com\\\/saprea.org\",\"https:\\\/\\\/x.com\\\/saprea_org\",\"https:\\\/\\\/instagram.com\\\/youniquefoundation\",\"https:\\\/\\\/pinterest.com\\\/saprea_org\",\"https:\\\/\\\/youtube.com\\\/c\\\/saprea_org\"]}]}<\/script>\n<!-- \/ Yoast SEO plugin. -->","yoast_head_json":{"title":"Problemas de comunicaci\u00f3n\u00a0| Saprea\u00a0\u00a0","description":"Los sobrevivientes de abuso pueden experimentar periodos de tiempo en los que sienten ansiedad, ira o depresi\u00f3n. Esto puede causar problemas de comunicaci\u00f3n.","robots":{"index":"index","follow":"follow","max-snippet":"max-snippet:-1","max-image-preview":"max-image-preview:large","max-video-preview":"max-video-preview:-1"},"canonical":"https:\/\/saprea.org\/es\/sana\/problemas-comunicacion\/","og_locale":"es_ES","og_type":"article","og_title":"Problemas de comunicaci\u00f3n\u00a0| Saprea\u00a0\u00a0","og_description":"Los sobrevivientes de abuso pueden experimentar periodos de tiempo en los que sienten ansiedad, ira o depresi\u00f3n. Esto puede causar problemas de comunicaci\u00f3n.","og_url":"https:\/\/saprea.org\/es\/sana\/problemas-comunicacion\/","og_site_name":"Saprea","article_publisher":"https:\/\/facebook.com\/saprea.org","og_image":[{"width":2200,"height":2200,"url":"https:\/\/saprea.org\/wp-content\/uploads\/2023\/08\/communication-issues.png","type":"image\/png"}],"twitter_card":"summary_large_image","twitter_site":"@saprea_org","twitter_misc":{"Tiempo de lectura":"6 minutos"},"schema":{"@context":"https:\/\/schema.org","@graph":[{"@type":"WebPage","@id":"https:\/\/saprea.org\/es\/sana\/problemas-comunicacion\/","url":"https:\/\/saprea.org\/es\/sana\/problemas-comunicacion\/","name":"Problemas de comunicaci\u00f3n\u00a0| Saprea\u00a0\u00a0","isPartOf":{"@id":"https:\/\/saprea.org\/es\/#website"},"primaryImageOfPage":{"@id":"https:\/\/saprea.org\/es\/sana\/problemas-comunicacion\/#primaryimage"},"image":{"@id":"https:\/\/saprea.org\/es\/sana\/problemas-comunicacion\/#primaryimage"},"thumbnailUrl":"https:\/\/saprea.org\/wp-content\/uploads\/2023\/08\/communication-issues.png","datePublished":"2023-09-15T13:36:52+00:00","description":"Los sobrevivientes de abuso pueden experimentar periodos de tiempo en los que sienten ansiedad, ira o depresi\u00f3n. Esto puede causar problemas de comunicaci\u00f3n.","breadcrumb":{"@id":"https:\/\/saprea.org\/es\/sana\/problemas-comunicacion\/#breadcrumb"},"inLanguage":"es","potentialAction":[{"@type":"ReadAction","target":["https:\/\/saprea.org\/es\/sana\/problemas-comunicacion\/"]}]},{"@type":"ImageObject","inLanguage":"es","@id":"https:\/\/saprea.org\/es\/sana\/problemas-comunicacion\/#primaryimage","url":"https:\/\/saprea.org\/wp-content\/uploads\/2023\/08\/communication-issues.png","contentUrl":"https:\/\/saprea.org\/wp-content\/uploads\/2023\/08\/communication-issues.png","width":2200,"height":2200,"caption":"Two speech bubbles"},{"@type":"BreadcrumbList","@id":"https:\/\/saprea.org\/es\/sana\/problemas-comunicacion\/#breadcrumb","itemListElement":[{"@type":"ListItem","position":1,"name":"Home","item":"https:\/\/saprea.org\/es\/pagina-de-inicio-de-saprea\/"},{"@type":"ListItem","position":2,"name":"Sanar del Abuso Sexual Infantil","item":"https:\/\/saprea.org\/es\/sana\/"},{"@type":"ListItem","position":3,"name":"S\u00edntomas comunes: Problemas de comunicaci\u00f3n"}]},{"@type":"WebSite","@id":"https:\/\/saprea.org\/es\/#website","url":"https:\/\/saprea.org\/es\/","name":"Saprea","description":"","publisher":{"@id":"https:\/\/saprea.org\/es\/#organization"},"potentialAction":[{"@type":"SearchAction","target":{"@type":"EntryPoint","urlTemplate":"https:\/\/saprea.org\/es\/?s={search_term_string}"},"query-input":{"@type":"PropertyValueSpecification","valueRequired":true,"valueName":"search_term_string"}}],"inLanguage":"es"},{"@type":"Organization","@id":"https:\/\/saprea.org\/es\/#organization","name":"Saprea","url":"https:\/\/saprea.org\/es\/","logo":{"@type":"ImageObject","inLanguage":"es","@id":"https:\/\/saprea.org\/es\/#\/schema\/logo\/image\/","url":"https:\/\/saprea.org\/wp-content\/uploads\/2021\/12\/Vector-7-1.png","contentUrl":"https:\/\/saprea.org\/wp-content\/uploads\/2021\/12\/Vector-7-1.png","width":106,"height":105,"caption":"Saprea"},"image":{"@id":"https:\/\/saprea.org\/es\/#\/schema\/logo\/image\/"},"sameAs":["https:\/\/facebook.com\/saprea.org","https:\/\/x.com\/saprea_org","https:\/\/instagram.com\/youniquefoundation","https:\/\/pinterest.com\/saprea_org","https:\/\/youtube.com\/c\/saprea_org"]}]}},"_links":{"self":[{"href":"https:\/\/saprea.org\/es\/wp-json\/wp\/v2\/pages\/13769","targetHints":{"allow":["GET"]}}],"collection":[{"href":"https:\/\/saprea.org\/es\/wp-json\/wp\/v2\/pages"}],"about":[{"href":"https:\/\/saprea.org\/es\/wp-json\/wp\/v2\/types\/page"}],"author":[{"embeddable":true,"href":"https:\/\/saprea.org\/es\/wp-json\/wp\/v2\/users\/2"}],"replies":[{"embeddable":true,"href":"https:\/\/saprea.org\/es\/wp-json\/wp\/v2\/comments?post=13769"}],"version-history":[{"count":0,"href":"https:\/\/saprea.org\/es\/wp-json\/wp\/v2\/pages\/13769\/revisions"}],"up":[{"embeddable":true,"href":"https:\/\/saprea.org\/es\/wp-json\/wp\/v2\/pages\/13055"}],"wp:featuredmedia":[{"embeddable":true,"href":"https:\/\/saprea.org\/es\/wp-json\/wp\/v2\/media\/12358"}],"wp:attachment":[{"href":"https:\/\/saprea.org\/es\/wp-json\/wp\/v2\/media?parent=13769"}],"curies":[{"name":"wp","href":"https:\/\/api.w.org\/{rel}","templated":true}]}}