{"id":13333,"date":"2023-09-15T07:36:05","date_gmt":"2023-09-15T13:36:05","guid":{"rendered":"http:\/\/54.188.8.157\/?page_id=13333"},"modified":"2023-09-18T15:49:13","modified_gmt":"2023-09-18T21:49:13","slug":"nutricion","status":"publish","type":"page","link":"https:\/\/saprea.org\/es\/sana\/enfoque\/nutricion\/","title":{"rendered":"Recursos de sanaci\u00f3n: Nutrici\u00f3n"},"content":{"rendered":"<div id=\"cs-content\" class=\"cs-content\"><\/div>\n","protected":false},"excerpt":{"rendered":"<p>Saprea &gt; Recursos de sanaci\u00f3n en l\u00ednea\u00a0&gt; Nuestro enfoque\u00a0&gt;Recursos de sanaci\u00f3n: Nutrici\u00f3nRECURSOS DE SANACI\u00d3N:Nutrici\u00f3n La alimentaci\u00f3n es un aspecto de tu jornada de sanaci\u00f3n que puedes controlar. He aqu\u00ed algunos alimentos buenos que deber\u00edas agregar a tu dieta.Una de las actividades cotidianas en las que todos participamos es comer, y no es ning\u00fan secreto que [&hellip;]<\/p>\n","protected":false},"author":3,"featured_media":11048,"parent":13077,"menu_order":0,"comment_status":"closed","ping_status":"closed","template":"","meta":{"footnotes":""},"class_list":["post-13333","page","type-page","status-publish","has-post-thumbnail","hentry"],"yoast_head":"<!-- This site is optimized with the Yoast SEO plugin v27.3 - https:\/\/yoast.com\/product\/yoast-seo-wordpress\/ -->\n<title>Nutrici\u00f3n | Saprea<\/title>\n<meta name=\"description\" content=\"La alimentaci\u00f3n es un aspecto de tu jornada de sanaci\u00f3n que puedes controlar. \u00c9stos son alimentos buenos que deber\u00edas a\u00f1adir a tu dieta.\" \/>\n<meta name=\"robots\" content=\"index, follow, max-snippet:-1, max-image-preview:large, max-video-preview:-1\" \/>\n<link rel=\"canonical\" href=\"https:\/\/saprea.org\/es\/sana\/enfoque\/nutricion\/\" \/>\n<meta property=\"og:locale\" content=\"es_ES\" \/>\n<meta property=\"og:type\" content=\"article\" \/>\n<meta property=\"og:title\" content=\"Nutrici\u00f3n | Saprea\" \/>\n<meta property=\"og:description\" content=\"La alimentaci\u00f3n es un aspecto de tu jornada de sanaci\u00f3n que puedes controlar. \u00c9stos son alimentos buenos que deber\u00edas a\u00f1adir a tu dieta.\" \/>\n<meta property=\"og:url\" content=\"https:\/\/saprea.org\/es\/sana\/enfoque\/nutricion\/\" \/>\n<meta property=\"og:site_name\" content=\"Saprea\" \/>\n<meta property=\"article:publisher\" content=\"https:\/\/facebook.com\/saprea.org\" \/>\n<meta property=\"article:modified_time\" content=\"2023-09-18T21:49:13+00:00\" \/>\n<meta property=\"og:image\" content=\"https:\/\/saprea.org\/wp-content\/uploads\/2023\/07\/Nutrition.jpg\" \/>\n\t<meta property=\"og:image:width\" content=\"1024\" \/>\n\t<meta property=\"og:image:height\" content=\"576\" \/>\n\t<meta property=\"og:image:type\" content=\"image\/jpeg\" \/>\n<meta name=\"twitter:card\" content=\"summary_large_image\" \/>\n<meta name=\"twitter:site\" content=\"@saprea_org\" \/>\n<meta name=\"twitter:label1\" content=\"Tiempo de lectura\" \/>\n\t<meta name=\"twitter:data1\" content=\"1 minuto\" \/>\n<script type=\"application\/ld+json\" class=\"yoast-schema-graph\">{\"@context\":\"https:\\\/\\\/schema.org\",\"@graph\":[{\"@type\":\"WebPage\",\"@id\":\"https:\\\/\\\/saprea.org\\\/es\\\/sana\\\/enfoque\\\/nutricion\\\/\",\"url\":\"https:\\\/\\\/saprea.org\\\/es\\\/sana\\\/enfoque\\\/nutricion\\\/\",\"name\":\"Nutrici\u00f3n | Saprea\",\"isPartOf\":{\"@id\":\"https:\\\/\\\/saprea.org\\\/es\\\/#website\"},\"primaryImageOfPage\":{\"@id\":\"https:\\\/\\\/saprea.org\\\/es\\\/sana\\\/enfoque\\\/nutricion\\\/#primaryimage\"},\"image\":{\"@id\":\"https:\\\/\\\/saprea.org\\\/es\\\/sana\\\/enfoque\\\/nutricion\\\/#primaryimage\"},\"thumbnailUrl\":\"https:\\\/\\\/saprea.org\\\/wp-content\\\/uploads\\\/2023\\\/07\\\/Nutrition.jpg\",\"datePublished\":\"2023-09-15T13:36:05+00:00\",\"dateModified\":\"2023-09-18T21:49:13+00:00\",\"description\":\"La alimentaci\u00f3n es un aspecto de tu jornada de sanaci\u00f3n que puedes controlar. \u00c9stos son alimentos buenos que deber\u00edas a\u00f1adir a tu dieta.\",\"breadcrumb\":{\"@id\":\"https:\\\/\\\/saprea.org\\\/es\\\/sana\\\/enfoque\\\/nutricion\\\/#breadcrumb\"},\"inLanguage\":\"es\",\"potentialAction\":[{\"@type\":\"ReadAction\",\"target\":[\"https:\\\/\\\/saprea.org\\\/es\\\/sana\\\/enfoque\\\/nutricion\\\/\"]}]},{\"@type\":\"ImageObject\",\"inLanguage\":\"es\",\"@id\":\"https:\\\/\\\/saprea.org\\\/es\\\/sana\\\/enfoque\\\/nutricion\\\/#primaryimage\",\"url\":\"https:\\\/\\\/saprea.org\\\/wp-content\\\/uploads\\\/2023\\\/07\\\/Nutrition.jpg\",\"contentUrl\":\"https:\\\/\\\/saprea.org\\\/wp-content\\\/uploads\\\/2023\\\/07\\\/Nutrition.jpg\",\"width\":1024,\"height\":576,\"caption\":\"Latina woman standing beside stove cooking\"},{\"@type\":\"BreadcrumbList\",\"@id\":\"https:\\\/\\\/saprea.org\\\/es\\\/sana\\\/enfoque\\\/nutricion\\\/#breadcrumb\",\"itemListElement\":[{\"@type\":\"ListItem\",\"position\":1,\"name\":\"Home\",\"item\":\"https:\\\/\\\/saprea.org\\\/es\\\/pagina-de-inicio-de-saprea\\\/\"},{\"@type\":\"ListItem\",\"position\":2,\"name\":\"Sanar del Abuso Sexual Infantil\",\"item\":\"https:\\\/\\\/saprea.org\\\/es\\\/sana\\\/\"},{\"@type\":\"ListItem\",\"position\":3,\"name\":\"Nuestro enfoque para la sanaci\u00f3n\",\"item\":\"https:\\\/\\\/saprea.org\\\/es\\\/sana\\\/enfoque\\\/\"},{\"@type\":\"ListItem\",\"position\":4,\"name\":\"Recursos de sanaci\u00f3n: Nutrici\u00f3n\"}]},{\"@type\":\"WebSite\",\"@id\":\"https:\\\/\\\/saprea.org\\\/es\\\/#website\",\"url\":\"https:\\\/\\\/saprea.org\\\/es\\\/\",\"name\":\"Saprea\",\"description\":\"\",\"publisher\":{\"@id\":\"https:\\\/\\\/saprea.org\\\/es\\\/#organization\"},\"potentialAction\":[{\"@type\":\"SearchAction\",\"target\":{\"@type\":\"EntryPoint\",\"urlTemplate\":\"https:\\\/\\\/saprea.org\\\/es\\\/?s={search_term_string}\"},\"query-input\":{\"@type\":\"PropertyValueSpecification\",\"valueRequired\":true,\"valueName\":\"search_term_string\"}}],\"inLanguage\":\"es\"},{\"@type\":\"Organization\",\"@id\":\"https:\\\/\\\/saprea.org\\\/es\\\/#organization\",\"name\":\"Saprea\",\"url\":\"https:\\\/\\\/saprea.org\\\/es\\\/\",\"logo\":{\"@type\":\"ImageObject\",\"inLanguage\":\"es\",\"@id\":\"https:\\\/\\\/saprea.org\\\/es\\\/#\\\/schema\\\/logo\\\/image\\\/\",\"url\":\"https:\\\/\\\/saprea.org\\\/wp-content\\\/uploads\\\/2021\\\/12\\\/Vector-7-1.png\",\"contentUrl\":\"https:\\\/\\\/saprea.org\\\/wp-content\\\/uploads\\\/2021\\\/12\\\/Vector-7-1.png\",\"width\":106,\"height\":105,\"caption\":\"Saprea\"},\"image\":{\"@id\":\"https:\\\/\\\/saprea.org\\\/es\\\/#\\\/schema\\\/logo\\\/image\\\/\"},\"sameAs\":[\"https:\\\/\\\/facebook.com\\\/saprea.org\",\"https:\\\/\\\/x.com\\\/saprea_org\",\"https:\\\/\\\/instagram.com\\\/youniquefoundation\",\"https:\\\/\\\/pinterest.com\\\/saprea_org\",\"https:\\\/\\\/youtube.com\\\/c\\\/saprea_org\"]}]}<\/script>\n<!-- \/ Yoast SEO plugin. -->","yoast_head_json":{"title":"Nutrici\u00f3n | Saprea","description":"La alimentaci\u00f3n es un aspecto de tu jornada de sanaci\u00f3n que puedes controlar. \u00c9stos son alimentos buenos que deber\u00edas a\u00f1adir a tu dieta.","robots":{"index":"index","follow":"follow","max-snippet":"max-snippet:-1","max-image-preview":"max-image-preview:large","max-video-preview":"max-video-preview:-1"},"canonical":"https:\/\/saprea.org\/es\/sana\/enfoque\/nutricion\/","og_locale":"es_ES","og_type":"article","og_title":"Nutrici\u00f3n | Saprea","og_description":"La alimentaci\u00f3n es un aspecto de tu jornada de sanaci\u00f3n que puedes controlar. \u00c9stos son alimentos buenos que deber\u00edas a\u00f1adir a tu dieta.","og_url":"https:\/\/saprea.org\/es\/sana\/enfoque\/nutricion\/","og_site_name":"Saprea","article_publisher":"https:\/\/facebook.com\/saprea.org","article_modified_time":"2023-09-18T21:49:13+00:00","og_image":[{"width":1024,"height":576,"url":"https:\/\/saprea.org\/wp-content\/uploads\/2023\/07\/Nutrition.jpg","type":"image\/jpeg"}],"twitter_card":"summary_large_image","twitter_site":"@saprea_org","twitter_misc":{"Tiempo de lectura":"1 minuto"},"schema":{"@context":"https:\/\/schema.org","@graph":[{"@type":"WebPage","@id":"https:\/\/saprea.org\/es\/sana\/enfoque\/nutricion\/","url":"https:\/\/saprea.org\/es\/sana\/enfoque\/nutricion\/","name":"Nutrici\u00f3n | Saprea","isPartOf":{"@id":"https:\/\/saprea.org\/es\/#website"},"primaryImageOfPage":{"@id":"https:\/\/saprea.org\/es\/sana\/enfoque\/nutricion\/#primaryimage"},"image":{"@id":"https:\/\/saprea.org\/es\/sana\/enfoque\/nutricion\/#primaryimage"},"thumbnailUrl":"https:\/\/saprea.org\/wp-content\/uploads\/2023\/07\/Nutrition.jpg","datePublished":"2023-09-15T13:36:05+00:00","dateModified":"2023-09-18T21:49:13+00:00","description":"La alimentaci\u00f3n es un aspecto de tu jornada de sanaci\u00f3n que puedes controlar. \u00c9stos son alimentos buenos que deber\u00edas a\u00f1adir a tu dieta.","breadcrumb":{"@id":"https:\/\/saprea.org\/es\/sana\/enfoque\/nutricion\/#breadcrumb"},"inLanguage":"es","potentialAction":[{"@type":"ReadAction","target":["https:\/\/saprea.org\/es\/sana\/enfoque\/nutricion\/"]}]},{"@type":"ImageObject","inLanguage":"es","@id":"https:\/\/saprea.org\/es\/sana\/enfoque\/nutricion\/#primaryimage","url":"https:\/\/saprea.org\/wp-content\/uploads\/2023\/07\/Nutrition.jpg","contentUrl":"https:\/\/saprea.org\/wp-content\/uploads\/2023\/07\/Nutrition.jpg","width":1024,"height":576,"caption":"Latina woman standing beside stove cooking"},{"@type":"BreadcrumbList","@id":"https:\/\/saprea.org\/es\/sana\/enfoque\/nutricion\/#breadcrumb","itemListElement":[{"@type":"ListItem","position":1,"name":"Home","item":"https:\/\/saprea.org\/es\/pagina-de-inicio-de-saprea\/"},{"@type":"ListItem","position":2,"name":"Sanar del Abuso Sexual Infantil","item":"https:\/\/saprea.org\/es\/sana\/"},{"@type":"ListItem","position":3,"name":"Nuestro enfoque para la sanaci\u00f3n","item":"https:\/\/saprea.org\/es\/sana\/enfoque\/"},{"@type":"ListItem","position":4,"name":"Recursos de sanaci\u00f3n: Nutrici\u00f3n"}]},{"@type":"WebSite","@id":"https:\/\/saprea.org\/es\/#website","url":"https:\/\/saprea.org\/es\/","name":"Saprea","description":"","publisher":{"@id":"https:\/\/saprea.org\/es\/#organization"},"potentialAction":[{"@type":"SearchAction","target":{"@type":"EntryPoint","urlTemplate":"https:\/\/saprea.org\/es\/?s={search_term_string}"},"query-input":{"@type":"PropertyValueSpecification","valueRequired":true,"valueName":"search_term_string"}}],"inLanguage":"es"},{"@type":"Organization","@id":"https:\/\/saprea.org\/es\/#organization","name":"Saprea","url":"https:\/\/saprea.org\/es\/","logo":{"@type":"ImageObject","inLanguage":"es","@id":"https:\/\/saprea.org\/es\/#\/schema\/logo\/image\/","url":"https:\/\/saprea.org\/wp-content\/uploads\/2021\/12\/Vector-7-1.png","contentUrl":"https:\/\/saprea.org\/wp-content\/uploads\/2021\/12\/Vector-7-1.png","width":106,"height":105,"caption":"Saprea"},"image":{"@id":"https:\/\/saprea.org\/es\/#\/schema\/logo\/image\/"},"sameAs":["https:\/\/facebook.com\/saprea.org","https:\/\/x.com\/saprea_org","https:\/\/instagram.com\/youniquefoundation","https:\/\/pinterest.com\/saprea_org","https:\/\/youtube.com\/c\/saprea_org"]}]}},"_links":{"self":[{"href":"https:\/\/saprea.org\/es\/wp-json\/wp\/v2\/pages\/13333","targetHints":{"allow":["GET"]}}],"collection":[{"href":"https:\/\/saprea.org\/es\/wp-json\/wp\/v2\/pages"}],"about":[{"href":"https:\/\/saprea.org\/es\/wp-json\/wp\/v2\/types\/page"}],"author":[{"embeddable":true,"href":"https:\/\/saprea.org\/es\/wp-json\/wp\/v2\/users\/3"}],"replies":[{"embeddable":true,"href":"https:\/\/saprea.org\/es\/wp-json\/wp\/v2\/comments?post=13333"}],"version-history":[{"count":0,"href":"https:\/\/saprea.org\/es\/wp-json\/wp\/v2\/pages\/13333\/revisions"}],"up":[{"embeddable":true,"href":"https:\/\/saprea.org\/es\/wp-json\/wp\/v2\/pages\/13077"}],"wp:featuredmedia":[{"embeddable":true,"href":"https:\/\/saprea.org\/es\/wp-json\/wp\/v2\/media\/11048"}],"wp:attachment":[{"href":"https:\/\/saprea.org\/es\/wp-json\/wp\/v2\/media?parent=13333"}],"curies":[{"name":"wp","href":"https:\/\/api.w.org\/{rel}","templated":true}]}}