{"id":13145,"date":"2023-09-15T07:36:48","date_gmt":"2023-09-15T13:36:48","guid":{"rendered":"http:\/\/54.188.8.157\/?page_id=13145"},"modified":"2023-09-18T14:35:07","modified_gmt":"2023-09-18T20:35:07","slug":"practicando-limites","status":"publish","type":"page","link":"https:\/\/saprea.org\/es\/sana\/enfoque\/practicando-limites\/","title":{"rendered":"Recursos de sanaci\u00f3n: Practicando los l\u00edmites"},"content":{"rendered":"<div id=\"cs-content\" class=\"cs-content\"><\/div>\n","protected":false},"excerpt":{"rendered":"<p>Saprea &gt; Recursos de sanaci\u00f3n en l\u00ednea\u00a0&gt; Nuestro enfoque\u00a0&gt;Recursos de sanaci\u00f3n: Practicando los l\u00edmitesRECURSOS DE SANACI\u00d3N:Practicando los l\u00edmitesEstablecer l\u00edmites sanos puede ayudar a reforzar tu sistema de apoyo y, al mismo tiempo, satisfacer tus necesidades.Nuestras experiencias con los dem\u00e1s tienen un impacto significativo en nuestro d\u00eda a d\u00eda. Las relaciones que fomentamos con las personas [&hellip;]<\/p>\n","protected":false},"author":3,"featured_media":11052,"parent":13077,"menu_order":0,"comment_status":"closed","ping_status":"closed","template":"","meta":{"footnotes":""},"class_list":["post-13145","page","type-page","status-publish","has-post-thumbnail","hentry"],"yoast_head":"<!-- This site is optimized with the Yoast SEO plugin v27.3 - https:\/\/yoast.com\/product\/yoast-seo-wordpress\/ -->\n<title>Practicando los l\u00edmites | Saprea<\/title>\n<meta name=\"description\" content=\"\u00bfQu\u00e9 es un l\u00edmite? Un sobreviviente puede tener l\u00edmites m\u00e1s r\u00edgidos debido a lo mucho que le han herido y traicionado en el pasado.\" \/>\n<meta name=\"robots\" content=\"index, follow, max-snippet:-1, max-image-preview:large, max-video-preview:-1\" \/>\n<link rel=\"canonical\" href=\"https:\/\/saprea.org\/es\/sana\/enfoque\/practicando-limites\/\" \/>\n<meta property=\"og:locale\" content=\"es_ES\" \/>\n<meta property=\"og:type\" content=\"article\" \/>\n<meta property=\"og:title\" content=\"Practicando los l\u00edmites | Saprea\" \/>\n<meta property=\"og:description\" content=\"\u00bfQu\u00e9 es un l\u00edmite? Un sobreviviente puede tener l\u00edmites m\u00e1s r\u00edgidos debido a lo mucho que le han herido y traicionado en el pasado.\" \/>\n<meta property=\"og:url\" content=\"https:\/\/saprea.org\/es\/sana\/enfoque\/practicando-limites\/\" \/>\n<meta property=\"og:site_name\" content=\"Saprea\" \/>\n<meta property=\"article:publisher\" content=\"https:\/\/facebook.com\/saprea.org\" \/>\n<meta property=\"article:modified_time\" content=\"2023-09-18T20:35:07+00:00\" \/>\n<meta property=\"og:image\" content=\"https:\/\/saprea.org\/wp-content\/uploads\/2023\/07\/Practicing-Boundaries.jpg\" \/>\n\t<meta property=\"og:image:width\" content=\"1024\" \/>\n\t<meta property=\"og:image:height\" content=\"576\" \/>\n\t<meta property=\"og:image:type\" content=\"image\/jpeg\" \/>\n<meta name=\"twitter:card\" content=\"summary_large_image\" \/>\n<meta name=\"twitter:site\" content=\"@saprea_org\" \/>\n<meta name=\"twitter:label1\" content=\"Tiempo de lectura\" \/>\n\t<meta name=\"twitter:data1\" content=\"1 minuto\" \/>\n<script type=\"application\/ld+json\" class=\"yoast-schema-graph\">{\"@context\":\"https:\\\/\\\/schema.org\",\"@graph\":[{\"@type\":\"WebPage\",\"@id\":\"https:\\\/\\\/saprea.org\\\/es\\\/sana\\\/enfoque\\\/practicando-limites\\\/\",\"url\":\"https:\\\/\\\/saprea.org\\\/es\\\/sana\\\/enfoque\\\/practicando-limites\\\/\",\"name\":\"Practicando los l\u00edmites | Saprea\",\"isPartOf\":{\"@id\":\"https:\\\/\\\/saprea.org\\\/es\\\/#website\"},\"primaryImageOfPage\":{\"@id\":\"https:\\\/\\\/saprea.org\\\/es\\\/sana\\\/enfoque\\\/practicando-limites\\\/#primaryimage\"},\"image\":{\"@id\":\"https:\\\/\\\/saprea.org\\\/es\\\/sana\\\/enfoque\\\/practicando-limites\\\/#primaryimage\"},\"thumbnailUrl\":\"https:\\\/\\\/saprea.org\\\/wp-content\\\/uploads\\\/2023\\\/07\\\/Practicing-Boundaries.jpg\",\"datePublished\":\"2023-09-15T13:36:48+00:00\",\"dateModified\":\"2023-09-18T20:35:07+00:00\",\"description\":\"\u00bfQu\u00e9 es un l\u00edmite? Un sobreviviente puede tener l\u00edmites m\u00e1s r\u00edgidos debido a lo mucho que le han herido y traicionado en el pasado.\",\"breadcrumb\":{\"@id\":\"https:\\\/\\\/saprea.org\\\/es\\\/sana\\\/enfoque\\\/practicando-limites\\\/#breadcrumb\"},\"inLanguage\":\"es\",\"potentialAction\":[{\"@type\":\"ReadAction\",\"target\":[\"https:\\\/\\\/saprea.org\\\/es\\\/sana\\\/enfoque\\\/practicando-limites\\\/\"]}]},{\"@type\":\"ImageObject\",\"inLanguage\":\"es\",\"@id\":\"https:\\\/\\\/saprea.org\\\/es\\\/sana\\\/enfoque\\\/practicando-limites\\\/#primaryimage\",\"url\":\"https:\\\/\\\/saprea.org\\\/wp-content\\\/uploads\\\/2023\\\/07\\\/Practicing-Boundaries.jpg\",\"contentUrl\":\"https:\\\/\\\/saprea.org\\\/wp-content\\\/uploads\\\/2023\\\/07\\\/Practicing-Boundaries.jpg\",\"width\":1024,\"height\":576,\"caption\":\"Two woman sitting together talking at a table outside a cafe\"},{\"@type\":\"BreadcrumbList\",\"@id\":\"https:\\\/\\\/saprea.org\\\/es\\\/sana\\\/enfoque\\\/practicando-limites\\\/#breadcrumb\",\"itemListElement\":[{\"@type\":\"ListItem\",\"position\":1,\"name\":\"Home\",\"item\":\"https:\\\/\\\/saprea.org\\\/es\\\/pagina-de-inicio-de-saprea\\\/\"},{\"@type\":\"ListItem\",\"position\":2,\"name\":\"Sanar del Abuso Sexual Infantil\",\"item\":\"https:\\\/\\\/saprea.org\\\/es\\\/sana\\\/\"},{\"@type\":\"ListItem\",\"position\":3,\"name\":\"Nuestro enfoque para la sanaci\u00f3n\",\"item\":\"https:\\\/\\\/saprea.org\\\/es\\\/sana\\\/enfoque\\\/\"},{\"@type\":\"ListItem\",\"position\":4,\"name\":\"Recursos de sanaci\u00f3n: Practicando los l\u00edmites\"}]},{\"@type\":\"WebSite\",\"@id\":\"https:\\\/\\\/saprea.org\\\/es\\\/#website\",\"url\":\"https:\\\/\\\/saprea.org\\\/es\\\/\",\"name\":\"Saprea\",\"description\":\"\",\"publisher\":{\"@id\":\"https:\\\/\\\/saprea.org\\\/es\\\/#organization\"},\"potentialAction\":[{\"@type\":\"SearchAction\",\"target\":{\"@type\":\"EntryPoint\",\"urlTemplate\":\"https:\\\/\\\/saprea.org\\\/es\\\/?s={search_term_string}\"},\"query-input\":{\"@type\":\"PropertyValueSpecification\",\"valueRequired\":true,\"valueName\":\"search_term_string\"}}],\"inLanguage\":\"es\"},{\"@type\":\"Organization\",\"@id\":\"https:\\\/\\\/saprea.org\\\/es\\\/#organization\",\"name\":\"Saprea\",\"url\":\"https:\\\/\\\/saprea.org\\\/es\\\/\",\"logo\":{\"@type\":\"ImageObject\",\"inLanguage\":\"es\",\"@id\":\"https:\\\/\\\/saprea.org\\\/es\\\/#\\\/schema\\\/logo\\\/image\\\/\",\"url\":\"https:\\\/\\\/saprea.org\\\/wp-content\\\/uploads\\\/2021\\\/12\\\/Vector-7-1.png\",\"contentUrl\":\"https:\\\/\\\/saprea.org\\\/wp-content\\\/uploads\\\/2021\\\/12\\\/Vector-7-1.png\",\"width\":106,\"height\":105,\"caption\":\"Saprea\"},\"image\":{\"@id\":\"https:\\\/\\\/saprea.org\\\/es\\\/#\\\/schema\\\/logo\\\/image\\\/\"},\"sameAs\":[\"https:\\\/\\\/facebook.com\\\/saprea.org\",\"https:\\\/\\\/x.com\\\/saprea_org\",\"https:\\\/\\\/instagram.com\\\/youniquefoundation\",\"https:\\\/\\\/pinterest.com\\\/saprea_org\",\"https:\\\/\\\/youtube.com\\\/c\\\/saprea_org\"]}]}<\/script>\n<!-- \/ Yoast SEO plugin. -->","yoast_head_json":{"title":"Practicando los l\u00edmites | Saprea","description":"\u00bfQu\u00e9 es un l\u00edmite? Un sobreviviente puede tener l\u00edmites m\u00e1s r\u00edgidos debido a lo mucho que le han herido y traicionado en el pasado.","robots":{"index":"index","follow":"follow","max-snippet":"max-snippet:-1","max-image-preview":"max-image-preview:large","max-video-preview":"max-video-preview:-1"},"canonical":"https:\/\/saprea.org\/es\/sana\/enfoque\/practicando-limites\/","og_locale":"es_ES","og_type":"article","og_title":"Practicando los l\u00edmites | Saprea","og_description":"\u00bfQu\u00e9 es un l\u00edmite? Un sobreviviente puede tener l\u00edmites m\u00e1s r\u00edgidos debido a lo mucho que le han herido y traicionado en el pasado.","og_url":"https:\/\/saprea.org\/es\/sana\/enfoque\/practicando-limites\/","og_site_name":"Saprea","article_publisher":"https:\/\/facebook.com\/saprea.org","article_modified_time":"2023-09-18T20:35:07+00:00","og_image":[{"width":1024,"height":576,"url":"https:\/\/saprea.org\/wp-content\/uploads\/2023\/07\/Practicing-Boundaries.jpg","type":"image\/jpeg"}],"twitter_card":"summary_large_image","twitter_site":"@saprea_org","twitter_misc":{"Tiempo de lectura":"1 minuto"},"schema":{"@context":"https:\/\/schema.org","@graph":[{"@type":"WebPage","@id":"https:\/\/saprea.org\/es\/sana\/enfoque\/practicando-limites\/","url":"https:\/\/saprea.org\/es\/sana\/enfoque\/practicando-limites\/","name":"Practicando los l\u00edmites | Saprea","isPartOf":{"@id":"https:\/\/saprea.org\/es\/#website"},"primaryImageOfPage":{"@id":"https:\/\/saprea.org\/es\/sana\/enfoque\/practicando-limites\/#primaryimage"},"image":{"@id":"https:\/\/saprea.org\/es\/sana\/enfoque\/practicando-limites\/#primaryimage"},"thumbnailUrl":"https:\/\/saprea.org\/wp-content\/uploads\/2023\/07\/Practicing-Boundaries.jpg","datePublished":"2023-09-15T13:36:48+00:00","dateModified":"2023-09-18T20:35:07+00:00","description":"\u00bfQu\u00e9 es un l\u00edmite? Un sobreviviente puede tener l\u00edmites m\u00e1s r\u00edgidos debido a lo mucho que le han herido y traicionado en el pasado.","breadcrumb":{"@id":"https:\/\/saprea.org\/es\/sana\/enfoque\/practicando-limites\/#breadcrumb"},"inLanguage":"es","potentialAction":[{"@type":"ReadAction","target":["https:\/\/saprea.org\/es\/sana\/enfoque\/practicando-limites\/"]}]},{"@type":"ImageObject","inLanguage":"es","@id":"https:\/\/saprea.org\/es\/sana\/enfoque\/practicando-limites\/#primaryimage","url":"https:\/\/saprea.org\/wp-content\/uploads\/2023\/07\/Practicing-Boundaries.jpg","contentUrl":"https:\/\/saprea.org\/wp-content\/uploads\/2023\/07\/Practicing-Boundaries.jpg","width":1024,"height":576,"caption":"Two woman sitting together talking at a table outside a cafe"},{"@type":"BreadcrumbList","@id":"https:\/\/saprea.org\/es\/sana\/enfoque\/practicando-limites\/#breadcrumb","itemListElement":[{"@type":"ListItem","position":1,"name":"Home","item":"https:\/\/saprea.org\/es\/pagina-de-inicio-de-saprea\/"},{"@type":"ListItem","position":2,"name":"Sanar del Abuso Sexual Infantil","item":"https:\/\/saprea.org\/es\/sana\/"},{"@type":"ListItem","position":3,"name":"Nuestro enfoque para la sanaci\u00f3n","item":"https:\/\/saprea.org\/es\/sana\/enfoque\/"},{"@type":"ListItem","position":4,"name":"Recursos de sanaci\u00f3n: Practicando los l\u00edmites"}]},{"@type":"WebSite","@id":"https:\/\/saprea.org\/es\/#website","url":"https:\/\/saprea.org\/es\/","name":"Saprea","description":"","publisher":{"@id":"https:\/\/saprea.org\/es\/#organization"},"potentialAction":[{"@type":"SearchAction","target":{"@type":"EntryPoint","urlTemplate":"https:\/\/saprea.org\/es\/?s={search_term_string}"},"query-input":{"@type":"PropertyValueSpecification","valueRequired":true,"valueName":"search_term_string"}}],"inLanguage":"es"},{"@type":"Organization","@id":"https:\/\/saprea.org\/es\/#organization","name":"Saprea","url":"https:\/\/saprea.org\/es\/","logo":{"@type":"ImageObject","inLanguage":"es","@id":"https:\/\/saprea.org\/es\/#\/schema\/logo\/image\/","url":"https:\/\/saprea.org\/wp-content\/uploads\/2021\/12\/Vector-7-1.png","contentUrl":"https:\/\/saprea.org\/wp-content\/uploads\/2021\/12\/Vector-7-1.png","width":106,"height":105,"caption":"Saprea"},"image":{"@id":"https:\/\/saprea.org\/es\/#\/schema\/logo\/image\/"},"sameAs":["https:\/\/facebook.com\/saprea.org","https:\/\/x.com\/saprea_org","https:\/\/instagram.com\/youniquefoundation","https:\/\/pinterest.com\/saprea_org","https:\/\/youtube.com\/c\/saprea_org"]}]}},"_links":{"self":[{"href":"https:\/\/saprea.org\/es\/wp-json\/wp\/v2\/pages\/13145","targetHints":{"allow":["GET"]}}],"collection":[{"href":"https:\/\/saprea.org\/es\/wp-json\/wp\/v2\/pages"}],"about":[{"href":"https:\/\/saprea.org\/es\/wp-json\/wp\/v2\/types\/page"}],"author":[{"embeddable":true,"href":"https:\/\/saprea.org\/es\/wp-json\/wp\/v2\/users\/3"}],"replies":[{"embeddable":true,"href":"https:\/\/saprea.org\/es\/wp-json\/wp\/v2\/comments?post=13145"}],"version-history":[{"count":0,"href":"https:\/\/saprea.org\/es\/wp-json\/wp\/v2\/pages\/13145\/revisions"}],"up":[{"embeddable":true,"href":"https:\/\/saprea.org\/es\/wp-json\/wp\/v2\/pages\/13077"}],"wp:featuredmedia":[{"embeddable":true,"href":"https:\/\/saprea.org\/es\/wp-json\/wp\/v2\/media\/11052"}],"wp:attachment":[{"href":"https:\/\/saprea.org\/es\/wp-json\/wp\/v2\/media?parent=13145"}],"curies":[{"name":"wp","href":"https:\/\/api.w.org\/{rel}","templated":true}]}}