{"id":13038,"date":"2023-09-15T07:36:00","date_gmt":"2023-09-15T13:36:00","guid":{"rendered":"http:\/\/54.188.8.157\/?page_id=13038"},"modified":"2023-09-18T15:53:51","modified_gmt":"2023-09-18T21:53:51","slug":"atencion-consciente","status":"publish","type":"page","link":"https:\/\/saprea.org\/es\/sana\/enfoque\/atencion-consciente\/","title":{"rendered":"La Atenci\u00f3n Consciente y su papel en la sanaci\u00f3n del abuso sexual infantil"},"content":{"rendered":"<div id=\"cs-content\" class=\"cs-content\"><\/div>\n","protected":false},"excerpt":{"rendered":"<p>Saprea &gt; Recursos de sanaci\u00f3n en l\u00ednea\u00a0&gt; Nuestro enfoque\u00a0&gt;La Atenci\u00f3n Consciente y su papel en la sanaci\u00f3n del abuso sexual infantilPR\u00c1CTICA DE SANACI\u00d3N:La atenci\u00f3n consciente ayuda a sanar del abuso sexualINTENCI\u00d3N, ATENCI\u00d3N, Y ACTITUDCICLO DE SANACI\u00d3NPRACTICANDO ATENCI\u00d3N CONSCIENTEEn los \u00faltimos a\u00f1os, se ha hablado mucho de la pr\u00e1ctica de la Atenci\u00f3n Consciente y de los [&hellip;]<\/p>\n","protected":false},"author":3,"featured_media":17814,"parent":13077,"menu_order":0,"comment_status":"closed","ping_status":"closed","template":"","meta":{"footnotes":""},"class_list":["post-13038","page","type-page","status-publish","has-post-thumbnail","hentry"],"yoast_head":"<!-- This site is optimized with the Yoast SEO plugin v27.3 - https:\/\/yoast.com\/product\/yoast-seo-wordpress\/ -->\n<title>La atenci\u00f3n consciente ayuda a sanar del abuso sexual<\/title>\n<meta name=\"description\" content=\"La Atenci\u00f3n Consciente es una pr\u00e1ctica de sanaci\u00f3n que te impulsa a pasar tu tiempo en el momento presente, a elegir intencionadamente estar en el aqu\u00ed y ahora.\" \/>\n<meta name=\"robots\" content=\"index, follow, max-snippet:-1, max-image-preview:large, max-video-preview:-1\" \/>\n<link rel=\"canonical\" href=\"https:\/\/saprea.org\/es\/sana\/enfoque\/atencion-consciente\/\" \/>\n<meta property=\"og:locale\" content=\"es_ES\" \/>\n<meta property=\"og:type\" content=\"article\" \/>\n<meta property=\"og:title\" content=\"La atenci\u00f3n consciente ayuda a sanar del abuso sexual\" \/>\n<meta property=\"og:description\" content=\"La Atenci\u00f3n Consciente es una pr\u00e1ctica de sanaci\u00f3n que te impulsa a pasar tu tiempo en el momento presente, a elegir intencionadamente estar en el aqu\u00ed y ahora.\" \/>\n<meta property=\"og:url\" content=\"https:\/\/saprea.org\/es\/sana\/enfoque\/atencion-consciente\/\" \/>\n<meta property=\"og:site_name\" content=\"Saprea\" \/>\n<meta property=\"article:publisher\" content=\"https:\/\/facebook.com\/saprea.org\" \/>\n<meta property=\"article:modified_time\" content=\"2023-09-18T21:53:51+00:00\" \/>\n<meta property=\"og:image\" content=\"https:\/\/saprea.org\/wp-content\/uploads\/2023\/09\/Mindfulness.jpg\" \/>\n\t<meta property=\"og:image:width\" content=\"1600\" \/>\n\t<meta property=\"og:image:height\" content=\"1067\" \/>\n\t<meta property=\"og:image:type\" content=\"image\/jpeg\" \/>\n<meta name=\"twitter:card\" content=\"summary_large_image\" \/>\n<meta name=\"twitter:site\" content=\"@saprea_org\" \/>\n<meta name=\"twitter:label1\" content=\"Tiempo de lectura\" \/>\n\t<meta name=\"twitter:data1\" content=\"9 minutos\" \/>\n<script type=\"application\/ld+json\" class=\"yoast-schema-graph\">{\"@context\":\"https:\\\/\\\/schema.org\",\"@graph\":[{\"@type\":\"WebPage\",\"@id\":\"https:\\\/\\\/saprea.org\\\/es\\\/sana\\\/enfoque\\\/atencion-consciente\\\/\",\"url\":\"https:\\\/\\\/saprea.org\\\/es\\\/sana\\\/enfoque\\\/atencion-consciente\\\/\",\"name\":\"La atenci\u00f3n consciente ayuda a sanar del abuso sexual\",\"isPartOf\":{\"@id\":\"https:\\\/\\\/saprea.org\\\/es\\\/#website\"},\"primaryImageOfPage\":{\"@id\":\"https:\\\/\\\/saprea.org\\\/es\\\/sana\\\/enfoque\\\/atencion-consciente\\\/#primaryimage\"},\"image\":{\"@id\":\"https:\\\/\\\/saprea.org\\\/es\\\/sana\\\/enfoque\\\/atencion-consciente\\\/#primaryimage\"},\"thumbnailUrl\":\"https:\\\/\\\/saprea.org\\\/wp-content\\\/uploads\\\/2023\\\/09\\\/Mindfulness.jpg\",\"datePublished\":\"2023-09-15T13:36:00+00:00\",\"dateModified\":\"2023-09-18T21:53:51+00:00\",\"description\":\"La Atenci\u00f3n Consciente es una pr\u00e1ctica de sanaci\u00f3n que te impulsa a pasar tu tiempo en el momento presente, a elegir intencionadamente estar en el aqu\u00ed y ahora.\",\"breadcrumb\":{\"@id\":\"https:\\\/\\\/saprea.org\\\/es\\\/sana\\\/enfoque\\\/atencion-consciente\\\/#breadcrumb\"},\"inLanguage\":\"es\",\"potentialAction\":[{\"@type\":\"ReadAction\",\"target\":[\"https:\\\/\\\/saprea.org\\\/es\\\/sana\\\/enfoque\\\/atencion-consciente\\\/\"]}]},{\"@type\":\"ImageObject\",\"inLanguage\":\"es\",\"@id\":\"https:\\\/\\\/saprea.org\\\/es\\\/sana\\\/enfoque\\\/atencion-consciente\\\/#primaryimage\",\"url\":\"https:\\\/\\\/saprea.org\\\/wp-content\\\/uploads\\\/2023\\\/09\\\/Mindfulness.jpg\",\"contentUrl\":\"https:\\\/\\\/saprea.org\\\/wp-content\\\/uploads\\\/2023\\\/09\\\/Mindfulness.jpg\",\"width\":1600,\"height\":1067,\"caption\":\"Women with glasses sitting on chair with hands clasped at her heart\"},{\"@type\":\"BreadcrumbList\",\"@id\":\"https:\\\/\\\/saprea.org\\\/es\\\/sana\\\/enfoque\\\/atencion-consciente\\\/#breadcrumb\",\"itemListElement\":[{\"@type\":\"ListItem\",\"position\":1,\"name\":\"Home\",\"item\":\"https:\\\/\\\/saprea.org\\\/es\\\/pagina-de-inicio-de-saprea\\\/\"},{\"@type\":\"ListItem\",\"position\":2,\"name\":\"Sanar del Abuso Sexual Infantil\",\"item\":\"https:\\\/\\\/saprea.org\\\/es\\\/sana\\\/\"},{\"@type\":\"ListItem\",\"position\":3,\"name\":\"Nuestro enfoque para la sanaci\u00f3n\",\"item\":\"https:\\\/\\\/saprea.org\\\/es\\\/sana\\\/enfoque\\\/\"},{\"@type\":\"ListItem\",\"position\":4,\"name\":\"La Atenci\u00f3n Consciente y su papel en la sanaci\u00f3n del abuso sexual infantil\"}]},{\"@type\":\"WebSite\",\"@id\":\"https:\\\/\\\/saprea.org\\\/es\\\/#website\",\"url\":\"https:\\\/\\\/saprea.org\\\/es\\\/\",\"name\":\"Saprea\",\"description\":\"\",\"publisher\":{\"@id\":\"https:\\\/\\\/saprea.org\\\/es\\\/#organization\"},\"potentialAction\":[{\"@type\":\"SearchAction\",\"target\":{\"@type\":\"EntryPoint\",\"urlTemplate\":\"https:\\\/\\\/saprea.org\\\/es\\\/?s={search_term_string}\"},\"query-input\":{\"@type\":\"PropertyValueSpecification\",\"valueRequired\":true,\"valueName\":\"search_term_string\"}}],\"inLanguage\":\"es\"},{\"@type\":\"Organization\",\"@id\":\"https:\\\/\\\/saprea.org\\\/es\\\/#organization\",\"name\":\"Saprea\",\"url\":\"https:\\\/\\\/saprea.org\\\/es\\\/\",\"logo\":{\"@type\":\"ImageObject\",\"inLanguage\":\"es\",\"@id\":\"https:\\\/\\\/saprea.org\\\/es\\\/#\\\/schema\\\/logo\\\/image\\\/\",\"url\":\"https:\\\/\\\/saprea.org\\\/wp-content\\\/uploads\\\/2021\\\/12\\\/Vector-7-1.png\",\"contentUrl\":\"https:\\\/\\\/saprea.org\\\/wp-content\\\/uploads\\\/2021\\\/12\\\/Vector-7-1.png\",\"width\":106,\"height\":105,\"caption\":\"Saprea\"},\"image\":{\"@id\":\"https:\\\/\\\/saprea.org\\\/es\\\/#\\\/schema\\\/logo\\\/image\\\/\"},\"sameAs\":[\"https:\\\/\\\/facebook.com\\\/saprea.org\",\"https:\\\/\\\/x.com\\\/saprea_org\",\"https:\\\/\\\/instagram.com\\\/youniquefoundation\",\"https:\\\/\\\/pinterest.com\\\/saprea_org\",\"https:\\\/\\\/youtube.com\\\/c\\\/saprea_org\"]}]}<\/script>\n<!-- \/ Yoast SEO plugin. -->","yoast_head_json":{"title":"La atenci\u00f3n consciente ayuda a sanar del abuso sexual","description":"La Atenci\u00f3n Consciente es una pr\u00e1ctica de sanaci\u00f3n que te impulsa a pasar tu tiempo en el momento presente, a elegir intencionadamente estar en el aqu\u00ed y ahora.","robots":{"index":"index","follow":"follow","max-snippet":"max-snippet:-1","max-image-preview":"max-image-preview:large","max-video-preview":"max-video-preview:-1"},"canonical":"https:\/\/saprea.org\/es\/sana\/enfoque\/atencion-consciente\/","og_locale":"es_ES","og_type":"article","og_title":"La atenci\u00f3n consciente ayuda a sanar del abuso sexual","og_description":"La Atenci\u00f3n Consciente es una pr\u00e1ctica de sanaci\u00f3n que te impulsa a pasar tu tiempo en el momento presente, a elegir intencionadamente estar en el aqu\u00ed y ahora.","og_url":"https:\/\/saprea.org\/es\/sana\/enfoque\/atencion-consciente\/","og_site_name":"Saprea","article_publisher":"https:\/\/facebook.com\/saprea.org","article_modified_time":"2023-09-18T21:53:51+00:00","og_image":[{"width":1600,"height":1067,"url":"https:\/\/saprea.org\/wp-content\/uploads\/2023\/09\/Mindfulness.jpg","type":"image\/jpeg"}],"twitter_card":"summary_large_image","twitter_site":"@saprea_org","twitter_misc":{"Tiempo de lectura":"9 minutos"},"schema":{"@context":"https:\/\/schema.org","@graph":[{"@type":"WebPage","@id":"https:\/\/saprea.org\/es\/sana\/enfoque\/atencion-consciente\/","url":"https:\/\/saprea.org\/es\/sana\/enfoque\/atencion-consciente\/","name":"La atenci\u00f3n consciente ayuda a sanar del abuso sexual","isPartOf":{"@id":"https:\/\/saprea.org\/es\/#website"},"primaryImageOfPage":{"@id":"https:\/\/saprea.org\/es\/sana\/enfoque\/atencion-consciente\/#primaryimage"},"image":{"@id":"https:\/\/saprea.org\/es\/sana\/enfoque\/atencion-consciente\/#primaryimage"},"thumbnailUrl":"https:\/\/saprea.org\/wp-content\/uploads\/2023\/09\/Mindfulness.jpg","datePublished":"2023-09-15T13:36:00+00:00","dateModified":"2023-09-18T21:53:51+00:00","description":"La Atenci\u00f3n Consciente es una pr\u00e1ctica de sanaci\u00f3n que te impulsa a pasar tu tiempo en el momento presente, a elegir intencionadamente estar en el aqu\u00ed y ahora.","breadcrumb":{"@id":"https:\/\/saprea.org\/es\/sana\/enfoque\/atencion-consciente\/#breadcrumb"},"inLanguage":"es","potentialAction":[{"@type":"ReadAction","target":["https:\/\/saprea.org\/es\/sana\/enfoque\/atencion-consciente\/"]}]},{"@type":"ImageObject","inLanguage":"es","@id":"https:\/\/saprea.org\/es\/sana\/enfoque\/atencion-consciente\/#primaryimage","url":"https:\/\/saprea.org\/wp-content\/uploads\/2023\/09\/Mindfulness.jpg","contentUrl":"https:\/\/saprea.org\/wp-content\/uploads\/2023\/09\/Mindfulness.jpg","width":1600,"height":1067,"caption":"Women with glasses sitting on chair with hands clasped at her heart"},{"@type":"BreadcrumbList","@id":"https:\/\/saprea.org\/es\/sana\/enfoque\/atencion-consciente\/#breadcrumb","itemListElement":[{"@type":"ListItem","position":1,"name":"Home","item":"https:\/\/saprea.org\/es\/pagina-de-inicio-de-saprea\/"},{"@type":"ListItem","position":2,"name":"Sanar del Abuso Sexual Infantil","item":"https:\/\/saprea.org\/es\/sana\/"},{"@type":"ListItem","position":3,"name":"Nuestro enfoque para la sanaci\u00f3n","item":"https:\/\/saprea.org\/es\/sana\/enfoque\/"},{"@type":"ListItem","position":4,"name":"La Atenci\u00f3n Consciente y su papel en la sanaci\u00f3n del abuso sexual infantil"}]},{"@type":"WebSite","@id":"https:\/\/saprea.org\/es\/#website","url":"https:\/\/saprea.org\/es\/","name":"Saprea","description":"","publisher":{"@id":"https:\/\/saprea.org\/es\/#organization"},"potentialAction":[{"@type":"SearchAction","target":{"@type":"EntryPoint","urlTemplate":"https:\/\/saprea.org\/es\/?s={search_term_string}"},"query-input":{"@type":"PropertyValueSpecification","valueRequired":true,"valueName":"search_term_string"}}],"inLanguage":"es"},{"@type":"Organization","@id":"https:\/\/saprea.org\/es\/#organization","name":"Saprea","url":"https:\/\/saprea.org\/es\/","logo":{"@type":"ImageObject","inLanguage":"es","@id":"https:\/\/saprea.org\/es\/#\/schema\/logo\/image\/","url":"https:\/\/saprea.org\/wp-content\/uploads\/2021\/12\/Vector-7-1.png","contentUrl":"https:\/\/saprea.org\/wp-content\/uploads\/2021\/12\/Vector-7-1.png","width":106,"height":105,"caption":"Saprea"},"image":{"@id":"https:\/\/saprea.org\/es\/#\/schema\/logo\/image\/"},"sameAs":["https:\/\/facebook.com\/saprea.org","https:\/\/x.com\/saprea_org","https:\/\/instagram.com\/youniquefoundation","https:\/\/pinterest.com\/saprea_org","https:\/\/youtube.com\/c\/saprea_org"]}]}},"_links":{"self":[{"href":"https:\/\/saprea.org\/es\/wp-json\/wp\/v2\/pages\/13038","targetHints":{"allow":["GET"]}}],"collection":[{"href":"https:\/\/saprea.org\/es\/wp-json\/wp\/v2\/pages"}],"about":[{"href":"https:\/\/saprea.org\/es\/wp-json\/wp\/v2\/types\/page"}],"author":[{"embeddable":true,"href":"https:\/\/saprea.org\/es\/wp-json\/wp\/v2\/users\/3"}],"replies":[{"embeddable":true,"href":"https:\/\/saprea.org\/es\/wp-json\/wp\/v2\/comments?post=13038"}],"version-history":[{"count":0,"href":"https:\/\/saprea.org\/es\/wp-json\/wp\/v2\/pages\/13038\/revisions"}],"up":[{"embeddable":true,"href":"https:\/\/saprea.org\/es\/wp-json\/wp\/v2\/pages\/13077"}],"wp:featuredmedia":[{"embeddable":true,"href":"https:\/\/saprea.org\/es\/wp-json\/wp\/v2\/media\/17814"}],"wp:attachment":[{"href":"https:\/\/saprea.org\/es\/wp-json\/wp\/v2\/media?parent=13038"}],"curies":[{"name":"wp","href":"https:\/\/api.w.org\/{rel}","templated":true}]}}