{"id":12945,"date":"2023-09-15T07:37:21","date_gmt":"2023-09-15T13:37:21","guid":{"rendered":"http:\/\/54.188.8.157\/?page_id=12945"},"modified":"2023-09-15T07:37:21","modified_gmt":"2023-09-15T13:37:21","slug":"verguenza","status":"publish","type":"page","link":"https:\/\/saprea.org\/es\/sana\/verguenza\/","title":{"rendered":"S\u00edntomas comunes: La verg\u00fcenza"},"content":{"rendered":"<div id=\"cs-content\" class=\"cs-content\"><\/div>\n","protected":false},"excerpt":{"rendered":"<p>Saprea &gt; Recursos de sanaci\u00f3n en l\u00ednea\u00a0&gt;S\u00edntomas comunes: La verg\u00fcenzaS\u00cdNTOMAS COMUNES:\u00a0Verg\u00fcenzaS\u00cdNTOMAS COMUNES:\u00a0Verg\u00fcenza &iquest;Qu&eacute; es la verg&uuml;enza?La verg\u00fcenza es una creencia negativa que tenemos sobre nosotros mismos.1 Esta creencia negativa puede ser tan peque\u00f1a como \u00absoy mala para arreglar mi cama por la ma\u00f1ana\u00bb hasta algo tan significativo como \u00absoy una persona terrible que no merece [&hellip;]<\/p>\n","protected":false},"author":2,"featured_media":12402,"parent":13055,"menu_order":0,"comment_status":"closed","ping_status":"closed","template":"","meta":{"footnotes":""},"class_list":["post-12945","page","type-page","status-publish","has-post-thumbnail","hentry"],"yoast_head":"<!-- This site is optimized with the Yoast SEO plugin v27.3 - https:\/\/yoast.com\/product\/yoast-seo-wordpress\/ -->\n<title>La verg\u00fcenza | Saprea<\/title>\n<meta name=\"description\" content=\"Cuando una persona sufre el trauma del abuso sexual, los sentimientos de verg\u00fcenza pueden ser abrumadores. Existen m\u00e9todos para hacer frente a la verg\u00fcenza.\" \/>\n<meta name=\"robots\" content=\"index, follow, max-snippet:-1, max-image-preview:large, max-video-preview:-1\" \/>\n<link rel=\"canonical\" href=\"https:\/\/saprea.org\/es\/sana\/verguenza\/\" \/>\n<meta property=\"og:locale\" content=\"es_ES\" \/>\n<meta property=\"og:type\" content=\"article\" \/>\n<meta property=\"og:title\" content=\"La verg\u00fcenza | Saprea\" \/>\n<meta property=\"og:description\" content=\"Cuando una persona sufre el trauma del abuso sexual, los sentimientos de verg\u00fcenza pueden ser abrumadores. Existen m\u00e9todos para hacer frente a la verg\u00fcenza.\" \/>\n<meta property=\"og:url\" content=\"https:\/\/saprea.org\/es\/sana\/verguenza\/\" \/>\n<meta property=\"og:site_name\" content=\"Saprea\" \/>\n<meta property=\"article:publisher\" content=\"https:\/\/facebook.com\/saprea.org\" \/>\n<meta property=\"og:image\" content=\"https:\/\/saprea.org\/wp-content\/uploads\/2023\/08\/shame.png\" \/>\n\t<meta property=\"og:image:width\" content=\"2200\" \/>\n\t<meta property=\"og:image:height\" content=\"2200\" \/>\n\t<meta property=\"og:image:type\" content=\"image\/png\" \/>\n<meta name=\"twitter:card\" content=\"summary_large_image\" \/>\n<meta name=\"twitter:site\" content=\"@saprea_org\" \/>\n<meta name=\"twitter:label1\" content=\"Tiempo de lectura\" \/>\n\t<meta name=\"twitter:data1\" content=\"5 minutos\" \/>\n<script type=\"application\/ld+json\" class=\"yoast-schema-graph\">{\"@context\":\"https:\\\/\\\/schema.org\",\"@graph\":[{\"@type\":\"WebPage\",\"@id\":\"https:\\\/\\\/saprea.org\\\/es\\\/sana\\\/verguenza\\\/\",\"url\":\"https:\\\/\\\/saprea.org\\\/es\\\/sana\\\/verguenza\\\/\",\"name\":\"La verg\u00fcenza | Saprea\",\"isPartOf\":{\"@id\":\"https:\\\/\\\/saprea.org\\\/es\\\/#website\"},\"primaryImageOfPage\":{\"@id\":\"https:\\\/\\\/saprea.org\\\/es\\\/sana\\\/verguenza\\\/#primaryimage\"},\"image\":{\"@id\":\"https:\\\/\\\/saprea.org\\\/es\\\/sana\\\/verguenza\\\/#primaryimage\"},\"thumbnailUrl\":\"https:\\\/\\\/saprea.org\\\/wp-content\\\/uploads\\\/2023\\\/08\\\/shame.png\",\"datePublished\":\"2023-09-15T13:37:21+00:00\",\"description\":\"Cuando una persona sufre el trauma del abuso sexual, los sentimientos de verg\u00fcenza pueden ser abrumadores. Existen m\u00e9todos para hacer frente a la verg\u00fcenza.\",\"breadcrumb\":{\"@id\":\"https:\\\/\\\/saprea.org\\\/es\\\/sana\\\/verguenza\\\/#breadcrumb\"},\"inLanguage\":\"es\",\"potentialAction\":[{\"@type\":\"ReadAction\",\"target\":[\"https:\\\/\\\/saprea.org\\\/es\\\/sana\\\/verguenza\\\/\"]}]},{\"@type\":\"ImageObject\",\"inLanguage\":\"es\",\"@id\":\"https:\\\/\\\/saprea.org\\\/es\\\/sana\\\/verguenza\\\/#primaryimage\",\"url\":\"https:\\\/\\\/saprea.org\\\/wp-content\\\/uploads\\\/2023\\\/08\\\/shame.png\",\"contentUrl\":\"https:\\\/\\\/saprea.org\\\/wp-content\\\/uploads\\\/2023\\\/08\\\/shame.png\",\"width\":2200,\"height\":2200},{\"@type\":\"BreadcrumbList\",\"@id\":\"https:\\\/\\\/saprea.org\\\/es\\\/sana\\\/verguenza\\\/#breadcrumb\",\"itemListElement\":[{\"@type\":\"ListItem\",\"position\":1,\"name\":\"Home\",\"item\":\"https:\\\/\\\/saprea.org\\\/es\\\/pagina-de-inicio-de-saprea\\\/\"},{\"@type\":\"ListItem\",\"position\":2,\"name\":\"Sanar del Abuso Sexual Infantil\",\"item\":\"https:\\\/\\\/saprea.org\\\/es\\\/sana\\\/\"},{\"@type\":\"ListItem\",\"position\":3,\"name\":\"S\u00edntomas comunes: La verg\u00fcenza\"}]},{\"@type\":\"WebSite\",\"@id\":\"https:\\\/\\\/saprea.org\\\/es\\\/#website\",\"url\":\"https:\\\/\\\/saprea.org\\\/es\\\/\",\"name\":\"Saprea\",\"description\":\"\",\"publisher\":{\"@id\":\"https:\\\/\\\/saprea.org\\\/es\\\/#organization\"},\"potentialAction\":[{\"@type\":\"SearchAction\",\"target\":{\"@type\":\"EntryPoint\",\"urlTemplate\":\"https:\\\/\\\/saprea.org\\\/es\\\/?s={search_term_string}\"},\"query-input\":{\"@type\":\"PropertyValueSpecification\",\"valueRequired\":true,\"valueName\":\"search_term_string\"}}],\"inLanguage\":\"es\"},{\"@type\":\"Organization\",\"@id\":\"https:\\\/\\\/saprea.org\\\/es\\\/#organization\",\"name\":\"Saprea\",\"url\":\"https:\\\/\\\/saprea.org\\\/es\\\/\",\"logo\":{\"@type\":\"ImageObject\",\"inLanguage\":\"es\",\"@id\":\"https:\\\/\\\/saprea.org\\\/es\\\/#\\\/schema\\\/logo\\\/image\\\/\",\"url\":\"https:\\\/\\\/saprea.org\\\/wp-content\\\/uploads\\\/2021\\\/12\\\/Vector-7-1.png\",\"contentUrl\":\"https:\\\/\\\/saprea.org\\\/wp-content\\\/uploads\\\/2021\\\/12\\\/Vector-7-1.png\",\"width\":106,\"height\":105,\"caption\":\"Saprea\"},\"image\":{\"@id\":\"https:\\\/\\\/saprea.org\\\/es\\\/#\\\/schema\\\/logo\\\/image\\\/\"},\"sameAs\":[\"https:\\\/\\\/facebook.com\\\/saprea.org\",\"https:\\\/\\\/x.com\\\/saprea_org\",\"https:\\\/\\\/instagram.com\\\/youniquefoundation\",\"https:\\\/\\\/pinterest.com\\\/saprea_org\",\"https:\\\/\\\/youtube.com\\\/c\\\/saprea_org\"]}]}<\/script>\n<!-- \/ Yoast SEO plugin. -->","yoast_head_json":{"title":"La verg\u00fcenza | Saprea","description":"Cuando una persona sufre el trauma del abuso sexual, los sentimientos de verg\u00fcenza pueden ser abrumadores. Existen m\u00e9todos para hacer frente a la verg\u00fcenza.","robots":{"index":"index","follow":"follow","max-snippet":"max-snippet:-1","max-image-preview":"max-image-preview:large","max-video-preview":"max-video-preview:-1"},"canonical":"https:\/\/saprea.org\/es\/sana\/verguenza\/","og_locale":"es_ES","og_type":"article","og_title":"La verg\u00fcenza | Saprea","og_description":"Cuando una persona sufre el trauma del abuso sexual, los sentimientos de verg\u00fcenza pueden ser abrumadores. Existen m\u00e9todos para hacer frente a la verg\u00fcenza.","og_url":"https:\/\/saprea.org\/es\/sana\/verguenza\/","og_site_name":"Saprea","article_publisher":"https:\/\/facebook.com\/saprea.org","og_image":[{"width":2200,"height":2200,"url":"https:\/\/saprea.org\/wp-content\/uploads\/2023\/08\/shame.png","type":"image\/png"}],"twitter_card":"summary_large_image","twitter_site":"@saprea_org","twitter_misc":{"Tiempo de lectura":"5 minutos"},"schema":{"@context":"https:\/\/schema.org","@graph":[{"@type":"WebPage","@id":"https:\/\/saprea.org\/es\/sana\/verguenza\/","url":"https:\/\/saprea.org\/es\/sana\/verguenza\/","name":"La verg\u00fcenza | Saprea","isPartOf":{"@id":"https:\/\/saprea.org\/es\/#website"},"primaryImageOfPage":{"@id":"https:\/\/saprea.org\/es\/sana\/verguenza\/#primaryimage"},"image":{"@id":"https:\/\/saprea.org\/es\/sana\/verguenza\/#primaryimage"},"thumbnailUrl":"https:\/\/saprea.org\/wp-content\/uploads\/2023\/08\/shame.png","datePublished":"2023-09-15T13:37:21+00:00","description":"Cuando una persona sufre el trauma del abuso sexual, los sentimientos de verg\u00fcenza pueden ser abrumadores. Existen m\u00e9todos para hacer frente a la verg\u00fcenza.","breadcrumb":{"@id":"https:\/\/saprea.org\/es\/sana\/verguenza\/#breadcrumb"},"inLanguage":"es","potentialAction":[{"@type":"ReadAction","target":["https:\/\/saprea.org\/es\/sana\/verguenza\/"]}]},{"@type":"ImageObject","inLanguage":"es","@id":"https:\/\/saprea.org\/es\/sana\/verguenza\/#primaryimage","url":"https:\/\/saprea.org\/wp-content\/uploads\/2023\/08\/shame.png","contentUrl":"https:\/\/saprea.org\/wp-content\/uploads\/2023\/08\/shame.png","width":2200,"height":2200},{"@type":"BreadcrumbList","@id":"https:\/\/saprea.org\/es\/sana\/verguenza\/#breadcrumb","itemListElement":[{"@type":"ListItem","position":1,"name":"Home","item":"https:\/\/saprea.org\/es\/pagina-de-inicio-de-saprea\/"},{"@type":"ListItem","position":2,"name":"Sanar del Abuso Sexual Infantil","item":"https:\/\/saprea.org\/es\/sana\/"},{"@type":"ListItem","position":3,"name":"S\u00edntomas comunes: La verg\u00fcenza"}]},{"@type":"WebSite","@id":"https:\/\/saprea.org\/es\/#website","url":"https:\/\/saprea.org\/es\/","name":"Saprea","description":"","publisher":{"@id":"https:\/\/saprea.org\/es\/#organization"},"potentialAction":[{"@type":"SearchAction","target":{"@type":"EntryPoint","urlTemplate":"https:\/\/saprea.org\/es\/?s={search_term_string}"},"query-input":{"@type":"PropertyValueSpecification","valueRequired":true,"valueName":"search_term_string"}}],"inLanguage":"es"},{"@type":"Organization","@id":"https:\/\/saprea.org\/es\/#organization","name":"Saprea","url":"https:\/\/saprea.org\/es\/","logo":{"@type":"ImageObject","inLanguage":"es","@id":"https:\/\/saprea.org\/es\/#\/schema\/logo\/image\/","url":"https:\/\/saprea.org\/wp-content\/uploads\/2021\/12\/Vector-7-1.png","contentUrl":"https:\/\/saprea.org\/wp-content\/uploads\/2021\/12\/Vector-7-1.png","width":106,"height":105,"caption":"Saprea"},"image":{"@id":"https:\/\/saprea.org\/es\/#\/schema\/logo\/image\/"},"sameAs":["https:\/\/facebook.com\/saprea.org","https:\/\/x.com\/saprea_org","https:\/\/instagram.com\/youniquefoundation","https:\/\/pinterest.com\/saprea_org","https:\/\/youtube.com\/c\/saprea_org"]}]}},"_links":{"self":[{"href":"https:\/\/saprea.org\/es\/wp-json\/wp\/v2\/pages\/12945","targetHints":{"allow":["GET"]}}],"collection":[{"href":"https:\/\/saprea.org\/es\/wp-json\/wp\/v2\/pages"}],"about":[{"href":"https:\/\/saprea.org\/es\/wp-json\/wp\/v2\/types\/page"}],"author":[{"embeddable":true,"href":"https:\/\/saprea.org\/es\/wp-json\/wp\/v2\/users\/2"}],"replies":[{"embeddable":true,"href":"https:\/\/saprea.org\/es\/wp-json\/wp\/v2\/comments?post=12945"}],"version-history":[{"count":0,"href":"https:\/\/saprea.org\/es\/wp-json\/wp\/v2\/pages\/12945\/revisions"}],"up":[{"embeddable":true,"href":"https:\/\/saprea.org\/es\/wp-json\/wp\/v2\/pages\/13055"}],"wp:featuredmedia":[{"embeddable":true,"href":"https:\/\/saprea.org\/es\/wp-json\/wp\/v2\/media\/12402"}],"wp:attachment":[{"href":"https:\/\/saprea.org\/es\/wp-json\/wp\/v2\/media?parent=12945"}],"curies":[{"name":"wp","href":"https:\/\/api.w.org\/{rel}","templated":true}]}}