{"id":12842,"date":"2023-09-15T07:36:51","date_gmt":"2023-09-15T13:36:51","guid":{"rendered":"http:\/\/54.188.8.157\/?page_id=12842"},"modified":"2023-09-15T07:36:51","modified_gmt":"2023-09-15T13:36:51","slug":"ataques-de-panico","status":"publish","type":"page","link":"https:\/\/saprea.org\/es\/sana\/ataques-de-panico\/","title":{"rendered":"S\u00edntomas comunes: Ataques de p\u00e1nico"},"content":{"rendered":"<div id=\"cs-content\" class=\"cs-content\"><\/div>\n","protected":false},"excerpt":{"rendered":"<p>Saprea &gt; Recursos de sanaci\u00f3n en l\u00ednea\u00a0&gt;S\u00edntomas comunes: Ataques de p\u00e1nicoS\u00cdNTOMAS COMUNES:Ataques de p\u00e1nicoS\u00cdNTOMAS COMUNES:Ataques de p\u00e1nico\u00bfQu\u00e9 es un ataque de p\u00e1nico?Un ataque de p\u00e1nico es un episodio repentino de miedo intenso que detona reacciones severas cuando no hay un peligro real o una causa aparente. Los ataques de p\u00e1nico suelen ser inesperados, aparecen sin [&hellip;]<\/p>\n","protected":false},"author":2,"featured_media":12386,"parent":13055,"menu_order":0,"comment_status":"closed","ping_status":"closed","template":"","meta":{"footnotes":""},"class_list":["post-12842","page","type-page","status-publish","has-post-thumbnail","hentry"],"yoast_head":"<!-- This site is optimized with the Yoast SEO plugin v27.3 - https:\/\/yoast.com\/product\/yoast-seo-wordpress\/ -->\n<title>Ataques de p\u00e1nico | Saprea<\/title>\n<meta name=\"description\" content=\"\u00bfQu\u00e9 es un ataque de p\u00e1nico? Un ataque de p\u00e1nico es un episodio repentino de miedo intenso que detona reacciones graves cuando no hay peligro real.\" \/>\n<meta name=\"robots\" content=\"index, follow, max-snippet:-1, max-image-preview:large, max-video-preview:-1\" \/>\n<link rel=\"canonical\" href=\"https:\/\/saprea.org\/es\/sana\/ataques-de-panico\/\" \/>\n<meta property=\"og:locale\" content=\"es_ES\" \/>\n<meta property=\"og:type\" content=\"article\" \/>\n<meta property=\"og:title\" content=\"Ataques de p\u00e1nico | Saprea\" \/>\n<meta property=\"og:description\" content=\"\u00bfQu\u00e9 es un ataque de p\u00e1nico? Un ataque de p\u00e1nico es un episodio repentino de miedo intenso que detona reacciones graves cuando no hay peligro real.\" \/>\n<meta property=\"og:url\" content=\"https:\/\/saprea.org\/es\/sana\/ataques-de-panico\/\" \/>\n<meta property=\"og:site_name\" content=\"Saprea\" \/>\n<meta property=\"article:publisher\" content=\"https:\/\/facebook.com\/saprea.org\" \/>\n<meta property=\"og:image\" content=\"https:\/\/saprea.org\/wp-content\/uploads\/2023\/08\/panic-attacks.png\" \/>\n\t<meta property=\"og:image:width\" content=\"1\" \/>\n\t<meta property=\"og:image:height\" content=\"1\" \/>\n\t<meta property=\"og:image:type\" content=\"image\/png\" \/>\n<meta name=\"twitter:card\" content=\"summary_large_image\" \/>\n<meta name=\"twitter:site\" content=\"@saprea_org\" \/>\n<meta name=\"twitter:label1\" content=\"Tiempo de lectura\" \/>\n\t<meta name=\"twitter:data1\" content=\"8 minutos\" \/>\n<script type=\"application\/ld+json\" class=\"yoast-schema-graph\">{\"@context\":\"https:\\\/\\\/schema.org\",\"@graph\":[{\"@type\":\"WebPage\",\"@id\":\"https:\\\/\\\/saprea.org\\\/es\\\/sana\\\/ataques-de-panico\\\/\",\"url\":\"https:\\\/\\\/saprea.org\\\/es\\\/sana\\\/ataques-de-panico\\\/\",\"name\":\"Ataques de p\u00e1nico | Saprea\",\"isPartOf\":{\"@id\":\"https:\\\/\\\/saprea.org\\\/es\\\/#website\"},\"primaryImageOfPage\":{\"@id\":\"https:\\\/\\\/saprea.org\\\/es\\\/sana\\\/ataques-de-panico\\\/#primaryimage\"},\"image\":{\"@id\":\"https:\\\/\\\/saprea.org\\\/es\\\/sana\\\/ataques-de-panico\\\/#primaryimage\"},\"thumbnailUrl\":\"https:\\\/\\\/saprea.org\\\/wp-content\\\/uploads\\\/2023\\\/08\\\/panic-attacks.png\",\"datePublished\":\"2023-09-15T13:36:51+00:00\",\"description\":\"\u00bfQu\u00e9 es un ataque de p\u00e1nico? Un ataque de p\u00e1nico es un episodio repentino de miedo intenso que detona reacciones graves cuando no hay peligro real.\",\"breadcrumb\":{\"@id\":\"https:\\\/\\\/saprea.org\\\/es\\\/sana\\\/ataques-de-panico\\\/#breadcrumb\"},\"inLanguage\":\"es\",\"potentialAction\":[{\"@type\":\"ReadAction\",\"target\":[\"https:\\\/\\\/saprea.org\\\/es\\\/sana\\\/ataques-de-panico\\\/\"]}]},{\"@type\":\"ImageObject\",\"inLanguage\":\"es\",\"@id\":\"https:\\\/\\\/saprea.org\\\/es\\\/sana\\\/ataques-de-panico\\\/#primaryimage\",\"url\":\"https:\\\/\\\/saprea.org\\\/wp-content\\\/uploads\\\/2023\\\/08\\\/panic-attacks.png\",\"contentUrl\":\"https:\\\/\\\/saprea.org\\\/wp-content\\\/uploads\\\/2023\\\/08\\\/panic-attacks.png\"},{\"@type\":\"BreadcrumbList\",\"@id\":\"https:\\\/\\\/saprea.org\\\/es\\\/sana\\\/ataques-de-panico\\\/#breadcrumb\",\"itemListElement\":[{\"@type\":\"ListItem\",\"position\":1,\"name\":\"Home\",\"item\":\"https:\\\/\\\/saprea.org\\\/es\\\/pagina-de-inicio-de-saprea\\\/\"},{\"@type\":\"ListItem\",\"position\":2,\"name\":\"Sanar del Abuso Sexual Infantil\",\"item\":\"https:\\\/\\\/saprea.org\\\/es\\\/sana\\\/\"},{\"@type\":\"ListItem\",\"position\":3,\"name\":\"S\u00edntomas comunes: Ataques de p\u00e1nico\"}]},{\"@type\":\"WebSite\",\"@id\":\"https:\\\/\\\/saprea.org\\\/es\\\/#website\",\"url\":\"https:\\\/\\\/saprea.org\\\/es\\\/\",\"name\":\"Saprea\",\"description\":\"\",\"publisher\":{\"@id\":\"https:\\\/\\\/saprea.org\\\/es\\\/#organization\"},\"potentialAction\":[{\"@type\":\"SearchAction\",\"target\":{\"@type\":\"EntryPoint\",\"urlTemplate\":\"https:\\\/\\\/saprea.org\\\/es\\\/?s={search_term_string}\"},\"query-input\":{\"@type\":\"PropertyValueSpecification\",\"valueRequired\":true,\"valueName\":\"search_term_string\"}}],\"inLanguage\":\"es\"},{\"@type\":\"Organization\",\"@id\":\"https:\\\/\\\/saprea.org\\\/es\\\/#organization\",\"name\":\"Saprea\",\"url\":\"https:\\\/\\\/saprea.org\\\/es\\\/\",\"logo\":{\"@type\":\"ImageObject\",\"inLanguage\":\"es\",\"@id\":\"https:\\\/\\\/saprea.org\\\/es\\\/#\\\/schema\\\/logo\\\/image\\\/\",\"url\":\"https:\\\/\\\/saprea.org\\\/wp-content\\\/uploads\\\/2021\\\/12\\\/Vector-7-1.png\",\"contentUrl\":\"https:\\\/\\\/saprea.org\\\/wp-content\\\/uploads\\\/2021\\\/12\\\/Vector-7-1.png\",\"width\":106,\"height\":105,\"caption\":\"Saprea\"},\"image\":{\"@id\":\"https:\\\/\\\/saprea.org\\\/es\\\/#\\\/schema\\\/logo\\\/image\\\/\"},\"sameAs\":[\"https:\\\/\\\/facebook.com\\\/saprea.org\",\"https:\\\/\\\/x.com\\\/saprea_org\",\"https:\\\/\\\/instagram.com\\\/youniquefoundation\",\"https:\\\/\\\/pinterest.com\\\/saprea_org\",\"https:\\\/\\\/youtube.com\\\/c\\\/saprea_org\"]}]}<\/script>\n<!-- \/ Yoast SEO plugin. -->","yoast_head_json":{"title":"Ataques de p\u00e1nico | Saprea","description":"\u00bfQu\u00e9 es un ataque de p\u00e1nico? Un ataque de p\u00e1nico es un episodio repentino de miedo intenso que detona reacciones graves cuando no hay peligro real.","robots":{"index":"index","follow":"follow","max-snippet":"max-snippet:-1","max-image-preview":"max-image-preview:large","max-video-preview":"max-video-preview:-1"},"canonical":"https:\/\/saprea.org\/es\/sana\/ataques-de-panico\/","og_locale":"es_ES","og_type":"article","og_title":"Ataques de p\u00e1nico | Saprea","og_description":"\u00bfQu\u00e9 es un ataque de p\u00e1nico? Un ataque de p\u00e1nico es un episodio repentino de miedo intenso que detona reacciones graves cuando no hay peligro real.","og_url":"https:\/\/saprea.org\/es\/sana\/ataques-de-panico\/","og_site_name":"Saprea","article_publisher":"https:\/\/facebook.com\/saprea.org","og_image":[{"url":"https:\/\/saprea.org\/wp-content\/uploads\/2023\/08\/panic-attacks.png","width":1,"height":1,"type":"image\/png"}],"twitter_card":"summary_large_image","twitter_site":"@saprea_org","twitter_misc":{"Tiempo de lectura":"8 minutos"},"schema":{"@context":"https:\/\/schema.org","@graph":[{"@type":"WebPage","@id":"https:\/\/saprea.org\/es\/sana\/ataques-de-panico\/","url":"https:\/\/saprea.org\/es\/sana\/ataques-de-panico\/","name":"Ataques de p\u00e1nico | Saprea","isPartOf":{"@id":"https:\/\/saprea.org\/es\/#website"},"primaryImageOfPage":{"@id":"https:\/\/saprea.org\/es\/sana\/ataques-de-panico\/#primaryimage"},"image":{"@id":"https:\/\/saprea.org\/es\/sana\/ataques-de-panico\/#primaryimage"},"thumbnailUrl":"https:\/\/saprea.org\/wp-content\/uploads\/2023\/08\/panic-attacks.png","datePublished":"2023-09-15T13:36:51+00:00","description":"\u00bfQu\u00e9 es un ataque de p\u00e1nico? Un ataque de p\u00e1nico es un episodio repentino de miedo intenso que detona reacciones graves cuando no hay peligro real.","breadcrumb":{"@id":"https:\/\/saprea.org\/es\/sana\/ataques-de-panico\/#breadcrumb"},"inLanguage":"es","potentialAction":[{"@type":"ReadAction","target":["https:\/\/saprea.org\/es\/sana\/ataques-de-panico\/"]}]},{"@type":"ImageObject","inLanguage":"es","@id":"https:\/\/saprea.org\/es\/sana\/ataques-de-panico\/#primaryimage","url":"https:\/\/saprea.org\/wp-content\/uploads\/2023\/08\/panic-attacks.png","contentUrl":"https:\/\/saprea.org\/wp-content\/uploads\/2023\/08\/panic-attacks.png"},{"@type":"BreadcrumbList","@id":"https:\/\/saprea.org\/es\/sana\/ataques-de-panico\/#breadcrumb","itemListElement":[{"@type":"ListItem","position":1,"name":"Home","item":"https:\/\/saprea.org\/es\/pagina-de-inicio-de-saprea\/"},{"@type":"ListItem","position":2,"name":"Sanar del Abuso Sexual Infantil","item":"https:\/\/saprea.org\/es\/sana\/"},{"@type":"ListItem","position":3,"name":"S\u00edntomas comunes: Ataques de p\u00e1nico"}]},{"@type":"WebSite","@id":"https:\/\/saprea.org\/es\/#website","url":"https:\/\/saprea.org\/es\/","name":"Saprea","description":"","publisher":{"@id":"https:\/\/saprea.org\/es\/#organization"},"potentialAction":[{"@type":"SearchAction","target":{"@type":"EntryPoint","urlTemplate":"https:\/\/saprea.org\/es\/?s={search_term_string}"},"query-input":{"@type":"PropertyValueSpecification","valueRequired":true,"valueName":"search_term_string"}}],"inLanguage":"es"},{"@type":"Organization","@id":"https:\/\/saprea.org\/es\/#organization","name":"Saprea","url":"https:\/\/saprea.org\/es\/","logo":{"@type":"ImageObject","inLanguage":"es","@id":"https:\/\/saprea.org\/es\/#\/schema\/logo\/image\/","url":"https:\/\/saprea.org\/wp-content\/uploads\/2021\/12\/Vector-7-1.png","contentUrl":"https:\/\/saprea.org\/wp-content\/uploads\/2021\/12\/Vector-7-1.png","width":106,"height":105,"caption":"Saprea"},"image":{"@id":"https:\/\/saprea.org\/es\/#\/schema\/logo\/image\/"},"sameAs":["https:\/\/facebook.com\/saprea.org","https:\/\/x.com\/saprea_org","https:\/\/instagram.com\/youniquefoundation","https:\/\/pinterest.com\/saprea_org","https:\/\/youtube.com\/c\/saprea_org"]}]}},"_links":{"self":[{"href":"https:\/\/saprea.org\/es\/wp-json\/wp\/v2\/pages\/12842","targetHints":{"allow":["GET"]}}],"collection":[{"href":"https:\/\/saprea.org\/es\/wp-json\/wp\/v2\/pages"}],"about":[{"href":"https:\/\/saprea.org\/es\/wp-json\/wp\/v2\/types\/page"}],"author":[{"embeddable":true,"href":"https:\/\/saprea.org\/es\/wp-json\/wp\/v2\/users\/2"}],"replies":[{"embeddable":true,"href":"https:\/\/saprea.org\/es\/wp-json\/wp\/v2\/comments?post=12842"}],"version-history":[{"count":0,"href":"https:\/\/saprea.org\/es\/wp-json\/wp\/v2\/pages\/12842\/revisions"}],"up":[{"embeddable":true,"href":"https:\/\/saprea.org\/es\/wp-json\/wp\/v2\/pages\/13055"}],"wp:featuredmedia":[{"embeddable":true,"href":"https:\/\/saprea.org\/es\/wp-json\/wp\/v2\/media\/12386"}],"wp:attachment":[{"href":"https:\/\/saprea.org\/es\/wp-json\/wp\/v2\/media?parent=12842"}],"curies":[{"name":"wp","href":"https:\/\/api.w.org\/{rel}","templated":true}]}}