{"id":997,"date":"2022-02-10T17:57:27","date_gmt":"2022-02-10T17:57:27","guid":{"rendered":"http:\/\/54.188.8.157\/gemeinschaftsbildung\/vermittle-deinem-kind-eine-gesunde-sexualitat\/"},"modified":"2024-08-20T11:08:51","modified_gmt":"2024-08-20T17:08:51","slug":"vermittle-deinem-kind-eine-gesunde-sexualitat","status":"publish","type":"page","link":"https:\/\/saprea.org\/de\/gemeinschaftsbildung\/vermittle-deinem-kind-eine-gesunde-sexualitat\/","title":{"rendered":"Vermittle deinem Kind eine gesunde Sexualit\u00e4t"},"content":{"rendered":"<div id=\"cs-content\" class=\"cs-content\"><\/div>\n","protected":false},"excerpt":{"rendered":"<p>Saprea &gt; Kl\u00e4re deine Gemeinschaft auf\u00a0&gt; Vermittle deinem Kind eine gesunde Sexualit\u00e4tPr\u00e4ventionskurse:Deinem Kind eine gesunde Sexualit\u00e4t vermittelnWenn du deinem Kind eine gesunde Sexualit\u00e4t vermittelst, kannst du das Risiko sexuellen Kindesmissbrauchs in deiner Familie verringern. Au\u00dferdem kennt niemand deine Familie so gut wie du. In dieser Diskussion werden wir dir helfen, deine eigenen \u00dcberzeugungen und Familienwerte [&hellip;]<\/p>\n","protected":false},"author":3,"featured_media":27367,"parent":959,"menu_order":0,"comment_status":"closed","ping_status":"closed","template":"","meta":{"footnotes":""},"class_list":["post-997","page","type-page","status-publish","has-post-thumbnail","hentry"],"yoast_head":"<!-- This site is optimized with the Yoast SEO plugin v27.3 - https:\/\/yoast.com\/product\/yoast-seo-wordpress\/ -->\n<title>Deinem Kind eine Gesunde Sexualit\u00e4t Vermitteln | Saprea<\/title>\n<meta name=\"description\" content=\"Wenn du deinem Kind eine gesunde Sexualit\u00e4t vermittelst, kannst du das Risiko sexuellen Kindesmissbrauchs in deiner Familie verringern.\" \/>\n<meta name=\"robots\" content=\"index, follow, max-snippet:-1, max-image-preview:large, max-video-preview:-1\" \/>\n<link rel=\"canonical\" href=\"https:\/\/saprea.org\/de\/gemeinschaftsbildung\/vermittle-deinem-kind-eine-gesunde-sexualitat\/\" \/>\n<meta property=\"og:locale\" content=\"de_DE\" \/>\n<meta property=\"og:type\" content=\"article\" \/>\n<meta property=\"og:title\" content=\"Deinem Kind eine Gesunde Sexualit\u00e4t Vermitteln | Saprea\" \/>\n<meta property=\"og:description\" content=\"Wenn du deinem Kind eine gesunde Sexualit\u00e4t vermittelst, kannst du das Risiko sexuellen Kindesmissbrauchs in deiner Familie verringern.\" \/>\n<meta property=\"og:url\" content=\"https:\/\/saprea.org\/de\/gemeinschaftsbildung\/vermittle-deinem-kind-eine-gesunde-sexualitat\/\" \/>\n<meta property=\"og:site_name\" content=\"Saprea\" \/>\n<meta property=\"article:publisher\" content=\"https:\/\/facebook.com\/saprea.org\" \/>\n<meta property=\"article:modified_time\" content=\"2024-08-20T17:08:51+00:00\" \/>\n<meta property=\"og:image\" content=\"https:\/\/saprea.org\/wp-content\/uploads\/2024\/02\/Teaching_Healthy_Sexuality.jpg\" \/>\n\t<meta property=\"og:image:width\" content=\"1082\" \/>\n\t<meta property=\"og:image:height\" content=\"706\" \/>\n\t<meta property=\"og:image:type\" content=\"image\/jpeg\" \/>\n<meta name=\"twitter:card\" content=\"summary_large_image\" \/>\n<meta name=\"twitter:site\" content=\"@saprea_org\" \/>\n<meta name=\"twitter:label1\" content=\"Gesch\u00e4tzte Lesezeit\" \/>\n\t<meta name=\"twitter:data1\" content=\"7\u00a0Minuten\" \/>\n<script type=\"application\/ld+json\" class=\"yoast-schema-graph\">{\"@context\":\"https:\\\/\\\/schema.org\",\"@graph\":[{\"@type\":\"WebPage\",\"@id\":\"https:\\\/\\\/saprea.org\\\/de\\\/gemeinschaftsbildung\\\/vermittle-deinem-kind-eine-gesunde-sexualitat\\\/\",\"url\":\"https:\\\/\\\/saprea.org\\\/de\\\/gemeinschaftsbildung\\\/vermittle-deinem-kind-eine-gesunde-sexualitat\\\/\",\"name\":\"Deinem Kind eine Gesunde Sexualit\u00e4t Vermitteln | Saprea\",\"isPartOf\":{\"@id\":\"https:\\\/\\\/saprea.org\\\/de\\\/#website\"},\"primaryImageOfPage\":{\"@id\":\"https:\\\/\\\/saprea.org\\\/de\\\/gemeinschaftsbildung\\\/vermittle-deinem-kind-eine-gesunde-sexualitat\\\/#primaryimage\"},\"image\":{\"@id\":\"https:\\\/\\\/saprea.org\\\/de\\\/gemeinschaftsbildung\\\/vermittle-deinem-kind-eine-gesunde-sexualitat\\\/#primaryimage\"},\"thumbnailUrl\":\"https:\\\/\\\/saprea.org\\\/wp-content\\\/uploads\\\/2024\\\/02\\\/Teaching_Healthy_Sexuality.jpg\",\"datePublished\":\"2022-02-10T17:57:27+00:00\",\"dateModified\":\"2024-08-20T17:08:51+00:00\",\"description\":\"Wenn du deinem Kind eine gesunde Sexualit\u00e4t vermittelst, kannst du das Risiko sexuellen Kindesmissbrauchs in deiner Familie verringern.\",\"breadcrumb\":{\"@id\":\"https:\\\/\\\/saprea.org\\\/de\\\/gemeinschaftsbildung\\\/vermittle-deinem-kind-eine-gesunde-sexualitat\\\/#breadcrumb\"},\"inLanguage\":\"de\",\"potentialAction\":[{\"@type\":\"ReadAction\",\"target\":[\"https:\\\/\\\/saprea.org\\\/de\\\/gemeinschaftsbildung\\\/vermittle-deinem-kind-eine-gesunde-sexualitat\\\/\"]}]},{\"@type\":\"ImageObject\",\"inLanguage\":\"de\",\"@id\":\"https:\\\/\\\/saprea.org\\\/de\\\/gemeinschaftsbildung\\\/vermittle-deinem-kind-eine-gesunde-sexualitat\\\/#primaryimage\",\"url\":\"https:\\\/\\\/saprea.org\\\/wp-content\\\/uploads\\\/2024\\\/02\\\/Teaching_Healthy_Sexuality.jpg\",\"contentUrl\":\"https:\\\/\\\/saprea.org\\\/wp-content\\\/uploads\\\/2024\\\/02\\\/Teaching_Healthy_Sexuality.jpg\",\"width\":1082,\"height\":706,\"caption\":\"Mom and son sitting on brown couch hugging eachother\"},{\"@type\":\"BreadcrumbList\",\"@id\":\"https:\\\/\\\/saprea.org\\\/de\\\/gemeinschaftsbildung\\\/vermittle-deinem-kind-eine-gesunde-sexualitat\\\/#breadcrumb\",\"itemListElement\":[{\"@type\":\"ListItem\",\"position\":1,\"name\":\"Home\",\"item\":\"https:\\\/\\\/saprea.org\\\/de\\\/saprea-homepage\\\/\"},{\"@type\":\"ListItem\",\"position\":2,\"name\":\"Gemeinschaftsbildung\",\"item\":\"https:\\\/\\\/saprea.org\\\/de\\\/gemeinschaftsbildung\\\/\"},{\"@type\":\"ListItem\",\"position\":3,\"name\":\"Vermittle deinem Kind eine gesunde Sexualit\u00e4t\"}]},{\"@type\":\"WebSite\",\"@id\":\"https:\\\/\\\/saprea.org\\\/de\\\/#website\",\"url\":\"https:\\\/\\\/saprea.org\\\/de\\\/\",\"name\":\"Saprea\",\"description\":\"\",\"publisher\":{\"@id\":\"https:\\\/\\\/saprea.org\\\/de\\\/#organization\"},\"potentialAction\":[{\"@type\":\"SearchAction\",\"target\":{\"@type\":\"EntryPoint\",\"urlTemplate\":\"https:\\\/\\\/saprea.org\\\/de\\\/?s={search_term_string}\"},\"query-input\":{\"@type\":\"PropertyValueSpecification\",\"valueRequired\":true,\"valueName\":\"search_term_string\"}}],\"inLanguage\":\"de\"},{\"@type\":\"Organization\",\"@id\":\"https:\\\/\\\/saprea.org\\\/de\\\/#organization\",\"name\":\"Saprea\",\"url\":\"https:\\\/\\\/saprea.org\\\/de\\\/\",\"logo\":{\"@type\":\"ImageObject\",\"inLanguage\":\"de\",\"@id\":\"https:\\\/\\\/saprea.org\\\/de\\\/#\\\/schema\\\/logo\\\/image\\\/\",\"url\":\"https:\\\/\\\/saprea.org\\\/wp-content\\\/uploads\\\/2021\\\/12\\\/Vector-7-1.png\",\"contentUrl\":\"https:\\\/\\\/saprea.org\\\/wp-content\\\/uploads\\\/2021\\\/12\\\/Vector-7-1.png\",\"width\":106,\"height\":105,\"caption\":\"Saprea\"},\"image\":{\"@id\":\"https:\\\/\\\/saprea.org\\\/de\\\/#\\\/schema\\\/logo\\\/image\\\/\"},\"sameAs\":[\"https:\\\/\\\/facebook.com\\\/saprea.org\",\"https:\\\/\\\/x.com\\\/saprea_org\",\"https:\\\/\\\/instagram.com\\\/youniquefoundation\",\"https:\\\/\\\/pinterest.com\\\/saprea_org\",\"https:\\\/\\\/youtube.com\\\/c\\\/saprea_org\"]}]}<\/script>\n<!-- \/ Yoast SEO plugin. -->","yoast_head_json":{"title":"Deinem Kind eine Gesunde Sexualit\u00e4t Vermitteln | Saprea","description":"Wenn du deinem Kind eine gesunde Sexualit\u00e4t vermittelst, kannst du das Risiko sexuellen Kindesmissbrauchs in deiner Familie verringern.","robots":{"index":"index","follow":"follow","max-snippet":"max-snippet:-1","max-image-preview":"max-image-preview:large","max-video-preview":"max-video-preview:-1"},"canonical":"https:\/\/saprea.org\/de\/gemeinschaftsbildung\/vermittle-deinem-kind-eine-gesunde-sexualitat\/","og_locale":"de_DE","og_type":"article","og_title":"Deinem Kind eine Gesunde Sexualit\u00e4t Vermitteln | Saprea","og_description":"Wenn du deinem Kind eine gesunde Sexualit\u00e4t vermittelst, kannst du das Risiko sexuellen Kindesmissbrauchs in deiner Familie verringern.","og_url":"https:\/\/saprea.org\/de\/gemeinschaftsbildung\/vermittle-deinem-kind-eine-gesunde-sexualitat\/","og_site_name":"Saprea","article_publisher":"https:\/\/facebook.com\/saprea.org","article_modified_time":"2024-08-20T17:08:51+00:00","og_image":[{"width":1082,"height":706,"url":"https:\/\/saprea.org\/wp-content\/uploads\/2024\/02\/Teaching_Healthy_Sexuality.jpg","type":"image\/jpeg"}],"twitter_card":"summary_large_image","twitter_site":"@saprea_org","twitter_misc":{"Gesch\u00e4tzte Lesezeit":"7\u00a0Minuten"},"schema":{"@context":"https:\/\/schema.org","@graph":[{"@type":"WebPage","@id":"https:\/\/saprea.org\/de\/gemeinschaftsbildung\/vermittle-deinem-kind-eine-gesunde-sexualitat\/","url":"https:\/\/saprea.org\/de\/gemeinschaftsbildung\/vermittle-deinem-kind-eine-gesunde-sexualitat\/","name":"Deinem Kind eine Gesunde Sexualit\u00e4t Vermitteln | Saprea","isPartOf":{"@id":"https:\/\/saprea.org\/de\/#website"},"primaryImageOfPage":{"@id":"https:\/\/saprea.org\/de\/gemeinschaftsbildung\/vermittle-deinem-kind-eine-gesunde-sexualitat\/#primaryimage"},"image":{"@id":"https:\/\/saprea.org\/de\/gemeinschaftsbildung\/vermittle-deinem-kind-eine-gesunde-sexualitat\/#primaryimage"},"thumbnailUrl":"https:\/\/saprea.org\/wp-content\/uploads\/2024\/02\/Teaching_Healthy_Sexuality.jpg","datePublished":"2022-02-10T17:57:27+00:00","dateModified":"2024-08-20T17:08:51+00:00","description":"Wenn du deinem Kind eine gesunde Sexualit\u00e4t vermittelst, kannst du das Risiko sexuellen Kindesmissbrauchs in deiner Familie verringern.","breadcrumb":{"@id":"https:\/\/saprea.org\/de\/gemeinschaftsbildung\/vermittle-deinem-kind-eine-gesunde-sexualitat\/#breadcrumb"},"inLanguage":"de","potentialAction":[{"@type":"ReadAction","target":["https:\/\/saprea.org\/de\/gemeinschaftsbildung\/vermittle-deinem-kind-eine-gesunde-sexualitat\/"]}]},{"@type":"ImageObject","inLanguage":"de","@id":"https:\/\/saprea.org\/de\/gemeinschaftsbildung\/vermittle-deinem-kind-eine-gesunde-sexualitat\/#primaryimage","url":"https:\/\/saprea.org\/wp-content\/uploads\/2024\/02\/Teaching_Healthy_Sexuality.jpg","contentUrl":"https:\/\/saprea.org\/wp-content\/uploads\/2024\/02\/Teaching_Healthy_Sexuality.jpg","width":1082,"height":706,"caption":"Mom and son sitting on brown couch hugging eachother"},{"@type":"BreadcrumbList","@id":"https:\/\/saprea.org\/de\/gemeinschaftsbildung\/vermittle-deinem-kind-eine-gesunde-sexualitat\/#breadcrumb","itemListElement":[{"@type":"ListItem","position":1,"name":"Home","item":"https:\/\/saprea.org\/de\/saprea-homepage\/"},{"@type":"ListItem","position":2,"name":"Gemeinschaftsbildung","item":"https:\/\/saprea.org\/de\/gemeinschaftsbildung\/"},{"@type":"ListItem","position":3,"name":"Vermittle deinem Kind eine gesunde Sexualit\u00e4t"}]},{"@type":"WebSite","@id":"https:\/\/saprea.org\/de\/#website","url":"https:\/\/saprea.org\/de\/","name":"Saprea","description":"","publisher":{"@id":"https:\/\/saprea.org\/de\/#organization"},"potentialAction":[{"@type":"SearchAction","target":{"@type":"EntryPoint","urlTemplate":"https:\/\/saprea.org\/de\/?s={search_term_string}"},"query-input":{"@type":"PropertyValueSpecification","valueRequired":true,"valueName":"search_term_string"}}],"inLanguage":"de"},{"@type":"Organization","@id":"https:\/\/saprea.org\/de\/#organization","name":"Saprea","url":"https:\/\/saprea.org\/de\/","logo":{"@type":"ImageObject","inLanguage":"de","@id":"https:\/\/saprea.org\/de\/#\/schema\/logo\/image\/","url":"https:\/\/saprea.org\/wp-content\/uploads\/2021\/12\/Vector-7-1.png","contentUrl":"https:\/\/saprea.org\/wp-content\/uploads\/2021\/12\/Vector-7-1.png","width":106,"height":105,"caption":"Saprea"},"image":{"@id":"https:\/\/saprea.org\/de\/#\/schema\/logo\/image\/"},"sameAs":["https:\/\/facebook.com\/saprea.org","https:\/\/x.com\/saprea_org","https:\/\/instagram.com\/youniquefoundation","https:\/\/pinterest.com\/saprea_org","https:\/\/youtube.com\/c\/saprea_org"]}]}},"_links":{"self":[{"href":"https:\/\/saprea.org\/de\/wp-json\/wp\/v2\/pages\/997","targetHints":{"allow":["GET"]}}],"collection":[{"href":"https:\/\/saprea.org\/de\/wp-json\/wp\/v2\/pages"}],"about":[{"href":"https:\/\/saprea.org\/de\/wp-json\/wp\/v2\/types\/page"}],"author":[{"embeddable":true,"href":"https:\/\/saprea.org\/de\/wp-json\/wp\/v2\/users\/3"}],"replies":[{"embeddable":true,"href":"https:\/\/saprea.org\/de\/wp-json\/wp\/v2\/comments?post=997"}],"version-history":[{"count":0,"href":"https:\/\/saprea.org\/de\/wp-json\/wp\/v2\/pages\/997\/revisions"}],"up":[{"embeddable":true,"href":"https:\/\/saprea.org\/de\/wp-json\/wp\/v2\/pages\/959"}],"wp:featuredmedia":[{"embeddable":true,"href":"https:\/\/saprea.org\/de\/wp-json\/wp\/v2\/media\/27367"}],"wp:attachment":[{"href":"https:\/\/saprea.org\/de\/wp-json\/wp\/v2\/media?parent=997"}],"curies":[{"name":"wp","href":"https:\/\/api.w.org\/{rel}","templated":true}]}}