{"id":929,"date":"2022-02-10T17:57:05","date_gmt":"2022-02-10T17:57:05","guid":{"rendered":"http:\/\/54.188.8.157\/anmeldeformular-fur-praventionskurse\/"},"modified":"2025-11-18T11:20:13","modified_gmt":"2025-11-18T17:20:13","slug":"anmeldeformular-fur-praventionskurse","status":"publish","type":"page","link":"https:\/\/saprea.org\/de\/gemeinschaftsbildung\/anmeldeformular-fur-praventionskurse\/","title":{"rendered":"Anmeldeformular f\u00fcr Pr\u00e4ventionskurse"},"content":{"rendered":"<div id=\"cs-content\" class=\"cs-content\"><\/div>\n","protected":false},"excerpt":{"rendered":"<p>Saprea &gt; Kl\u00e4re deine Gemeinschaft auf\u00a0&gt; Anmeldeformular f\u00fcr Pr\u00e4ventionskurseNimm an einem unserer Pr\u00e4ventionskurse gegen sexuellen Kindesmissbrauch von Saprea teilWir danken dir f\u00fcr dein Engagement dich f\u00fcr die Sicherheit der Kinder in deiner Gemeindschaft einzusetzen.\u2028Wie das funktioniert: Du hilfst uns, indem du eine Gruppe in deiner Gemeindschaft zusammenbringst. Saprea hilft, indem es dich mit einem Kursleiter [&hellip;]<\/p>\n","protected":false},"author":3,"featured_media":0,"parent":959,"menu_order":0,"comment_status":"closed","ping_status":"closed","template":"","meta":{"footnotes":""},"class_list":["post-929","page","type-page","status-publish","hentry"],"yoast_head":"<!-- This site is optimized with the Yoast SEO plugin v27.3 - https:\/\/yoast.com\/product\/yoast-seo-wordpress\/ -->\n<title>Nimm an Einem 60-min\u00fctigen Pr\u00e4ventionskurs von Saprea Teil<\/title>\n<meta name=\"description\" content=\"Um loszulegen, gib einfach deine Daten ein und wir werden dich kontaktieren, um einen Termin mit dir zu vereinbaren.\" \/>\n<meta name=\"robots\" content=\"index, follow, max-snippet:-1, max-image-preview:large, max-video-preview:-1\" \/>\n<link rel=\"canonical\" href=\"https:\/\/saprea.org\/de\/gemeinschaftsbildung\/anmeldeformular-fur-praventionskurse\/\" \/>\n<meta property=\"og:locale\" content=\"de_DE\" \/>\n<meta property=\"og:type\" content=\"article\" \/>\n<meta property=\"og:title\" content=\"Nimm an Einem 60-min\u00fctigen Pr\u00e4ventionskurs von Saprea Teil\" \/>\n<meta property=\"og:description\" content=\"Um loszulegen, gib einfach deine Daten ein und wir werden dich kontaktieren, um einen Termin mit dir zu vereinbaren.\" \/>\n<meta property=\"og:url\" content=\"https:\/\/saprea.org\/de\/gemeinschaftsbildung\/anmeldeformular-fur-praventionskurse\/\" \/>\n<meta property=\"og:site_name\" content=\"Saprea\" \/>\n<meta property=\"article:publisher\" content=\"https:\/\/facebook.com\/saprea.org\" \/>\n<meta property=\"article:modified_time\" content=\"2025-11-18T17:20:13+00:00\" \/>\n<meta name=\"twitter:card\" content=\"summary_large_image\" \/>\n<meta name=\"twitter:site\" content=\"@saprea_org\" \/>\n<meta name=\"twitter:label1\" content=\"Gesch\u00e4tzte Lesezeit\" \/>\n\t<meta name=\"twitter:data1\" content=\"1\u00a0Minute\" \/>\n<script type=\"application\/ld+json\" class=\"yoast-schema-graph\">{\"@context\":\"https:\\\/\\\/schema.org\",\"@graph\":[{\"@type\":\"WebPage\",\"@id\":\"https:\\\/\\\/saprea.org\\\/de\\\/gemeinschaftsbildung\\\/anmeldeformular-fur-praventionskurse\\\/\",\"url\":\"https:\\\/\\\/saprea.org\\\/de\\\/gemeinschaftsbildung\\\/anmeldeformular-fur-praventionskurse\\\/\",\"name\":\"Nimm an Einem 60-min\u00fctigen Pr\u00e4ventionskurs von Saprea Teil\",\"isPartOf\":{\"@id\":\"https:\\\/\\\/saprea.org\\\/de\\\/#website\"},\"datePublished\":\"2022-02-10T17:57:05+00:00\",\"dateModified\":\"2025-11-18T17:20:13+00:00\",\"description\":\"Um loszulegen, gib einfach deine Daten ein und wir werden dich kontaktieren, um einen Termin mit dir zu vereinbaren.\",\"breadcrumb\":{\"@id\":\"https:\\\/\\\/saprea.org\\\/de\\\/gemeinschaftsbildung\\\/anmeldeformular-fur-praventionskurse\\\/#breadcrumb\"},\"inLanguage\":\"de\",\"potentialAction\":[{\"@type\":\"ReadAction\",\"target\":[\"https:\\\/\\\/saprea.org\\\/de\\\/gemeinschaftsbildung\\\/anmeldeformular-fur-praventionskurse\\\/\"]}]},{\"@type\":\"BreadcrumbList\",\"@id\":\"https:\\\/\\\/saprea.org\\\/de\\\/gemeinschaftsbildung\\\/anmeldeformular-fur-praventionskurse\\\/#breadcrumb\",\"itemListElement\":[{\"@type\":\"ListItem\",\"position\":1,\"name\":\"Home\",\"item\":\"https:\\\/\\\/saprea.org\\\/de\\\/saprea-homepage\\\/\"},{\"@type\":\"ListItem\",\"position\":2,\"name\":\"Gemeinschaftsbildung\",\"item\":\"https:\\\/\\\/saprea.org\\\/de\\\/gemeinschaftsbildung\\\/\"},{\"@type\":\"ListItem\",\"position\":3,\"name\":\"Anmeldeformular f\u00fcr Pr\u00e4ventionskurse\"}]},{\"@type\":\"WebSite\",\"@id\":\"https:\\\/\\\/saprea.org\\\/de\\\/#website\",\"url\":\"https:\\\/\\\/saprea.org\\\/de\\\/\",\"name\":\"Saprea\",\"description\":\"\",\"publisher\":{\"@id\":\"https:\\\/\\\/saprea.org\\\/de\\\/#organization\"},\"potentialAction\":[{\"@type\":\"SearchAction\",\"target\":{\"@type\":\"EntryPoint\",\"urlTemplate\":\"https:\\\/\\\/saprea.org\\\/de\\\/?s={search_term_string}\"},\"query-input\":{\"@type\":\"PropertyValueSpecification\",\"valueRequired\":true,\"valueName\":\"search_term_string\"}}],\"inLanguage\":\"de\"},{\"@type\":\"Organization\",\"@id\":\"https:\\\/\\\/saprea.org\\\/de\\\/#organization\",\"name\":\"Saprea\",\"url\":\"https:\\\/\\\/saprea.org\\\/de\\\/\",\"logo\":{\"@type\":\"ImageObject\",\"inLanguage\":\"de\",\"@id\":\"https:\\\/\\\/saprea.org\\\/de\\\/#\\\/schema\\\/logo\\\/image\\\/\",\"url\":\"https:\\\/\\\/saprea.org\\\/wp-content\\\/uploads\\\/2021\\\/12\\\/Vector-7-1.png\",\"contentUrl\":\"https:\\\/\\\/saprea.org\\\/wp-content\\\/uploads\\\/2021\\\/12\\\/Vector-7-1.png\",\"width\":106,\"height\":105,\"caption\":\"Saprea\"},\"image\":{\"@id\":\"https:\\\/\\\/saprea.org\\\/de\\\/#\\\/schema\\\/logo\\\/image\\\/\"},\"sameAs\":[\"https:\\\/\\\/facebook.com\\\/saprea.org\",\"https:\\\/\\\/x.com\\\/saprea_org\",\"https:\\\/\\\/instagram.com\\\/youniquefoundation\",\"https:\\\/\\\/pinterest.com\\\/saprea_org\",\"https:\\\/\\\/youtube.com\\\/c\\\/saprea_org\"]}]}<\/script>\n<!-- \/ Yoast SEO plugin. -->","yoast_head_json":{"title":"Nimm an Einem 60-min\u00fctigen Pr\u00e4ventionskurs von Saprea Teil","description":"Um loszulegen, gib einfach deine Daten ein und wir werden dich kontaktieren, um einen Termin mit dir zu vereinbaren.","robots":{"index":"index","follow":"follow","max-snippet":"max-snippet:-1","max-image-preview":"max-image-preview:large","max-video-preview":"max-video-preview:-1"},"canonical":"https:\/\/saprea.org\/de\/gemeinschaftsbildung\/anmeldeformular-fur-praventionskurse\/","og_locale":"de_DE","og_type":"article","og_title":"Nimm an Einem 60-min\u00fctigen Pr\u00e4ventionskurs von Saprea Teil","og_description":"Um loszulegen, gib einfach deine Daten ein und wir werden dich kontaktieren, um einen Termin mit dir zu vereinbaren.","og_url":"https:\/\/saprea.org\/de\/gemeinschaftsbildung\/anmeldeformular-fur-praventionskurse\/","og_site_name":"Saprea","article_publisher":"https:\/\/facebook.com\/saprea.org","article_modified_time":"2025-11-18T17:20:13+00:00","twitter_card":"summary_large_image","twitter_site":"@saprea_org","twitter_misc":{"Gesch\u00e4tzte Lesezeit":"1\u00a0Minute"},"schema":{"@context":"https:\/\/schema.org","@graph":[{"@type":"WebPage","@id":"https:\/\/saprea.org\/de\/gemeinschaftsbildung\/anmeldeformular-fur-praventionskurse\/","url":"https:\/\/saprea.org\/de\/gemeinschaftsbildung\/anmeldeformular-fur-praventionskurse\/","name":"Nimm an Einem 60-min\u00fctigen Pr\u00e4ventionskurs von Saprea Teil","isPartOf":{"@id":"https:\/\/saprea.org\/de\/#website"},"datePublished":"2022-02-10T17:57:05+00:00","dateModified":"2025-11-18T17:20:13+00:00","description":"Um loszulegen, gib einfach deine Daten ein und wir werden dich kontaktieren, um einen Termin mit dir zu vereinbaren.","breadcrumb":{"@id":"https:\/\/saprea.org\/de\/gemeinschaftsbildung\/anmeldeformular-fur-praventionskurse\/#breadcrumb"},"inLanguage":"de","potentialAction":[{"@type":"ReadAction","target":["https:\/\/saprea.org\/de\/gemeinschaftsbildung\/anmeldeformular-fur-praventionskurse\/"]}]},{"@type":"BreadcrumbList","@id":"https:\/\/saprea.org\/de\/gemeinschaftsbildung\/anmeldeformular-fur-praventionskurse\/#breadcrumb","itemListElement":[{"@type":"ListItem","position":1,"name":"Home","item":"https:\/\/saprea.org\/de\/saprea-homepage\/"},{"@type":"ListItem","position":2,"name":"Gemeinschaftsbildung","item":"https:\/\/saprea.org\/de\/gemeinschaftsbildung\/"},{"@type":"ListItem","position":3,"name":"Anmeldeformular f\u00fcr Pr\u00e4ventionskurse"}]},{"@type":"WebSite","@id":"https:\/\/saprea.org\/de\/#website","url":"https:\/\/saprea.org\/de\/","name":"Saprea","description":"","publisher":{"@id":"https:\/\/saprea.org\/de\/#organization"},"potentialAction":[{"@type":"SearchAction","target":{"@type":"EntryPoint","urlTemplate":"https:\/\/saprea.org\/de\/?s={search_term_string}"},"query-input":{"@type":"PropertyValueSpecification","valueRequired":true,"valueName":"search_term_string"}}],"inLanguage":"de"},{"@type":"Organization","@id":"https:\/\/saprea.org\/de\/#organization","name":"Saprea","url":"https:\/\/saprea.org\/de\/","logo":{"@type":"ImageObject","inLanguage":"de","@id":"https:\/\/saprea.org\/de\/#\/schema\/logo\/image\/","url":"https:\/\/saprea.org\/wp-content\/uploads\/2021\/12\/Vector-7-1.png","contentUrl":"https:\/\/saprea.org\/wp-content\/uploads\/2021\/12\/Vector-7-1.png","width":106,"height":105,"caption":"Saprea"},"image":{"@id":"https:\/\/saprea.org\/de\/#\/schema\/logo\/image\/"},"sameAs":["https:\/\/facebook.com\/saprea.org","https:\/\/x.com\/saprea_org","https:\/\/instagram.com\/youniquefoundation","https:\/\/pinterest.com\/saprea_org","https:\/\/youtube.com\/c\/saprea_org"]}]}},"_links":{"self":[{"href":"https:\/\/saprea.org\/de\/wp-json\/wp\/v2\/pages\/929","targetHints":{"allow":["GET"]}}],"collection":[{"href":"https:\/\/saprea.org\/de\/wp-json\/wp\/v2\/pages"}],"about":[{"href":"https:\/\/saprea.org\/de\/wp-json\/wp\/v2\/types\/page"}],"author":[{"embeddable":true,"href":"https:\/\/saprea.org\/de\/wp-json\/wp\/v2\/users\/3"}],"replies":[{"embeddable":true,"href":"https:\/\/saprea.org\/de\/wp-json\/wp\/v2\/comments?post=929"}],"version-history":[{"count":3,"href":"https:\/\/saprea.org\/de\/wp-json\/wp\/v2\/pages\/929\/revisions"}],"predecessor-version":[{"id":33948,"href":"https:\/\/saprea.org\/de\/wp-json\/wp\/v2\/pages\/929\/revisions\/33948"}],"up":[{"embeddable":true,"href":"https:\/\/saprea.org\/de\/wp-json\/wp\/v2\/pages\/959"}],"wp:attachment":[{"href":"https:\/\/saprea.org\/de\/wp-json\/wp\/v2\/media?parent=929"}],"curies":[{"name":"wp","href":"https:\/\/api.w.org\/{rel}","templated":true}]}}