{"id":4349,"date":"2022-09-21T20:48:26","date_gmt":"2022-09-21T20:48:26","guid":{"rendered":"http:\/\/54.188.8.157\/bewerbungsformular-fuer-freiwillige\/"},"modified":"2025-11-18T11:37:47","modified_gmt":"2025-11-18T17:37:47","slug":"bewerbungsformular","status":"publish","type":"page","link":"https:\/\/saprea.org\/de\/freiwilliger\/bewerbungsformular\/","title":{"rendered":"bewerbungsformular f\u00fcr Freiwillige"},"content":{"rendered":"<div id=\"cs-content\" class=\"cs-content\"><\/div>\n","protected":false},"excerpt":{"rendered":"<p>Saprea &gt; Engagiere dich ehrenamtlich bei Saprea\u00a0&gt; bewerbungsformular f\u00fcr FreiwilligeBewerbung als Freiwillige\/rWir ermutigen jeden, sich bei uns ehrenamtlich zu engagieren. Wenn du unter 18 Jahre alt bist, ben\u00f6tigen wir die Unterschrift eines Elternteils sowie die Kontaktdaten deiner Eltern. Dein Name(erforderlich) Vorname Nachname Deine Adresse(erforderlich) Anschrift Anschrift Zusatz Stadt Bundesstaat \/ Provinz \/ Region PLZ Land [&hellip;]<\/p>\n","protected":false},"author":2,"featured_media":0,"parent":4344,"menu_order":0,"comment_status":"closed","ping_status":"closed","template":"","meta":{"footnotes":""},"class_list":["post-4349","page","type-page","status-publish","hentry"],"yoast_head":"<!-- This site is optimized with the Yoast SEO plugin v27.3 - https:\/\/yoast.com\/product\/yoast-seo-wordpress\/ -->\n<title>Anmeldung F\u00fcr Ehrenamtliche Helfer | Saprea<\/title>\n<meta name=\"description\" content=\"Bitte f\u00fclle das Anmeldeformular f\u00fcr ehrenamtliche Helfer von Saprea aus und teile uns mit, wie du helfen m\u00f6chtest. Vielen Dank!\" \/>\n<meta name=\"robots\" content=\"index, follow, max-snippet:-1, max-image-preview:large, max-video-preview:-1\" \/>\n<link rel=\"canonical\" href=\"https:\/\/saprea.org\/de\/freiwilliger\/bewerbungsformular\/\" \/>\n<meta property=\"og:locale\" content=\"de_DE\" \/>\n<meta property=\"og:type\" content=\"article\" \/>\n<meta property=\"og:title\" content=\"Anmeldung F\u00fcr Ehrenamtliche Helfer | Saprea\" \/>\n<meta property=\"og:description\" content=\"Bitte f\u00fclle das Anmeldeformular f\u00fcr ehrenamtliche Helfer von Saprea aus und teile uns mit, wie du helfen m\u00f6chtest. Vielen Dank!\" \/>\n<meta property=\"og:url\" content=\"https:\/\/saprea.org\/de\/freiwilliger\/bewerbungsformular\/\" \/>\n<meta property=\"og:site_name\" content=\"Saprea\" \/>\n<meta property=\"article:publisher\" content=\"https:\/\/facebook.com\/saprea.org\" \/>\n<meta property=\"article:modified_time\" content=\"2025-11-18T17:37:47+00:00\" \/>\n<meta name=\"twitter:card\" content=\"summary_large_image\" \/>\n<meta name=\"twitter:site\" content=\"@saprea_org\" \/>\n<meta name=\"twitter:label1\" content=\"Gesch\u00e4tzte Lesezeit\" \/>\n\t<meta name=\"twitter:data1\" content=\"1\u00a0Minute\" \/>\n<script type=\"application\/ld+json\" class=\"yoast-schema-graph\">{\"@context\":\"https:\\\/\\\/schema.org\",\"@graph\":[{\"@type\":\"WebPage\",\"@id\":\"https:\\\/\\\/saprea.org\\\/de\\\/freiwilliger\\\/bewerbungsformular\\\/\",\"url\":\"https:\\\/\\\/saprea.org\\\/de\\\/freiwilliger\\\/bewerbungsformular\\\/\",\"name\":\"Anmeldung F\u00fcr Ehrenamtliche Helfer | Saprea\",\"isPartOf\":{\"@id\":\"https:\\\/\\\/saprea.org\\\/de\\\/#website\"},\"datePublished\":\"2022-09-21T20:48:26+00:00\",\"dateModified\":\"2025-11-18T17:37:47+00:00\",\"description\":\"Bitte f\u00fclle das Anmeldeformular f\u00fcr ehrenamtliche Helfer von Saprea aus und teile uns mit, wie du helfen m\u00f6chtest. Vielen Dank!\",\"breadcrumb\":{\"@id\":\"https:\\\/\\\/saprea.org\\\/de\\\/freiwilliger\\\/bewerbungsformular\\\/#breadcrumb\"},\"inLanguage\":\"de\",\"potentialAction\":[{\"@type\":\"ReadAction\",\"target\":[\"https:\\\/\\\/saprea.org\\\/de\\\/freiwilliger\\\/bewerbungsformular\\\/\"]}]},{\"@type\":\"BreadcrumbList\",\"@id\":\"https:\\\/\\\/saprea.org\\\/de\\\/freiwilliger\\\/bewerbungsformular\\\/#breadcrumb\",\"itemListElement\":[{\"@type\":\"ListItem\",\"position\":1,\"name\":\"Home\",\"item\":\"https:\\\/\\\/saprea.org\\\/de\\\/saprea-homepage\\\/\"},{\"@type\":\"ListItem\",\"position\":2,\"name\":\"Freiwilliger f\u00fcr Saprea\",\"item\":\"https:\\\/\\\/saprea.org\\\/de\\\/freiwilliger\\\/\"},{\"@type\":\"ListItem\",\"position\":3,\"name\":\"bewerbungsformular f\u00fcr Freiwillige\"}]},{\"@type\":\"WebSite\",\"@id\":\"https:\\\/\\\/saprea.org\\\/de\\\/#website\",\"url\":\"https:\\\/\\\/saprea.org\\\/de\\\/\",\"name\":\"Saprea\",\"description\":\"\",\"publisher\":{\"@id\":\"https:\\\/\\\/saprea.org\\\/de\\\/#organization\"},\"potentialAction\":[{\"@type\":\"SearchAction\",\"target\":{\"@type\":\"EntryPoint\",\"urlTemplate\":\"https:\\\/\\\/saprea.org\\\/de\\\/?s={search_term_string}\"},\"query-input\":{\"@type\":\"PropertyValueSpecification\",\"valueRequired\":true,\"valueName\":\"search_term_string\"}}],\"inLanguage\":\"de\"},{\"@type\":\"Organization\",\"@id\":\"https:\\\/\\\/saprea.org\\\/de\\\/#organization\",\"name\":\"Saprea\",\"url\":\"https:\\\/\\\/saprea.org\\\/de\\\/\",\"logo\":{\"@type\":\"ImageObject\",\"inLanguage\":\"de\",\"@id\":\"https:\\\/\\\/saprea.org\\\/de\\\/#\\\/schema\\\/logo\\\/image\\\/\",\"url\":\"https:\\\/\\\/saprea.org\\\/wp-content\\\/uploads\\\/2021\\\/12\\\/Vector-7-1.png\",\"contentUrl\":\"https:\\\/\\\/saprea.org\\\/wp-content\\\/uploads\\\/2021\\\/12\\\/Vector-7-1.png\",\"width\":106,\"height\":105,\"caption\":\"Saprea\"},\"image\":{\"@id\":\"https:\\\/\\\/saprea.org\\\/de\\\/#\\\/schema\\\/logo\\\/image\\\/\"},\"sameAs\":[\"https:\\\/\\\/facebook.com\\\/saprea.org\",\"https:\\\/\\\/x.com\\\/saprea_org\",\"https:\\\/\\\/instagram.com\\\/youniquefoundation\",\"https:\\\/\\\/pinterest.com\\\/saprea_org\",\"https:\\\/\\\/youtube.com\\\/c\\\/saprea_org\"]}]}<\/script>\n<!-- \/ Yoast SEO plugin. -->","yoast_head_json":{"title":"Anmeldung F\u00fcr Ehrenamtliche Helfer | Saprea","description":"Bitte f\u00fclle das Anmeldeformular f\u00fcr ehrenamtliche Helfer von Saprea aus und teile uns mit, wie du helfen m\u00f6chtest. Vielen Dank!","robots":{"index":"index","follow":"follow","max-snippet":"max-snippet:-1","max-image-preview":"max-image-preview:large","max-video-preview":"max-video-preview:-1"},"canonical":"https:\/\/saprea.org\/de\/freiwilliger\/bewerbungsformular\/","og_locale":"de_DE","og_type":"article","og_title":"Anmeldung F\u00fcr Ehrenamtliche Helfer | Saprea","og_description":"Bitte f\u00fclle das Anmeldeformular f\u00fcr ehrenamtliche Helfer von Saprea aus und teile uns mit, wie du helfen m\u00f6chtest. Vielen Dank!","og_url":"https:\/\/saprea.org\/de\/freiwilliger\/bewerbungsformular\/","og_site_name":"Saprea","article_publisher":"https:\/\/facebook.com\/saprea.org","article_modified_time":"2025-11-18T17:37:47+00:00","twitter_card":"summary_large_image","twitter_site":"@saprea_org","twitter_misc":{"Gesch\u00e4tzte Lesezeit":"1\u00a0Minute"},"schema":{"@context":"https:\/\/schema.org","@graph":[{"@type":"WebPage","@id":"https:\/\/saprea.org\/de\/freiwilliger\/bewerbungsformular\/","url":"https:\/\/saprea.org\/de\/freiwilliger\/bewerbungsformular\/","name":"Anmeldung F\u00fcr Ehrenamtliche Helfer | Saprea","isPartOf":{"@id":"https:\/\/saprea.org\/de\/#website"},"datePublished":"2022-09-21T20:48:26+00:00","dateModified":"2025-11-18T17:37:47+00:00","description":"Bitte f\u00fclle das Anmeldeformular f\u00fcr ehrenamtliche Helfer von Saprea aus und teile uns mit, wie du helfen m\u00f6chtest. Vielen Dank!","breadcrumb":{"@id":"https:\/\/saprea.org\/de\/freiwilliger\/bewerbungsformular\/#breadcrumb"},"inLanguage":"de","potentialAction":[{"@type":"ReadAction","target":["https:\/\/saprea.org\/de\/freiwilliger\/bewerbungsformular\/"]}]},{"@type":"BreadcrumbList","@id":"https:\/\/saprea.org\/de\/freiwilliger\/bewerbungsformular\/#breadcrumb","itemListElement":[{"@type":"ListItem","position":1,"name":"Home","item":"https:\/\/saprea.org\/de\/saprea-homepage\/"},{"@type":"ListItem","position":2,"name":"Freiwilliger f\u00fcr Saprea","item":"https:\/\/saprea.org\/de\/freiwilliger\/"},{"@type":"ListItem","position":3,"name":"bewerbungsformular f\u00fcr Freiwillige"}]},{"@type":"WebSite","@id":"https:\/\/saprea.org\/de\/#website","url":"https:\/\/saprea.org\/de\/","name":"Saprea","description":"","publisher":{"@id":"https:\/\/saprea.org\/de\/#organization"},"potentialAction":[{"@type":"SearchAction","target":{"@type":"EntryPoint","urlTemplate":"https:\/\/saprea.org\/de\/?s={search_term_string}"},"query-input":{"@type":"PropertyValueSpecification","valueRequired":true,"valueName":"search_term_string"}}],"inLanguage":"de"},{"@type":"Organization","@id":"https:\/\/saprea.org\/de\/#organization","name":"Saprea","url":"https:\/\/saprea.org\/de\/","logo":{"@type":"ImageObject","inLanguage":"de","@id":"https:\/\/saprea.org\/de\/#\/schema\/logo\/image\/","url":"https:\/\/saprea.org\/wp-content\/uploads\/2021\/12\/Vector-7-1.png","contentUrl":"https:\/\/saprea.org\/wp-content\/uploads\/2021\/12\/Vector-7-1.png","width":106,"height":105,"caption":"Saprea"},"image":{"@id":"https:\/\/saprea.org\/de\/#\/schema\/logo\/image\/"},"sameAs":["https:\/\/facebook.com\/saprea.org","https:\/\/x.com\/saprea_org","https:\/\/instagram.com\/youniquefoundation","https:\/\/pinterest.com\/saprea_org","https:\/\/youtube.com\/c\/saprea_org"]}]}},"_links":{"self":[{"href":"https:\/\/saprea.org\/de\/wp-json\/wp\/v2\/pages\/4349","targetHints":{"allow":["GET"]}}],"collection":[{"href":"https:\/\/saprea.org\/de\/wp-json\/wp\/v2\/pages"}],"about":[{"href":"https:\/\/saprea.org\/de\/wp-json\/wp\/v2\/types\/page"}],"author":[{"embeddable":true,"href":"https:\/\/saprea.org\/de\/wp-json\/wp\/v2\/users\/2"}],"replies":[{"embeddable":true,"href":"https:\/\/saprea.org\/de\/wp-json\/wp\/v2\/comments?post=4349"}],"version-history":[{"count":5,"href":"https:\/\/saprea.org\/de\/wp-json\/wp\/v2\/pages\/4349\/revisions"}],"predecessor-version":[{"id":33981,"href":"https:\/\/saprea.org\/de\/wp-json\/wp\/v2\/pages\/4349\/revisions\/33981"}],"up":[{"embeddable":true,"href":"https:\/\/saprea.org\/de\/wp-json\/wp\/v2\/pages\/4344"}],"wp:attachment":[{"href":"https:\/\/saprea.org\/de\/wp-json\/wp\/v2\/media?parent=4349"}],"curies":[{"name":"wp","href":"https:\/\/api.w.org\/{rel}","templated":true}]}}