{"id":4344,"date":"2022-09-21T20:35:46","date_gmt":"2022-09-21T20:35:46","guid":{"rendered":"http:\/\/54.188.8.157\/freiwilliger-fuer-saprea\/"},"modified":"2026-02-06T11:47:24","modified_gmt":"2026-02-06T18:47:24","slug":"freiwilliger","status":"publish","type":"page","link":"https:\/\/saprea.org\/de\/freiwilliger\/","title":{"rendered":"Freiwilliger f\u00fcr Saprea"},"content":{"rendered":"<div id=\"cs-content\" class=\"cs-content\"><\/div>\n","protected":false},"excerpt":{"rendered":"<p>Saprea &gt; Freiwilliger f\u00fcr SapreaSaprea &gt; Freiwilliger f\u00fcr SapreaUnterst\u00fctze Saprea in deiner Gemeinschaft Um dem sexuellen Missbrauch von Kindern ein Ende zu setzen, brauchen wir die Unterst\u00fctzung von engagierten Personen aus der Gemeinschaft. Wenn du dich daf\u00fcr einsetzen willst, dass Einzelpersonen und die Gesellschaft von sexuellem Kindesmissbrauch und dessen Folgen befreit werden, brauchen wir deine [&hellip;]<\/p>\n","protected":false},"author":2,"featured_media":0,"parent":0,"menu_order":0,"comment_status":"closed","ping_status":"closed","template":"","meta":{"footnotes":""},"class_list":["post-4344","page","type-page","status-publish","hentry"],"yoast_head":"<!-- This site is optimized with the Yoast SEO plugin v27.3 - https:\/\/yoast.com\/product\/yoast-seo-wordpress\/ -->\n<title>Freiwilliger f\u00fcr Saprea | Saprea<\/title>\n<meta name=\"description\" content=\"Engagiere dich ehrenamtlich f\u00fcr Saprea und setze dich in deiner Gemeinschaft ein. Unterrichte Kurse, gr\u00fcnde eine Selbsthilfegruppe.\" \/>\n<meta name=\"robots\" content=\"index, follow, max-snippet:-1, max-image-preview:large, max-video-preview:-1\" \/>\n<link rel=\"canonical\" href=\"https:\/\/saprea.org\/de\/freiwilliger\/\" \/>\n<meta property=\"og:locale\" content=\"de_DE\" \/>\n<meta property=\"og:type\" content=\"article\" \/>\n<meta property=\"og:title\" content=\"Freiwilliger f\u00fcr Saprea | Saprea\" \/>\n<meta property=\"og:description\" content=\"Engagiere dich ehrenamtlich f\u00fcr Saprea und setze dich in deiner Gemeinschaft ein. Unterrichte Kurse, gr\u00fcnde eine Selbsthilfegruppe.\" \/>\n<meta property=\"og:url\" content=\"https:\/\/saprea.org\/de\/freiwilliger\/\" \/>\n<meta property=\"og:site_name\" content=\"Saprea\" \/>\n<meta property=\"article:publisher\" content=\"https:\/\/facebook.com\/saprea.org\" \/>\n<meta property=\"article:modified_time\" content=\"2026-02-06T18:47:24+00:00\" \/>\n<meta name=\"twitter:card\" content=\"summary_large_image\" \/>\n<meta name=\"twitter:site\" content=\"@saprea_org\" \/>\n<meta name=\"twitter:label1\" content=\"Gesch\u00e4tzte Lesezeit\" \/>\n\t<meta name=\"twitter:data1\" content=\"7\u00a0Minuten\" \/>\n<script type=\"application\/ld+json\" class=\"yoast-schema-graph\">{\"@context\":\"https:\\\/\\\/schema.org\",\"@graph\":[{\"@type\":\"WebPage\",\"@id\":\"https:\\\/\\\/saprea.org\\\/de\\\/freiwilliger\\\/\",\"url\":\"https:\\\/\\\/saprea.org\\\/de\\\/freiwilliger\\\/\",\"name\":\"Freiwilliger f\u00fcr Saprea | Saprea\",\"isPartOf\":{\"@id\":\"https:\\\/\\\/saprea.org\\\/de\\\/#website\"},\"datePublished\":\"2022-09-21T20:35:46+00:00\",\"dateModified\":\"2026-02-06T18:47:24+00:00\",\"description\":\"Engagiere dich ehrenamtlich f\u00fcr Saprea und setze dich in deiner Gemeinschaft ein. Unterrichte Kurse, gr\u00fcnde eine Selbsthilfegruppe.\",\"breadcrumb\":{\"@id\":\"https:\\\/\\\/saprea.org\\\/de\\\/freiwilliger\\\/#breadcrumb\"},\"inLanguage\":\"de\",\"potentialAction\":[{\"@type\":\"ReadAction\",\"target\":[\"https:\\\/\\\/saprea.org\\\/de\\\/freiwilliger\\\/\"]}]},{\"@type\":\"BreadcrumbList\",\"@id\":\"https:\\\/\\\/saprea.org\\\/de\\\/freiwilliger\\\/#breadcrumb\",\"itemListElement\":[{\"@type\":\"ListItem\",\"position\":1,\"name\":\"Home\",\"item\":\"https:\\\/\\\/saprea.org\\\/de\\\/saprea-homepage\\\/\"},{\"@type\":\"ListItem\",\"position\":2,\"name\":\"Freiwilliger f\u00fcr Saprea\"}]},{\"@type\":\"WebSite\",\"@id\":\"https:\\\/\\\/saprea.org\\\/de\\\/#website\",\"url\":\"https:\\\/\\\/saprea.org\\\/de\\\/\",\"name\":\"Saprea\",\"description\":\"\",\"publisher\":{\"@id\":\"https:\\\/\\\/saprea.org\\\/de\\\/#organization\"},\"potentialAction\":[{\"@type\":\"SearchAction\",\"target\":{\"@type\":\"EntryPoint\",\"urlTemplate\":\"https:\\\/\\\/saprea.org\\\/de\\\/?s={search_term_string}\"},\"query-input\":{\"@type\":\"PropertyValueSpecification\",\"valueRequired\":true,\"valueName\":\"search_term_string\"}}],\"inLanguage\":\"de\"},{\"@type\":\"Organization\",\"@id\":\"https:\\\/\\\/saprea.org\\\/de\\\/#organization\",\"name\":\"Saprea\",\"url\":\"https:\\\/\\\/saprea.org\\\/de\\\/\",\"logo\":{\"@type\":\"ImageObject\",\"inLanguage\":\"de\",\"@id\":\"https:\\\/\\\/saprea.org\\\/de\\\/#\\\/schema\\\/logo\\\/image\\\/\",\"url\":\"https:\\\/\\\/saprea.org\\\/wp-content\\\/uploads\\\/2021\\\/12\\\/Vector-7-1.png\",\"contentUrl\":\"https:\\\/\\\/saprea.org\\\/wp-content\\\/uploads\\\/2021\\\/12\\\/Vector-7-1.png\",\"width\":106,\"height\":105,\"caption\":\"Saprea\"},\"image\":{\"@id\":\"https:\\\/\\\/saprea.org\\\/de\\\/#\\\/schema\\\/logo\\\/image\\\/\"},\"sameAs\":[\"https:\\\/\\\/facebook.com\\\/saprea.org\",\"https:\\\/\\\/x.com\\\/saprea_org\",\"https:\\\/\\\/instagram.com\\\/youniquefoundation\",\"https:\\\/\\\/pinterest.com\\\/saprea_org\",\"https:\\\/\\\/youtube.com\\\/c\\\/saprea_org\"]}]}<\/script>\n<!-- \/ Yoast SEO plugin. -->","yoast_head_json":{"title":"Freiwilliger f\u00fcr Saprea | Saprea","description":"Engagiere dich ehrenamtlich f\u00fcr Saprea und setze dich in deiner Gemeinschaft ein. Unterrichte Kurse, gr\u00fcnde eine Selbsthilfegruppe.","robots":{"index":"index","follow":"follow","max-snippet":"max-snippet:-1","max-image-preview":"max-image-preview:large","max-video-preview":"max-video-preview:-1"},"canonical":"https:\/\/saprea.org\/de\/freiwilliger\/","og_locale":"de_DE","og_type":"article","og_title":"Freiwilliger f\u00fcr Saprea | Saprea","og_description":"Engagiere dich ehrenamtlich f\u00fcr Saprea und setze dich in deiner Gemeinschaft ein. Unterrichte Kurse, gr\u00fcnde eine Selbsthilfegruppe.","og_url":"https:\/\/saprea.org\/de\/freiwilliger\/","og_site_name":"Saprea","article_publisher":"https:\/\/facebook.com\/saprea.org","article_modified_time":"2026-02-06T18:47:24+00:00","twitter_card":"summary_large_image","twitter_site":"@saprea_org","twitter_misc":{"Gesch\u00e4tzte Lesezeit":"7\u00a0Minuten"},"schema":{"@context":"https:\/\/schema.org","@graph":[{"@type":"WebPage","@id":"https:\/\/saprea.org\/de\/freiwilliger\/","url":"https:\/\/saprea.org\/de\/freiwilliger\/","name":"Freiwilliger f\u00fcr Saprea | Saprea","isPartOf":{"@id":"https:\/\/saprea.org\/de\/#website"},"datePublished":"2022-09-21T20:35:46+00:00","dateModified":"2026-02-06T18:47:24+00:00","description":"Engagiere dich ehrenamtlich f\u00fcr Saprea und setze dich in deiner Gemeinschaft ein. Unterrichte Kurse, gr\u00fcnde eine Selbsthilfegruppe.","breadcrumb":{"@id":"https:\/\/saprea.org\/de\/freiwilliger\/#breadcrumb"},"inLanguage":"de","potentialAction":[{"@type":"ReadAction","target":["https:\/\/saprea.org\/de\/freiwilliger\/"]}]},{"@type":"BreadcrumbList","@id":"https:\/\/saprea.org\/de\/freiwilliger\/#breadcrumb","itemListElement":[{"@type":"ListItem","position":1,"name":"Home","item":"https:\/\/saprea.org\/de\/saprea-homepage\/"},{"@type":"ListItem","position":2,"name":"Freiwilliger f\u00fcr Saprea"}]},{"@type":"WebSite","@id":"https:\/\/saprea.org\/de\/#website","url":"https:\/\/saprea.org\/de\/","name":"Saprea","description":"","publisher":{"@id":"https:\/\/saprea.org\/de\/#organization"},"potentialAction":[{"@type":"SearchAction","target":{"@type":"EntryPoint","urlTemplate":"https:\/\/saprea.org\/de\/?s={search_term_string}"},"query-input":{"@type":"PropertyValueSpecification","valueRequired":true,"valueName":"search_term_string"}}],"inLanguage":"de"},{"@type":"Organization","@id":"https:\/\/saprea.org\/de\/#organization","name":"Saprea","url":"https:\/\/saprea.org\/de\/","logo":{"@type":"ImageObject","inLanguage":"de","@id":"https:\/\/saprea.org\/de\/#\/schema\/logo\/image\/","url":"https:\/\/saprea.org\/wp-content\/uploads\/2021\/12\/Vector-7-1.png","contentUrl":"https:\/\/saprea.org\/wp-content\/uploads\/2021\/12\/Vector-7-1.png","width":106,"height":105,"caption":"Saprea"},"image":{"@id":"https:\/\/saprea.org\/de\/#\/schema\/logo\/image\/"},"sameAs":["https:\/\/facebook.com\/saprea.org","https:\/\/x.com\/saprea_org","https:\/\/instagram.com\/youniquefoundation","https:\/\/pinterest.com\/saprea_org","https:\/\/youtube.com\/c\/saprea_org"]}]}},"_links":{"self":[{"href":"https:\/\/saprea.org\/de\/wp-json\/wp\/v2\/pages\/4344","targetHints":{"allow":["GET"]}}],"collection":[{"href":"https:\/\/saprea.org\/de\/wp-json\/wp\/v2\/pages"}],"about":[{"href":"https:\/\/saprea.org\/de\/wp-json\/wp\/v2\/types\/page"}],"author":[{"embeddable":true,"href":"https:\/\/saprea.org\/de\/wp-json\/wp\/v2\/users\/2"}],"replies":[{"embeddable":true,"href":"https:\/\/saprea.org\/de\/wp-json\/wp\/v2\/comments?post=4344"}],"version-history":[{"count":9,"href":"https:\/\/saprea.org\/de\/wp-json\/wp\/v2\/pages\/4344\/revisions"}],"predecessor-version":[{"id":35190,"href":"https:\/\/saprea.org\/de\/wp-json\/wp\/v2\/pages\/4344\/revisions\/35190"}],"wp:attachment":[{"href":"https:\/\/saprea.org\/de\/wp-json\/wp\/v2\/media?parent=4344"}],"curies":[{"name":"wp","href":"https:\/\/api.w.org\/{rel}","templated":true}]}}