{"id":34277,"date":"2025-12-03T11:40:54","date_gmt":"2025-12-03T17:40:54","guid":{"rendered":"https:\/\/saprea.org\/saprea-consumer-health-data-privacy-notice-german\/"},"modified":"2025-12-03T12:22:35","modified_gmt":"2025-12-03T18:22:35","slug":"datenschutzerklaerung-gesundheitsdaten","status":"publish","type":"page","link":"https:\/\/saprea.org\/de\/datenschutzerklaerung-gesundheitsdaten\/","title":{"rendered":"Saprea- Datenschutzerkl\u00e4rung f\u00fcr verbraucherbezogene Gesundheitsdaten"},"content":{"rendered":"<div id=\"cs-content\" class=\"cs-content\"><\/div>\n","protected":false},"excerpt":{"rendered":"<p>Saprea &gt; Saprea- Datenschutzerkl\u00e4rung f\u00fcr verbraucherbezogene GesundheitsdatenSaprea- Datenschutzerkl\u00e4rung f\u00fcr verbraucherbezogene GesundheitsdatenDiese Datenschutzerkl\u00e4rung f\u00fcr verbraucherbezogene Gesundheitsdaten (\u201eErkl\u00e4rung\u201c) enth\u00e4lt zus\u00e4tzliche Informationen zu den verbraucherbezogenen Gesundheitsdaten (wie unten definiert), die Saprea (zusammenfassend \u201ewir\u201c, \u201euns\u201c oder \u201eunser\u201c) erfasst, wie wir diese verwenden, aus welchen Quellen sie stammen und an wen wir sie weitergeben. Diese Erkl\u00e4rung gilt f\u00fcr Einwohner von [&hellip;]<\/p>\n","protected":false},"author":3,"featured_media":4545,"parent":0,"menu_order":0,"comment_status":"closed","ping_status":"closed","template":"","meta":{"footnotes":""},"class_list":["post-34277","page","type-page","status-publish","has-post-thumbnail","hentry"],"yoast_head":"<!-- This site is optimized with the Yoast SEO plugin v27.3 - https:\/\/yoast.com\/product\/yoast-seo-wordpress\/ -->\n<title>Saprea Datenschutzerkl\u00e4rung f\u00fcr Gesundheitsdaten | Saprea<\/title>\n<meta name=\"description\" content=\"Erfahren Sie, wie Saprea Gesundheitsdaten erhebt, nutzt und teilt sowie welche Datenschutzrechte in CT, NV und WA gelten.\" \/>\n<meta name=\"robots\" content=\"index, follow, max-snippet:-1, max-image-preview:large, max-video-preview:-1\" \/>\n<link rel=\"canonical\" href=\"https:\/\/saprea.org\/de\/datenschutzerklaerung-gesundheitsdaten\/\" \/>\n<meta property=\"og:locale\" content=\"de_DE\" \/>\n<meta property=\"og:type\" content=\"article\" \/>\n<meta property=\"og:title\" content=\"Saprea Datenschutzerkl\u00e4rung f\u00fcr Gesundheitsdaten | Saprea\" \/>\n<meta property=\"og:description\" content=\"Erfahren Sie, wie Saprea Gesundheitsdaten erhebt, nutzt und teilt sowie welche Datenschutzrechte in CT, NV und WA gelten.\" \/>\n<meta property=\"og:url\" content=\"https:\/\/saprea.org\/de\/datenschutzerklaerung-gesundheitsdaten\/\" \/>\n<meta property=\"og:site_name\" content=\"Saprea\" \/>\n<meta property=\"article:publisher\" content=\"https:\/\/facebook.com\/saprea.org\" \/>\n<meta property=\"article:modified_time\" content=\"2025-12-03T18:22:35+00:00\" \/>\n<meta property=\"og:image\" content=\"https:\/\/saprea.org\/wp-content\/uploads\/2022\/02\/Featured-image-news-saprea.jpg\" \/>\n\t<meta property=\"og:image:width\" content=\"1082\" \/>\n\t<meta property=\"og:image:height\" content=\"706\" \/>\n\t<meta property=\"og:image:type\" content=\"image\/jpeg\" \/>\n<meta name=\"twitter:card\" content=\"summary_large_image\" \/>\n<meta name=\"twitter:site\" content=\"@saprea_org\" \/>\n<script type=\"application\/ld+json\" class=\"yoast-schema-graph\">{\"@context\":\"https:\\\/\\\/schema.org\",\"@graph\":[{\"@type\":\"WebPage\",\"@id\":\"https:\\\/\\\/saprea.org\\\/de\\\/datenschutzerklaerung-gesundheitsdaten\\\/\",\"url\":\"https:\\\/\\\/saprea.org\\\/de\\\/datenschutzerklaerung-gesundheitsdaten\\\/\",\"name\":\"Saprea Datenschutzerkl\u00e4rung f\u00fcr Gesundheitsdaten | Saprea\",\"isPartOf\":{\"@id\":\"https:\\\/\\\/saprea.org\\\/de\\\/#website\"},\"primaryImageOfPage\":{\"@id\":\"https:\\\/\\\/saprea.org\\\/de\\\/datenschutzerklaerung-gesundheitsdaten\\\/#primaryimage\"},\"image\":{\"@id\":\"https:\\\/\\\/saprea.org\\\/de\\\/datenschutzerklaerung-gesundheitsdaten\\\/#primaryimage\"},\"thumbnailUrl\":\"https:\\\/\\\/saprea.org\\\/wp-content\\\/uploads\\\/2022\\\/02\\\/Featured-image-news-saprea.jpg\",\"datePublished\":\"2025-12-03T17:40:54+00:00\",\"dateModified\":\"2025-12-03T18:22:35+00:00\",\"description\":\"Erfahren Sie, wie Saprea Gesundheitsdaten erhebt, nutzt und teilt sowie welche Datenschutzrechte in CT, NV und WA gelten.\",\"breadcrumb\":{\"@id\":\"https:\\\/\\\/saprea.org\\\/de\\\/datenschutzerklaerung-gesundheitsdaten\\\/#breadcrumb\"},\"inLanguage\":\"de\",\"potentialAction\":[{\"@type\":\"ReadAction\",\"target\":[\"https:\\\/\\\/saprea.org\\\/de\\\/datenschutzerklaerung-gesundheitsdaten\\\/\"]}]},{\"@type\":\"ImageObject\",\"inLanguage\":\"de\",\"@id\":\"https:\\\/\\\/saprea.org\\\/de\\\/datenschutzerklaerung-gesundheitsdaten\\\/#primaryimage\",\"url\":\"https:\\\/\\\/saprea.org\\\/wp-content\\\/uploads\\\/2022\\\/02\\\/Featured-image-news-saprea.jpg\",\"contentUrl\":\"https:\\\/\\\/saprea.org\\\/wp-content\\\/uploads\\\/2022\\\/02\\\/Featured-image-news-saprea.jpg\",\"width\":1082,\"height\":706},{\"@type\":\"BreadcrumbList\",\"@id\":\"https:\\\/\\\/saprea.org\\\/de\\\/datenschutzerklaerung-gesundheitsdaten\\\/#breadcrumb\",\"itemListElement\":[{\"@type\":\"ListItem\",\"position\":1,\"name\":\"Home\",\"item\":\"https:\\\/\\\/saprea.org\\\/de\\\/saprea-homepage\\\/\"},{\"@type\":\"ListItem\",\"position\":2,\"name\":\"Saprea- Datenschutzerkl\u00e4rung f\u00fcr verbraucherbezogene Gesundheitsdaten\"}]},{\"@type\":\"WebSite\",\"@id\":\"https:\\\/\\\/saprea.org\\\/de\\\/#website\",\"url\":\"https:\\\/\\\/saprea.org\\\/de\\\/\",\"name\":\"Saprea\",\"description\":\"\",\"publisher\":{\"@id\":\"https:\\\/\\\/saprea.org\\\/de\\\/#organization\"},\"potentialAction\":[{\"@type\":\"SearchAction\",\"target\":{\"@type\":\"EntryPoint\",\"urlTemplate\":\"https:\\\/\\\/saprea.org\\\/de\\\/?s={search_term_string}\"},\"query-input\":{\"@type\":\"PropertyValueSpecification\",\"valueRequired\":true,\"valueName\":\"search_term_string\"}}],\"inLanguage\":\"de\"},{\"@type\":\"Organization\",\"@id\":\"https:\\\/\\\/saprea.org\\\/de\\\/#organization\",\"name\":\"Saprea\",\"url\":\"https:\\\/\\\/saprea.org\\\/de\\\/\",\"logo\":{\"@type\":\"ImageObject\",\"inLanguage\":\"de\",\"@id\":\"https:\\\/\\\/saprea.org\\\/de\\\/#\\\/schema\\\/logo\\\/image\\\/\",\"url\":\"https:\\\/\\\/saprea.org\\\/wp-content\\\/uploads\\\/2021\\\/12\\\/Vector-7-1.png\",\"contentUrl\":\"https:\\\/\\\/saprea.org\\\/wp-content\\\/uploads\\\/2021\\\/12\\\/Vector-7-1.png\",\"width\":106,\"height\":105,\"caption\":\"Saprea\"},\"image\":{\"@id\":\"https:\\\/\\\/saprea.org\\\/de\\\/#\\\/schema\\\/logo\\\/image\\\/\"},\"sameAs\":[\"https:\\\/\\\/facebook.com\\\/saprea.org\",\"https:\\\/\\\/x.com\\\/saprea_org\",\"https:\\\/\\\/instagram.com\\\/youniquefoundation\",\"https:\\\/\\\/pinterest.com\\\/saprea_org\",\"https:\\\/\\\/youtube.com\\\/c\\\/saprea_org\"]}]}<\/script>\n<!-- \/ Yoast SEO plugin. -->","yoast_head_json":{"title":"Saprea Datenschutzerkl\u00e4rung f\u00fcr Gesundheitsdaten | Saprea","description":"Erfahren Sie, wie Saprea Gesundheitsdaten erhebt, nutzt und teilt sowie welche Datenschutzrechte in CT, NV und WA gelten.","robots":{"index":"index","follow":"follow","max-snippet":"max-snippet:-1","max-image-preview":"max-image-preview:large","max-video-preview":"max-video-preview:-1"},"canonical":"https:\/\/saprea.org\/de\/datenschutzerklaerung-gesundheitsdaten\/","og_locale":"de_DE","og_type":"article","og_title":"Saprea Datenschutzerkl\u00e4rung f\u00fcr Gesundheitsdaten | Saprea","og_description":"Erfahren Sie, wie Saprea Gesundheitsdaten erhebt, nutzt und teilt sowie welche Datenschutzrechte in CT, NV und WA gelten.","og_url":"https:\/\/saprea.org\/de\/datenschutzerklaerung-gesundheitsdaten\/","og_site_name":"Saprea","article_publisher":"https:\/\/facebook.com\/saprea.org","article_modified_time":"2025-12-03T18:22:35+00:00","og_image":[{"width":1082,"height":706,"url":"https:\/\/saprea.org\/wp-content\/uploads\/2022\/02\/Featured-image-news-saprea.jpg","type":"image\/jpeg"}],"twitter_card":"summary_large_image","twitter_site":"@saprea_org","schema":{"@context":"https:\/\/schema.org","@graph":[{"@type":"WebPage","@id":"https:\/\/saprea.org\/de\/datenschutzerklaerung-gesundheitsdaten\/","url":"https:\/\/saprea.org\/de\/datenschutzerklaerung-gesundheitsdaten\/","name":"Saprea Datenschutzerkl\u00e4rung f\u00fcr Gesundheitsdaten | Saprea","isPartOf":{"@id":"https:\/\/saprea.org\/de\/#website"},"primaryImageOfPage":{"@id":"https:\/\/saprea.org\/de\/datenschutzerklaerung-gesundheitsdaten\/#primaryimage"},"image":{"@id":"https:\/\/saprea.org\/de\/datenschutzerklaerung-gesundheitsdaten\/#primaryimage"},"thumbnailUrl":"https:\/\/saprea.org\/wp-content\/uploads\/2022\/02\/Featured-image-news-saprea.jpg","datePublished":"2025-12-03T17:40:54+00:00","dateModified":"2025-12-03T18:22:35+00:00","description":"Erfahren Sie, wie Saprea Gesundheitsdaten erhebt, nutzt und teilt sowie welche Datenschutzrechte in CT, NV und WA gelten.","breadcrumb":{"@id":"https:\/\/saprea.org\/de\/datenschutzerklaerung-gesundheitsdaten\/#breadcrumb"},"inLanguage":"de","potentialAction":[{"@type":"ReadAction","target":["https:\/\/saprea.org\/de\/datenschutzerklaerung-gesundheitsdaten\/"]}]},{"@type":"ImageObject","inLanguage":"de","@id":"https:\/\/saprea.org\/de\/datenschutzerklaerung-gesundheitsdaten\/#primaryimage","url":"https:\/\/saprea.org\/wp-content\/uploads\/2022\/02\/Featured-image-news-saprea.jpg","contentUrl":"https:\/\/saprea.org\/wp-content\/uploads\/2022\/02\/Featured-image-news-saprea.jpg","width":1082,"height":706},{"@type":"BreadcrumbList","@id":"https:\/\/saprea.org\/de\/datenschutzerklaerung-gesundheitsdaten\/#breadcrumb","itemListElement":[{"@type":"ListItem","position":1,"name":"Home","item":"https:\/\/saprea.org\/de\/saprea-homepage\/"},{"@type":"ListItem","position":2,"name":"Saprea- Datenschutzerkl\u00e4rung f\u00fcr verbraucherbezogene Gesundheitsdaten"}]},{"@type":"WebSite","@id":"https:\/\/saprea.org\/de\/#website","url":"https:\/\/saprea.org\/de\/","name":"Saprea","description":"","publisher":{"@id":"https:\/\/saprea.org\/de\/#organization"},"potentialAction":[{"@type":"SearchAction","target":{"@type":"EntryPoint","urlTemplate":"https:\/\/saprea.org\/de\/?s={search_term_string}"},"query-input":{"@type":"PropertyValueSpecification","valueRequired":true,"valueName":"search_term_string"}}],"inLanguage":"de"},{"@type":"Organization","@id":"https:\/\/saprea.org\/de\/#organization","name":"Saprea","url":"https:\/\/saprea.org\/de\/","logo":{"@type":"ImageObject","inLanguage":"de","@id":"https:\/\/saprea.org\/de\/#\/schema\/logo\/image\/","url":"https:\/\/saprea.org\/wp-content\/uploads\/2021\/12\/Vector-7-1.png","contentUrl":"https:\/\/saprea.org\/wp-content\/uploads\/2021\/12\/Vector-7-1.png","width":106,"height":105,"caption":"Saprea"},"image":{"@id":"https:\/\/saprea.org\/de\/#\/schema\/logo\/image\/"},"sameAs":["https:\/\/facebook.com\/saprea.org","https:\/\/x.com\/saprea_org","https:\/\/instagram.com\/youniquefoundation","https:\/\/pinterest.com\/saprea_org","https:\/\/youtube.com\/c\/saprea_org"]}]}},"_links":{"self":[{"href":"https:\/\/saprea.org\/de\/wp-json\/wp\/v2\/pages\/34277","targetHints":{"allow":["GET"]}}],"collection":[{"href":"https:\/\/saprea.org\/de\/wp-json\/wp\/v2\/pages"}],"about":[{"href":"https:\/\/saprea.org\/de\/wp-json\/wp\/v2\/types\/page"}],"author":[{"embeddable":true,"href":"https:\/\/saprea.org\/de\/wp-json\/wp\/v2\/users\/3"}],"replies":[{"embeddable":true,"href":"https:\/\/saprea.org\/de\/wp-json\/wp\/v2\/comments?post=34277"}],"version-history":[{"count":39,"href":"https:\/\/saprea.org\/de\/wp-json\/wp\/v2\/pages\/34277\/revisions"}],"predecessor-version":[{"id":34316,"href":"https:\/\/saprea.org\/de\/wp-json\/wp\/v2\/pages\/34277\/revisions\/34316"}],"wp:featuredmedia":[{"embeddable":true,"href":"https:\/\/saprea.org\/de\/wp-json\/wp\/v2\/media\/4545"}],"wp:attachment":[{"href":"https:\/\/saprea.org\/de\/wp-json\/wp\/v2\/media?parent=34277"}],"curies":[{"name":"wp","href":"https:\/\/api.w.org\/{rel}","templated":true}]}}