{"id":33085,"date":"2025-07-31T14:44:06","date_gmt":"2025-07-31T20:44:06","guid":{"rendered":"https:\/\/saprea.org\/help-us-bring-awareness-to-the-issue-of-child-sexual-abuse-german\/"},"modified":"2025-08-04T10:54:20","modified_gmt":"2025-08-04T16:54:20","slug":"child-sexual-abuse-awareness","status":"publish","type":"page","link":"https:\/\/saprea.org\/de\/child-sexual-abuse-awareness\/","title":{"rendered":"Unterst\u00fctze Aufkl\u00e4rung \u00fcber sexuellen Kindesmissbrauch"},"content":{"rendered":"<div id=\"cs-content\" class=\"cs-content\"><\/div>\n","protected":false},"excerpt":{"rendered":"<p>Saprea &gt; Unterst\u00fctze Aufkl\u00e4rung \u00fcber sexuellen KindesmissbrauchSaprea &gt; Unterst\u00fctze Aufkl\u00e4rung \u00fcber sexuellen KindesmissbrauchBewusstseinWorte sind m\u00e4chtig. Dialog ist entscheidend.Es gibt Hoffnung f\u00fcr alle Betroffenen und Ver\u00e4nderungen sind m\u00f6glich, wenn wir gemeinsam daran arbeiten, ein sichereres Umfeld f\u00fcr alle zu schaffen.UNSERE MISSION UNTERST\u00dcTZENBewusstseinWorte sind m\u00e4chtig. Dialog ist entscheidend.Es gibt Hoffnung f\u00fcr alle Betroffenen und Ver\u00e4nderungen sind m\u00f6glich, [&hellip;]<\/p>\n","protected":false},"author":3,"featured_media":32743,"parent":0,"menu_order":0,"comment_status":"closed","ping_status":"closed","template":"","meta":{"footnotes":""},"class_list":["post-33085","page","type-page","status-publish","has-post-thumbnail","hentry"],"yoast_head":"<!-- This site is optimized with the Yoast SEO plugin v27.3 - https:\/\/yoast.com\/product\/yoast-seo-wordpress\/ -->\n<title>Unterst\u00fctze Aufkl\u00e4rung \u00fcber sexuellen Kindesmissbrauch<\/title>\n<meta name=\"description\" content=\"Engagiere dich, um das Schweigen des sexuellen Kindesmissbrauch zu brechen. Verwende die kostenlosen Ressourcen von Saprea, um aufzukl\u00e4ren, dich einzusetzen und Ma\u00dfnahmen zu ergreifen, um in deiner Gemeinschaft sinnvolle Ver\u00e4nderungen zu bewirken.\" \/>\n<meta name=\"robots\" content=\"index, follow, max-snippet:-1, max-image-preview:large, max-video-preview:-1\" \/>\n<link rel=\"canonical\" href=\"https:\/\/saprea.org\/de\/child-sexual-abuse-awareness\/\" \/>\n<meta property=\"og:locale\" content=\"de_DE\" \/>\n<meta property=\"og:type\" content=\"article\" \/>\n<meta property=\"og:title\" content=\"Unterst\u00fctze Aufkl\u00e4rung \u00fcber sexuellen Kindesmissbrauch\" \/>\n<meta property=\"og:description\" content=\"Engagiere dich, um das Schweigen des sexuellen Kindesmissbrauch zu brechen. Verwende die kostenlosen Ressourcen von Saprea, um aufzukl\u00e4ren, dich einzusetzen und Ma\u00dfnahmen zu ergreifen, um in deiner Gemeinschaft sinnvolle Ver\u00e4nderungen zu bewirken.\" \/>\n<meta property=\"og:url\" content=\"https:\/\/saprea.org\/de\/child-sexual-abuse-awareness\/\" \/>\n<meta property=\"og:site_name\" content=\"Saprea\" \/>\n<meta property=\"article:publisher\" content=\"https:\/\/facebook.com\/saprea.org\" \/>\n<meta property=\"article:modified_time\" content=\"2025-08-04T16:54:20+00:00\" \/>\n<meta property=\"og:image\" content=\"https:\/\/saprea.org\/wp-content\/uploads\/2025\/07\/Awareness_Hero-Mobile.png\" \/>\n\t<meta property=\"og:image:width\" content=\"2400\" \/>\n\t<meta property=\"og:image:height\" content=\"1150\" \/>\n\t<meta property=\"og:image:type\" content=\"image\/png\" \/>\n<meta name=\"twitter:card\" content=\"summary_large_image\" \/>\n<meta name=\"twitter:site\" content=\"@saprea_org\" \/>\n<script type=\"application\/ld+json\" class=\"yoast-schema-graph\">{\"@context\":\"https:\\\/\\\/schema.org\",\"@graph\":[{\"@type\":\"WebPage\",\"@id\":\"https:\\\/\\\/saprea.org\\\/de\\\/child-sexual-abuse-awareness\\\/\",\"url\":\"https:\\\/\\\/saprea.org\\\/de\\\/child-sexual-abuse-awareness\\\/\",\"name\":\"Unterst\u00fctze Aufkl\u00e4rung \u00fcber sexuellen Kindesmissbrauch\",\"isPartOf\":{\"@id\":\"https:\\\/\\\/saprea.org\\\/de\\\/#website\"},\"primaryImageOfPage\":{\"@id\":\"https:\\\/\\\/saprea.org\\\/de\\\/child-sexual-abuse-awareness\\\/#primaryimage\"},\"image\":{\"@id\":\"https:\\\/\\\/saprea.org\\\/de\\\/child-sexual-abuse-awareness\\\/#primaryimage\"},\"thumbnailUrl\":\"https:\\\/\\\/saprea.org\\\/wp-content\\\/uploads\\\/2025\\\/07\\\/Awareness_Hero-Mobile.png\",\"datePublished\":\"2025-07-31T20:44:06+00:00\",\"dateModified\":\"2025-08-04T16:54:20+00:00\",\"description\":\"Engagiere dich, um das Schweigen des sexuellen Kindesmissbrauch zu brechen. Verwende die kostenlosen Ressourcen von Saprea, um aufzukl\u00e4ren, dich einzusetzen und Ma\u00dfnahmen zu ergreifen, um in deiner Gemeinschaft sinnvolle Ver\u00e4nderungen zu bewirken.\",\"breadcrumb\":{\"@id\":\"https:\\\/\\\/saprea.org\\\/de\\\/child-sexual-abuse-awareness\\\/#breadcrumb\"},\"inLanguage\":\"de\",\"potentialAction\":[{\"@type\":\"ReadAction\",\"target\":[\"https:\\\/\\\/saprea.org\\\/de\\\/child-sexual-abuse-awareness\\\/\"]}]},{\"@type\":\"ImageObject\",\"inLanguage\":\"de\",\"@id\":\"https:\\\/\\\/saprea.org\\\/de\\\/child-sexual-abuse-awareness\\\/#primaryimage\",\"url\":\"https:\\\/\\\/saprea.org\\\/wp-content\\\/uploads\\\/2025\\\/07\\\/Awareness_Hero-Mobile.png\",\"contentUrl\":\"https:\\\/\\\/saprea.org\\\/wp-content\\\/uploads\\\/2025\\\/07\\\/Awareness_Hero-Mobile.png\",\"width\":2400,\"height\":1150,\"caption\":\"Three people wearing matching \\\"Saprea\\\" t-shirts smile while posing together in a modern, light-filled space with shelves decorated with plants and ceramics.\"},{\"@type\":\"BreadcrumbList\",\"@id\":\"https:\\\/\\\/saprea.org\\\/de\\\/child-sexual-abuse-awareness\\\/#breadcrumb\",\"itemListElement\":[{\"@type\":\"ListItem\",\"position\":1,\"name\":\"Home\",\"item\":\"https:\\\/\\\/saprea.org\\\/de\\\/saprea-homepage\\\/\"},{\"@type\":\"ListItem\",\"position\":2,\"name\":\"Unterst\u00fctze Aufkl\u00e4rung \u00fcber sexuellen Kindesmissbrauch\"}]},{\"@type\":\"WebSite\",\"@id\":\"https:\\\/\\\/saprea.org\\\/de\\\/#website\",\"url\":\"https:\\\/\\\/saprea.org\\\/de\\\/\",\"name\":\"Saprea\",\"description\":\"\",\"publisher\":{\"@id\":\"https:\\\/\\\/saprea.org\\\/de\\\/#organization\"},\"potentialAction\":[{\"@type\":\"SearchAction\",\"target\":{\"@type\":\"EntryPoint\",\"urlTemplate\":\"https:\\\/\\\/saprea.org\\\/de\\\/?s={search_term_string}\"},\"query-input\":{\"@type\":\"PropertyValueSpecification\",\"valueRequired\":true,\"valueName\":\"search_term_string\"}}],\"inLanguage\":\"de\"},{\"@type\":\"Organization\",\"@id\":\"https:\\\/\\\/saprea.org\\\/de\\\/#organization\",\"name\":\"Saprea\",\"url\":\"https:\\\/\\\/saprea.org\\\/de\\\/\",\"logo\":{\"@type\":\"ImageObject\",\"inLanguage\":\"de\",\"@id\":\"https:\\\/\\\/saprea.org\\\/de\\\/#\\\/schema\\\/logo\\\/image\\\/\",\"url\":\"https:\\\/\\\/saprea.org\\\/wp-content\\\/uploads\\\/2021\\\/12\\\/Vector-7-1.png\",\"contentUrl\":\"https:\\\/\\\/saprea.org\\\/wp-content\\\/uploads\\\/2021\\\/12\\\/Vector-7-1.png\",\"width\":106,\"height\":105,\"caption\":\"Saprea\"},\"image\":{\"@id\":\"https:\\\/\\\/saprea.org\\\/de\\\/#\\\/schema\\\/logo\\\/image\\\/\"},\"sameAs\":[\"https:\\\/\\\/facebook.com\\\/saprea.org\",\"https:\\\/\\\/x.com\\\/saprea_org\",\"https:\\\/\\\/instagram.com\\\/youniquefoundation\",\"https:\\\/\\\/pinterest.com\\\/saprea_org\",\"https:\\\/\\\/youtube.com\\\/c\\\/saprea_org\"]}]}<\/script>\n<!-- \/ Yoast SEO plugin. -->","yoast_head_json":{"title":"Unterst\u00fctze Aufkl\u00e4rung \u00fcber sexuellen Kindesmissbrauch","description":"Engagiere dich, um das Schweigen des sexuellen Kindesmissbrauch zu brechen. Verwende die kostenlosen Ressourcen von Saprea, um aufzukl\u00e4ren, dich einzusetzen und Ma\u00dfnahmen zu ergreifen, um in deiner Gemeinschaft sinnvolle Ver\u00e4nderungen zu bewirken.","robots":{"index":"index","follow":"follow","max-snippet":"max-snippet:-1","max-image-preview":"max-image-preview:large","max-video-preview":"max-video-preview:-1"},"canonical":"https:\/\/saprea.org\/de\/child-sexual-abuse-awareness\/","og_locale":"de_DE","og_type":"article","og_title":"Unterst\u00fctze Aufkl\u00e4rung \u00fcber sexuellen Kindesmissbrauch","og_description":"Engagiere dich, um das Schweigen des sexuellen Kindesmissbrauch zu brechen. Verwende die kostenlosen Ressourcen von Saprea, um aufzukl\u00e4ren, dich einzusetzen und Ma\u00dfnahmen zu ergreifen, um in deiner Gemeinschaft sinnvolle Ver\u00e4nderungen zu bewirken.","og_url":"https:\/\/saprea.org\/de\/child-sexual-abuse-awareness\/","og_site_name":"Saprea","article_publisher":"https:\/\/facebook.com\/saprea.org","article_modified_time":"2025-08-04T16:54:20+00:00","og_image":[{"width":2400,"height":1150,"url":"https:\/\/saprea.org\/wp-content\/uploads\/2025\/07\/Awareness_Hero-Mobile.png","type":"image\/png"}],"twitter_card":"summary_large_image","twitter_site":"@saprea_org","schema":{"@context":"https:\/\/schema.org","@graph":[{"@type":"WebPage","@id":"https:\/\/saprea.org\/de\/child-sexual-abuse-awareness\/","url":"https:\/\/saprea.org\/de\/child-sexual-abuse-awareness\/","name":"Unterst\u00fctze Aufkl\u00e4rung \u00fcber sexuellen Kindesmissbrauch","isPartOf":{"@id":"https:\/\/saprea.org\/de\/#website"},"primaryImageOfPage":{"@id":"https:\/\/saprea.org\/de\/child-sexual-abuse-awareness\/#primaryimage"},"image":{"@id":"https:\/\/saprea.org\/de\/child-sexual-abuse-awareness\/#primaryimage"},"thumbnailUrl":"https:\/\/saprea.org\/wp-content\/uploads\/2025\/07\/Awareness_Hero-Mobile.png","datePublished":"2025-07-31T20:44:06+00:00","dateModified":"2025-08-04T16:54:20+00:00","description":"Engagiere dich, um das Schweigen des sexuellen Kindesmissbrauch zu brechen. Verwende die kostenlosen Ressourcen von Saprea, um aufzukl\u00e4ren, dich einzusetzen und Ma\u00dfnahmen zu ergreifen, um in deiner Gemeinschaft sinnvolle Ver\u00e4nderungen zu bewirken.","breadcrumb":{"@id":"https:\/\/saprea.org\/de\/child-sexual-abuse-awareness\/#breadcrumb"},"inLanguage":"de","potentialAction":[{"@type":"ReadAction","target":["https:\/\/saprea.org\/de\/child-sexual-abuse-awareness\/"]}]},{"@type":"ImageObject","inLanguage":"de","@id":"https:\/\/saprea.org\/de\/child-sexual-abuse-awareness\/#primaryimage","url":"https:\/\/saprea.org\/wp-content\/uploads\/2025\/07\/Awareness_Hero-Mobile.png","contentUrl":"https:\/\/saprea.org\/wp-content\/uploads\/2025\/07\/Awareness_Hero-Mobile.png","width":2400,"height":1150,"caption":"Three people wearing matching \"Saprea\" t-shirts smile while posing together in a modern, light-filled space with shelves decorated with plants and ceramics."},{"@type":"BreadcrumbList","@id":"https:\/\/saprea.org\/de\/child-sexual-abuse-awareness\/#breadcrumb","itemListElement":[{"@type":"ListItem","position":1,"name":"Home","item":"https:\/\/saprea.org\/de\/saprea-homepage\/"},{"@type":"ListItem","position":2,"name":"Unterst\u00fctze Aufkl\u00e4rung \u00fcber sexuellen Kindesmissbrauch"}]},{"@type":"WebSite","@id":"https:\/\/saprea.org\/de\/#website","url":"https:\/\/saprea.org\/de\/","name":"Saprea","description":"","publisher":{"@id":"https:\/\/saprea.org\/de\/#organization"},"potentialAction":[{"@type":"SearchAction","target":{"@type":"EntryPoint","urlTemplate":"https:\/\/saprea.org\/de\/?s={search_term_string}"},"query-input":{"@type":"PropertyValueSpecification","valueRequired":true,"valueName":"search_term_string"}}],"inLanguage":"de"},{"@type":"Organization","@id":"https:\/\/saprea.org\/de\/#organization","name":"Saprea","url":"https:\/\/saprea.org\/de\/","logo":{"@type":"ImageObject","inLanguage":"de","@id":"https:\/\/saprea.org\/de\/#\/schema\/logo\/image\/","url":"https:\/\/saprea.org\/wp-content\/uploads\/2021\/12\/Vector-7-1.png","contentUrl":"https:\/\/saprea.org\/wp-content\/uploads\/2021\/12\/Vector-7-1.png","width":106,"height":105,"caption":"Saprea"},"image":{"@id":"https:\/\/saprea.org\/de\/#\/schema\/logo\/image\/"},"sameAs":["https:\/\/facebook.com\/saprea.org","https:\/\/x.com\/saprea_org","https:\/\/instagram.com\/youniquefoundation","https:\/\/pinterest.com\/saprea_org","https:\/\/youtube.com\/c\/saprea_org"]}]}},"_links":{"self":[{"href":"https:\/\/saprea.org\/de\/wp-json\/wp\/v2\/pages\/33085","targetHints":{"allow":["GET"]}}],"collection":[{"href":"https:\/\/saprea.org\/de\/wp-json\/wp\/v2\/pages"}],"about":[{"href":"https:\/\/saprea.org\/de\/wp-json\/wp\/v2\/types\/page"}],"author":[{"embeddable":true,"href":"https:\/\/saprea.org\/de\/wp-json\/wp\/v2\/users\/3"}],"replies":[{"embeddable":true,"href":"https:\/\/saprea.org\/de\/wp-json\/wp\/v2\/comments?post=33085"}],"version-history":[{"count":0,"href":"https:\/\/saprea.org\/de\/wp-json\/wp\/v2\/pages\/33085\/revisions"}],"wp:featuredmedia":[{"embeddable":true,"href":"https:\/\/saprea.org\/de\/wp-json\/wp\/v2\/media\/32743"}],"wp:attachment":[{"href":"https:\/\/saprea.org\/de\/wp-json\/wp\/v2\/media?parent=33085"}],"curies":[{"name":"wp","href":"https:\/\/api.w.org\/{rel}","templated":true}]}}