{"id":3253,"date":"2022-09-06T21:55:42","date_gmt":"2022-09-06T21:55:42","guid":{"rendered":"https:\/\/saprea.org\/?page_id=3253"},"modified":"2026-02-20T15:22:17","modified_gmt":"2026-02-20T22:22:17","slug":"saprea-retreat","status":"publish","type":"page","link":"https:\/\/saprea.org\/de\/saprea-retreat\/","title":{"rendered":"Saprea Retreat"},"content":{"rendered":"<div id=\"cs-content\" class=\"cs-content\"><\/div>\n","protected":false},"excerpt":{"rendered":"<p>Saprea RetreatDas Saprea Retreat ist ein kostenloses, klinisch informiertes viert\u00e4giges Erlebnis gefolgt von einem selbstgef\u00fchrten Online-Kurs f\u00fcr erwachsene Frauen, die vor ihrem 19. Lebensjahr sexuell missbraucht wurden. Das Retreat wird von unserem Team aus lizenzierten Therapeutinnen und Betreuerinnen geleitet, die \u00dcberlebenden helfen wollen, zu heilen. W\u00e4hrend des Retreats lernen die \u00dcberlebenden die Auswirkungen des Traumas, [&hellip;]<\/p>\n","protected":false},"author":2,"featured_media":0,"parent":0,"menu_order":0,"comment_status":"closed","ping_status":"closed","template":"","meta":{"footnotes":""},"class_list":["post-3253","page","type-page","status-publish","hentry"],"yoast_head":"<!-- This site is optimized with the Yoast SEO plugin v27.3 - https:\/\/yoast.com\/product\/yoast-seo-wordpress\/ -->\n<title>Das Saprea Retreat | Saprea<\/title>\n<meta name=\"description\" content=\"Das Saprea Retreat ist ein kostenloses 4-t\u00e4giges klinisches Programm f\u00fcr erwachsene weibliche \u00dcberlebende sexuellen Kindesmissbrauchs.\" \/>\n<meta name=\"robots\" content=\"index, follow, max-snippet:-1, max-image-preview:large, max-video-preview:-1\" \/>\n<link rel=\"canonical\" href=\"https:\/\/saprea.org\/de\/saprea-retreat\/\" \/>\n<meta property=\"og:locale\" content=\"de_DE\" \/>\n<meta property=\"og:type\" content=\"article\" \/>\n<meta property=\"og:title\" content=\"Das Saprea Retreat | Saprea\" \/>\n<meta property=\"og:description\" content=\"Das Saprea Retreat ist ein kostenloses 4-t\u00e4giges klinisches Programm f\u00fcr erwachsene weibliche \u00dcberlebende sexuellen Kindesmissbrauchs.\" \/>\n<meta property=\"og:url\" content=\"https:\/\/saprea.org\/de\/saprea-retreat\/\" \/>\n<meta property=\"og:site_name\" content=\"Saprea\" \/>\n<meta property=\"article:publisher\" content=\"https:\/\/facebook.com\/saprea.org\" \/>\n<meta property=\"article:modified_time\" content=\"2026-02-20T22:22:17+00:00\" \/>\n<meta name=\"twitter:card\" content=\"summary_large_image\" \/>\n<meta name=\"twitter:site\" content=\"@saprea_org\" \/>\n<meta name=\"twitter:label1\" content=\"Gesch\u00e4tzte Lesezeit\" \/>\n\t<meta name=\"twitter:data1\" content=\"9\u00a0Minuten\" \/>\n<script type=\"application\/ld+json\" class=\"yoast-schema-graph\">{\"@context\":\"https:\\\/\\\/schema.org\",\"@graph\":[{\"@type\":\"WebPage\",\"@id\":\"https:\\\/\\\/saprea.org\\\/de\\\/saprea-retreat\\\/\",\"url\":\"https:\\\/\\\/saprea.org\\\/de\\\/saprea-retreat\\\/\",\"name\":\"Das Saprea Retreat | Saprea\",\"isPartOf\":{\"@id\":\"https:\\\/\\\/saprea.org\\\/de\\\/#website\"},\"datePublished\":\"2022-09-06T21:55:42+00:00\",\"dateModified\":\"2026-02-20T22:22:17+00:00\",\"description\":\"Das Saprea Retreat ist ein kostenloses 4-t\u00e4giges klinisches Programm f\u00fcr erwachsene weibliche \u00dcberlebende sexuellen Kindesmissbrauchs.\",\"breadcrumb\":{\"@id\":\"https:\\\/\\\/saprea.org\\\/de\\\/saprea-retreat\\\/#breadcrumb\"},\"inLanguage\":\"de\",\"potentialAction\":[{\"@type\":\"ReadAction\",\"target\":[\"https:\\\/\\\/saprea.org\\\/de\\\/saprea-retreat\\\/\"]}]},{\"@type\":\"BreadcrumbList\",\"@id\":\"https:\\\/\\\/saprea.org\\\/de\\\/saprea-retreat\\\/#breadcrumb\",\"itemListElement\":[{\"@type\":\"ListItem\",\"position\":1,\"name\":\"Home\",\"item\":\"https:\\\/\\\/saprea.org\\\/de\\\/saprea-homepage\\\/\"},{\"@type\":\"ListItem\",\"position\":2,\"name\":\"Saprea Retreat\"}]},{\"@type\":\"WebSite\",\"@id\":\"https:\\\/\\\/saprea.org\\\/de\\\/#website\",\"url\":\"https:\\\/\\\/saprea.org\\\/de\\\/\",\"name\":\"Saprea\",\"description\":\"\",\"publisher\":{\"@id\":\"https:\\\/\\\/saprea.org\\\/de\\\/#organization\"},\"potentialAction\":[{\"@type\":\"SearchAction\",\"target\":{\"@type\":\"EntryPoint\",\"urlTemplate\":\"https:\\\/\\\/saprea.org\\\/de\\\/?s={search_term_string}\"},\"query-input\":{\"@type\":\"PropertyValueSpecification\",\"valueRequired\":true,\"valueName\":\"search_term_string\"}}],\"inLanguage\":\"de\"},{\"@type\":\"Organization\",\"@id\":\"https:\\\/\\\/saprea.org\\\/de\\\/#organization\",\"name\":\"Saprea\",\"url\":\"https:\\\/\\\/saprea.org\\\/de\\\/\",\"logo\":{\"@type\":\"ImageObject\",\"inLanguage\":\"de\",\"@id\":\"https:\\\/\\\/saprea.org\\\/de\\\/#\\\/schema\\\/logo\\\/image\\\/\",\"url\":\"https:\\\/\\\/saprea.org\\\/wp-content\\\/uploads\\\/2021\\\/12\\\/Vector-7-1.png\",\"contentUrl\":\"https:\\\/\\\/saprea.org\\\/wp-content\\\/uploads\\\/2021\\\/12\\\/Vector-7-1.png\",\"width\":106,\"height\":105,\"caption\":\"Saprea\"},\"image\":{\"@id\":\"https:\\\/\\\/saprea.org\\\/de\\\/#\\\/schema\\\/logo\\\/image\\\/\"},\"sameAs\":[\"https:\\\/\\\/facebook.com\\\/saprea.org\",\"https:\\\/\\\/x.com\\\/saprea_org\",\"https:\\\/\\\/instagram.com\\\/youniquefoundation\",\"https:\\\/\\\/pinterest.com\\\/saprea_org\",\"https:\\\/\\\/youtube.com\\\/c\\\/saprea_org\"]}]}<\/script>\n<!-- \/ Yoast SEO plugin. -->","yoast_head_json":{"title":"Das Saprea Retreat | Saprea","description":"Das Saprea Retreat ist ein kostenloses 4-t\u00e4giges klinisches Programm f\u00fcr erwachsene weibliche \u00dcberlebende sexuellen Kindesmissbrauchs.","robots":{"index":"index","follow":"follow","max-snippet":"max-snippet:-1","max-image-preview":"max-image-preview:large","max-video-preview":"max-video-preview:-1"},"canonical":"https:\/\/saprea.org\/de\/saprea-retreat\/","og_locale":"de_DE","og_type":"article","og_title":"Das Saprea Retreat | Saprea","og_description":"Das Saprea Retreat ist ein kostenloses 4-t\u00e4giges klinisches Programm f\u00fcr erwachsene weibliche \u00dcberlebende sexuellen Kindesmissbrauchs.","og_url":"https:\/\/saprea.org\/de\/saprea-retreat\/","og_site_name":"Saprea","article_publisher":"https:\/\/facebook.com\/saprea.org","article_modified_time":"2026-02-20T22:22:17+00:00","twitter_card":"summary_large_image","twitter_site":"@saprea_org","twitter_misc":{"Gesch\u00e4tzte Lesezeit":"9\u00a0Minuten"},"schema":{"@context":"https:\/\/schema.org","@graph":[{"@type":"WebPage","@id":"https:\/\/saprea.org\/de\/saprea-retreat\/","url":"https:\/\/saprea.org\/de\/saprea-retreat\/","name":"Das Saprea Retreat | Saprea","isPartOf":{"@id":"https:\/\/saprea.org\/de\/#website"},"datePublished":"2022-09-06T21:55:42+00:00","dateModified":"2026-02-20T22:22:17+00:00","description":"Das Saprea Retreat ist ein kostenloses 4-t\u00e4giges klinisches Programm f\u00fcr erwachsene weibliche \u00dcberlebende sexuellen Kindesmissbrauchs.","breadcrumb":{"@id":"https:\/\/saprea.org\/de\/saprea-retreat\/#breadcrumb"},"inLanguage":"de","potentialAction":[{"@type":"ReadAction","target":["https:\/\/saprea.org\/de\/saprea-retreat\/"]}]},{"@type":"BreadcrumbList","@id":"https:\/\/saprea.org\/de\/saprea-retreat\/#breadcrumb","itemListElement":[{"@type":"ListItem","position":1,"name":"Home","item":"https:\/\/saprea.org\/de\/saprea-homepage\/"},{"@type":"ListItem","position":2,"name":"Saprea Retreat"}]},{"@type":"WebSite","@id":"https:\/\/saprea.org\/de\/#website","url":"https:\/\/saprea.org\/de\/","name":"Saprea","description":"","publisher":{"@id":"https:\/\/saprea.org\/de\/#organization"},"potentialAction":[{"@type":"SearchAction","target":{"@type":"EntryPoint","urlTemplate":"https:\/\/saprea.org\/de\/?s={search_term_string}"},"query-input":{"@type":"PropertyValueSpecification","valueRequired":true,"valueName":"search_term_string"}}],"inLanguage":"de"},{"@type":"Organization","@id":"https:\/\/saprea.org\/de\/#organization","name":"Saprea","url":"https:\/\/saprea.org\/de\/","logo":{"@type":"ImageObject","inLanguage":"de","@id":"https:\/\/saprea.org\/de\/#\/schema\/logo\/image\/","url":"https:\/\/saprea.org\/wp-content\/uploads\/2021\/12\/Vector-7-1.png","contentUrl":"https:\/\/saprea.org\/wp-content\/uploads\/2021\/12\/Vector-7-1.png","width":106,"height":105,"caption":"Saprea"},"image":{"@id":"https:\/\/saprea.org\/de\/#\/schema\/logo\/image\/"},"sameAs":["https:\/\/facebook.com\/saprea.org","https:\/\/x.com\/saprea_org","https:\/\/instagram.com\/youniquefoundation","https:\/\/pinterest.com\/saprea_org","https:\/\/youtube.com\/c\/saprea_org"]}]}},"_links":{"self":[{"href":"https:\/\/saprea.org\/de\/wp-json\/wp\/v2\/pages\/3253","targetHints":{"allow":["GET"]}}],"collection":[{"href":"https:\/\/saprea.org\/de\/wp-json\/wp\/v2\/pages"}],"about":[{"href":"https:\/\/saprea.org\/de\/wp-json\/wp\/v2\/types\/page"}],"author":[{"embeddable":true,"href":"https:\/\/saprea.org\/de\/wp-json\/wp\/v2\/users\/2"}],"replies":[{"embeddable":true,"href":"https:\/\/saprea.org\/de\/wp-json\/wp\/v2\/comments?post=3253"}],"version-history":[{"count":2,"href":"https:\/\/saprea.org\/de\/wp-json\/wp\/v2\/pages\/3253\/revisions"}],"predecessor-version":[{"id":35289,"href":"https:\/\/saprea.org\/de\/wp-json\/wp\/v2\/pages\/3253\/revisions\/35289"}],"wp:attachment":[{"href":"https:\/\/saprea.org\/de\/wp-json\/wp\/v2\/media?parent=3253"}],"curies":[{"name":"wp","href":"https:\/\/api.w.org\/{rel}","templated":true}]}}