{"id":32258,"date":"2025-04-15T10:35:08","date_gmt":"2025-04-15T16:35:08","guid":{"rendered":"https:\/\/saprea.org\/sapreas-strategies-for-preventing-child-sexual-abuse-german\/"},"modified":"2025-04-15T12:23:27","modified_gmt":"2025-04-15T18:23:27","slug":"ressourcen-zur-pravention","status":"publish","type":"page","link":"https:\/\/saprea.org\/de\/ressourcen-zur-pravention\/","title":{"rendered":"Saprea\u2019s Ans\u00e4tze zur Pr\u00e4vention von sexuellem Kindesmissbrauch"},"content":{"rendered":"<div id=\"cs-content\" class=\"cs-content\"><\/div>\n","protected":false},"excerpt":{"rendered":"<p>Saprea &gt; Saprea\u2019s Ans\u00e4tze zur Pr\u00e4vention von sexuellem KindesmissbrauchSaprea &gt; Saprea\u2019s Ans\u00e4tze zur Pr\u00e4vention von sexuellem KindesmissbrauchSAPREAS RESSOURCEN ZUR PR\u00c4VENTIONStrategien zur Verhinderung von sexuellem KindesmissbrauchJedes Jahr werden Millionen von Kinder sexuell missbraucht. Aber es gibt Hoffnung. Eltern und Betreuer k\u00f6nnen forschungsbasierte und bew\u00e4hrte Ans\u00e4tze erlernen und proaktiv anwenden, um das Missbrauchsrisiko zu reduzieren.SAPREAS RESSOURCEN ZUR [&hellip;]<\/p>\n","protected":false},"author":3,"featured_media":31678,"parent":0,"menu_order":0,"comment_status":"closed","ping_status":"closed","template":"","meta":{"footnotes":""},"class_list":["post-32258","page","type-page","status-publish","has-post-thumbnail","hentry"],"yoast_head":"<!-- This site is optimized with the Yoast SEO plugin v27.3 - https:\/\/yoast.com\/product\/yoast-seo-wordpress\/ -->\n<title>Saprea\u2019s Ans\u00e4tze zur Pr\u00e4vention von sexuellem Kindesmissbrauch | Saprea<\/title>\n<meta name=\"description\" content=\"Bef\u00e4hige dich selbst mit forschungsgest\u00fctzten Strategien, um Kinder vor sexuellem Missbrauch zu sch\u00fctzen. Die kostenlosen Pr\u00e4ventionsressourcen von Saprea helfen Eltern und Betreuern, Ma\u00dfnahmen zu ergreifen.\" \/>\n<meta name=\"robots\" content=\"index, follow, max-snippet:-1, max-image-preview:large, max-video-preview:-1\" \/>\n<link rel=\"canonical\" href=\"https:\/\/saprea.org\/de\/ressourcen-zur-pravention\/\" \/>\n<meta property=\"og:locale\" content=\"de_DE\" \/>\n<meta property=\"og:type\" content=\"article\" \/>\n<meta property=\"og:title\" content=\"Saprea\u2019s Ans\u00e4tze zur Pr\u00e4vention von sexuellem Kindesmissbrauch | Saprea\" \/>\n<meta property=\"og:description\" content=\"Bef\u00e4hige dich selbst mit forschungsgest\u00fctzten Strategien, um Kinder vor sexuellem Missbrauch zu sch\u00fctzen. Die kostenlosen Pr\u00e4ventionsressourcen von Saprea helfen Eltern und Betreuern, Ma\u00dfnahmen zu ergreifen.\" \/>\n<meta property=\"og:url\" content=\"https:\/\/saprea.org\/de\/ressourcen-zur-pravention\/\" \/>\n<meta property=\"og:site_name\" content=\"Saprea\" \/>\n<meta property=\"article:publisher\" content=\"https:\/\/facebook.com\/saprea.org\" \/>\n<meta property=\"article:modified_time\" content=\"2025-04-15T18:23:27+00:00\" \/>\n<meta property=\"og:image\" content=\"https:\/\/saprea.org\/wp-content\/uploads\/2025\/02\/Prevention-Landing-Hero_Family-mobile-1024x512.png\" \/>\n\t<meta property=\"og:image:width\" content=\"1024\" \/>\n\t<meta property=\"og:image:height\" content=\"512\" \/>\n\t<meta property=\"og:image:type\" content=\"image\/png\" \/>\n<meta name=\"twitter:card\" content=\"summary_large_image\" \/>\n<meta name=\"twitter:site\" content=\"@saprea_org\" \/>\n<script type=\"application\/ld+json\" class=\"yoast-schema-graph\">{\"@context\":\"https:\\\/\\\/schema.org\",\"@graph\":[{\"@type\":\"WebPage\",\"@id\":\"https:\\\/\\\/saprea.org\\\/de\\\/ressourcen-zur-pravention\\\/\",\"url\":\"https:\\\/\\\/saprea.org\\\/de\\\/ressourcen-zur-pravention\\\/\",\"name\":\"Saprea\u2019s Ans\u00e4tze zur Pr\u00e4vention von sexuellem Kindesmissbrauch | Saprea\",\"isPartOf\":{\"@id\":\"https:\\\/\\\/saprea.org\\\/de\\\/#website\"},\"primaryImageOfPage\":{\"@id\":\"https:\\\/\\\/saprea.org\\\/de\\\/ressourcen-zur-pravention\\\/#primaryimage\"},\"image\":{\"@id\":\"https:\\\/\\\/saprea.org\\\/de\\\/ressourcen-zur-pravention\\\/#primaryimage\"},\"thumbnailUrl\":\"https:\\\/\\\/saprea.org\\\/wp-content\\\/uploads\\\/2025\\\/02\\\/Prevention-Landing-Hero_Family-mobile.png\",\"datePublished\":\"2025-04-15T16:35:08+00:00\",\"dateModified\":\"2025-04-15T18:23:27+00:00\",\"description\":\"Bef\u00e4hige dich selbst mit forschungsgest\u00fctzten Strategien, um Kinder vor sexuellem Missbrauch zu sch\u00fctzen. Die kostenlosen Pr\u00e4ventionsressourcen von Saprea helfen Eltern und Betreuern, Ma\u00dfnahmen zu ergreifen.\",\"breadcrumb\":{\"@id\":\"https:\\\/\\\/saprea.org\\\/de\\\/ressourcen-zur-pravention\\\/#breadcrumb\"},\"inLanguage\":\"de\",\"potentialAction\":[{\"@type\":\"ReadAction\",\"target\":[\"https:\\\/\\\/saprea.org\\\/de\\\/ressourcen-zur-pravention\\\/\"]}]},{\"@type\":\"ImageObject\",\"inLanguage\":\"de\",\"@id\":\"https:\\\/\\\/saprea.org\\\/de\\\/ressourcen-zur-pravention\\\/#primaryimage\",\"url\":\"https:\\\/\\\/saprea.org\\\/wp-content\\\/uploads\\\/2025\\\/02\\\/Prevention-Landing-Hero_Family-mobile.png\",\"contentUrl\":\"https:\\\/\\\/saprea.org\\\/wp-content\\\/uploads\\\/2025\\\/02\\\/Prevention-Landing-Hero_Family-mobile.png\",\"width\":2400,\"height\":1200,\"caption\":\"A family consisting of a mom, dad, and their son sitting together in a field of grass with trees in the background.\"},{\"@type\":\"BreadcrumbList\",\"@id\":\"https:\\\/\\\/saprea.org\\\/de\\\/ressourcen-zur-pravention\\\/#breadcrumb\",\"itemListElement\":[{\"@type\":\"ListItem\",\"position\":1,\"name\":\"Home\",\"item\":\"https:\\\/\\\/saprea.org\\\/de\\\/saprea-homepage\\\/\"},{\"@type\":\"ListItem\",\"position\":2,\"name\":\"Saprea\u2019s Ans\u00e4tze zur Pr\u00e4vention von sexuellem Kindesmissbrauch\"}]},{\"@type\":\"WebSite\",\"@id\":\"https:\\\/\\\/saprea.org\\\/de\\\/#website\",\"url\":\"https:\\\/\\\/saprea.org\\\/de\\\/\",\"name\":\"Saprea\",\"description\":\"\",\"publisher\":{\"@id\":\"https:\\\/\\\/saprea.org\\\/de\\\/#organization\"},\"potentialAction\":[{\"@type\":\"SearchAction\",\"target\":{\"@type\":\"EntryPoint\",\"urlTemplate\":\"https:\\\/\\\/saprea.org\\\/de\\\/?s={search_term_string}\"},\"query-input\":{\"@type\":\"PropertyValueSpecification\",\"valueRequired\":true,\"valueName\":\"search_term_string\"}}],\"inLanguage\":\"de\"},{\"@type\":\"Organization\",\"@id\":\"https:\\\/\\\/saprea.org\\\/de\\\/#organization\",\"name\":\"Saprea\",\"url\":\"https:\\\/\\\/saprea.org\\\/de\\\/\",\"logo\":{\"@type\":\"ImageObject\",\"inLanguage\":\"de\",\"@id\":\"https:\\\/\\\/saprea.org\\\/de\\\/#\\\/schema\\\/logo\\\/image\\\/\",\"url\":\"https:\\\/\\\/saprea.org\\\/wp-content\\\/uploads\\\/2021\\\/12\\\/Vector-7-1.png\",\"contentUrl\":\"https:\\\/\\\/saprea.org\\\/wp-content\\\/uploads\\\/2021\\\/12\\\/Vector-7-1.png\",\"width\":106,\"height\":105,\"caption\":\"Saprea\"},\"image\":{\"@id\":\"https:\\\/\\\/saprea.org\\\/de\\\/#\\\/schema\\\/logo\\\/image\\\/\"},\"sameAs\":[\"https:\\\/\\\/facebook.com\\\/saprea.org\",\"https:\\\/\\\/x.com\\\/saprea_org\",\"https:\\\/\\\/instagram.com\\\/youniquefoundation\",\"https:\\\/\\\/pinterest.com\\\/saprea_org\",\"https:\\\/\\\/youtube.com\\\/c\\\/saprea_org\"]}]}<\/script>\n<!-- \/ Yoast SEO plugin. -->","yoast_head_json":{"title":"Saprea\u2019s Ans\u00e4tze zur Pr\u00e4vention von sexuellem Kindesmissbrauch | Saprea","description":"Bef\u00e4hige dich selbst mit forschungsgest\u00fctzten Strategien, um Kinder vor sexuellem Missbrauch zu sch\u00fctzen. Die kostenlosen Pr\u00e4ventionsressourcen von Saprea helfen Eltern und Betreuern, Ma\u00dfnahmen zu ergreifen.","robots":{"index":"index","follow":"follow","max-snippet":"max-snippet:-1","max-image-preview":"max-image-preview:large","max-video-preview":"max-video-preview:-1"},"canonical":"https:\/\/saprea.org\/de\/ressourcen-zur-pravention\/","og_locale":"de_DE","og_type":"article","og_title":"Saprea\u2019s Ans\u00e4tze zur Pr\u00e4vention von sexuellem Kindesmissbrauch | Saprea","og_description":"Bef\u00e4hige dich selbst mit forschungsgest\u00fctzten Strategien, um Kinder vor sexuellem Missbrauch zu sch\u00fctzen. Die kostenlosen Pr\u00e4ventionsressourcen von Saprea helfen Eltern und Betreuern, Ma\u00dfnahmen zu ergreifen.","og_url":"https:\/\/saprea.org\/de\/ressourcen-zur-pravention\/","og_site_name":"Saprea","article_publisher":"https:\/\/facebook.com\/saprea.org","article_modified_time":"2025-04-15T18:23:27+00:00","og_image":[{"width":1024,"height":512,"url":"https:\/\/saprea.org\/wp-content\/uploads\/2025\/02\/Prevention-Landing-Hero_Family-mobile-1024x512.png","type":"image\/png"}],"twitter_card":"summary_large_image","twitter_site":"@saprea_org","schema":{"@context":"https:\/\/schema.org","@graph":[{"@type":"WebPage","@id":"https:\/\/saprea.org\/de\/ressourcen-zur-pravention\/","url":"https:\/\/saprea.org\/de\/ressourcen-zur-pravention\/","name":"Saprea\u2019s Ans\u00e4tze zur Pr\u00e4vention von sexuellem Kindesmissbrauch | Saprea","isPartOf":{"@id":"https:\/\/saprea.org\/de\/#website"},"primaryImageOfPage":{"@id":"https:\/\/saprea.org\/de\/ressourcen-zur-pravention\/#primaryimage"},"image":{"@id":"https:\/\/saprea.org\/de\/ressourcen-zur-pravention\/#primaryimage"},"thumbnailUrl":"https:\/\/saprea.org\/wp-content\/uploads\/2025\/02\/Prevention-Landing-Hero_Family-mobile.png","datePublished":"2025-04-15T16:35:08+00:00","dateModified":"2025-04-15T18:23:27+00:00","description":"Bef\u00e4hige dich selbst mit forschungsgest\u00fctzten Strategien, um Kinder vor sexuellem Missbrauch zu sch\u00fctzen. Die kostenlosen Pr\u00e4ventionsressourcen von Saprea helfen Eltern und Betreuern, Ma\u00dfnahmen zu ergreifen.","breadcrumb":{"@id":"https:\/\/saprea.org\/de\/ressourcen-zur-pravention\/#breadcrumb"},"inLanguage":"de","potentialAction":[{"@type":"ReadAction","target":["https:\/\/saprea.org\/de\/ressourcen-zur-pravention\/"]}]},{"@type":"ImageObject","inLanguage":"de","@id":"https:\/\/saprea.org\/de\/ressourcen-zur-pravention\/#primaryimage","url":"https:\/\/saprea.org\/wp-content\/uploads\/2025\/02\/Prevention-Landing-Hero_Family-mobile.png","contentUrl":"https:\/\/saprea.org\/wp-content\/uploads\/2025\/02\/Prevention-Landing-Hero_Family-mobile.png","width":2400,"height":1200,"caption":"A family consisting of a mom, dad, and their son sitting together in a field of grass with trees in the background."},{"@type":"BreadcrumbList","@id":"https:\/\/saprea.org\/de\/ressourcen-zur-pravention\/#breadcrumb","itemListElement":[{"@type":"ListItem","position":1,"name":"Home","item":"https:\/\/saprea.org\/de\/saprea-homepage\/"},{"@type":"ListItem","position":2,"name":"Saprea\u2019s Ans\u00e4tze zur Pr\u00e4vention von sexuellem Kindesmissbrauch"}]},{"@type":"WebSite","@id":"https:\/\/saprea.org\/de\/#website","url":"https:\/\/saprea.org\/de\/","name":"Saprea","description":"","publisher":{"@id":"https:\/\/saprea.org\/de\/#organization"},"potentialAction":[{"@type":"SearchAction","target":{"@type":"EntryPoint","urlTemplate":"https:\/\/saprea.org\/de\/?s={search_term_string}"},"query-input":{"@type":"PropertyValueSpecification","valueRequired":true,"valueName":"search_term_string"}}],"inLanguage":"de"},{"@type":"Organization","@id":"https:\/\/saprea.org\/de\/#organization","name":"Saprea","url":"https:\/\/saprea.org\/de\/","logo":{"@type":"ImageObject","inLanguage":"de","@id":"https:\/\/saprea.org\/de\/#\/schema\/logo\/image\/","url":"https:\/\/saprea.org\/wp-content\/uploads\/2021\/12\/Vector-7-1.png","contentUrl":"https:\/\/saprea.org\/wp-content\/uploads\/2021\/12\/Vector-7-1.png","width":106,"height":105,"caption":"Saprea"},"image":{"@id":"https:\/\/saprea.org\/de\/#\/schema\/logo\/image\/"},"sameAs":["https:\/\/facebook.com\/saprea.org","https:\/\/x.com\/saprea_org","https:\/\/instagram.com\/youniquefoundation","https:\/\/pinterest.com\/saprea_org","https:\/\/youtube.com\/c\/saprea_org"]}]}},"_links":{"self":[{"href":"https:\/\/saprea.org\/de\/wp-json\/wp\/v2\/pages\/32258","targetHints":{"allow":["GET"]}}],"collection":[{"href":"https:\/\/saprea.org\/de\/wp-json\/wp\/v2\/pages"}],"about":[{"href":"https:\/\/saprea.org\/de\/wp-json\/wp\/v2\/types\/page"}],"author":[{"embeddable":true,"href":"https:\/\/saprea.org\/de\/wp-json\/wp\/v2\/users\/3"}],"replies":[{"embeddable":true,"href":"https:\/\/saprea.org\/de\/wp-json\/wp\/v2\/comments?post=32258"}],"version-history":[{"count":0,"href":"https:\/\/saprea.org\/de\/wp-json\/wp\/v2\/pages\/32258\/revisions"}],"wp:featuredmedia":[{"embeddable":true,"href":"https:\/\/saprea.org\/de\/wp-json\/wp\/v2\/media\/31678"}],"wp:attachment":[{"href":"https:\/\/saprea.org\/de\/wp-json\/wp\/v2\/media?parent=32258"}],"curies":[{"name":"wp","href":"https:\/\/api.w.org\/{rel}","templated":true}]}}