{"id":26432,"date":"2023-12-15T09:54:54","date_gmt":"2023-12-15T15:54:54","guid":{"rendered":"https:\/\/saprea.org\/?page_id=26432"},"modified":"2023-12-20T16:41:56","modified_gmt":"2023-12-20T22:41:56","slug":"beaufsichtigen","status":"publish","type":"page","link":"https:\/\/saprea.org\/de\/praevention\/beaufsichtigen\/","title":{"rendered":"Pr\u00e4ventions-Ressourcen: Beaufsichtigen"},"content":{"rendered":"<div id=\"cs-content\" class=\"cs-content\"><\/div>\n","protected":false},"excerpt":{"rendered":"<p>Saprea &gt; Online-Ressourcen zur Pr\u00e4vention\u00a0&gt; Pr\u00e4ventions-Ressourcen: BeaufsichtigenPr\u00e4ventions-Ressourcen:BeaufsichtigenLerne die Risikofaktoren kennen, die die Gefahr von sexuellem Missbrauch f\u00fcr dein Kind erh\u00f6hen k\u00f6nnen, und arbeite, wenn m\u00f6glich, aktiv daran, diese Risiken zu reduzieren.Das hei\u00dft nicht, dass du die Aktivit\u00e4ten und das Umfeld deines Kindes st\u00e4ndig \u00fcberwachen musst. Mit diesem Bewusstsein &#8211; sowohl f\u00fcr die allgemeinen Risikofaktoren, denen [&hellip;]<\/p>\n","protected":false},"author":3,"featured_media":22645,"parent":22953,"menu_order":0,"comment_status":"closed","ping_status":"closed","template":"","meta":{"footnotes":""},"class_list":["post-26432","page","type-page","status-publish","has-post-thumbnail","hentry"],"yoast_head":"<!-- This site is optimized with the Yoast SEO plugin v27.3 - https:\/\/yoast.com\/product\/yoast-seo-wordpress\/ -->\n<title>Pr\u00e4ventions-Ressourcen: Beaufsichtigen | Saprea<\/title>\n<meta name=\"description\" content=\"Beim Beaufsichtigen geht es darum, deinem Kind zu zeigen und beizubringen, wie es mit Menschen und der Umwelt interagieren kann, ohne seine Sicherheit zu beeintr\u00e4chtigen.\" \/>\n<meta name=\"robots\" content=\"index, follow, max-snippet:-1, max-image-preview:large, max-video-preview:-1\" \/>\n<link rel=\"canonical\" href=\"https:\/\/saprea.org\/de\/praevention\/beaufsichtigen\/\" \/>\n<meta property=\"og:locale\" content=\"de_DE\" \/>\n<meta property=\"og:type\" content=\"article\" \/>\n<meta property=\"og:title\" content=\"Pr\u00e4ventions-Ressourcen: Beaufsichtigen | Saprea\" \/>\n<meta property=\"og:description\" content=\"Beim Beaufsichtigen geht es darum, deinem Kind zu zeigen und beizubringen, wie es mit Menschen und der Umwelt interagieren kann, ohne seine Sicherheit zu beeintr\u00e4chtigen.\" \/>\n<meta property=\"og:url\" content=\"https:\/\/saprea.org\/de\/praevention\/beaufsichtigen\/\" \/>\n<meta property=\"og:site_name\" content=\"Saprea\" \/>\n<meta property=\"article:publisher\" content=\"https:\/\/facebook.com\/saprea.org\" \/>\n<meta property=\"article:modified_time\" content=\"2023-12-20T22:41:56+00:00\" \/>\n<meta property=\"og:image\" content=\"https:\/\/saprea.org\/wp-content\/uploads\/2023\/10\/Monitor.jpg\" \/>\n\t<meta property=\"og:image:width\" content=\"1082\" \/>\n\t<meta property=\"og:image:height\" content=\"706\" \/>\n\t<meta property=\"og:image:type\" content=\"image\/jpeg\" \/>\n<meta name=\"twitter:card\" content=\"summary_large_image\" \/>\n<meta name=\"twitter:site\" content=\"@saprea_org\" \/>\n<meta name=\"twitter:label1\" content=\"Gesch\u00e4tzte Lesezeit\" \/>\n\t<meta name=\"twitter:data1\" content=\"30\u00a0Minuten\" \/>\n<script type=\"application\/ld+json\" class=\"yoast-schema-graph\">{\"@context\":\"https:\\\/\\\/schema.org\",\"@graph\":[{\"@type\":\"WebPage\",\"@id\":\"https:\\\/\\\/saprea.org\\\/de\\\/praevention\\\/beaufsichtigen\\\/\",\"url\":\"https:\\\/\\\/saprea.org\\\/de\\\/praevention\\\/beaufsichtigen\\\/\",\"name\":\"Pr\u00e4ventions-Ressourcen: Beaufsichtigen | Saprea\",\"isPartOf\":{\"@id\":\"https:\\\/\\\/saprea.org\\\/de\\\/#website\"},\"primaryImageOfPage\":{\"@id\":\"https:\\\/\\\/saprea.org\\\/de\\\/praevention\\\/beaufsichtigen\\\/#primaryimage\"},\"image\":{\"@id\":\"https:\\\/\\\/saprea.org\\\/de\\\/praevention\\\/beaufsichtigen\\\/#primaryimage\"},\"thumbnailUrl\":\"https:\\\/\\\/saprea.org\\\/wp-content\\\/uploads\\\/2023\\\/10\\\/Monitor.jpg\",\"datePublished\":\"2023-12-15T15:54:54+00:00\",\"dateModified\":\"2023-12-20T22:41:56+00:00\",\"description\":\"Beim Beaufsichtigen geht es darum, deinem Kind zu zeigen und beizubringen, wie es mit Menschen und der Umwelt interagieren kann, ohne seine Sicherheit zu beeintr\u00e4chtigen.\",\"breadcrumb\":{\"@id\":\"https:\\\/\\\/saprea.org\\\/de\\\/praevention\\\/beaufsichtigen\\\/#breadcrumb\"},\"inLanguage\":\"de\",\"potentialAction\":[{\"@type\":\"ReadAction\",\"target\":[\"https:\\\/\\\/saprea.org\\\/de\\\/praevention\\\/beaufsichtigen\\\/\"]}]},{\"@type\":\"ImageObject\",\"inLanguage\":\"de\",\"@id\":\"https:\\\/\\\/saprea.org\\\/de\\\/praevention\\\/beaufsichtigen\\\/#primaryimage\",\"url\":\"https:\\\/\\\/saprea.org\\\/wp-content\\\/uploads\\\/2023\\\/10\\\/Monitor.jpg\",\"contentUrl\":\"https:\\\/\\\/saprea.org\\\/wp-content\\\/uploads\\\/2023\\\/10\\\/Monitor.jpg\",\"width\":1082,\"height\":706},{\"@type\":\"BreadcrumbList\",\"@id\":\"https:\\\/\\\/saprea.org\\\/de\\\/praevention\\\/beaufsichtigen\\\/#breadcrumb\",\"itemListElement\":[{\"@type\":\"ListItem\",\"position\":1,\"name\":\"Home\",\"item\":\"https:\\\/\\\/saprea.org\\\/de\\\/saprea-homepage\\\/\"},{\"@type\":\"ListItem\",\"position\":2,\"name\":\"Pr\u00e4vention zum Schutz vor sexuellem Kindesmissbrauch\",\"item\":\"https:\\\/\\\/saprea.org\\\/de\\\/praevention\\\/\"},{\"@type\":\"ListItem\",\"position\":3,\"name\":\"Pr\u00e4ventions-Ressourcen: Beaufsichtigen\"}]},{\"@type\":\"WebSite\",\"@id\":\"https:\\\/\\\/saprea.org\\\/de\\\/#website\",\"url\":\"https:\\\/\\\/saprea.org\\\/de\\\/\",\"name\":\"Saprea\",\"description\":\"\",\"publisher\":{\"@id\":\"https:\\\/\\\/saprea.org\\\/de\\\/#organization\"},\"potentialAction\":[{\"@type\":\"SearchAction\",\"target\":{\"@type\":\"EntryPoint\",\"urlTemplate\":\"https:\\\/\\\/saprea.org\\\/de\\\/?s={search_term_string}\"},\"query-input\":{\"@type\":\"PropertyValueSpecification\",\"valueRequired\":true,\"valueName\":\"search_term_string\"}}],\"inLanguage\":\"de\"},{\"@type\":\"Organization\",\"@id\":\"https:\\\/\\\/saprea.org\\\/de\\\/#organization\",\"name\":\"Saprea\",\"url\":\"https:\\\/\\\/saprea.org\\\/de\\\/\",\"logo\":{\"@type\":\"ImageObject\",\"inLanguage\":\"de\",\"@id\":\"https:\\\/\\\/saprea.org\\\/de\\\/#\\\/schema\\\/logo\\\/image\\\/\",\"url\":\"https:\\\/\\\/saprea.org\\\/wp-content\\\/uploads\\\/2021\\\/12\\\/Vector-7-1.png\",\"contentUrl\":\"https:\\\/\\\/saprea.org\\\/wp-content\\\/uploads\\\/2021\\\/12\\\/Vector-7-1.png\",\"width\":106,\"height\":105,\"caption\":\"Saprea\"},\"image\":{\"@id\":\"https:\\\/\\\/saprea.org\\\/de\\\/#\\\/schema\\\/logo\\\/image\\\/\"},\"sameAs\":[\"https:\\\/\\\/facebook.com\\\/saprea.org\",\"https:\\\/\\\/x.com\\\/saprea_org\",\"https:\\\/\\\/instagram.com\\\/youniquefoundation\",\"https:\\\/\\\/pinterest.com\\\/saprea_org\",\"https:\\\/\\\/youtube.com\\\/c\\\/saprea_org\"]}]}<\/script>\n<!-- \/ Yoast SEO plugin. -->","yoast_head_json":{"title":"Pr\u00e4ventions-Ressourcen: Beaufsichtigen | Saprea","description":"Beim Beaufsichtigen geht es darum, deinem Kind zu zeigen und beizubringen, wie es mit Menschen und der Umwelt interagieren kann, ohne seine Sicherheit zu beeintr\u00e4chtigen.","robots":{"index":"index","follow":"follow","max-snippet":"max-snippet:-1","max-image-preview":"max-image-preview:large","max-video-preview":"max-video-preview:-1"},"canonical":"https:\/\/saprea.org\/de\/praevention\/beaufsichtigen\/","og_locale":"de_DE","og_type":"article","og_title":"Pr\u00e4ventions-Ressourcen: Beaufsichtigen | Saprea","og_description":"Beim Beaufsichtigen geht es darum, deinem Kind zu zeigen und beizubringen, wie es mit Menschen und der Umwelt interagieren kann, ohne seine Sicherheit zu beeintr\u00e4chtigen.","og_url":"https:\/\/saprea.org\/de\/praevention\/beaufsichtigen\/","og_site_name":"Saprea","article_publisher":"https:\/\/facebook.com\/saprea.org","article_modified_time":"2023-12-20T22:41:56+00:00","og_image":[{"width":1082,"height":706,"url":"https:\/\/saprea.org\/wp-content\/uploads\/2023\/10\/Monitor.jpg","type":"image\/jpeg"}],"twitter_card":"summary_large_image","twitter_site":"@saprea_org","twitter_misc":{"Gesch\u00e4tzte Lesezeit":"30\u00a0Minuten"},"schema":{"@context":"https:\/\/schema.org","@graph":[{"@type":"WebPage","@id":"https:\/\/saprea.org\/de\/praevention\/beaufsichtigen\/","url":"https:\/\/saprea.org\/de\/praevention\/beaufsichtigen\/","name":"Pr\u00e4ventions-Ressourcen: Beaufsichtigen | Saprea","isPartOf":{"@id":"https:\/\/saprea.org\/de\/#website"},"primaryImageOfPage":{"@id":"https:\/\/saprea.org\/de\/praevention\/beaufsichtigen\/#primaryimage"},"image":{"@id":"https:\/\/saprea.org\/de\/praevention\/beaufsichtigen\/#primaryimage"},"thumbnailUrl":"https:\/\/saprea.org\/wp-content\/uploads\/2023\/10\/Monitor.jpg","datePublished":"2023-12-15T15:54:54+00:00","dateModified":"2023-12-20T22:41:56+00:00","description":"Beim Beaufsichtigen geht es darum, deinem Kind zu zeigen und beizubringen, wie es mit Menschen und der Umwelt interagieren kann, ohne seine Sicherheit zu beeintr\u00e4chtigen.","breadcrumb":{"@id":"https:\/\/saprea.org\/de\/praevention\/beaufsichtigen\/#breadcrumb"},"inLanguage":"de","potentialAction":[{"@type":"ReadAction","target":["https:\/\/saprea.org\/de\/praevention\/beaufsichtigen\/"]}]},{"@type":"ImageObject","inLanguage":"de","@id":"https:\/\/saprea.org\/de\/praevention\/beaufsichtigen\/#primaryimage","url":"https:\/\/saprea.org\/wp-content\/uploads\/2023\/10\/Monitor.jpg","contentUrl":"https:\/\/saprea.org\/wp-content\/uploads\/2023\/10\/Monitor.jpg","width":1082,"height":706},{"@type":"BreadcrumbList","@id":"https:\/\/saprea.org\/de\/praevention\/beaufsichtigen\/#breadcrumb","itemListElement":[{"@type":"ListItem","position":1,"name":"Home","item":"https:\/\/saprea.org\/de\/saprea-homepage\/"},{"@type":"ListItem","position":2,"name":"Pr\u00e4vention zum Schutz vor sexuellem Kindesmissbrauch","item":"https:\/\/saprea.org\/de\/praevention\/"},{"@type":"ListItem","position":3,"name":"Pr\u00e4ventions-Ressourcen: Beaufsichtigen"}]},{"@type":"WebSite","@id":"https:\/\/saprea.org\/de\/#website","url":"https:\/\/saprea.org\/de\/","name":"Saprea","description":"","publisher":{"@id":"https:\/\/saprea.org\/de\/#organization"},"potentialAction":[{"@type":"SearchAction","target":{"@type":"EntryPoint","urlTemplate":"https:\/\/saprea.org\/de\/?s={search_term_string}"},"query-input":{"@type":"PropertyValueSpecification","valueRequired":true,"valueName":"search_term_string"}}],"inLanguage":"de"},{"@type":"Organization","@id":"https:\/\/saprea.org\/de\/#organization","name":"Saprea","url":"https:\/\/saprea.org\/de\/","logo":{"@type":"ImageObject","inLanguage":"de","@id":"https:\/\/saprea.org\/de\/#\/schema\/logo\/image\/","url":"https:\/\/saprea.org\/wp-content\/uploads\/2021\/12\/Vector-7-1.png","contentUrl":"https:\/\/saprea.org\/wp-content\/uploads\/2021\/12\/Vector-7-1.png","width":106,"height":105,"caption":"Saprea"},"image":{"@id":"https:\/\/saprea.org\/de\/#\/schema\/logo\/image\/"},"sameAs":["https:\/\/facebook.com\/saprea.org","https:\/\/x.com\/saprea_org","https:\/\/instagram.com\/youniquefoundation","https:\/\/pinterest.com\/saprea_org","https:\/\/youtube.com\/c\/saprea_org"]}]}},"_links":{"self":[{"href":"https:\/\/saprea.org\/de\/wp-json\/wp\/v2\/pages\/26432","targetHints":{"allow":["GET"]}}],"collection":[{"href":"https:\/\/saprea.org\/de\/wp-json\/wp\/v2\/pages"}],"about":[{"href":"https:\/\/saprea.org\/de\/wp-json\/wp\/v2\/types\/page"}],"author":[{"embeddable":true,"href":"https:\/\/saprea.org\/de\/wp-json\/wp\/v2\/users\/3"}],"replies":[{"embeddable":true,"href":"https:\/\/saprea.org\/de\/wp-json\/wp\/v2\/comments?post=26432"}],"version-history":[{"count":0,"href":"https:\/\/saprea.org\/de\/wp-json\/wp\/v2\/pages\/26432\/revisions"}],"up":[{"embeddable":true,"href":"https:\/\/saprea.org\/de\/wp-json\/wp\/v2\/pages\/22953"}],"wp:featuredmedia":[{"embeddable":true,"href":"https:\/\/saprea.org\/de\/wp-json\/wp\/v2\/media\/22645"}],"wp:attachment":[{"href":"https:\/\/saprea.org\/de\/wp-json\/wp\/v2\/media?parent=26432"}],"curies":[{"name":"wp","href":"https:\/\/api.w.org\/{rel}","templated":true}]}}