{"id":25984,"date":"2023-12-15T10:04:57","date_gmt":"2023-12-15T16:04:57","guid":{"rendered":"https:\/\/saprea.org\/?page_id=25984"},"modified":"2023-12-18T11:14:13","modified_gmt":"2023-12-18T17:14:13","slug":"bindung","status":"publish","type":"page","link":"https:\/\/saprea.org\/de\/praevention\/aufklaeren\/bindung\/","title":{"rendered":"Bindung st\u00e4rken, um vorzubeugen"},"content":{"rendered":"<div id=\"cs-content\" class=\"cs-content\"><\/div>\n","protected":false},"excerpt":{"rendered":"<p>Saprea &gt; Online-Ressourcen zur Pr\u00e4vention\u00a0&gt; Aufklaeren &gt; Bindung st\u00e4rken, um vorzubeugenBindung st\u00e4rken, um vorzubeugenDurch eine starke Bindung zu deinem Kind kannst du dazu beitragen, das Risiko sexuellen Missbrauchs zu verringern, indem du mit ihm von klein auf regelm\u00e4\u00dfige, offene Gespr\u00e4che f\u00fchrst. Du wei\u00dft nicht, wo du anfangen sollst oder was du sagen sollst? Saprea hat [&hellip;]<\/p>\n","protected":false},"author":2,"featured_media":0,"parent":25232,"menu_order":0,"comment_status":"closed","ping_status":"closed","template":"","meta":{"footnotes":""},"class_list":["post-25984","page","type-page","status-publish","hentry"],"yoast_head":"<!-- This site is optimized with the Yoast SEO plugin v27.3 - https:\/\/yoast.com\/product\/yoast-seo-wordpress\/ -->\n<title>Bindung st\u00e4rken, um vorzubeugen<\/title>\n<meta name=\"description\" content=\"Eine M\u00f6glichkeit, dein Kind vor sexuellem Missbrauch zu sch\u00fctzen, ist, indem du regelm\u00e4\u00dfig offene Gespr\u00e4che mit deinem Kind \u00fcber Sex f\u00fchrst.\" \/>\n<meta name=\"robots\" content=\"index, follow, max-snippet:-1, max-image-preview:large, max-video-preview:-1\" \/>\n<link rel=\"canonical\" href=\"https:\/\/saprea.org\/de\/praevention\/aufklaeren\/bindung\/\" \/>\n<meta property=\"og:locale\" content=\"de_DE\" \/>\n<meta property=\"og:type\" content=\"article\" \/>\n<meta property=\"og:title\" content=\"Bindung st\u00e4rken, um vorzubeugen\" \/>\n<meta property=\"og:description\" content=\"Eine M\u00f6glichkeit, dein Kind vor sexuellem Missbrauch zu sch\u00fctzen, ist, indem du regelm\u00e4\u00dfig offene Gespr\u00e4che mit deinem Kind \u00fcber Sex f\u00fchrst.\" \/>\n<meta property=\"og:url\" content=\"https:\/\/saprea.org\/de\/praevention\/aufklaeren\/bindung\/\" \/>\n<meta property=\"og:site_name\" content=\"Saprea\" \/>\n<meta property=\"article:publisher\" content=\"https:\/\/facebook.com\/saprea.org\" \/>\n<meta property=\"article:modified_time\" content=\"2023-12-18T17:14:13+00:00\" \/>\n<meta name=\"twitter:card\" content=\"summary_large_image\" \/>\n<meta name=\"twitter:site\" content=\"@saprea_org\" \/>\n<meta name=\"twitter:label1\" content=\"Gesch\u00e4tzte Lesezeit\" \/>\n\t<meta name=\"twitter:data1\" content=\"11\u00a0Minuten\" \/>\n<script type=\"application\/ld+json\" class=\"yoast-schema-graph\">{\"@context\":\"https:\\\/\\\/schema.org\",\"@graph\":[{\"@type\":\"WebPage\",\"@id\":\"https:\\\/\\\/saprea.org\\\/de\\\/praevention\\\/aufklaeren\\\/bindung\\\/\",\"url\":\"https:\\\/\\\/saprea.org\\\/de\\\/praevention\\\/aufklaeren\\\/bindung\\\/\",\"name\":\"Bindung st\u00e4rken, um vorzubeugen\",\"isPartOf\":{\"@id\":\"https:\\\/\\\/saprea.org\\\/de\\\/#website\"},\"datePublished\":\"2023-12-15T16:04:57+00:00\",\"dateModified\":\"2023-12-18T17:14:13+00:00\",\"description\":\"Eine M\u00f6glichkeit, dein Kind vor sexuellem Missbrauch zu sch\u00fctzen, ist, indem du regelm\u00e4\u00dfig offene Gespr\u00e4che mit deinem Kind \u00fcber Sex f\u00fchrst.\",\"breadcrumb\":{\"@id\":\"https:\\\/\\\/saprea.org\\\/de\\\/praevention\\\/aufklaeren\\\/bindung\\\/#breadcrumb\"},\"inLanguage\":\"de\",\"potentialAction\":[{\"@type\":\"ReadAction\",\"target\":[\"https:\\\/\\\/saprea.org\\\/de\\\/praevention\\\/aufklaeren\\\/bindung\\\/\"]}]},{\"@type\":\"BreadcrumbList\",\"@id\":\"https:\\\/\\\/saprea.org\\\/de\\\/praevention\\\/aufklaeren\\\/bindung\\\/#breadcrumb\",\"itemListElement\":[{\"@type\":\"ListItem\",\"position\":1,\"name\":\"Home\",\"item\":\"https:\\\/\\\/saprea.org\\\/de\\\/saprea-homepage\\\/\"},{\"@type\":\"ListItem\",\"position\":2,\"name\":\"Pr\u00e4vention zum Schutz vor sexuellem Kindesmissbrauch\",\"item\":\"https:\\\/\\\/saprea.org\\\/de\\\/praevention\\\/\"},{\"@type\":\"ListItem\",\"position\":3,\"name\":\"Pr\u00e4ventions-Ressourcen: Aufkl\u00e4ren\",\"item\":\"https:\\\/\\\/saprea.org\\\/de\\\/praevention\\\/aufklaeren\\\/\"},{\"@type\":\"ListItem\",\"position\":4,\"name\":\"Bindung st\u00e4rken, um vorzubeugen\"}]},{\"@type\":\"WebSite\",\"@id\":\"https:\\\/\\\/saprea.org\\\/de\\\/#website\",\"url\":\"https:\\\/\\\/saprea.org\\\/de\\\/\",\"name\":\"Saprea\",\"description\":\"\",\"publisher\":{\"@id\":\"https:\\\/\\\/saprea.org\\\/de\\\/#organization\"},\"potentialAction\":[{\"@type\":\"SearchAction\",\"target\":{\"@type\":\"EntryPoint\",\"urlTemplate\":\"https:\\\/\\\/saprea.org\\\/de\\\/?s={search_term_string}\"},\"query-input\":{\"@type\":\"PropertyValueSpecification\",\"valueRequired\":true,\"valueName\":\"search_term_string\"}}],\"inLanguage\":\"de\"},{\"@type\":\"Organization\",\"@id\":\"https:\\\/\\\/saprea.org\\\/de\\\/#organization\",\"name\":\"Saprea\",\"url\":\"https:\\\/\\\/saprea.org\\\/de\\\/\",\"logo\":{\"@type\":\"ImageObject\",\"inLanguage\":\"de\",\"@id\":\"https:\\\/\\\/saprea.org\\\/de\\\/#\\\/schema\\\/logo\\\/image\\\/\",\"url\":\"https:\\\/\\\/saprea.org\\\/wp-content\\\/uploads\\\/2021\\\/12\\\/Vector-7-1.png\",\"contentUrl\":\"https:\\\/\\\/saprea.org\\\/wp-content\\\/uploads\\\/2021\\\/12\\\/Vector-7-1.png\",\"width\":106,\"height\":105,\"caption\":\"Saprea\"},\"image\":{\"@id\":\"https:\\\/\\\/saprea.org\\\/de\\\/#\\\/schema\\\/logo\\\/image\\\/\"},\"sameAs\":[\"https:\\\/\\\/facebook.com\\\/saprea.org\",\"https:\\\/\\\/x.com\\\/saprea_org\",\"https:\\\/\\\/instagram.com\\\/youniquefoundation\",\"https:\\\/\\\/pinterest.com\\\/saprea_org\",\"https:\\\/\\\/youtube.com\\\/c\\\/saprea_org\"]}]}<\/script>\n<!-- \/ Yoast SEO plugin. -->","yoast_head_json":{"title":"Bindung st\u00e4rken, um vorzubeugen","description":"Eine M\u00f6glichkeit, dein Kind vor sexuellem Missbrauch zu sch\u00fctzen, ist, indem du regelm\u00e4\u00dfig offene Gespr\u00e4che mit deinem Kind \u00fcber Sex f\u00fchrst.","robots":{"index":"index","follow":"follow","max-snippet":"max-snippet:-1","max-image-preview":"max-image-preview:large","max-video-preview":"max-video-preview:-1"},"canonical":"https:\/\/saprea.org\/de\/praevention\/aufklaeren\/bindung\/","og_locale":"de_DE","og_type":"article","og_title":"Bindung st\u00e4rken, um vorzubeugen","og_description":"Eine M\u00f6glichkeit, dein Kind vor sexuellem Missbrauch zu sch\u00fctzen, ist, indem du regelm\u00e4\u00dfig offene Gespr\u00e4che mit deinem Kind \u00fcber Sex f\u00fchrst.","og_url":"https:\/\/saprea.org\/de\/praevention\/aufklaeren\/bindung\/","og_site_name":"Saprea","article_publisher":"https:\/\/facebook.com\/saprea.org","article_modified_time":"2023-12-18T17:14:13+00:00","twitter_card":"summary_large_image","twitter_site":"@saprea_org","twitter_misc":{"Gesch\u00e4tzte Lesezeit":"11\u00a0Minuten"},"schema":{"@context":"https:\/\/schema.org","@graph":[{"@type":"WebPage","@id":"https:\/\/saprea.org\/de\/praevention\/aufklaeren\/bindung\/","url":"https:\/\/saprea.org\/de\/praevention\/aufklaeren\/bindung\/","name":"Bindung st\u00e4rken, um vorzubeugen","isPartOf":{"@id":"https:\/\/saprea.org\/de\/#website"},"datePublished":"2023-12-15T16:04:57+00:00","dateModified":"2023-12-18T17:14:13+00:00","description":"Eine M\u00f6glichkeit, dein Kind vor sexuellem Missbrauch zu sch\u00fctzen, ist, indem du regelm\u00e4\u00dfig offene Gespr\u00e4che mit deinem Kind \u00fcber Sex f\u00fchrst.","breadcrumb":{"@id":"https:\/\/saprea.org\/de\/praevention\/aufklaeren\/bindung\/#breadcrumb"},"inLanguage":"de","potentialAction":[{"@type":"ReadAction","target":["https:\/\/saprea.org\/de\/praevention\/aufklaeren\/bindung\/"]}]},{"@type":"BreadcrumbList","@id":"https:\/\/saprea.org\/de\/praevention\/aufklaeren\/bindung\/#breadcrumb","itemListElement":[{"@type":"ListItem","position":1,"name":"Home","item":"https:\/\/saprea.org\/de\/saprea-homepage\/"},{"@type":"ListItem","position":2,"name":"Pr\u00e4vention zum Schutz vor sexuellem Kindesmissbrauch","item":"https:\/\/saprea.org\/de\/praevention\/"},{"@type":"ListItem","position":3,"name":"Pr\u00e4ventions-Ressourcen: Aufkl\u00e4ren","item":"https:\/\/saprea.org\/de\/praevention\/aufklaeren\/"},{"@type":"ListItem","position":4,"name":"Bindung st\u00e4rken, um vorzubeugen"}]},{"@type":"WebSite","@id":"https:\/\/saprea.org\/de\/#website","url":"https:\/\/saprea.org\/de\/","name":"Saprea","description":"","publisher":{"@id":"https:\/\/saprea.org\/de\/#organization"},"potentialAction":[{"@type":"SearchAction","target":{"@type":"EntryPoint","urlTemplate":"https:\/\/saprea.org\/de\/?s={search_term_string}"},"query-input":{"@type":"PropertyValueSpecification","valueRequired":true,"valueName":"search_term_string"}}],"inLanguage":"de"},{"@type":"Organization","@id":"https:\/\/saprea.org\/de\/#organization","name":"Saprea","url":"https:\/\/saprea.org\/de\/","logo":{"@type":"ImageObject","inLanguage":"de","@id":"https:\/\/saprea.org\/de\/#\/schema\/logo\/image\/","url":"https:\/\/saprea.org\/wp-content\/uploads\/2021\/12\/Vector-7-1.png","contentUrl":"https:\/\/saprea.org\/wp-content\/uploads\/2021\/12\/Vector-7-1.png","width":106,"height":105,"caption":"Saprea"},"image":{"@id":"https:\/\/saprea.org\/de\/#\/schema\/logo\/image\/"},"sameAs":["https:\/\/facebook.com\/saprea.org","https:\/\/x.com\/saprea_org","https:\/\/instagram.com\/youniquefoundation","https:\/\/pinterest.com\/saprea_org","https:\/\/youtube.com\/c\/saprea_org"]}]}},"_links":{"self":[{"href":"https:\/\/saprea.org\/de\/wp-json\/wp\/v2\/pages\/25984","targetHints":{"allow":["GET"]}}],"collection":[{"href":"https:\/\/saprea.org\/de\/wp-json\/wp\/v2\/pages"}],"about":[{"href":"https:\/\/saprea.org\/de\/wp-json\/wp\/v2\/types\/page"}],"author":[{"embeddable":true,"href":"https:\/\/saprea.org\/de\/wp-json\/wp\/v2\/users\/2"}],"replies":[{"embeddable":true,"href":"https:\/\/saprea.org\/de\/wp-json\/wp\/v2\/comments?post=25984"}],"version-history":[{"count":0,"href":"https:\/\/saprea.org\/de\/wp-json\/wp\/v2\/pages\/25984\/revisions"}],"up":[{"embeddable":true,"href":"https:\/\/saprea.org\/de\/wp-json\/wp\/v2\/pages\/25232"}],"wp:attachment":[{"href":"https:\/\/saprea.org\/de\/wp-json\/wp\/v2\/media?parent=25984"}],"curies":[{"name":"wp","href":"https:\/\/api.w.org\/{rel}","templated":true}]}}