{"id":25264,"date":"2023-12-15T10:32:25","date_gmt":"2023-12-15T16:32:25","guid":{"rendered":"https:\/\/saprea.org\/?page_id=25264"},"modified":"2023-12-18T10:48:48","modified_gmt":"2023-12-18T16:48:48","slug":"kommunikation","status":"publish","type":"page","link":"https:\/\/saprea.org\/de\/praevention\/kommunikation\/","title":{"rendered":"Pr\u00e4ventions-Ressourcen: Kommunikation"},"content":{"rendered":"<div id=\"cs-content\" class=\"cs-content\"><\/div>\n","protected":false},"excerpt":{"rendered":"<p>Saprea &gt; Online- Ressourcen zur Pr\u00e4vention\u00a0&gt; Pr\u00e4ventions-Ressourcen: KommunikationPr\u00e4ventions-Ressourcen:KommunikationSchaffe Gelegenheiten, deinem Kind zuzuh\u00f6ren und mit ihm zu sprechen, um seine Interessen, Meinungen und Sorgen besser kennenzulernen.Kommunikation ist das Herzst\u00fcck der Kindererziehung und der Begleitung heranwachsender Kinder. Wenn du Kindern die M\u00f6glichkeit gibst, \u00fcber das zu sprechen, was in ihrem Leben vor sich geht, f\u00f6rdert das ihre [&hellip;]<\/p>\n","protected":false},"author":2,"featured_media":22545,"parent":22953,"menu_order":0,"comment_status":"closed","ping_status":"closed","template":"","meta":{"footnotes":""},"class_list":["post-25264","page","type-page","status-publish","has-post-thumbnail","hentry"],"yoast_head":"<!-- This site is optimized with the Yoast SEO plugin v27.3 - https:\/\/yoast.com\/product\/yoast-seo-wordpress\/ -->\n<title>Pr\u00e4ventions-Ressourcen: Kommunikation | Saprea<\/title>\n<meta name=\"description\" content=\"Schaffe Gelegenheiten, deinem Kind zuzuh\u00f6ren und mit ihm zu sprechen, um seine Interessen, Meinungen und Sorgen kennenzulernen.\" \/>\n<meta name=\"robots\" content=\"index, follow, max-snippet:-1, max-image-preview:large, max-video-preview:-1\" \/>\n<link rel=\"canonical\" href=\"https:\/\/saprea.org\/de\/praevention\/kommunikation\/\" \/>\n<meta property=\"og:locale\" content=\"de_DE\" \/>\n<meta property=\"og:type\" content=\"article\" \/>\n<meta property=\"og:title\" content=\"Pr\u00e4ventions-Ressourcen: Kommunikation | Saprea\" \/>\n<meta property=\"og:description\" content=\"Schaffe Gelegenheiten, deinem Kind zuzuh\u00f6ren und mit ihm zu sprechen, um seine Interessen, Meinungen und Sorgen kennenzulernen.\" \/>\n<meta property=\"og:url\" content=\"https:\/\/saprea.org\/de\/praevention\/kommunikation\/\" \/>\n<meta property=\"og:site_name\" content=\"Saprea\" \/>\n<meta property=\"article:publisher\" content=\"https:\/\/facebook.com\/saprea.org\" \/>\n<meta property=\"article:modified_time\" content=\"2023-12-18T16:48:48+00:00\" \/>\n<meta property=\"og:image\" content=\"https:\/\/saprea.org\/wp-content\/uploads\/2023\/10\/Talk.jpg\" \/>\n\t<meta property=\"og:image:width\" content=\"1082\" \/>\n\t<meta property=\"og:image:height\" content=\"706\" \/>\n\t<meta property=\"og:image:type\" content=\"image\/jpeg\" \/>\n<meta name=\"twitter:card\" content=\"summary_large_image\" \/>\n<meta name=\"twitter:site\" content=\"@saprea_org\" \/>\n<meta name=\"twitter:label1\" content=\"Gesch\u00e4tzte Lesezeit\" \/>\n\t<meta name=\"twitter:data1\" content=\"15\u00a0Minuten\" \/>\n<script type=\"application\/ld+json\" class=\"yoast-schema-graph\">{\"@context\":\"https:\\\/\\\/schema.org\",\"@graph\":[{\"@type\":\"WebPage\",\"@id\":\"https:\\\/\\\/saprea.org\\\/de\\\/praevention\\\/kommunikation\\\/\",\"url\":\"https:\\\/\\\/saprea.org\\\/de\\\/praevention\\\/kommunikation\\\/\",\"name\":\"Pr\u00e4ventions-Ressourcen: Kommunikation | Saprea\",\"isPartOf\":{\"@id\":\"https:\\\/\\\/saprea.org\\\/de\\\/#website\"},\"primaryImageOfPage\":{\"@id\":\"https:\\\/\\\/saprea.org\\\/de\\\/praevention\\\/kommunikation\\\/#primaryimage\"},\"image\":{\"@id\":\"https:\\\/\\\/saprea.org\\\/de\\\/praevention\\\/kommunikation\\\/#primaryimage\"},\"thumbnailUrl\":\"https:\\\/\\\/saprea.org\\\/wp-content\\\/uploads\\\/2023\\\/10\\\/Talk.jpg\",\"datePublished\":\"2023-12-15T16:32:25+00:00\",\"dateModified\":\"2023-12-18T16:48:48+00:00\",\"description\":\"Schaffe Gelegenheiten, deinem Kind zuzuh\u00f6ren und mit ihm zu sprechen, um seine Interessen, Meinungen und Sorgen kennenzulernen.\",\"breadcrumb\":{\"@id\":\"https:\\\/\\\/saprea.org\\\/de\\\/praevention\\\/kommunikation\\\/#breadcrumb\"},\"inLanguage\":\"de\",\"potentialAction\":[{\"@type\":\"ReadAction\",\"target\":[\"https:\\\/\\\/saprea.org\\\/de\\\/praevention\\\/kommunikation\\\/\"]}]},{\"@type\":\"ImageObject\",\"inLanguage\":\"de\",\"@id\":\"https:\\\/\\\/saprea.org\\\/de\\\/praevention\\\/kommunikation\\\/#primaryimage\",\"url\":\"https:\\\/\\\/saprea.org\\\/wp-content\\\/uploads\\\/2023\\\/10\\\/Talk.jpg\",\"contentUrl\":\"https:\\\/\\\/saprea.org\\\/wp-content\\\/uploads\\\/2023\\\/10\\\/Talk.jpg\",\"width\":1082,\"height\":706},{\"@type\":\"BreadcrumbList\",\"@id\":\"https:\\\/\\\/saprea.org\\\/de\\\/praevention\\\/kommunikation\\\/#breadcrumb\",\"itemListElement\":[{\"@type\":\"ListItem\",\"position\":1,\"name\":\"Home\",\"item\":\"https:\\\/\\\/saprea.org\\\/de\\\/saprea-homepage\\\/\"},{\"@type\":\"ListItem\",\"position\":2,\"name\":\"Pr\u00e4vention zum Schutz vor sexuellem Kindesmissbrauch\",\"item\":\"https:\\\/\\\/saprea.org\\\/de\\\/praevention\\\/\"},{\"@type\":\"ListItem\",\"position\":3,\"name\":\"Pr\u00e4ventions-Ressourcen: Kommunikation\"}]},{\"@type\":\"WebSite\",\"@id\":\"https:\\\/\\\/saprea.org\\\/de\\\/#website\",\"url\":\"https:\\\/\\\/saprea.org\\\/de\\\/\",\"name\":\"Saprea\",\"description\":\"\",\"publisher\":{\"@id\":\"https:\\\/\\\/saprea.org\\\/de\\\/#organization\"},\"potentialAction\":[{\"@type\":\"SearchAction\",\"target\":{\"@type\":\"EntryPoint\",\"urlTemplate\":\"https:\\\/\\\/saprea.org\\\/de\\\/?s={search_term_string}\"},\"query-input\":{\"@type\":\"PropertyValueSpecification\",\"valueRequired\":true,\"valueName\":\"search_term_string\"}}],\"inLanguage\":\"de\"},{\"@type\":\"Organization\",\"@id\":\"https:\\\/\\\/saprea.org\\\/de\\\/#organization\",\"name\":\"Saprea\",\"url\":\"https:\\\/\\\/saprea.org\\\/de\\\/\",\"logo\":{\"@type\":\"ImageObject\",\"inLanguage\":\"de\",\"@id\":\"https:\\\/\\\/saprea.org\\\/de\\\/#\\\/schema\\\/logo\\\/image\\\/\",\"url\":\"https:\\\/\\\/saprea.org\\\/wp-content\\\/uploads\\\/2021\\\/12\\\/Vector-7-1.png\",\"contentUrl\":\"https:\\\/\\\/saprea.org\\\/wp-content\\\/uploads\\\/2021\\\/12\\\/Vector-7-1.png\",\"width\":106,\"height\":105,\"caption\":\"Saprea\"},\"image\":{\"@id\":\"https:\\\/\\\/saprea.org\\\/de\\\/#\\\/schema\\\/logo\\\/image\\\/\"},\"sameAs\":[\"https:\\\/\\\/facebook.com\\\/saprea.org\",\"https:\\\/\\\/x.com\\\/saprea_org\",\"https:\\\/\\\/instagram.com\\\/youniquefoundation\",\"https:\\\/\\\/pinterest.com\\\/saprea_org\",\"https:\\\/\\\/youtube.com\\\/c\\\/saprea_org\"]}]}<\/script>\n<!-- \/ Yoast SEO plugin. -->","yoast_head_json":{"title":"Pr\u00e4ventions-Ressourcen: Kommunikation | Saprea","description":"Schaffe Gelegenheiten, deinem Kind zuzuh\u00f6ren und mit ihm zu sprechen, um seine Interessen, Meinungen und Sorgen kennenzulernen.","robots":{"index":"index","follow":"follow","max-snippet":"max-snippet:-1","max-image-preview":"max-image-preview:large","max-video-preview":"max-video-preview:-1"},"canonical":"https:\/\/saprea.org\/de\/praevention\/kommunikation\/","og_locale":"de_DE","og_type":"article","og_title":"Pr\u00e4ventions-Ressourcen: Kommunikation | Saprea","og_description":"Schaffe Gelegenheiten, deinem Kind zuzuh\u00f6ren und mit ihm zu sprechen, um seine Interessen, Meinungen und Sorgen kennenzulernen.","og_url":"https:\/\/saprea.org\/de\/praevention\/kommunikation\/","og_site_name":"Saprea","article_publisher":"https:\/\/facebook.com\/saprea.org","article_modified_time":"2023-12-18T16:48:48+00:00","og_image":[{"width":1082,"height":706,"url":"https:\/\/saprea.org\/wp-content\/uploads\/2023\/10\/Talk.jpg","type":"image\/jpeg"}],"twitter_card":"summary_large_image","twitter_site":"@saprea_org","twitter_misc":{"Gesch\u00e4tzte Lesezeit":"15\u00a0Minuten"},"schema":{"@context":"https:\/\/schema.org","@graph":[{"@type":"WebPage","@id":"https:\/\/saprea.org\/de\/praevention\/kommunikation\/","url":"https:\/\/saprea.org\/de\/praevention\/kommunikation\/","name":"Pr\u00e4ventions-Ressourcen: Kommunikation | Saprea","isPartOf":{"@id":"https:\/\/saprea.org\/de\/#website"},"primaryImageOfPage":{"@id":"https:\/\/saprea.org\/de\/praevention\/kommunikation\/#primaryimage"},"image":{"@id":"https:\/\/saprea.org\/de\/praevention\/kommunikation\/#primaryimage"},"thumbnailUrl":"https:\/\/saprea.org\/wp-content\/uploads\/2023\/10\/Talk.jpg","datePublished":"2023-12-15T16:32:25+00:00","dateModified":"2023-12-18T16:48:48+00:00","description":"Schaffe Gelegenheiten, deinem Kind zuzuh\u00f6ren und mit ihm zu sprechen, um seine Interessen, Meinungen und Sorgen kennenzulernen.","breadcrumb":{"@id":"https:\/\/saprea.org\/de\/praevention\/kommunikation\/#breadcrumb"},"inLanguage":"de","potentialAction":[{"@type":"ReadAction","target":["https:\/\/saprea.org\/de\/praevention\/kommunikation\/"]}]},{"@type":"ImageObject","inLanguage":"de","@id":"https:\/\/saprea.org\/de\/praevention\/kommunikation\/#primaryimage","url":"https:\/\/saprea.org\/wp-content\/uploads\/2023\/10\/Talk.jpg","contentUrl":"https:\/\/saprea.org\/wp-content\/uploads\/2023\/10\/Talk.jpg","width":1082,"height":706},{"@type":"BreadcrumbList","@id":"https:\/\/saprea.org\/de\/praevention\/kommunikation\/#breadcrumb","itemListElement":[{"@type":"ListItem","position":1,"name":"Home","item":"https:\/\/saprea.org\/de\/saprea-homepage\/"},{"@type":"ListItem","position":2,"name":"Pr\u00e4vention zum Schutz vor sexuellem Kindesmissbrauch","item":"https:\/\/saprea.org\/de\/praevention\/"},{"@type":"ListItem","position":3,"name":"Pr\u00e4ventions-Ressourcen: Kommunikation"}]},{"@type":"WebSite","@id":"https:\/\/saprea.org\/de\/#website","url":"https:\/\/saprea.org\/de\/","name":"Saprea","description":"","publisher":{"@id":"https:\/\/saprea.org\/de\/#organization"},"potentialAction":[{"@type":"SearchAction","target":{"@type":"EntryPoint","urlTemplate":"https:\/\/saprea.org\/de\/?s={search_term_string}"},"query-input":{"@type":"PropertyValueSpecification","valueRequired":true,"valueName":"search_term_string"}}],"inLanguage":"de"},{"@type":"Organization","@id":"https:\/\/saprea.org\/de\/#organization","name":"Saprea","url":"https:\/\/saprea.org\/de\/","logo":{"@type":"ImageObject","inLanguage":"de","@id":"https:\/\/saprea.org\/de\/#\/schema\/logo\/image\/","url":"https:\/\/saprea.org\/wp-content\/uploads\/2021\/12\/Vector-7-1.png","contentUrl":"https:\/\/saprea.org\/wp-content\/uploads\/2021\/12\/Vector-7-1.png","width":106,"height":105,"caption":"Saprea"},"image":{"@id":"https:\/\/saprea.org\/de\/#\/schema\/logo\/image\/"},"sameAs":["https:\/\/facebook.com\/saprea.org","https:\/\/x.com\/saprea_org","https:\/\/instagram.com\/youniquefoundation","https:\/\/pinterest.com\/saprea_org","https:\/\/youtube.com\/c\/saprea_org"]}]}},"_links":{"self":[{"href":"https:\/\/saprea.org\/de\/wp-json\/wp\/v2\/pages\/25264","targetHints":{"allow":["GET"]}}],"collection":[{"href":"https:\/\/saprea.org\/de\/wp-json\/wp\/v2\/pages"}],"about":[{"href":"https:\/\/saprea.org\/de\/wp-json\/wp\/v2\/types\/page"}],"author":[{"embeddable":true,"href":"https:\/\/saprea.org\/de\/wp-json\/wp\/v2\/users\/2"}],"replies":[{"embeddable":true,"href":"https:\/\/saprea.org\/de\/wp-json\/wp\/v2\/comments?post=25264"}],"version-history":[{"count":0,"href":"https:\/\/saprea.org\/de\/wp-json\/wp\/v2\/pages\/25264\/revisions"}],"up":[{"embeddable":true,"href":"https:\/\/saprea.org\/de\/wp-json\/wp\/v2\/pages\/22953"}],"wp:featuredmedia":[{"embeddable":true,"href":"https:\/\/saprea.org\/de\/wp-json\/wp\/v2\/media\/22545"}],"wp:attachment":[{"href":"https:\/\/saprea.org\/de\/wp-json\/wp\/v2\/media?parent=25264"}],"curies":[{"name":"wp","href":"https:\/\/api.w.org\/{rel}","templated":true}]}}